{"id":223,"date":"2024-04-04T06:43:36","date_gmt":"2024-04-04T03:43:36","guid":{"rendered":"https:\/\/sisu.ut.ee\/sensiclass\/teaching-resources-et-1\/"},"modified":"2024-06-21T15:25:58","modified_gmt":"2024-06-21T12:25:58","slug":"teaching-resources-et-1","status":"publish","type":"page","link":"https:\/\/sisu.ut.ee\/sensiclass\/toolbox\/reflective-teaching-et\/teaching-resources-et-1\/","title":{"rendered":"\u00d5ppematerjalid"},"content":{"rendered":"<nav style=\"font-style:normal;font-weight:400;\" class=\"has-background has-light-background-color has-regular-font-size is-responsive items-justified-left mb-1 mt-1 wp-block-navigation is-horizontal is-content-justification-left is-layout-flex wp-container-core-navigation-is-layout-c39e78a4 wp-block-navigation-is-layout-flex\" aria-label=\"Reflekteeriv \u00f5petamine\" data-wp-interactive=\"core\/navigation\" data-wp-context='{\"overlayOpenedBy\":{\"click\":false,\"hover\":false,\"focus\":false},\"type\":\"overlay\",\"roleAttribute\":\"\",\"ariaLabel\":\"Menu\"}'><button aria-haspopup=\"dialog\" aria-label=\"Open menu\" class=\"wp-block-navigation__responsive-container-open\" data-wp-on--click=\"actions.openMenuOnClick\" data-wp-on--keydown=\"actions.handleMenuKeydown\"><svg width=\"24\" height=\"24\" xmlns=\"http:\/\/www.w3.org\/2000\/svg\" viewbox=\"0 0 24 24\"><path d=\"M5 5v1.5h14V5H5z\"><\/path><path d=\"M5 12.8h14v-1.5H5v1.5z\"><\/path><path d=\"M5 19h14v-1.5H5V19z\"><\/path><\/svg><\/button>\n\t\t\t\t<div class=\"wp-block-navigation__responsive-container\" id=\"modal-1\" data-wp-class--has-modal-open=\"state.isMenuOpen\" data-wp-class--is-menu-open=\"state.isMenuOpen\" data-wp-watch=\"callbacks.initMenu\" data-wp-on--keydown=\"actions.handleMenuKeydown\" data-wp-on--focusout=\"actions.handleMenuFocusout\" tabindex=\"-1\">\n\t\t\t\t\t<div class=\"wp-block-navigation__responsive-close\" tabindex=\"-1\">\n\t\t\t\t\t\t<div class=\"wp-block-navigation__responsive-dialog\" data-wp-bind--aria-modal=\"state.ariaModal\" data-wp-bind--aria-label=\"state.ariaLabel\" data-wp-bind--role=\"state.roleAttribute\">\n\t\t\t\t\t\t\t<button aria-label=\"Close menu\" class=\"wp-block-navigation__responsive-container-close\" data-wp-on--click=\"actions.closeMenuOnClick\"><svg xmlns=\"http:\/\/www.w3.org\/2000\/svg\" viewbox=\"0 0 24 24\" width=\"24\" height=\"24\" aria-hidden=\"true\" focusable=\"false\"><path d=\"m13.06 12 6.47-6.47-1.06-1.06L12 10.94 5.53 4.47 4.47 5.53 10.94 12l-6.47 6.47 1.06 1.06L12 13.06l6.47 6.47 1.06-1.06L13.06 12Z\"><\/path><\/svg><\/button>\n\t\t\t\t\t\t\t<div class=\"wp-block-navigation__responsive-container-content\" data-wp-watch=\"callbacks.focusFirstElement\" id=\"modal-1-content\">\n\t\t\t\t\t\t\t\t<ul style=\"font-style:normal;font-weight:400;\" class=\"wp-block-navigation__container has-background has-light-background-color has-regular-font-size is-responsive items-justified-left mb-1 mt-1 wp-block-navigation has-regular-font-size\"><li class=\"has-regular-font-size wp-block-navigation-item wp-block-navigation-link\"><a class=\"wp-block-navigation-item__content\" href=\"https:\/\/sisu.ut.ee\/sensiclass\/toolbox\/reflective-teaching-et\/\"><span class=\"wp-block-navigation-item__label\">Reflekteeriv \u00f5petamine<\/span><\/a><\/li><li class=\"has-regular-font-size wp-block-navigation-item wp-block-navigation-link\"><a class=\"wp-block-navigation-item__content\" href=\"https:\/\/sisu.ut.ee\/sensiclass\/toolbox\/reflective-teaching-et\/reflection-and-critical-reflection-et\/\"><span class=\"wp-block-navigation-item__label\">Refleksioon ja kriitiline refleksioon<\/span><\/a><\/li><li class=\"has-regular-font-size wp-block-navigation-item wp-block-navigation-link\"><a class=\"wp-block-navigation-item__content\" href=\"https:\/\/sisu.ut.ee\/sensiclass\/toolbox\/reflective-teaching-et\/steps-towards-reflective-teaching-et\/\"><span class=\"wp-block-navigation-item__label\">Sammud reflekteeriva \u00f5petamise poole<\/span><\/a><\/li><li data-wp-context='{ \"submenuOpenedBy\": { \"click\": false, \"hover\": false, \"focus\": false }, \"type\": \"submenu\", \"modal\": null, \"previousFocus\": null }' data-wp-interactive=\"core\/navigation\" data-wp-on--focusout=\"actions.handleMenuFocusout\" data-wp-on--keydown=\"actions.handleMenuKeydown\" data-wp-watch=\"callbacks.initMenu\" tabindex=\"-1\" class=\"wp-block-navigation-item has-regular-font-size has-child open-on-click wp-block-navigation-submenu\"><button data-wp-bind--aria-expanded=\"state.isMenuOpen\" data-wp-on--click=\"actions.toggleMenuOnClick\" aria-label=\"\u00d5ppematerjalid submenu\" class=\"wp-block-navigation-item__content wp-block-navigation-submenu__toggle\"><span class=\"wp-block-navigation-item__label\">\u00d5ppematerjalid<\/span><\/button><span class=\"wp-block-navigation__submenu-icon\"><svg xmlns=\"http:\/\/www.w3.org\/2000\/svg\" width=\"12\" height=\"12\" viewbox=\"0 0 12 12\" fill=\"none\" aria-hidden=\"true\" focusable=\"false\"><path d=\"M1.50002 4L6.00002 8L10.5 4\" stroke-width=\"1.5\"><\/path><\/svg><\/span><ul data-wp-on--focus=\"actions.openMenuOnFocus\" class=\"wp-block-navigation__submenu-container wp-block-navigation-submenu\"><li class=\"has-regular-font-size wp-block-navigation-item wp-block-navigation-link\"><a class=\"wp-block-navigation-item__content\" href=\"https:\/\/sisu.ut.ee\/sensiclass\/toolbox\/reflective-teaching-et\/teaching-resources-et-1\/handout-external-reflection-et\/\"><span class=\"wp-block-navigation-item__label\">B7 Handout for external reflection \u2013 ET<\/span><\/a><\/li><li class=\"has-regular-font-size wp-block-navigation-item wp-block-navigation-link\"><a class=\"wp-block-navigation-item__content\" href=\"https:\/\/sisu.ut.ee\/sensiclass\/toolbox\/reflective-teaching-et\/teaching-resources-et-1\/handout-self-reflection-et\/\"><span class=\"wp-block-navigation-item__label\">B7 Handout for self-reflection \u2013 ET<\/span><\/a><\/li><\/ul><\/li><li class=\"has-regular-font-size wp-block-navigation-item wp-block-navigation-link\"><a class=\"wp-block-navigation-item__content\" href=\"https:\/\/sisu.ut.ee\/sensiclass\/toolbox\/reflective-teaching-et\/case-studies-et-1\/\"><span class=\"wp-block-navigation-item__label\">Juhtumianal\u00fc\u00fcsid<\/span><\/a><\/li><li class=\"has-regular-font-size wp-block-navigation-item wp-block-navigation-link\"><a class=\"wp-block-navigation-item__content\" href=\"https:\/\/sisu.ut.ee\/sensiclass\/toolbox\/reflective-teaching-et\/bibliography-and-further-resources-et-1\/\"><span class=\"wp-block-navigation-item__label\">Kasutatud kirjandus ja lisamaterjalid<\/span><\/a><\/li><li class=\"has-regular-font-size wp-block-navigation-item wp-block-navigation-link\"><a class=\"wp-block-navigation-item__content\" href=\"https:\/\/sisu.ut.ee\/sensiclass\/toolbox\/reflective-teaching-et\/test-your-knowledge-et-1\/\"><span class=\"wp-block-navigation-item__label\">Pane teadmised proovile!<\/span><\/a><\/li><\/ul>\n\t\t\t\t\t\t\t<\/div>\n\t\t\t\t\t\t<\/div>\n\t\t\t\t\t<\/div>\n\t\t\t\t<\/div><\/nav>\n\n<h2>\n\tReflekteeriva \u00f5petamise strateegiad:<br>\n<\/h2>\n<p style=\"margin-bottom:7.5pt\">\n\t<span style=\"background:white\"><span style=\"line-height:normal\"><span lang=\"ET\"><span><span style=\"color:#565656\">Enesereflektsiooni kaudu \u00f5petamisharjumuste muutmine v\u00f5tab omajagu aega, samas on \u00f5petajatel v\u00f5imalik regulaarselt astuda v\u00e4ikeseid samme, et anal\u00fc\u00fcsida oma \u00f5petamisvalikuid kriitilise reflektsiooni kaudu. \u00dcks v\u00f5imalus seda teha on v\u00f5tta p\u00e4rast igat \u00f5ppetundi veidi aega, et m\u00f5elda klassiruumis kogetule ning teha kindlaks v\u00f5imalikud praktikad, kuidas viia klassiruumis kogetu ja oma \u00f5petamispraktikad soovitud tulemuseni. Teine v\u00f5imalus on t\u00f6\u00f6tada koos \u201ekriitilise partneriga\u201c, n\u00e4iteks kolleegiga, kes saab tundi tulla ja j\u00e4lgida \u00f5petamisstiili, klassiruumi d\u00fcnaamikat ning \u00f5petaja ja \u00f5pilaste vahelist \u00fcldist suhtlust.<\/span><\/span><\/span><\/span><\/span>\n<\/p>\n<p style=\"margin-bottom:7.5pt\">\n\t<span style=\"background:white\"><span style=\"line-height:normal\"><span lang=\"ET\"><span><span style=\"color:#565656\">M\u00f5lemad l\u00e4henemisviisid aitavad kriitilisest vaatenurgast \u00fcmber t\u00f5lgendada ja hinnata \u00f5petajate kogemusi. T\u00e4nu sellele saavad \u00f5petajad v\u00e4lja pakkuda loovaid \u00f5petamislahendusi, t\u00e4iustada oma erialaseid praktikaid ja areneda koolitajana. (Enese)refleksioon, mis aitab \u00f5petajal areneda kriitiliselt reflekteerivaks \u00f5petajaks, \u00a0on sealjuures v\u00f5tmet\u00e4htsusega. See on enesevaatluse ja -hindamise protsess, mis parendab \u00f5petamis- ja \u00f5ppimispraktikaid. M\u00f5lema l\u00e4henemisviisi jaoks leiate siit allalaaditavaid jaotusmaterjale koos suunavate k\u00fcsimustega, mis aitavad anal\u00fc\u00fcsiprotsessi l\u00e4bida.<\/span><\/span><\/span><\/span><\/span>\n<\/p>\n<p style=\"margin-bottom:7.5pt\">\n\t<span style=\"background:white\"><span style=\"line-height:normal\"><span lang=\"ET\"><span><span style=\"color:#565656\">\u201eJaotusmaterjal eneserefleksiooniks\u201c pakub suunavaid k\u00fcsimusi, mida k\u00fcsida endalt oma tunni anal\u00fc\u00fcsimisel.<\/span><\/span><\/span><\/span><\/span>\n<\/p>\n<p style=\"margin-bottom:7.5pt\">\n\t<span style=\"background:white\"><span style=\"line-height:normal\"><span lang=\"ET\"><span><span style=\"color:#565656\">\u201eJaotusmaterjal v\u00e4liseks refleksiooniks\u201c pakub v\u00e4lisvaatlejale suunavaid k\u00fcsimusi, mida kasutada \u00f5petamispraktika s\u00fcstematiseeritud anal\u00fc\u00fcsimisel.<\/span><\/span><\/span><\/span><\/span>\n<\/p>\n<p>\n\t\u00a0\n<\/p>","protected":false},"excerpt":{"rendered":"<p>Reflekteeriva \u00f5petamise strateegiad: Enesereflektsiooni kaudu \u00f5petamisharjumuste muutmine v\u00f5tab omajagu aega, samas on \u00f5petajatel v\u00f5imalik regulaarselt astuda v\u00e4ikeseid samme, et anal\u00fc\u00fcsida oma \u00f5petamisvalikuid kriitilise reflektsiooni kaudu. \u00dcks v\u00f5imalus seda teha on v\u00f5tta p\u00e4rast igat \u00f5ppetundi veidi aega, et m\u00f5elda klassiruumis kogetule &#8230;<\/p>\n","protected":false},"author":240,"featured_media":0,"parent":216,"menu_order":0,"comment_status":"closed","ping_status":"closed","template":"","meta":{"_acf_changed":false,"inline_featured_image":false,"footnotes":""},"class_list":["post-223","page","type-page","status-publish","hentry"],"acf":[],"_links":{"self":[{"href":"https:\/\/sisu.ut.ee\/sensiclass\/wp-json\/wp\/v2\/pages\/223","targetHints":{"allow":["GET"]}}],"collection":[{"href":"https:\/\/sisu.ut.ee\/sensiclass\/wp-json\/wp\/v2\/pages"}],"about":[{"href":"https:\/\/sisu.ut.ee\/sensiclass\/wp-json\/wp\/v2\/types\/page"}],"author":[{"embeddable":true,"href":"https:\/\/sisu.ut.ee\/sensiclass\/wp-json\/wp\/v2\/users\/240"}],"replies":[{"embeddable":true,"href":"https:\/\/sisu.ut.ee\/sensiclass\/wp-json\/wp\/v2\/comments?post=223"}],"version-history":[{"count":4,"href":"https:\/\/sisu.ut.ee\/sensiclass\/wp-json\/wp\/v2\/pages\/223\/revisions"}],"predecessor-version":[{"id":2563,"href":"https:\/\/sisu.ut.ee\/sensiclass\/wp-json\/wp\/v2\/pages\/223\/revisions\/2563"}],"up":[{"embeddable":true,"href":"https:\/\/sisu.ut.ee\/sensiclass\/wp-json\/wp\/v2\/pages\/216"}],"wp:attachment":[{"href":"https:\/\/sisu.ut.ee\/sensiclass\/wp-json\/wp\/v2\/media?parent=223"}],"curies":[{"name":"wp","href":"https:\/\/api.w.org\/{rel}","templated":true}]}}