{"id":216,"date":"2024-04-04T06:43:36","date_gmt":"2024-04-04T03:43:36","guid":{"rendered":"https:\/\/sisu.ut.ee\/sensiclass\/reflective-teaching-et\/"},"modified":"2024-06-21T15:13:35","modified_gmt":"2024-06-21T12:13:35","slug":"reflective-teaching-et","status":"publish","type":"page","link":"https:\/\/sisu.ut.ee\/sensiclass\/toolbox\/reflective-teaching-et\/","title":{"rendered":"Reflekteeriv \u00f5petamine"},"content":{"rendered":"<nav style=\"font-style:normal;font-weight:400;\" class=\"has-background has-light-background-color has-regular-font-size is-responsive items-justified-left mb-1 mt-1 wp-block-navigation is-horizontal is-content-justification-left is-layout-flex wp-container-core-navigation-is-layout-c39e78a4 wp-block-navigation-is-layout-flex\" aria-label=\"Reflekteeriv \u00f5petamine\" data-wp-interactive=\"core\/navigation\" data-wp-context='{\"overlayOpenedBy\":{\"click\":false,\"hover\":false,\"focus\":false},\"type\":\"overlay\",\"roleAttribute\":\"\",\"ariaLabel\":\"Menu\"}'><button aria-haspopup=\"dialog\" aria-label=\"Open menu\" class=\"wp-block-navigation__responsive-container-open\" data-wp-on--click=\"actions.openMenuOnClick\" data-wp-on--keydown=\"actions.handleMenuKeydown\"><svg width=\"24\" height=\"24\" xmlns=\"http:\/\/www.w3.org\/2000\/svg\" viewbox=\"0 0 24 24\"><path d=\"M5 5v1.5h14V5H5z\"><\/path><path d=\"M5 12.8h14v-1.5H5v1.5z\"><\/path><path d=\"M5 19h14v-1.5H5V19z\"><\/path><\/svg><\/button>\n\t\t\t\t<div class=\"wp-block-navigation__responsive-container\" id=\"modal-1\" data-wp-class--has-modal-open=\"state.isMenuOpen\" data-wp-class--is-menu-open=\"state.isMenuOpen\" data-wp-watch=\"callbacks.initMenu\" data-wp-on--keydown=\"actions.handleMenuKeydown\" data-wp-on--focusout=\"actions.handleMenuFocusout\" tabindex=\"-1\">\n\t\t\t\t\t<div class=\"wp-block-navigation__responsive-close\" tabindex=\"-1\">\n\t\t\t\t\t\t<div class=\"wp-block-navigation__responsive-dialog\" data-wp-bind--aria-modal=\"state.ariaModal\" data-wp-bind--aria-label=\"state.ariaLabel\" data-wp-bind--role=\"state.roleAttribute\">\n\t\t\t\t\t\t\t<button aria-label=\"Close menu\" class=\"wp-block-navigation__responsive-container-close\" data-wp-on--click=\"actions.closeMenuOnClick\"><svg xmlns=\"http:\/\/www.w3.org\/2000\/svg\" viewbox=\"0 0 24 24\" width=\"24\" height=\"24\" aria-hidden=\"true\" focusable=\"false\"><path d=\"m13.06 12 6.47-6.47-1.06-1.06L12 10.94 5.53 4.47 4.47 5.53 10.94 12l-6.47 6.47 1.06 1.06L12 13.06l6.47 6.47 1.06-1.06L13.06 12Z\"><\/path><\/svg><\/button>\n\t\t\t\t\t\t\t<div class=\"wp-block-navigation__responsive-container-content\" data-wp-watch=\"callbacks.focusFirstElement\" id=\"modal-1-content\">\n\t\t\t\t\t\t\t\t<ul style=\"font-style:normal;font-weight:400;\" class=\"wp-block-navigation__container has-background has-light-background-color has-regular-font-size is-responsive items-justified-left mb-1 mt-1 wp-block-navigation has-regular-font-size\"><li class=\"has-regular-font-size wp-block-navigation-item wp-block-navigation-link\"><a class=\"wp-block-navigation-item__content\" href=\"https:\/\/sisu.ut.ee\/sensiclass\/toolbox\/reflective-teaching-et\/\"><span class=\"wp-block-navigation-item__label\">Reflekteeriv \u00f5petamine<\/span><\/a><\/li><li class=\"has-regular-font-size wp-block-navigation-item wp-block-navigation-link\"><a class=\"wp-block-navigation-item__content\" href=\"https:\/\/sisu.ut.ee\/sensiclass\/toolbox\/reflective-teaching-et\/reflection-and-critical-reflection-et\/\"><span class=\"wp-block-navigation-item__label\">Refleksioon ja kriitiline refleksioon<\/span><\/a><\/li><li class=\"has-regular-font-size wp-block-navigation-item wp-block-navigation-link\"><a class=\"wp-block-navigation-item__content\" href=\"https:\/\/sisu.ut.ee\/sensiclass\/toolbox\/reflective-teaching-et\/steps-towards-reflective-teaching-et\/\"><span class=\"wp-block-navigation-item__label\">Sammud reflekteeriva \u00f5petamise poole<\/span><\/a><\/li><li data-wp-context='{ \"submenuOpenedBy\": { \"click\": false, \"hover\": false, \"focus\": false }, \"type\": \"submenu\", \"modal\": null, \"previousFocus\": null }' data-wp-interactive=\"core\/navigation\" data-wp-on--focusout=\"actions.handleMenuFocusout\" data-wp-on--keydown=\"actions.handleMenuKeydown\" data-wp-watch=\"callbacks.initMenu\" tabindex=\"-1\" class=\"wp-block-navigation-item has-regular-font-size has-child open-on-click wp-block-navigation-submenu\"><button data-wp-bind--aria-expanded=\"state.isMenuOpen\" data-wp-on--click=\"actions.toggleMenuOnClick\" aria-label=\"\u00d5ppematerjalid submenu\" class=\"wp-block-navigation-item__content wp-block-navigation-submenu__toggle\"><span class=\"wp-block-navigation-item__label\">\u00d5ppematerjalid<\/span><\/button><span class=\"wp-block-navigation__submenu-icon\"><svg xmlns=\"http:\/\/www.w3.org\/2000\/svg\" width=\"12\" height=\"12\" viewbox=\"0 0 12 12\" fill=\"none\" aria-hidden=\"true\" focusable=\"false\"><path d=\"M1.50002 4L6.00002 8L10.5 4\" stroke-width=\"1.5\"><\/path><\/svg><\/span><ul data-wp-on--focus=\"actions.openMenuOnFocus\" class=\"wp-block-navigation__submenu-container wp-block-navigation-submenu\"><li class=\"has-regular-font-size wp-block-navigation-item wp-block-navigation-link\"><a class=\"wp-block-navigation-item__content\" href=\"https:\/\/sisu.ut.ee\/sensiclass\/toolbox\/reflective-teaching-et\/teaching-resources-et-1\/handout-external-reflection-et\/\"><span class=\"wp-block-navigation-item__label\">B7 Handout for external reflection \u2013 ET<\/span><\/a><\/li><li class=\"has-regular-font-size wp-block-navigation-item wp-block-navigation-link\"><a class=\"wp-block-navigation-item__content\" href=\"https:\/\/sisu.ut.ee\/sensiclass\/toolbox\/reflective-teaching-et\/teaching-resources-et-1\/handout-self-reflection-et\/\"><span class=\"wp-block-navigation-item__label\">B7 Handout for self-reflection \u2013 ET<\/span><\/a><\/li><\/ul><\/li><li class=\"has-regular-font-size wp-block-navigation-item wp-block-navigation-link\"><a class=\"wp-block-navigation-item__content\" href=\"https:\/\/sisu.ut.ee\/sensiclass\/toolbox\/reflective-teaching-et\/case-studies-et-1\/\"><span class=\"wp-block-navigation-item__label\">Juhtumianal\u00fc\u00fcsid<\/span><\/a><\/li><li class=\"has-regular-font-size wp-block-navigation-item wp-block-navigation-link\"><a class=\"wp-block-navigation-item__content\" href=\"https:\/\/sisu.ut.ee\/sensiclass\/toolbox\/reflective-teaching-et\/bibliography-and-further-resources-et-1\/\"><span class=\"wp-block-navigation-item__label\">Kasutatud kirjandus ja lisamaterjalid<\/span><\/a><\/li><li class=\"has-regular-font-size wp-block-navigation-item wp-block-navigation-link\"><a class=\"wp-block-navigation-item__content\" href=\"https:\/\/sisu.ut.ee\/sensiclass\/toolbox\/reflective-teaching-et\/test-your-knowledge-et-1\/\"><span class=\"wp-block-navigation-item__label\">Pane teadmised proovile!<\/span><\/a><\/li><\/ul>\n\t\t\t\t\t\t\t<\/div>\n\t\t\t\t\t\t<\/div>\n\t\t\t\t\t<\/div>\n\t\t\t\t<\/div><\/nav>\n\n<h2>\n\tMooduli teema:<br>\n<\/h2>\n<p>\n\tReflekteeriv \u00f5petamine taotleb \u00f5petamiskultuuri muutmist \u00fcldiselt (frontaalsest) v\u00f5i \u00f5petajakeskselt\u00a0 keskkonnalt ennek\u00f5ike koost\u00f6\u00f6le ja osalusele p\u00f5hinevale \u00f5pikeskkonnale, kus \u00f5petajad on ennek\u00f5ike vahendaja rollis, et h\u00f5lbustada \u00f5ppimist ja l\u00e4bi viia mitmeid reflekteerivaid praktikume. Reflekteeriv \u00f5petamine ei ole otsene ja intuitiivne protsess. See n\u00f5uab suurt eneseteadlikkust ja v\u00f5imet seada kahtluse alla oma harjumusp\u00e4rased oskused ja meeled. Oluline on m\u00f5ista, et m\u00f5ned vaimsed harjumused, eelarvamused ja eeldused, mida me oma praktikas \u00f5petajatena arendame, takistavad meil tajuda ja t\u00f5lgendada asju uuel viisil (Larrivee 2000, 296). Reflektiivse praktikaga tegelemine julgustab \u00f5petajaid pidevalt proovile panema oma p\u00f5hiarusaamu \u00f5petamise kohta ning aitavad m\u00f5ista, et \u00f5petajate valikud avaldavad klassiruumile ja \u00f5ppimisele suurt m\u00f5ju.\n<\/p>\n<p>\n\t\u00a0\n<\/p>\n<h2>\n\tMooduli eesm\u00e4rgid:<br>\n<\/h2>\n<p>\n\tAntud moodul selgitab \u00f5petajate refleksiooniprotsessi etappe ning pakub praegustele ja tulevastele \u00f5petajatele t\u00f6\u00f6vahendeid ja v\u00f5imalusi, kuidas muutuda reflekteerivamaks \u00f5petajaks. Saadaval on j\u00e4rgmised t\u00f6\u00f6vahendid:\n<\/p>\n<p>\n\t1. reflekteerivad \u00f5petamise strateegiad ja jaotusmaterjalid;\n<\/p>\n<p>\n\t2. juhtumianal\u00fc\u00fcsid, mis kirjeldavad reflekteerivat \u00f5petamist l\u00e4bi \u00f5petajate kogemuse.\n<\/p>\n<p>\n\tViidatud t\u00f6\u00f6d:\n<\/p>\n<p>\n\tLarrivee, B. (2000). \u201eTransforming Teaching Practice: Becoming the critically reflective teacher\u201c Reflective Practice, 1:3, 293-307.\n<\/p>\n<p>\n\t\u00a0\n<\/p>","protected":false},"excerpt":{"rendered":"<p>Mooduli teema: Reflekteeriv \u00f5petamine taotleb \u00f5petamiskultuuri muutmist \u00fcldiselt (frontaalsest) v\u00f5i \u00f5petajakeskselt\u00a0 keskkonnalt ennek\u00f5ike koost\u00f6\u00f6le ja osalusele p\u00f5hinevale \u00f5pikeskkonnale, kus \u00f5petajad on ennek\u00f5ike vahendaja rollis, et h\u00f5lbustada \u00f5ppimist ja l\u00e4bi viia mitmeid reflekteerivaid praktikume. Reflekteeriv \u00f5petamine ei ole otsene ja intuitiivne &#8230;<\/p>\n","protected":false},"author":240,"featured_media":0,"parent":259,"menu_order":0,"comment_status":"closed","ping_status":"closed","template":"","meta":{"_acf_changed":false,"inline_featured_image":false,"footnotes":""},"class_list":["post-216","page","type-page","status-publish","hentry"],"acf":[],"_links":{"self":[{"href":"https:\/\/sisu.ut.ee\/sensiclass\/wp-json\/wp\/v2\/pages\/216","targetHints":{"allow":["GET"]}}],"collection":[{"href":"https:\/\/sisu.ut.ee\/sensiclass\/wp-json\/wp\/v2\/pages"}],"about":[{"href":"https:\/\/sisu.ut.ee\/sensiclass\/wp-json\/wp\/v2\/types\/page"}],"author":[{"embeddable":true,"href":"https:\/\/sisu.ut.ee\/sensiclass\/wp-json\/wp\/v2\/users\/240"}],"replies":[{"embeddable":true,"href":"https:\/\/sisu.ut.ee\/sensiclass\/wp-json\/wp\/v2\/comments?post=216"}],"version-history":[{"count":4,"href":"https:\/\/sisu.ut.ee\/sensiclass\/wp-json\/wp\/v2\/pages\/216\/revisions"}],"predecessor-version":[{"id":2554,"href":"https:\/\/sisu.ut.ee\/sensiclass\/wp-json\/wp\/v2\/pages\/216\/revisions\/2554"}],"up":[{"embeddable":true,"href":"https:\/\/sisu.ut.ee\/sensiclass\/wp-json\/wp\/v2\/pages\/259"}],"wp:attachment":[{"href":"https:\/\/sisu.ut.ee\/sensiclass\/wp-json\/wp\/v2\/media?parent=216"}],"curies":[{"name":"wp","href":"https:\/\/api.w.org\/{rel}","templated":true}]}}