{"id":208,"date":"2024-04-04T06:43:35","date_gmt":"2024-04-04T03:43:35","guid":{"rendered":"https:\/\/sisu.ut.ee\/sensiclass\/conflict-over-interpretations-et\/"},"modified":"2024-06-21T13:42:13","modified_gmt":"2024-06-21T10:42:13","slug":"conflict-over-interpretations-et","status":"publish","type":"page","link":"https:\/\/sisu.ut.ee\/sensiclass\/toolbox\/inclusive-teaching-et\/case-studies-et-0\/conflict-over-interpretations-et\/","title":{"rendered":"Erinevatest t\u00f5lgendamistest tekkinud konflikt"},"content":{"rendered":"<nav style=\"font-style:normal;font-weight:400;\" class=\"has-background has-light-background-color has-regular-font-size is-responsive items-justified-left mb-1 mt-1 wp-block-navigation is-horizontal is-content-justification-left is-layout-flex wp-container-core-navigation-is-layout-c39e78a4 wp-block-navigation-is-layout-flex\" aria-label=\"Kaasav \u00f5petamine\" data-wp-interactive=\"core\/navigation\" data-wp-context='{\"overlayOpenedBy\":{\"click\":false,\"hover\":false,\"focus\":false},\"type\":\"overlay\",\"roleAttribute\":\"\",\"ariaLabel\":\"Menu\"}'><button aria-haspopup=\"dialog\" aria-label=\"Open menu\" class=\"wp-block-navigation__responsive-container-open\" data-wp-on--click=\"actions.openMenuOnClick\" data-wp-on--keydown=\"actions.handleMenuKeydown\"><svg width=\"24\" height=\"24\" xmlns=\"http:\/\/www.w3.org\/2000\/svg\" viewbox=\"0 0 24 24\"><path d=\"M5 5v1.5h14V5H5z\"><\/path><path d=\"M5 12.8h14v-1.5H5v1.5z\"><\/path><path d=\"M5 19h14v-1.5H5V19z\"><\/path><\/svg><\/button>\n\t\t\t\t<div class=\"wp-block-navigation__responsive-container\" id=\"modal-1\" data-wp-class--has-modal-open=\"state.isMenuOpen\" data-wp-class--is-menu-open=\"state.isMenuOpen\" data-wp-watch=\"callbacks.initMenu\" data-wp-on--keydown=\"actions.handleMenuKeydown\" data-wp-on--focusout=\"actions.handleMenuFocusout\" tabindex=\"-1\">\n\t\t\t\t\t<div class=\"wp-block-navigation__responsive-close\" tabindex=\"-1\">\n\t\t\t\t\t\t<div class=\"wp-block-navigation__responsive-dialog\" data-wp-bind--aria-modal=\"state.ariaModal\" data-wp-bind--aria-label=\"state.ariaLabel\" data-wp-bind--role=\"state.roleAttribute\">\n\t\t\t\t\t\t\t<button aria-label=\"Close menu\" class=\"wp-block-navigation__responsive-container-close\" data-wp-on--click=\"actions.closeMenuOnClick\"><svg xmlns=\"http:\/\/www.w3.org\/2000\/svg\" viewbox=\"0 0 24 24\" width=\"24\" height=\"24\" aria-hidden=\"true\" focusable=\"false\"><path d=\"m13.06 12 6.47-6.47-1.06-1.06L12 10.94 5.53 4.47 4.47 5.53 10.94 12l-6.47 6.47 1.06 1.06L12 13.06l6.47 6.47 1.06-1.06L13.06 12Z\"><\/path><\/svg><\/button>\n\t\t\t\t\t\t\t<div class=\"wp-block-navigation__responsive-container-content\" data-wp-watch=\"callbacks.focusFirstElement\" id=\"modal-1-content\">\n\t\t\t\t\t\t\t\t<ul style=\"font-style:normal;font-weight:400;\" class=\"wp-block-navigation__container has-background has-light-background-color has-regular-font-size is-responsive items-justified-left mb-1 mt-1 wp-block-navigation has-regular-font-size\"><li class=\"has-regular-font-size wp-block-navigation-item wp-block-navigation-link\"><a class=\"wp-block-navigation-item__content\" href=\"https:\/\/sisu.ut.ee\/sensiclass\/toolbox\/inclusive-teaching-et\/\"><span class=\"wp-block-navigation-item__label\">Kaasav \u00f5petamine<\/span><\/a><\/li><li class=\"has-regular-font-size wp-block-navigation-item wp-block-navigation-link\"><a class=\"wp-block-navigation-item__content\" href=\"https:\/\/sisu.ut.ee\/sensiclass\/toolbox\/inclusive-teaching-et\/what-inclusive-pedagogy-et\/\"><span class=\"wp-block-navigation-item__label\">Mis on kaasav haridus?<\/span><\/a><\/li><li data-wp-context='{ \"submenuOpenedBy\": { \"click\": false, \"hover\": false, \"focus\": false }, \"type\": \"submenu\", \"modal\": null, \"previousFocus\": null }' data-wp-interactive=\"core\/navigation\" data-wp-on--focusout=\"actions.handleMenuFocusout\" data-wp-on--keydown=\"actions.handleMenuKeydown\" data-wp-watch=\"callbacks.initMenu\" tabindex=\"-1\" class=\"wp-block-navigation-item has-regular-font-size has-child open-on-click wp-block-navigation-submenu\"><button data-wp-bind--aria-expanded=\"state.isMenuOpen\" data-wp-on--click=\"actions.toggleMenuOnClick\" aria-label=\"\u00d5petamise vahendid submenu\" class=\"wp-block-navigation-item__content wp-block-navigation-submenu__toggle\"><span class=\"wp-block-navigation-item__label\">\u00d5petamise vahendid<\/span><\/button><span class=\"wp-block-navigation__submenu-icon\"><svg xmlns=\"http:\/\/www.w3.org\/2000\/svg\" width=\"12\" height=\"12\" viewbox=\"0 0 12 12\" fill=\"none\" aria-hidden=\"true\" focusable=\"false\"><path d=\"M1.50002 4L6.00002 8L10.5 4\" stroke-width=\"1.5\"><\/path><\/svg><\/span><ul data-wp-on--focus=\"actions.openMenuOnFocus\" class=\"wp-block-navigation__submenu-container wp-block-navigation-submenu\"><li class=\"has-regular-font-size wp-block-navigation-item wp-block-navigation-link\"><a class=\"wp-block-navigation-item__content\" href=\"https:\/\/sisu.ut.ee\/sensiclass\/toolbox\/inclusive-teaching-et\/teaching-resources-et-0\/class-exercise-students-identities-et\/\"><span class=\"wp-block-navigation-item__label\">Harjutus 1. \u00d5pilaste identiteedid<\/span><\/a><\/li><li class=\"has-regular-font-size wp-block-navigation-item wp-block-navigation-link\"><a class=\"wp-block-navigation-item__content\" href=\"https:\/\/sisu.ut.ee\/sensiclass\/toolbox\/inclusive-teaching-et\/teaching-resources-et-0\/teaching-strategy-counter-narrative-et\/\"><span class=\"wp-block-navigation-item__label\">Harjutus 2. Vastunarratiiv<\/span><\/a><\/li><\/ul><\/li><li data-wp-context='{ \"submenuOpenedBy\": { \"click\": false, \"hover\": false, \"focus\": false }, \"type\": \"submenu\", \"modal\": null, \"previousFocus\": null }' data-wp-interactive=\"core\/navigation\" data-wp-on--focusout=\"actions.handleMenuFocusout\" data-wp-on--keydown=\"actions.handleMenuKeydown\" data-wp-watch=\"callbacks.initMenu\" tabindex=\"-1\" class=\"wp-block-navigation-item has-regular-font-size has-child open-on-click wp-block-navigation-submenu\"><button data-wp-bind--aria-expanded=\"state.isMenuOpen\" data-wp-on--click=\"actions.toggleMenuOnClick\" aria-label=\"Juhtumianal\u00fc\u00fcsid submenu\" class=\"wp-block-navigation-item__content wp-block-navigation-submenu__toggle\"><span class=\"wp-block-navigation-item__label\">Juhtumianal\u00fc\u00fcsid<\/span><\/button><span class=\"wp-block-navigation__submenu-icon\"><svg xmlns=\"http:\/\/www.w3.org\/2000\/svg\" width=\"12\" height=\"12\" viewbox=\"0 0 12 12\" fill=\"none\" aria-hidden=\"true\" focusable=\"false\"><path d=\"M1.50002 4L6.00002 8L10.5 4\" stroke-width=\"1.5\"><\/path><\/svg><\/span><ul data-wp-on--focus=\"actions.openMenuOnFocus\" class=\"wp-block-navigation__submenu-container wp-block-navigation-submenu\"><li class=\"has-regular-font-size wp-block-navigation-item wp-block-navigation-link\"><a class=\"wp-block-navigation-item__content\" href=\"https:\/\/sisu.ut.ee\/sensiclass\/toolbox\/inclusive-teaching-et\/case-studies-et-0\/conflict-over-interpretations-et\/\"><span class=\"wp-block-navigation-item__label\">Erinevatest t\u00f5lgendamistest tekkinud konflikt<\/span><\/a><\/li><li class=\"has-regular-font-size wp-block-navigation-item wp-block-navigation-link\"><a class=\"wp-block-navigation-item__content\" href=\"https:\/\/sisu.ut.ee\/sensiclass\/toolbox\/inclusive-teaching-et\/case-studies-et-0\/stereotyping-et\/\"><span class=\"wp-block-navigation-item__label\">Stereot\u00fc\u00fcpide loomine<\/span><\/a><\/li><\/ul><\/li><li class=\"has-regular-font-size wp-block-navigation-item wp-block-navigation-link\"><a class=\"wp-block-navigation-item__content\" href=\"https:\/\/sisu.ut.ee\/sensiclass\/toolbox\/inclusive-teaching-et\/bibliography-and-further-resources-et-0\/\"><span class=\"wp-block-navigation-item__label\">Kasutatud kirjandus ja lisamaterjalid<\/span><\/a><\/li><li class=\"has-regular-font-size wp-block-navigation-item wp-block-navigation-link\"><a class=\"wp-block-navigation-item__content\" href=\"https:\/\/sisu.ut.ee\/sensiclass\/toolbox\/inclusive-teaching-et\/test-your-knowledge-et-0\/\"><span class=\"wp-block-navigation-item__label\">Testi oma teadmisi!<\/span><\/a><\/li><\/ul>\n\t\t\t\t\t\t\t<\/div>\n\t\t\t\t\t\t<\/div>\n\t\t\t\t\t<\/div>\n\t\t\t\t<\/div><\/nav>\n\n<h2>\n\tTunnikirjeldus<br>\n<\/h2>\n<p>\n\t\u00d5ppeaine teema: sotsioloogia\n<\/p>\n<p>\n\t\u00d5ppeaste: bakalaureuse astme tudengid, sh nii kohalikud kui v\u00e4listudengid\n<\/p>\n<address>\n<hr>\n<address>\n\t\tOlukorra kirjeldus<br>\n\t<\/address>\n<\/address>\n<p>\n\tRahvuse ja rahvusriigi kontseptsiooni \u00fcle arutamine v\u00f5ib rahvusvahelises kontekstis olla v\u00e4ljakutse. R\u00fchma rahvuslikku koosseisu teadmata v\u00f5ib kergesti sattuda sama ajaloos\u00fcndmusega seotud erinevate narratiivide l\u00f5ksu v\u00f5i teadmatusesse kellegi teise ajaloo kohta. \u00dcks \u00f5ppetund on liiga l\u00fchike, et arutada erinevate riikide ja rahvaste keerulisi suhteid. \u00d5pilastele saab pakkuda \u00fclevaade sellest, kuidas ajalugu toodetakse ja jutustatakse rahvusvaheliselt erinevates koolides.\n<\/p>\n<p>\n\tSee on viis, kuidas 1) edendada kultuuridevahelist teadlikkust klassis; 2) toetada kriitilise m\u00f5tlemise arengut; 3) v\u00e4hendada vastuolusid rahvusvahelises seltskonnas.\n<\/p>\n<p>\n\tAllpool kirjeldatud tund on osa sotsioloogia kursusest. Ajalooliste narratiivide ja nende \u00f5petamise \u00fcle erinevate riikide (\u00fcli)koolides on kaks erinevat m\u00f5\u00f5det. Esimene m\u00f5\u00f5de on see, et \u00f5pilased saavad teada, kuidas teised \u00f5pilased oma rahvustest teada saavad \u2013 kas neid kujutatakse kangelaste v\u00f5i ohvrite, v\u00f5itjate v\u00f5i kaotajate, okupantide v\u00f5i vabastajatena? Seej\u00e4rel julgustatakse \u00f5pilasi v\u00f5rdlema erinevaid lugusid sellega, kuidas nende endi ajalugu on neile koolis esitletud, ning otsima sarnaseid v\u00f5i eristavaid ajaloolise jutustamise mustreid. Teine m\u00f5\u00f5de puudutab saadud \u00f5ppetunde v\u00f5i teisis\u00f5nu \u00f5pilaste kriitilist hinnangut selle kohta, kuidas neile ajalugu \u00f5petati. Kui nad puutuvad kokku ajaloolise narratiivi teiste vaatenurkadega, suudavad \u00f5pilased paremini anal\u00fc\u00fcsida iseenda ajalugu.\n<\/p>\n<p>\n\tErinevad ajaloot\u00f5lgendused ja ka m\u00f5ne s\u00fcndmuse politiseerimine v\u00f5ivad klassiruumis kergesti vaidlusi tekitada. N\u00e4iteks on viimasel ajal esile kerkinud Teise maailmas\u00f5ja t\u00e4htsus Euroopa rahvusliku ajaloo ja rahvusliku identiteedi jaoks. \u00dchel sotsioloogiakursusel \u00f5ppis \u00fcli\u00f5pilane, kes on \u00f5ppinud nii vene kui ka rahvusvahelises koolis. M\u00f5lemas sai ta teada vastuolulisi narratiive Teise \u00a0maailmas\u00f5ja ajaloost. Esimeses oli ta teada saanud, et n\u00f5ukogude v\u00f5im p\u00e4\u00e4stis Euroopa natsismi h\u00e4dadest, teises aga kuulis teistsugust narratiivi, mis positsioneeris N\u00f5ukogude Liidu r\u00f5hujaks, superriigiks, kes okupeeris p\u00e4rast Teist maailmas\u00f5da Ida-Euroopa. \u00d5pilanesai aru, et ta oli teise narratiivi peale pettunud ja \u00e4rritunud, kuid see pani ka m\u00f5istma, et sama ajaloos\u00fcndmust saab jutustada erinevalt, olenevalt sellest, kes jutustab.\n<\/p>\n<hr>\n<h2>\n\tKuidas olukorrale l\u00e4heneda?<br>\n<\/h2>\n<p>\n\t<img decoding=\"async\" alt=\"\" src=\"https:\/\/sisu.ut.ee\/sensiclass\/h5p\/quiz\"><\/p>\n\n\n<div class=\"h5p-iframe-wrapper\"><div class=\"video-placeholder-wrapper video-placeholder-wrapper--fixed\" style=\"height: 366px;\">\n\t\t\t    <div class=\"video-placeholder d-flex justify-content-center align-items-center\">\n\t\t\t        <div class=\"overlay text-white p-2 w-100 text-center d-block justify-content-center align-items-center\">\n\t\t\t            <div>To view third-party content, please accept cookies.<\/div>\n\t\t\t            <button class=\"btn btn-secondary btn-sm mt-1 consent-change\">Change consent<\/button>\n\t\t\t        <\/div>\n\t\t\t    <\/div>\n\t\t\t<\/div>\n<\/div>\n\n\n","protected":false},"excerpt":{"rendered":"<p>Tunnikirjeldus \u00d5ppeaine teema: sotsioloogia \u00d5ppeaste: bakalaureuse astme tudengid, sh nii kohalikud kui v\u00e4listudengid Olukorra kirjeldus Rahvuse ja rahvusriigi kontseptsiooni \u00fcle arutamine v\u00f5ib rahvusvahelises kontekstis olla v\u00e4ljakutse. R\u00fchma rahvuslikku koosseisu teadmata v\u00f5ib kergesti sattuda sama ajaloos\u00fcndmusega seotud erinevate narratiivide l\u00f5ksu v\u00f5i &#8230;<\/p>\n","protected":false},"author":240,"featured_media":0,"parent":206,"menu_order":0,"comment_status":"closed","ping_status":"closed","template":"","meta":{"_acf_changed":false,"inline_featured_image":false,"footnotes":""},"class_list":["post-208","page","type-page","status-publish","hentry"],"acf":[],"_links":{"self":[{"href":"https:\/\/sisu.ut.ee\/sensiclass\/wp-json\/wp\/v2\/pages\/208","targetHints":{"allow":["GET"]}}],"collection":[{"href":"https:\/\/sisu.ut.ee\/sensiclass\/wp-json\/wp\/v2\/pages"}],"about":[{"href":"https:\/\/sisu.ut.ee\/sensiclass\/wp-json\/wp\/v2\/types\/page"}],"author":[{"embeddable":true,"href":"https:\/\/sisu.ut.ee\/sensiclass\/wp-json\/wp\/v2\/users\/240"}],"replies":[{"embeddable":true,"href":"https:\/\/sisu.ut.ee\/sensiclass\/wp-json\/wp\/v2\/comments?post=208"}],"version-history":[{"count":6,"href":"https:\/\/sisu.ut.ee\/sensiclass\/wp-json\/wp\/v2\/pages\/208\/revisions"}],"predecessor-version":[{"id":2498,"href":"https:\/\/sisu.ut.ee\/sensiclass\/wp-json\/wp\/v2\/pages\/208\/revisions\/2498"}],"up":[{"embeddable":true,"href":"https:\/\/sisu.ut.ee\/sensiclass\/wp-json\/wp\/v2\/pages\/206"}],"wp:attachment":[{"href":"https:\/\/sisu.ut.ee\/sensiclass\/wp-json\/wp\/v2\/media?parent=208"}],"curies":[{"name":"wp","href":"https:\/\/api.w.org\/{rel}","templated":true}]}}