{"id":205,"date":"2024-04-04T06:43:34","date_gmt":"2024-04-04T03:43:34","guid":{"rendered":"https:\/\/sisu.ut.ee\/sensiclass\/references-0\/"},"modified":"2024-06-21T09:12:51","modified_gmt":"2024-06-21T06:12:51","slug":"references-0","status":"publish","type":"page","link":"https:\/\/sisu.ut.ee\/sensiclass\/e-modules\/e-module3\/presentation-topic-1\/references-0\/","title":{"rendered":"References"},"content":{"rendered":"<nav style=\"font-style:normal;font-weight:400;\" class=\"has-background has-light-background-color has-regular-font-size is-responsive items-justified-left mb-1 mt-1 wp-block-navigation is-horizontal is-content-justification-left is-layout-flex wp-container-core-navigation-is-layout-c39e78a4 wp-block-navigation-is-layout-flex\" aria-label=\"Multiple identities of Muslims in Europe\" data-wp-interactive=\"core\/navigation\" data-wp-context='{\"overlayOpenedBy\":{\"click\":false,\"hover\":false,\"focus\":false},\"type\":\"overlay\",\"roleAttribute\":\"\",\"ariaLabel\":\"Menu\"}'><button aria-haspopup=\"dialog\" aria-label=\"Open menu\" class=\"wp-block-navigation__responsive-container-open\" data-wp-on--click=\"actions.openMenuOnClick\" data-wp-on--keydown=\"actions.handleMenuKeydown\"><svg width=\"24\" height=\"24\" xmlns=\"http:\/\/www.w3.org\/2000\/svg\" viewbox=\"0 0 24 24\"><path d=\"M5 5v1.5h14V5H5z\"><\/path><path d=\"M5 12.8h14v-1.5H5v1.5z\"><\/path><path d=\"M5 19h14v-1.5H5V19z\"><\/path><\/svg><\/button>\n\t\t\t\t<div class=\"wp-block-navigation__responsive-container\" id=\"modal-1\" data-wp-class--has-modal-open=\"state.isMenuOpen\" data-wp-class--is-menu-open=\"state.isMenuOpen\" data-wp-watch=\"callbacks.initMenu\" data-wp-on--keydown=\"actions.handleMenuKeydown\" data-wp-on--focusout=\"actions.handleMenuFocusout\" tabindex=\"-1\">\n\t\t\t\t\t<div class=\"wp-block-navigation__responsive-close\" tabindex=\"-1\">\n\t\t\t\t\t\t<div class=\"wp-block-navigation__responsive-dialog\" data-wp-bind--aria-modal=\"state.ariaModal\" data-wp-bind--aria-label=\"state.ariaLabel\" data-wp-bind--role=\"state.roleAttribute\">\n\t\t\t\t\t\t\t<button aria-label=\"Close menu\" class=\"wp-block-navigation__responsive-container-close\" data-wp-on--click=\"actions.closeMenuOnClick\"><svg xmlns=\"http:\/\/www.w3.org\/2000\/svg\" viewbox=\"0 0 24 24\" width=\"24\" height=\"24\" aria-hidden=\"true\" focusable=\"false\"><path d=\"m13.06 12 6.47-6.47-1.06-1.06L12 10.94 5.53 4.47 4.47 5.53 10.94 12l-6.47 6.47 1.06 1.06L12 13.06l6.47 6.47 1.06-1.06L13.06 12Z\"><\/path><\/svg><\/button>\n\t\t\t\t\t\t\t<div class=\"wp-block-navigation__responsive-container-content\" data-wp-watch=\"callbacks.focusFirstElement\" id=\"modal-1-content\">\n\t\t\t\t\t\t\t\t<ul style=\"font-style:normal;font-weight:400;\" class=\"wp-block-navigation__container has-background has-light-background-color has-regular-font-size is-responsive items-justified-left mb-1 mt-1 wp-block-navigation has-regular-font-size\"><li class=\"has-regular-font-size wp-block-navigation-item wp-block-navigation-link\"><a class=\"wp-block-navigation-item__content\" href=\"https:\/\/sisu.ut.ee\/sensiclass\/e-modules\/e-module3\/\"><span class=\"wp-block-navigation-item__label\">Multiple identities of Muslims in Europe<\/span><\/a><\/li><li class=\"has-regular-font-size wp-block-navigation-item wp-block-navigation-link\"><a class=\"wp-block-navigation-item__content\" href=\"https:\/\/sisu.ut.ee\/sensiclass\/e-modules\/e-module3\/methodological-explanation-0\/\"><span class=\"wp-block-navigation-item__label\">Methodological explanation<\/span><\/a><\/li><li data-wp-context='{ \"submenuOpenedBy\": { \"click\": false, \"hover\": false, \"focus\": false }, \"type\": \"submenu\", \"modal\": null, \"previousFocus\": null }' data-wp-interactive=\"core\/navigation\" data-wp-on--focusout=\"actions.handleMenuFocusout\" data-wp-on--keydown=\"actions.handleMenuKeydown\" data-wp-watch=\"callbacks.initMenu\" tabindex=\"-1\" class=\"wp-block-navigation-item has-regular-font-size has-child open-on-click wp-block-navigation-submenu\"><button data-wp-bind--aria-expanded=\"state.isMenuOpen\" data-wp-on--click=\"actions.toggleMenuOnClick\" aria-label=\"Presentation of the topic submenu\" class=\"wp-block-navigation-item__content wp-block-navigation-submenu__toggle\"><span class=\"wp-block-navigation-item__label\">Presentation of the topic<\/span><\/button><span class=\"wp-block-navigation__submenu-icon\"><svg xmlns=\"http:\/\/www.w3.org\/2000\/svg\" width=\"12\" height=\"12\" viewbox=\"0 0 12 12\" fill=\"none\" aria-hidden=\"true\" focusable=\"false\"><path d=\"M1.50002 4L6.00002 8L10.5 4\" stroke-width=\"1.5\"><\/path><\/svg><\/span><ul data-wp-on--focus=\"actions.openMenuOnFocus\" class=\"wp-block-navigation__submenu-container wp-block-navigation-submenu\"><li class=\"has-regular-font-size wp-block-navigation-item wp-block-navigation-link\"><a class=\"wp-block-navigation-item__content\" href=\"https:\/\/sisu.ut.ee\/sensiclass\/e-modules\/e-module3\/presentation-topic-1\/movie-what-we-dont-know-about-europes-muslim-kids-and-why-we-should-care\/\"><span class=\"wp-block-navigation-item__label\">Movie: What we don\u2019t know about Europe\u2019s Muslim kids and why we should care<\/span><\/a><\/li><li class=\"has-regular-font-size wp-block-navigation-item wp-block-navigation-link\"><a class=\"wp-block-navigation-item__content\" href=\"https:\/\/sisu.ut.ee\/sensiclass\/e-modules\/e-module3\/presentation-topic-1\/muslims-europe\/\"><span class=\"wp-block-navigation-item__label\">Muslims in Europe<\/span><\/a><\/li><li class=\"has-regular-font-size wp-block-navigation-item wp-block-navigation-link\"><a class=\"wp-block-navigation-item__content\" href=\"https:\/\/sisu.ut.ee\/sensiclass\/e-modules\/e-module3\/presentation-topic-1\/references-0\/\"><span class=\"wp-block-navigation-item__label\">References<\/span><\/a><\/li><\/ul><\/li><li data-wp-context='{ \"submenuOpenedBy\": { \"click\": false, \"hover\": false, \"focus\": false }, \"type\": \"submenu\", \"modal\": null, \"previousFocus\": null }' data-wp-interactive=\"core\/navigation\" data-wp-on--focusout=\"actions.handleMenuFocusout\" data-wp-on--keydown=\"actions.handleMenuKeydown\" data-wp-watch=\"callbacks.initMenu\" tabindex=\"-1\" class=\"wp-block-navigation-item has-regular-font-size has-child open-on-click wp-block-navigation-submenu\"><button data-wp-bind--aria-expanded=\"state.isMenuOpen\" data-wp-on--click=\"actions.toggleMenuOnClick\" aria-label=\"Exercises submenu\" class=\"wp-block-navigation-item__content wp-block-navigation-submenu__toggle\"><span class=\"wp-block-navigation-item__label\">Exercises<\/span><\/button><span class=\"wp-block-navigation__submenu-icon\"><svg xmlns=\"http:\/\/www.w3.org\/2000\/svg\" width=\"12\" height=\"12\" viewbox=\"0 0 12 12\" fill=\"none\" aria-hidden=\"true\" focusable=\"false\"><path d=\"M1.50002 4L6.00002 8L10.5 4\" stroke-width=\"1.5\"><\/path><\/svg><\/span><ul data-wp-on--focus=\"actions.openMenuOnFocus\" class=\"wp-block-navigation__submenu-container wp-block-navigation-submenu\"><li class=\"has-regular-font-size wp-block-navigation-item wp-block-navigation-link\"><a class=\"wp-block-navigation-item__content\" href=\"https:\/\/sisu.ut.ee\/sensiclass\/e-modules\/e-module3\/exercises-0\/exercise-1-new-home\/\"><span class=\"wp-block-navigation-item__label\">Exercise 1: A new home<\/span><\/a><\/li><li class=\"has-regular-font-size wp-block-navigation-item wp-block-navigation-link\"><a class=\"wp-block-navigation-item__content\" href=\"https:\/\/sisu.ut.ee\/sensiclass\/e-modules\/e-module3\/exercises-0\/exercise-2-who-am-i\/\"><span class=\"wp-block-navigation-item__label\">Exercise 2: Who am I?<\/span><\/a><\/li><li class=\"has-regular-font-size wp-block-navigation-item wp-block-navigation-link\"><a class=\"wp-block-navigation-item__content\" href=\"https:\/\/sisu.ut.ee\/sensiclass\/e-modules\/e-module3\/exercises-0\/exercise-3-pop-punkt-music-muslim-artists\/\"><span class=\"wp-block-navigation-item__label\">B3 Exercise 3: From pop to punk \u2013 Muslim artists perform<\/span><\/a><\/li><li class=\"has-regular-font-size wp-block-navigation-item wp-block-navigation-link\"><a class=\"wp-block-navigation-item__content\" href=\"https:\/\/sisu.ut.ee\/sensiclass\/e-modules\/e-module3\/exercises-0\/exercise-4-how-integrate-policy-responses\/\"><span class=\"wp-block-navigation-item__label\">Exercise 4: How to integrate? Policy responses<\/span><\/a><\/li><\/ul><\/li><\/ul>\n\t\t\t\t\t\t\t<\/div>\n\t\t\t\t\t\t<\/div>\n\t\t\t\t\t<\/div>\n\t\t\t\t<\/div><\/nav>\n\n<h3>\n\tLiterature, further readings\u00a0\u00a0\u00a0\u00a0\u00a0\u00a0\u00a0\u00a0\u00a0<br>\n<\/h3>\n<ul>\n<li>\n\t\tBerry, J. W. (1997). Immigration, acculturation, and adaptation. Applied Psychology: An International Review, 46(1), 5\u201334.\n\t<\/li>\n<li>\n\t\tNavas, M., Garc\u00eda, M., S\u00e1nchez, J., Antonio J., Pumares, P., Fern\u00e1ndez, J. (January 2005). Relative Acculturation Extended Model (RAEM): New contributions with regard to the study of acculturation. International Journal of Intercultural Relations, 29 (1): 28\u201329.\n\t<\/li>\n<\/ul>\n<h3>\n\tVisual &amp; audio materials:<br>\n<\/h3>\n<ul>\n<li>\n\t\t<a data-url=\"https:\/\/www.youtube.com\/watch?v=2Gkxm6bKtsk \" href=\"https:\/\/www.youtube.com\/watch?v=2Gkxm6bKtsk%20\" target=\"_blank\" title=\"\" rel=\"noopener\">7 Questions British Muslims are tired of hearing<\/a>, BBC Three, 2016.\n\t<\/li>\n<li>\n\t\t<a data-url=\"https:\/\/www.youtube.com\/watch?v=JMQjyRc7eiY\" href=\"https:\/\/www.youtube.com\/watch?v=JMQjyRc7eiY\" target=\"_blank\" title=\"\" rel=\"noopener\">I\u2019Muslim, but I\u2019m not\u2026<\/a>, BuzzFeed, 2015.\n\t<\/li>\n<li>\n\t\tMona Haydar, <a data-url=\"https:\/\/www.youtube.com\/watch?v=lfDQ5REWCu0\" href=\"https:\/\/www.youtube.com\/watch?v=lfDQ5REWCu0\" target=\"_blank\" title=\"\" rel=\"noopener\">Barbarian<\/a>,\n<ul>\n<li>\n\t\t\t\t<a data-url=\"https:\/\/genius.com\/Mona-haydar-barbarian-lyrics\" href=\"https:\/\/genius.com\/Mona-haydar-barbarian-lyrics\" target=\"_blank\" title=\"\" rel=\"noopener\">Lyrics<\/a>\n\t\t\t<\/li>\n<li>\n\t\t\t\tR. Colburn, <a data-url=\"https:\/\/consequenceofsound.net\/2018\/11\/mona-haydar-barbarican-track-by-track\/\" href=\"https:\/\/consequenceofsound.net\/2018\/11\/mona-haydar-barbarican-track-by-track\/\" target=\"_blank\" title=\"\" rel=\"noopener\">Syrian-Amerincan rapper Mona Haydar beraks down her new barbarican EP Track By track<\/a>: Stream, 2.11.2018\n\t\t\t<\/li>\n<li>\n\t\t\t\tW. Barylo, <a data-url=\"https:\/\/themuslimvibe.com\/western-muslim-culture\/mona-haydar-has-de-coloniality-become-a-fashion-statement\" href=\"https:\/\/themuslimvibe.com\/western-muslim-culture\/mona-haydar-has-de-coloniality-become-a-fashion-statement\" target=\"_blank\" title=\"\" rel=\"noopener\">Mona Haydar: Has de-coloniality become a fashion statement?<\/a> The Muslim Vibe, 18.06.2018.\n\t\t\t<\/li>\n<\/ul>\n<\/li>\n<li>\n\t\tShadia Mansour, <a data-url=\"https:\/\/www.youtube.com\/watch?v=21OXQ4m1-Bo\" href=\"https:\/\/www.youtube.com\/watch?v=21OXQ4m1-Bo\" target=\"_blank\" title=\"\" rel=\"noopener\">Al-Kuffiyeh Arabiyyeh<\/a>\n<ul>\n<li>\n\t\t\t\t<a data-url=\"https:\/\/www.allthelyrics.com\/forum\/showthread.php?t=90750?t=90750\" href=\"https:\/\/www.allthelyrics.com\/forum\/showthread.php?t=90750?t=90750\" target=\"_blank\" title=\"\" rel=\"noopener\">Lyrics<\/a>\n\t\t\t<\/li>\n<li>\n\t\t\t\tM. Drury, <a data-url=\"https:\/\/www.academia.edu\/33694554\/Counterorienting_the_War_on_Terror_Arab_Hip_Hop_and_Diasporic_Resistance\" href=\"https:\/\/www.academia.edu\/33694554\/Counterorienting_the_War_on_Terror_Arab_Hip_Hop_and_Diasporic_Resistance\" target=\"_blank\" title=\"\" rel=\"noopener\">Counterorineting the war on terror: Arab hip hop and diasporic resistance<\/a>, Journal of Popular Music Studies, vol. 29, 2017.\n\t\t\t<\/li>\n<\/ul>\n<\/li>\n<li>\n\t\tSami Yusuf, <a data-url=\"https:\/\/www.youtube.com\/watch?v=VVuUY2sqSWs\" href=\"https:\/\/www.youtube.com\/watch?v=VVuUY2sqSWs\" target=\"_blank\" title=\"\" rel=\"noopener\">Hasbi Rabbi<\/a>.\n<ul>\n<li>\n\t\t\t\t<a data-url=\"https:\/\/genius.com\/Sami-yusuf-hasbi-rabbi-lyrics\" href=\"https:\/\/genius.com\/Sami-yusuf-hasbi-rabbi-lyrics\" target=\"_blank\" title=\"\" rel=\"noopener\">Lyrics<\/a>\n\t\t\t<\/li>\n<li>\n\t\t\t\tOtterbeck, J., Skjelbo, J. (2020) <a data-url=\"https:\/\/www.tandfonline.com\/doi\/full\/10.1080\/03007766.2019.1581335\" href=\"https:\/\/www.tandfonline.com\/doi\/full\/10.1080\/03007766.2019.1581335\" target=\"_blank\" title=\"\" rel=\"noopener\">\u201cMusic Version\u201d versus Vocals-Only\u201d: Islamic Pop Music, Aesthetics, and Ethics<\/a>, Popular Music and Society, 43:1, 1-19.\n\t\t\t<\/li>\n<\/ul>\n<\/li>\n<li>\n\t\tNative Deen, <a data-url=\"https:\/\/www.youtube.com\/watch?v=wAfUMfCtcDA\" href=\"https:\/\/www.youtube.com\/watch?v=wAfUMfCtcDA\" target=\"_blank\" title=\"\" rel=\"noopener\">Not Afraid to Stand Alone<\/a>\n<ul>\n<li>\n\t\t\t\t<a data-url=\"http:\/\/nativedeen.com\/lyrics-not-afraid-to-stand-alone\/#n03\" href=\"http:\/\/nativedeen.com\/lyrics-not-afraid-to-stand-alone\/#n03\" target=\"_blank\" title=\"\" rel=\"noopener\">Lyrics<\/a>\n\t\t\t<\/li>\n<\/ul>\n<\/li>\n<li>\n\t\tThe Kominas, <a data-url=\"https:\/\/www.youtube.com\/watch?v=_M1cijnO4nA\" href=\"https:\/\/www.youtube.com\/watch?v=_M1cijnO4nA\" target=\"_blank\" title=\"\" rel=\"noopener\">Sharia law in the USA<\/a>\n<ul>\n<li>\n\t\t\t\t<a data-url=\"https:\/\/musikguru.de\/the-kominas\/songtext-sharia-law-in-the-usa-1641753.html\" href=\"https:\/\/musikguru.de\/the-kominas\/songtext-sharia-law-in-the-usa-1641753.html\" target=\"_blank\" title=\"\" rel=\"noopener\">Lyrics<\/a>\n\t\t\t<\/li>\n<li>\n\t\t\t\tA. McDowell, <a data-url=\"https:\/\/journals.sagepub.com\/doi\/pdf\/10.1177\/1536504217732054\" href=\"https:\/\/journals.sagepub.com\/doi\/pdf\/10.1177\/1536504217732054\" target=\"_blank\" title=\"\" rel=\"noopener\">Muslim punk in an alt-right era<\/a>, Contexts, Vol. 16, No. 3, pp. 63-65.\n\t\t\t<\/li>\n<li>\n\t\t\t\tHsu, W. (2013), <a data-url=\"https:\/\/www.academia.edu\/3802850\/Mapping_The_Kominas_sociomusical_transnation_punk_diaspora_and_digital_media\" href=\"https:\/\/www.academia.edu\/3802850\/Mapping_The_Kominas_sociomusical_transnation_punk_diaspora_and_digital_media\" target=\"_blank\" title=\"\" rel=\"noopener\">Mapping The Kominas\u2019 sociomusical transnation: punk, diaspora, and digital media<\/a>. \u201cAsian Journal of Communication\u201d, 23:4, 386\u2013402.\n\t\t\t<\/li>\n<\/ul>\n<\/li>\n<li>\n\t\tGallis, P. (2005). <a data-url=\"https:\/\/www.investigativeproject.org\/documents\/testimony\/332.pdf\" href=\"https:\/\/www.investigativeproject.org\/documents\/testimony\/332.pdf\" target=\"_blank\" title=\"\" rel=\"noopener\">Muslims in Europe: Integration Policies in Selected Countries<\/a>.\n\t<\/li>\n<li>\n\t\tChoquet, S. (2017). <a data-url=\"https:\/\/www.robert-schuman.eu\/en\/european-issues\/0449-models-of-integration-in-europe\" href=\"https:\/\/www.robert-schuman.eu\/en\/european-issues\/0449-models-of-integration-in-europe\" target=\"_blank\" title=\"\" rel=\"noopener\">Models of Integration in Europe<\/a>. Foundation Robert Schuman\n\t<\/li>\n<\/ul>","protected":false},"excerpt":{"rendered":"<p>Literature, further readings\u00a0\u00a0\u00a0\u00a0\u00a0\u00a0\u00a0\u00a0\u00a0 Berry, J. W. (1997). Immigration, acculturation, and adaptation. Applied Psychology: An International Review, 46(1), 5\u201334. Navas, M., Garc\u00eda, M., S\u00e1nchez, J., Antonio J., Pumares, P., Fern\u00e1ndez, J. (January 2005). Relative Acculturation Extended Model (RAEM): New contributions with &#8230;<\/p>\n","protected":false},"author":240,"featured_media":0,"parent":199,"menu_order":3,"comment_status":"closed","ping_status":"closed","template":"","meta":{"_acf_changed":false,"inline_featured_image":false,"footnotes":""},"class_list":["post-205","page","type-page","status-publish","hentry"],"acf":[],"_links":{"self":[{"href":"https:\/\/sisu.ut.ee\/sensiclass\/wp-json\/wp\/v2\/pages\/205","targetHints":{"allow":["GET"]}}],"collection":[{"href":"https:\/\/sisu.ut.ee\/sensiclass\/wp-json\/wp\/v2\/pages"}],"about":[{"href":"https:\/\/sisu.ut.ee\/sensiclass\/wp-json\/wp\/v2\/types\/page"}],"author":[{"embeddable":true,"href":"https:\/\/sisu.ut.ee\/sensiclass\/wp-json\/wp\/v2\/users\/240"}],"replies":[{"embeddable":true,"href":"https:\/\/sisu.ut.ee\/sensiclass\/wp-json\/wp\/v2\/comments?post=205"}],"version-history":[{"count":4,"href":"https:\/\/sisu.ut.ee\/sensiclass\/wp-json\/wp\/v2\/pages\/205\/revisions"}],"predecessor-version":[{"id":2263,"href":"https:\/\/sisu.ut.ee\/sensiclass\/wp-json\/wp\/v2\/pages\/205\/revisions\/2263"}],"up":[{"embeddable":true,"href":"https:\/\/sisu.ut.ee\/sensiclass\/wp-json\/wp\/v2\/pages\/199"}],"wp:attachment":[{"href":"https:\/\/sisu.ut.ee\/sensiclass\/wp-json\/wp\/v2\/media?parent=205"}],"curies":[{"name":"wp","href":"https:\/\/api.w.org\/{rel}","templated":true}]}}