{"id":203,"date":"2024-04-04T06:43:34","date_gmt":"2024-04-04T03:43:34","guid":{"rendered":"https:\/\/sisu.ut.ee\/sensiclass\/muslims-europe\/"},"modified":"2024-06-21T09:12:37","modified_gmt":"2024-06-21T06:12:37","slug":"muslims-europe","status":"publish","type":"page","link":"https:\/\/sisu.ut.ee\/sensiclass\/e-modules\/e-module3\/presentation-topic-1\/muslims-europe\/","title":{"rendered":"Muslims in Europe"},"content":{"rendered":"<nav style=\"font-style:normal;font-weight:400;\" class=\"has-background has-light-background-color has-regular-font-size is-responsive items-justified-left mb-1 mt-1 wp-block-navigation is-horizontal is-content-justification-left is-layout-flex wp-container-core-navigation-is-layout-c39e78a4 wp-block-navigation-is-layout-flex\" aria-label=\"Multiple identities of Muslims in Europe\" data-wp-interactive=\"core\/navigation\" data-wp-context='{\"overlayOpenedBy\":{\"click\":false,\"hover\":false,\"focus\":false},\"type\":\"overlay\",\"roleAttribute\":\"\",\"ariaLabel\":\"Menu\"}'><button aria-haspopup=\"dialog\" aria-label=\"Open menu\" class=\"wp-block-navigation__responsive-container-open\" data-wp-on--click=\"actions.openMenuOnClick\" data-wp-on--keydown=\"actions.handleMenuKeydown\"><svg width=\"24\" height=\"24\" xmlns=\"http:\/\/www.w3.org\/2000\/svg\" viewbox=\"0 0 24 24\"><path d=\"M5 5v1.5h14V5H5z\"><\/path><path d=\"M5 12.8h14v-1.5H5v1.5z\"><\/path><path d=\"M5 19h14v-1.5H5V19z\"><\/path><\/svg><\/button>\n\t\t\t\t<div class=\"wp-block-navigation__responsive-container\" id=\"modal-1\" data-wp-class--has-modal-open=\"state.isMenuOpen\" data-wp-class--is-menu-open=\"state.isMenuOpen\" data-wp-watch=\"callbacks.initMenu\" data-wp-on--keydown=\"actions.handleMenuKeydown\" data-wp-on--focusout=\"actions.handleMenuFocusout\" tabindex=\"-1\">\n\t\t\t\t\t<div class=\"wp-block-navigation__responsive-close\" tabindex=\"-1\">\n\t\t\t\t\t\t<div class=\"wp-block-navigation__responsive-dialog\" data-wp-bind--aria-modal=\"state.ariaModal\" data-wp-bind--aria-label=\"state.ariaLabel\" data-wp-bind--role=\"state.roleAttribute\">\n\t\t\t\t\t\t\t<button aria-label=\"Close menu\" class=\"wp-block-navigation__responsive-container-close\" data-wp-on--click=\"actions.closeMenuOnClick\"><svg xmlns=\"http:\/\/www.w3.org\/2000\/svg\" viewbox=\"0 0 24 24\" width=\"24\" height=\"24\" aria-hidden=\"true\" focusable=\"false\"><path d=\"m13.06 12 6.47-6.47-1.06-1.06L12 10.94 5.53 4.47 4.47 5.53 10.94 12l-6.47 6.47 1.06 1.06L12 13.06l6.47 6.47 1.06-1.06L13.06 12Z\"><\/path><\/svg><\/button>\n\t\t\t\t\t\t\t<div class=\"wp-block-navigation__responsive-container-content\" data-wp-watch=\"callbacks.focusFirstElement\" id=\"modal-1-content\">\n\t\t\t\t\t\t\t\t<ul style=\"font-style:normal;font-weight:400;\" class=\"wp-block-navigation__container has-background has-light-background-color has-regular-font-size is-responsive items-justified-left mb-1 mt-1 wp-block-navigation has-regular-font-size\"><li class=\"has-regular-font-size wp-block-navigation-item wp-block-navigation-link\"><a class=\"wp-block-navigation-item__content\" href=\"https:\/\/sisu.ut.ee\/sensiclass\/e-modules\/e-module3\/\"><span class=\"wp-block-navigation-item__label\">Multiple identities of Muslims in Europe<\/span><\/a><\/li><li class=\"has-regular-font-size wp-block-navigation-item wp-block-navigation-link\"><a class=\"wp-block-navigation-item__content\" href=\"https:\/\/sisu.ut.ee\/sensiclass\/e-modules\/e-module3\/methodological-explanation-0\/\"><span class=\"wp-block-navigation-item__label\">Methodological explanation<\/span><\/a><\/li><li data-wp-context='{ \"submenuOpenedBy\": { \"click\": false, \"hover\": false, \"focus\": false }, \"type\": \"submenu\", \"modal\": null, \"previousFocus\": null }' data-wp-interactive=\"core\/navigation\" data-wp-on--focusout=\"actions.handleMenuFocusout\" data-wp-on--keydown=\"actions.handleMenuKeydown\" data-wp-watch=\"callbacks.initMenu\" tabindex=\"-1\" class=\"wp-block-navigation-item has-regular-font-size has-child open-on-click wp-block-navigation-submenu\"><button data-wp-bind--aria-expanded=\"state.isMenuOpen\" data-wp-on--click=\"actions.toggleMenuOnClick\" aria-label=\"Presentation of the topic submenu\" class=\"wp-block-navigation-item__content wp-block-navigation-submenu__toggle\"><span class=\"wp-block-navigation-item__label\">Presentation of the topic<\/span><\/button><span class=\"wp-block-navigation__submenu-icon\"><svg xmlns=\"http:\/\/www.w3.org\/2000\/svg\" width=\"12\" height=\"12\" viewbox=\"0 0 12 12\" fill=\"none\" aria-hidden=\"true\" focusable=\"false\"><path d=\"M1.50002 4L6.00002 8L10.5 4\" stroke-width=\"1.5\"><\/path><\/svg><\/span><ul data-wp-on--focus=\"actions.openMenuOnFocus\" class=\"wp-block-navigation__submenu-container wp-block-navigation-submenu\"><li class=\"has-regular-font-size wp-block-navigation-item wp-block-navigation-link\"><a class=\"wp-block-navigation-item__content\" href=\"https:\/\/sisu.ut.ee\/sensiclass\/e-modules\/e-module3\/presentation-topic-1\/movie-what-we-dont-know-about-europes-muslim-kids-and-why-we-should-care\/\"><span class=\"wp-block-navigation-item__label\">Movie: What we don\u2019t know about Europe\u2019s Muslim kids and why we should care<\/span><\/a><\/li><li class=\"has-regular-font-size wp-block-navigation-item wp-block-navigation-link\"><a class=\"wp-block-navigation-item__content\" href=\"https:\/\/sisu.ut.ee\/sensiclass\/e-modules\/e-module3\/presentation-topic-1\/muslims-europe\/\"><span class=\"wp-block-navigation-item__label\">Muslims in Europe<\/span><\/a><\/li><li class=\"has-regular-font-size wp-block-navigation-item wp-block-navigation-link\"><a class=\"wp-block-navigation-item__content\" href=\"https:\/\/sisu.ut.ee\/sensiclass\/e-modules\/e-module3\/presentation-topic-1\/references-0\/\"><span class=\"wp-block-navigation-item__label\">References<\/span><\/a><\/li><\/ul><\/li><li data-wp-context='{ \"submenuOpenedBy\": { \"click\": false, \"hover\": false, \"focus\": false }, \"type\": \"submenu\", \"modal\": null, \"previousFocus\": null }' data-wp-interactive=\"core\/navigation\" data-wp-on--focusout=\"actions.handleMenuFocusout\" data-wp-on--keydown=\"actions.handleMenuKeydown\" data-wp-watch=\"callbacks.initMenu\" tabindex=\"-1\" class=\"wp-block-navigation-item has-regular-font-size has-child open-on-click wp-block-navigation-submenu\"><button data-wp-bind--aria-expanded=\"state.isMenuOpen\" data-wp-on--click=\"actions.toggleMenuOnClick\" aria-label=\"Exercises submenu\" class=\"wp-block-navigation-item__content wp-block-navigation-submenu__toggle\"><span class=\"wp-block-navigation-item__label\">Exercises<\/span><\/button><span class=\"wp-block-navigation__submenu-icon\"><svg xmlns=\"http:\/\/www.w3.org\/2000\/svg\" width=\"12\" height=\"12\" viewbox=\"0 0 12 12\" fill=\"none\" aria-hidden=\"true\" focusable=\"false\"><path d=\"M1.50002 4L6.00002 8L10.5 4\" stroke-width=\"1.5\"><\/path><\/svg><\/span><ul data-wp-on--focus=\"actions.openMenuOnFocus\" class=\"wp-block-navigation__submenu-container wp-block-navigation-submenu\"><li class=\"has-regular-font-size wp-block-navigation-item wp-block-navigation-link\"><a class=\"wp-block-navigation-item__content\" href=\"https:\/\/sisu.ut.ee\/sensiclass\/e-modules\/e-module3\/exercises-0\/exercise-1-new-home\/\"><span class=\"wp-block-navigation-item__label\">Exercise 1: A new home<\/span><\/a><\/li><li class=\"has-regular-font-size wp-block-navigation-item wp-block-navigation-link\"><a class=\"wp-block-navigation-item__content\" href=\"https:\/\/sisu.ut.ee\/sensiclass\/e-modules\/e-module3\/exercises-0\/exercise-2-who-am-i\/\"><span class=\"wp-block-navigation-item__label\">Exercise 2: Who am I?<\/span><\/a><\/li><li class=\"has-regular-font-size wp-block-navigation-item wp-block-navigation-link\"><a class=\"wp-block-navigation-item__content\" href=\"https:\/\/sisu.ut.ee\/sensiclass\/e-modules\/e-module3\/exercises-0\/exercise-3-pop-punkt-music-muslim-artists\/\"><span class=\"wp-block-navigation-item__label\">B3 Exercise 3: From pop to punk \u2013 Muslim artists perform<\/span><\/a><\/li><li class=\"has-regular-font-size wp-block-navigation-item wp-block-navigation-link\"><a class=\"wp-block-navigation-item__content\" href=\"https:\/\/sisu.ut.ee\/sensiclass\/e-modules\/e-module3\/exercises-0\/exercise-4-how-integrate-policy-responses\/\"><span class=\"wp-block-navigation-item__label\">Exercise 4: How to integrate? Policy responses<\/span><\/a><\/li><\/ul><\/li><\/ul>\n\t\t\t\t\t\t\t<\/div>\n\t\t\t\t\t\t<\/div>\n\t\t\t\t\t<\/div>\n\t\t\t\t<\/div><\/nav>\n\n<p>\n\tMuslims have been present in Europe for over a thousand years. As early as in the 8<sup>th<\/sup> century Arab and Berber Muslims conquered parts of Spain and established the caliphate of Cordoba. While they have been expelled several centuries later, their presence is still visible through the architecture and cultural influences. A couple of centuries later, in the 14<sup>th<\/sup> century, Muslims came to Europe from the East and the Tatar communities in the countries of Eastern Europe (e.g. Lithuania, Ukraine) remind of that events. The following centuries have witnessed more clashes between Muslims and Europeans with a peak during the battle of Vienna in 1683 against the Ottoman army. While the Ottomans had to retreat from Central Europe, the Muslim communities in South Eastern Europe were firmly established. Nowadays countries with the largest proportion of Muslim citizens are not those located in Western Europe, but those in the South East \u2013 Albania, Kosovo, Bosnia and Herzegovina \u2013 inhabited by autochthonous Muslim population (i.e. Muslims who have been living on the European soil for centuries).\n<\/p>\n<p>\n\tRegardless of the long historical presence of Muslims in Europe and their significant numbers in the Eastern part of the continent, it is the Muslim communities in the West that spark attention the most. These are the communities who have started to emerge in Europe after the II world war due to political and economic reasons. Often the links had been established through colonialism \u2013 former metropoles were a natural destination for migrants from their former colonies (e.g France for Algerians or Moroccans; UK for Pakistanis and Indians, the Netherlands for Indonesians). This was the case of France which attracted Francophone part of Africa, the Netherlands \u2013 which used to dominate South East Asia, or the UK \u2013 with significant colonial possessions in Sub-Saharan Africa and South Asia. Other countries \u2013 such as Germany \u2013 invited cheap labour force (Gastarbeiters) from countries such as Turkey, or Yugoslavia.\n<\/p>\n<p>\n\tMuslims who immigrated to Europe after WW2, often as young adults, had their children born in European countries, and then those children also became parents. Therefore, most of the Europe\u2019s Muslim population are people who were born and spent most of their lifetimes here.\n<\/p>\n<p>\n\t\u00a0\n<\/p>\n<p>\n\n\n<\/p><div class=\"h5p-iframe-wrapper\"><div class=\"video-placeholder-wrapper video-placeholder-wrapper--fixed\" style=\"height: 366px;\">\n\t\t\t    <div class=\"video-placeholder d-flex justify-content-center align-items-center\">\n\t\t\t        <div class=\"overlay text-white p-2 w-100 text-center d-block justify-content-center align-items-center\">\n\t\t\t            <div>To view third-party content, please accept cookies.<\/div>\n\t\t\t            <button class=\"btn btn-secondary btn-sm mt-1 consent-change\">Change consent<\/button>\n\t\t\t        <\/div>\n\t\t\t    <\/div>\n\t\t\t<\/div>\n<\/div>\n\n\n\n<p>\n\tIt is hard to estimate the total number of Muslims in Europe. Some countries do not have proper data (e.g. the French census does not contain questions about religion). The number of Muslims can be estimated, but unless one asks each person about his religious affiliation, the estimates might be rough. Being born from parents who came from a Muslim majority country does not necessarily mean that one is a Muslim (even if children generally \u2018inherit\u2019 their religion from their parents as a part of their upbringing). What is more, coming from a Muslim majority country does not mean that one is Muslim (e.g. there are Copts in Egypt, who are Christian), and coming from a non-Muslim country also does not mean that one is definitely not Muslim (e.g. Muslims in India are a minority, yet they are one of the most numerous Muslim population worldwide). One can also ask religious organisations for their estimations, but their data can also be inaccurate as not every Muslim (or any other believer) is formally registered by an organization. Taking this all into account, one can estimate the total number of Muslims at around 5% of the whole population in Europe (\u017ar\u00f3d\u0142o). The countries with largest Muslim populations are France, Germany, and the United Kingdom.\n<\/p>\n<h3>\n\tIslam vs. West divide?<br>\n<\/h3>\n<p>\n\t\u00a0\n<\/p>\n<p style=\"text-align:justify\">\n\tBeing a relatively small minority in terms of their size, Muslims in Europe are visible and spark a lot of attention. Often the discussion concerning them focuses on the old-fashioned divide between Islam and the West. Having been living in Europe for several decades and being European leaves many Muslims uneasy with such a division. According to it, they can be either Muslim, or Western \u2013 but not both (see attachment 1 and 2). The mutual relations and multiple identities developed by European Muslims are definitely much more complex than that. On one side they are all perceived as Muslims, yet they differ in many aspects just as a Slovak Christian will differ from a Christian in Colombia, or in the Philippines. Moreover, it can also be assumed that Slovaks will differ between each other depending on selected criteria. The same is true about Muslims in Europe, who are by no means a solid, monolithic group.\n<\/p>\n<p style=\"text-align:justify\">\n\tThe divide between Islam and the West, which is generally harmful for many European Muslims, brings in a significant question: how different Muslim communities interact with the mainstream societies? A useful theoretical concept can be applied here, which is acculturation.\n<\/p>\n<p>\n\t\u00a0\n<\/p>\n<h3>\n\tIntegration, assimilation, or what?<br>\n<\/h3>\n<p>\n\tAcculturation is a process of balancing between two cultures and negotiating one\u2019s own identity. An individual can choose and navigate between different elements from his own culture and the culture of the host country. According to social psychologist John Berry, there are four strategies of acculturation. They are presented in the table below:\n<\/p>\n<table class=\"table table-hover\" style=\"width: 100%\" cellspacing=\"1\" cellpadding=\"1\" border=\"1\">\n<tbody>\n<tr>\n<td colspan=\"2\" rowspan=\"2\">\n\t\t\t\t\u00a0\n\t\t\t<\/td>\n<td colspan=\"2\" rowspan=\"1\" style=\"text-align: center\">\n\t\t\t\t<strong>Host culture<\/strong>\n\t\t\t<\/td>\n<\/tr>\n<tr>\n<td style=\"text-align: center\">\n\t\t\t\t<strong>\u2013<\/strong>\n\t\t\t<\/td>\n<td style=\"text-align: center\">\n\t\t\t\t<strong>+<\/strong>\n\t\t\t<\/td>\n<\/tr>\n<tr>\n<td colspan=\"1\" rowspan=\"2\" style=\"text-align: center\">\n\t\t\t\t<strong>Own culture<\/strong>\n\t\t\t<\/td>\n<td style=\"text-align: center\">\n\t\t\t\t<strong>\u2013<\/strong>\n\t\t\t<\/td>\n<td style=\"text-align: center\">\n\t\t\t\tMarginalization\n\t\t\t<\/td>\n<td style=\"text-align: center\">\n\t\t\t\tAssimilation\n\t\t\t<\/td>\n<\/tr>\n<tr>\n<td style=\"text-align: center\">\n\t\t\t\t<strong>+<\/strong>\n\t\t\t<\/td>\n<td style=\"text-align: center\">\n\t\t\t\tSeparation\n\t\t\t<\/td>\n<td style=\"text-align: center\">\n\t\t\t\tIntegrations\n\t\t\t<\/td>\n<\/tr>\n<\/tbody>\n<\/table>\n<p>\n\t<br><span style=\"vertical-align:baseline\"><span lang=\"EN-US\"><span style=\",sans-serif\"><span style=\"color:black\">Acculturation is a process of balancing between two cultures and negotiating one\u2019s own identity. An individual can choose and navigate between different elements from his own culture and the culture of the host country. According to social psychologist John Berry, there are four strategies of acculturation. They are presented in the table below:<\/span><\/span><\/span><\/span>\n<\/p>\n<ul>\n<li>\n\t\t<strong>integration<\/strong> \u2013 an individual adopts cultural norms and values of the host culture, but still maintains one\u2019s own culture (e.g. a Slovak immigrates to Germany, learns the language, but still maintains his own language, works in a German company, has friends who are Slovak or German, enjoys German and Slovak cuisine, etc.).\n\t<\/li>\n<li>\n\t\t<strong>assimilation<\/strong> \u2013 an individual adopts the cultural norms and values of the host culture and rejects (or limits to the private sphere only) one\u2019s own culture (e.g. a Syrian in Poland speaks only Polish, has a Polish spouse and they give their child only a Polish name, etc.).\n\t<\/li>\n<li>\n\t\t<strong>separation<\/strong> \u2013 an individual chooses to reject the host culture and keep to his own culture (e.g. a Chinese in the UK lives in a Chinese district, knows only basic English, does not like anything about English culture, and actually wishes to travel back to China).\n\t<\/li>\n<li>\n\t\t<strong>marginalization<\/strong> \u2013 an individual rejects both his own culture and the culture of the host country (e.g. a Moroccan who came to Hungary as a child. His parents failed to socialize him into Moroccan culture \u2013 he does not know a lot about the culture of his origin. At the same time, he differs from the majority of his classmates at school and is rejected. He does not feel well in neither culture).\n\t<\/li>\n<\/ul>\n<p>\n\tHost culture and own culture are very broad terms with many different layers. One can adapt the host culture in the public sphere and assimilate (e.g. by learning the language, paying taxes, voting, participating in national holidays), yet still maintain his own culture in the private sphere (e.g. by choosing a spouse from his culture, preferring his national music, or cuisine, maintaining worldview). Usually integration in the public sphere is easier compared to the private sphere. Assimilation \u2013 claimed sometimes to be the best possible scenario \u2013 is hard to achieve in the homogenous societies of Central and Eastern Europe. People of different ethnicities will simply not fit in the mainstream society and will be treated as alien, even if they were born in the countries and are their proud citizens. Separation refers predominantly to the private sphere, but not only in terms of what is kept private (e.g. I can keep my religion in private), but also in terms of lifestyle and worldview (e.g. I believe that the host culture is morally corrupt so I reject it and preserve my own culture by the way I dress, look, and behave). In some cases, separation might lead to imposing one\u2019s own culture onto the host society.\n<\/p>\n<p>\n\tThe hardest strategy to imagine is marginalization as it means that there is neither host nor own culture, as both are rejected. Marginalization means that a newcomer has been rejected by the society for being different, and at the same time feels not at ease with his own cultural background so he rejects it as well. One can ask \u2013 what is there then? Usually, a space that can be easily filled in and misused by criminal or radical groups that offer these individuals a new narrative and identity to follow. Deeyah Khan explains this phenomenon as one of the reasons young Muslims join radical Islamist organizations (see the introductory lecture).\n<\/p>\n<p>\n\t<strong>Match the acculturation cards (acculturation strategy + explanation)<\/strong>\n<\/p>\n<p>\n\n\n<\/p><div class=\"h5p-content\" data-content-id=\"1\"><\/div>\n\n\n\n<p>\n\tIt is important to stress that according to this model, integration as well as other modes of acculturation are a two side processes \u2013 i.e. they depend on the individual and on the mainstream society. The individual who comes to the new country has certain cultural background \u2013 therefore, it is natural that an Ukrainian will have higher chances to integrate smoothly into Czech society than a Syrian, who has a different ethnicity, religion and for whom learning the Czech language will be much harder. He will never be able to fully blend into Czech society, even if he had chosen assimilation. Moreover, there are also individual dispositions of the migrant, e.g. the Syrian migrant can be a skilled professional who works in an international company. This way his integration will be more effective, at least when it comes to the public sphere (privately he can interact with other foreigners and won\u2019t feel the necessity of learning Czech language and customs). A Syrian refugee will have much lower capacities to get integrated due to the possible trauma related to his status (becoming a refugee means that one has to flee his homeland), limited resources to start a new life (the refugees are often poor, even if they used to be well-off, they often had to leave all behind), and legal status (being a refugee means that one undergoes a complicated procedure, and sometimes is kept in a refugee center without much chances to work). The hosting country might (or might not) provide the newcomers with language courses, jobs, education, and temporary shelters to ease the adaptation process and to rise the chances that the newcomers will eventually become integrated. The hosting society can also make this process smoother, or harder for the migrants (see introductory lecture).\n<\/p>\n<h3>\n\tPolicy responses to migration<br>\n<\/h3>\n<p>\n\tEuropean countries have responded to immigration of Muslim population in different manners. On the very beginning Muslims were hardly visible in the societies and identified more as people of different nationality or ethnicity rather than different religion. That was the case of e.g. Germany where after WW2 cheap labour immigrated. The countries of origin included poor countries of Eastern and South Eastern Europe with a significant number of workers immigrating from Turkey. The workers came to Germany for contracts while their families stayed behind. They decided to immigrate to Germany later, and when future contracts were not secured, the whole family had to make a decision whether they should live in Germany or in Turkey. This is when Islam started to emerge as a religion in the public sphere: there were women wearing Islamic veil on the streets, and children who went to schools. When these families decided to settle down in Germany, they have also started to develop Turkish and Islamic infrastructure such as prayer houses and mosques, groceries or restaurants. Germany adopted a strategy of allowing these Gastarbeiters (guest workers) into German labour market, so that they were able to work in low skilled jobs but did give much effort to integrate the migrants with the society in terms of nationality, or providing access to better education.\n<\/p>\n<p>In France the majority of Muslim citizens of migrant background came from the Francophone countries of Africa, mostly Maghreb countries in the north of the continent. The early Muslim migrants arrived in France after decolonialization of African countries, while others decided to look there for a better future. Some of them \u2013 e.g. Algerians \u2013 were in fact holding French citizenship, as Algeria has been a part of the French territory. They were also provided with access to education, and \u2013 those who weren\u2019t French citizens \u2013 to French citizenship. The newcomers had easier access to France because they knew the language and their acculturation could have been smoother and more efficient comparing e.g. to Turks in Germany, who had to learn German. France is a secular country, thus religious matters should be kept in the private sphere. The migrants were offered French citizenship and the ability to become French just like others. However, complete assimilation was limited by two factors: firstly, the migrants could not simply fit as fully fledged native citizens; secondly, some elements of Islamic religion were hard to limit to the private sphere \u2013 e.g. wearing veil by some Muslim women, eating halal food, or praying jointly in a mosque (or outside, if the mosque could not encompass all believers).\n<\/p>\n<p>\n\tIn the UK most of the Muslim citizens came from the former British colonies, especially British India (later India, Pakistan, and Bangladesh). Many of them had also already spoke the English language as that was the language of their colonizers. The British model fits into endorsing multiculturalism: everyone is free to express and preserve their religious or ethnic identity as long as they also adhere to the British values. This approach has left a lot of space for different ethnic and religious communities in the UK, but in case of the Muslim population it translated into alienation from the mainstream society.\n<\/p>\n<p>\nThese integration models were developed in a specific national context. At the same time, in order to improve them, they have been revisited and revised many times. These countries have long experience with being multicultural, even if their policies were challenged in many ways. Cohabitation of people who differ ethnically and religiously, but share the same nationality, has become a fact.<\/p>\n<h3>\n\tConclusion<br>\n<\/h3>\n<p>\nThis e-material is intended to support the teacher with basic knowledge about Muslim communities in Europe during discussions in a wider framework of an imposed divide between so called \u2018Islam\u2019 and \u2018the West\u2019. It also helps to situate this discussion in a broader context of identity and its formation. Through introduced social theory combined with group and individual exercises a student will be able to learn from different perspectives about Muslim communities in Europe on individual level (identity, popular culture), state level (policy towards immigrants), and on their intersection (acculturation).\n<\/p>","protected":false},"excerpt":{"rendered":"<p>Muslims have been present in Europe for over a thousand years. As early as in the 8th century Arab and Berber Muslims conquered parts of Spain and established the caliphate of Cordoba. While they have been expelled several centuries later, &#8230;<\/p>\n","protected":false},"author":240,"featured_media":0,"parent":199,"menu_order":2,"comment_status":"closed","ping_status":"closed","template":"","meta":{"_acf_changed":false,"inline_featured_image":false,"footnotes":""},"class_list":["post-203","page","type-page","status-publish","hentry"],"acf":[],"_links":{"self":[{"href":"https:\/\/sisu.ut.ee\/sensiclass\/wp-json\/wp\/v2\/pages\/203","targetHints":{"allow":["GET"]}}],"collection":[{"href":"https:\/\/sisu.ut.ee\/sensiclass\/wp-json\/wp\/v2\/pages"}],"about":[{"href":"https:\/\/sisu.ut.ee\/sensiclass\/wp-json\/wp\/v2\/types\/page"}],"author":[{"embeddable":true,"href":"https:\/\/sisu.ut.ee\/sensiclass\/wp-json\/wp\/v2\/users\/240"}],"replies":[{"embeddable":true,"href":"https:\/\/sisu.ut.ee\/sensiclass\/wp-json\/wp\/v2\/comments?post=203"}],"version-history":[{"count":7,"href":"https:\/\/sisu.ut.ee\/sensiclass\/wp-json\/wp\/v2\/pages\/203\/revisions"}],"predecessor-version":[{"id":2262,"href":"https:\/\/sisu.ut.ee\/sensiclass\/wp-json\/wp\/v2\/pages\/203\/revisions\/2262"}],"up":[{"embeddable":true,"href":"https:\/\/sisu.ut.ee\/sensiclass\/wp-json\/wp\/v2\/pages\/199"}],"wp:attachment":[{"href":"https:\/\/sisu.ut.ee\/sensiclass\/wp-json\/wp\/v2\/media?parent=203"}],"curies":[{"name":"wp","href":"https:\/\/api.w.org\/{rel}","templated":true}]}}