{"id":202,"date":"2024-04-04T06:43:34","date_gmt":"2024-04-04T03:43:34","guid":{"rendered":"https:\/\/sisu.ut.ee\/sensiclass\/class-exercise-students-identities-et\/"},"modified":"2024-06-21T13:41:17","modified_gmt":"2024-06-21T10:41:17","slug":"class-exercise-students-identities-et","status":"publish","type":"page","link":"https:\/\/sisu.ut.ee\/sensiclass\/toolbox\/inclusive-teaching-et\/teaching-resources-et-0\/class-exercise-students-identities-et\/","title":{"rendered":"Harjutus 1. \u00d5pilaste identiteedid"},"content":{"rendered":"<nav style=\"font-style:normal;font-weight:400;\" class=\"has-background has-light-background-color has-regular-font-size is-responsive items-justified-left mb-1 mt-1 wp-block-navigation is-horizontal is-content-justification-left is-layout-flex wp-container-core-navigation-is-layout-c39e78a4 wp-block-navigation-is-layout-flex\" aria-label=\"Kaasav \u00f5petamine\" data-wp-interactive=\"core\/navigation\" data-wp-context='{\"overlayOpenedBy\":{\"click\":false,\"hover\":false,\"focus\":false},\"type\":\"overlay\",\"roleAttribute\":\"\",\"ariaLabel\":\"Menu\"}'><button aria-haspopup=\"dialog\" aria-label=\"Open menu\" class=\"wp-block-navigation__responsive-container-open\" data-wp-on--click=\"actions.openMenuOnClick\" data-wp-on--keydown=\"actions.handleMenuKeydown\"><svg width=\"24\" height=\"24\" xmlns=\"http:\/\/www.w3.org\/2000\/svg\" viewbox=\"0 0 24 24\"><path d=\"M5 5v1.5h14V5H5z\"><\/path><path d=\"M5 12.8h14v-1.5H5v1.5z\"><\/path><path d=\"M5 19h14v-1.5H5V19z\"><\/path><\/svg><\/button>\n\t\t\t\t<div class=\"wp-block-navigation__responsive-container\" id=\"modal-1\" data-wp-class--has-modal-open=\"state.isMenuOpen\" data-wp-class--is-menu-open=\"state.isMenuOpen\" data-wp-watch=\"callbacks.initMenu\" data-wp-on--keydown=\"actions.handleMenuKeydown\" data-wp-on--focusout=\"actions.handleMenuFocusout\" tabindex=\"-1\">\n\t\t\t\t\t<div class=\"wp-block-navigation__responsive-close\" tabindex=\"-1\">\n\t\t\t\t\t\t<div class=\"wp-block-navigation__responsive-dialog\" data-wp-bind--aria-modal=\"state.ariaModal\" data-wp-bind--aria-label=\"state.ariaLabel\" data-wp-bind--role=\"state.roleAttribute\">\n\t\t\t\t\t\t\t<button aria-label=\"Close menu\" class=\"wp-block-navigation__responsive-container-close\" data-wp-on--click=\"actions.closeMenuOnClick\"><svg xmlns=\"http:\/\/www.w3.org\/2000\/svg\" viewbox=\"0 0 24 24\" width=\"24\" height=\"24\" aria-hidden=\"true\" focusable=\"false\"><path d=\"m13.06 12 6.47-6.47-1.06-1.06L12 10.94 5.53 4.47 4.47 5.53 10.94 12l-6.47 6.47 1.06 1.06L12 13.06l6.47 6.47 1.06-1.06L13.06 12Z\"><\/path><\/svg><\/button>\n\t\t\t\t\t\t\t<div class=\"wp-block-navigation__responsive-container-content\" data-wp-watch=\"callbacks.focusFirstElement\" id=\"modal-1-content\">\n\t\t\t\t\t\t\t\t<ul style=\"font-style:normal;font-weight:400;\" class=\"wp-block-navigation__container has-background has-light-background-color has-regular-font-size is-responsive items-justified-left mb-1 mt-1 wp-block-navigation has-regular-font-size\"><li class=\"has-regular-font-size wp-block-navigation-item wp-block-navigation-link\"><a class=\"wp-block-navigation-item__content\" href=\"https:\/\/sisu.ut.ee\/sensiclass\/toolbox\/inclusive-teaching-et\/\"><span class=\"wp-block-navigation-item__label\">Kaasav \u00f5petamine<\/span><\/a><\/li><li class=\"has-regular-font-size wp-block-navigation-item wp-block-navigation-link\"><a class=\"wp-block-navigation-item__content\" href=\"https:\/\/sisu.ut.ee\/sensiclass\/toolbox\/inclusive-teaching-et\/what-inclusive-pedagogy-et\/\"><span class=\"wp-block-navigation-item__label\">Mis on kaasav haridus?<\/span><\/a><\/li><li data-wp-context='{ \"submenuOpenedBy\": { \"click\": false, \"hover\": false, \"focus\": false }, \"type\": \"submenu\", \"modal\": null, \"previousFocus\": null }' data-wp-interactive=\"core\/navigation\" data-wp-on--focusout=\"actions.handleMenuFocusout\" data-wp-on--keydown=\"actions.handleMenuKeydown\" data-wp-watch=\"callbacks.initMenu\" tabindex=\"-1\" class=\"wp-block-navigation-item has-regular-font-size has-child open-on-click wp-block-navigation-submenu\"><button data-wp-bind--aria-expanded=\"state.isMenuOpen\" data-wp-on--click=\"actions.toggleMenuOnClick\" aria-label=\"\u00d5petamise vahendid submenu\" class=\"wp-block-navigation-item__content wp-block-navigation-submenu__toggle\"><span class=\"wp-block-navigation-item__label\">\u00d5petamise vahendid<\/span><\/button><span class=\"wp-block-navigation__submenu-icon\"><svg xmlns=\"http:\/\/www.w3.org\/2000\/svg\" width=\"12\" height=\"12\" viewbox=\"0 0 12 12\" fill=\"none\" aria-hidden=\"true\" focusable=\"false\"><path d=\"M1.50002 4L6.00002 8L10.5 4\" stroke-width=\"1.5\"><\/path><\/svg><\/span><ul data-wp-on--focus=\"actions.openMenuOnFocus\" class=\"wp-block-navigation__submenu-container wp-block-navigation-submenu\"><li class=\"has-regular-font-size wp-block-navigation-item wp-block-navigation-link\"><a class=\"wp-block-navigation-item__content\" href=\"https:\/\/sisu.ut.ee\/sensiclass\/toolbox\/inclusive-teaching-et\/teaching-resources-et-0\/class-exercise-students-identities-et\/\"><span class=\"wp-block-navigation-item__label\">Harjutus 1. \u00d5pilaste identiteedid<\/span><\/a><\/li><li class=\"has-regular-font-size wp-block-navigation-item wp-block-navigation-link\"><a class=\"wp-block-navigation-item__content\" href=\"https:\/\/sisu.ut.ee\/sensiclass\/toolbox\/inclusive-teaching-et\/teaching-resources-et-0\/teaching-strategy-counter-narrative-et\/\"><span class=\"wp-block-navigation-item__label\">Harjutus 2. Vastunarratiiv<\/span><\/a><\/li><\/ul><\/li><li data-wp-context='{ \"submenuOpenedBy\": { \"click\": false, \"hover\": false, \"focus\": false }, \"type\": \"submenu\", \"modal\": null, \"previousFocus\": null }' data-wp-interactive=\"core\/navigation\" data-wp-on--focusout=\"actions.handleMenuFocusout\" data-wp-on--keydown=\"actions.handleMenuKeydown\" data-wp-watch=\"callbacks.initMenu\" tabindex=\"-1\" class=\"wp-block-navigation-item has-regular-font-size has-child open-on-click wp-block-navigation-submenu\"><button data-wp-bind--aria-expanded=\"state.isMenuOpen\" data-wp-on--click=\"actions.toggleMenuOnClick\" aria-label=\"Juhtumianal\u00fc\u00fcsid submenu\" class=\"wp-block-navigation-item__content wp-block-navigation-submenu__toggle\"><span class=\"wp-block-navigation-item__label\">Juhtumianal\u00fc\u00fcsid<\/span><\/button><span class=\"wp-block-navigation__submenu-icon\"><svg xmlns=\"http:\/\/www.w3.org\/2000\/svg\" width=\"12\" height=\"12\" viewbox=\"0 0 12 12\" fill=\"none\" aria-hidden=\"true\" focusable=\"false\"><path d=\"M1.50002 4L6.00002 8L10.5 4\" stroke-width=\"1.5\"><\/path><\/svg><\/span><ul data-wp-on--focus=\"actions.openMenuOnFocus\" class=\"wp-block-navigation__submenu-container wp-block-navigation-submenu\"><li class=\"has-regular-font-size wp-block-navigation-item wp-block-navigation-link\"><a class=\"wp-block-navigation-item__content\" href=\"https:\/\/sisu.ut.ee\/sensiclass\/toolbox\/inclusive-teaching-et\/case-studies-et-0\/conflict-over-interpretations-et\/\"><span class=\"wp-block-navigation-item__label\">Erinevatest t\u00f5lgendamistest tekkinud konflikt<\/span><\/a><\/li><li class=\"has-regular-font-size wp-block-navigation-item wp-block-navigation-link\"><a class=\"wp-block-navigation-item__content\" href=\"https:\/\/sisu.ut.ee\/sensiclass\/toolbox\/inclusive-teaching-et\/case-studies-et-0\/stereotyping-et\/\"><span class=\"wp-block-navigation-item__label\">Stereot\u00fc\u00fcpide loomine<\/span><\/a><\/li><\/ul><\/li><li class=\"has-regular-font-size wp-block-navigation-item wp-block-navigation-link\"><a class=\"wp-block-navigation-item__content\" href=\"https:\/\/sisu.ut.ee\/sensiclass\/toolbox\/inclusive-teaching-et\/bibliography-and-further-resources-et-0\/\"><span class=\"wp-block-navigation-item__label\">Kasutatud kirjandus ja lisamaterjalid<\/span><\/a><\/li><li class=\"has-regular-font-size wp-block-navigation-item wp-block-navigation-link\"><a class=\"wp-block-navigation-item__content\" href=\"https:\/\/sisu.ut.ee\/sensiclass\/toolbox\/inclusive-teaching-et\/test-your-knowledge-et-0\/\"><span class=\"wp-block-navigation-item__label\">Testi oma teadmisi!<\/span><\/a><\/li><\/ul>\n\t\t\t\t\t\t\t<\/div>\n\t\t\t\t\t\t<\/div>\n\t\t\t\t\t<\/div>\n\t\t\t\t<\/div><\/nav>\n\n<p>\n\t\u00dclesanne\n<\/p>\n<p>\n\tPaluge \u00f5pilastel:\n<\/p>\n<p>\n\t1) moodustada r\u00fchmad nende identiteedi alusel ja\n<\/p>\n<p>\n\t2) selgitada antud r\u00fchmadesse liitumise p\u00f5hjuseid ja p\u00f5hjendusi.\n<\/p>\n<p>\n\t1. samm. L\u00e4bir\u00e4\u00e4kimised\n<\/p>\n<p>\n\tK\u00f5ik \u00f5pilased hakkavad \u00fcksteisega r\u00e4\u00e4kima, \u00fcksteist kuulama ja isiklikku teavet vahetama, et teha otsuseid iseenda ja \u00fcksteise identiteedi kohta. \u00d5pilased tutvustavad end ja julgemad algatavad vestlusi. Vestluste kaudu saavad \u00f5pilased moodustada r\u00fchmi, pidada l\u00e4bir\u00e4\u00e4kimisi ja otsustada r\u00fchmade moodustamise aluste \u00fcle.\n<\/p>\n<p>\n\t2. samm. R\u00fchmad ja identiteedid\n<\/p>\n<p>\n\tR\u00fchmade moodustamise l\u00f5pus peavad \u00f5pilased r\u00e4\u00e4kima l\u00e4bi, kuidas \u00fclej\u00e4\u00e4nud klassile oma r\u00fchmitamist selgitada. \u00d5pilased v\u00f5ivad leida oma identiteedi v\u00f5tmeks erinevaid tunnuseid nagu poliitika, religioon, traditsioonid, etniline kuuluvus v\u00f5i muu. Iga kord, kui grupi moodustamise p\u00f5him\u00f5tet nimetatakse, on see v\u00f5imalus kriitiliseks aruteluks m\u00f5iste ja kaasava \u00f5ppe t\u00e4htsuse \u00fcle.\n<\/p>\n<p>\n\t3. etapp. Peegeldus\n<\/p>\n<p>\n\tSee tegevus mitte ainult ei h\u00f5lbusta \u00f5pilastel k\u00f5nelemist ja \u00fcksteise kuulamist, vaid aitab \u00e4ra tunda ka klassiruumi mitmekesisust ja kaasamise t\u00e4htsust. \u00d5pilased vahetavad isiklikku teavet, proovivad \u00fcksteist m\u00f5ista ja t\u00e4hendusrikkaid suhteid luua. Teisis\u00f5nu aitab see \u00fclesanne \u00f5pilastel kogemuste vahetamise kaudu \u00f5ppida, seel\u00e4bi nende mitmekesisest kollektiivist kasu saades. See harjutus aitab r\u00f5hutada ka identiteedi heterogeensust klassiruumis.\n<\/p>\n<p>\n\tAllikas: Puud, Kathryn. (2003). Erinevate \u00f5pilasr\u00fchmade t\u00f5hus \u00f5petamine: m\u00f5tisklus \u00f5petamise ja \u00f5ppimise strateegiate \u00fcle. Australian Journal of Adult Learning, 53:2, 234-252\n<\/p>","protected":false},"excerpt":{"rendered":"<p>\u00dclesanne Paluge \u00f5pilastel: 1) moodustada r\u00fchmad nende identiteedi alusel ja 2) selgitada antud r\u00fchmadesse liitumise p\u00f5hjuseid ja p\u00f5hjendusi. 1. samm. L\u00e4bir\u00e4\u00e4kimised K\u00f5ik \u00f5pilased hakkavad \u00fcksteisega r\u00e4\u00e4kima, \u00fcksteist kuulama ja isiklikku teavet vahetama, et teha otsuseid iseenda ja \u00fcksteise identiteedi kohta. &#8230;<\/p>\n","protected":false},"author":240,"featured_media":0,"parent":200,"menu_order":0,"comment_status":"closed","ping_status":"closed","template":"","meta":{"_acf_changed":false,"inline_featured_image":false,"footnotes":""},"class_list":["post-202","page","type-page","status-publish","hentry"],"acf":[],"_links":{"self":[{"href":"https:\/\/sisu.ut.ee\/sensiclass\/wp-json\/wp\/v2\/pages\/202","targetHints":{"allow":["GET"]}}],"collection":[{"href":"https:\/\/sisu.ut.ee\/sensiclass\/wp-json\/wp\/v2\/pages"}],"about":[{"href":"https:\/\/sisu.ut.ee\/sensiclass\/wp-json\/wp\/v2\/types\/page"}],"author":[{"embeddable":true,"href":"https:\/\/sisu.ut.ee\/sensiclass\/wp-json\/wp\/v2\/users\/240"}],"replies":[{"embeddable":true,"href":"https:\/\/sisu.ut.ee\/sensiclass\/wp-json\/wp\/v2\/comments?post=202"}],"version-history":[{"count":4,"href":"https:\/\/sisu.ut.ee\/sensiclass\/wp-json\/wp\/v2\/pages\/202\/revisions"}],"predecessor-version":[{"id":2496,"href":"https:\/\/sisu.ut.ee\/sensiclass\/wp-json\/wp\/v2\/pages\/202\/revisions\/2496"}],"up":[{"embeddable":true,"href":"https:\/\/sisu.ut.ee\/sensiclass\/wp-json\/wp\/v2\/pages\/200"}],"wp:attachment":[{"href":"https:\/\/sisu.ut.ee\/sensiclass\/wp-json\/wp\/v2\/media?parent=202"}],"curies":[{"name":"wp","href":"https:\/\/api.w.org\/{rel}","templated":true}]}}