{"id":200,"date":"2024-04-04T06:43:34","date_gmt":"2024-04-04T03:43:34","guid":{"rendered":"https:\/\/sisu.ut.ee\/sensiclass\/teaching-resources-et-0\/"},"modified":"2024-06-21T13:43:30","modified_gmt":"2024-06-21T10:43:30","slug":"teaching-resources-et-0","status":"publish","type":"page","link":"https:\/\/sisu.ut.ee\/sensiclass\/toolbox\/inclusive-teaching-et\/teaching-resources-et-0\/","title":{"rendered":"\u00d5petamise vahendid"},"content":{"rendered":"<nav style=\"font-style:normal;font-weight:400;\" class=\"has-background has-light-background-color has-regular-font-size is-responsive items-justified-left mb-1 mt-1 wp-block-navigation is-horizontal is-content-justification-left is-layout-flex wp-container-core-navigation-is-layout-c39e78a4 wp-block-navigation-is-layout-flex\" aria-label=\"Kaasav \u00f5petamine\" data-wp-interactive=\"core\/navigation\" data-wp-context='{\"overlayOpenedBy\":{\"click\":false,\"hover\":false,\"focus\":false},\"type\":\"overlay\",\"roleAttribute\":\"\",\"ariaLabel\":\"Menu\"}'><button aria-haspopup=\"dialog\" aria-label=\"Open menu\" class=\"wp-block-navigation__responsive-container-open\" data-wp-on--click=\"actions.openMenuOnClick\" data-wp-on--keydown=\"actions.handleMenuKeydown\"><svg width=\"24\" height=\"24\" xmlns=\"http:\/\/www.w3.org\/2000\/svg\" viewbox=\"0 0 24 24\"><path d=\"M5 5v1.5h14V5H5z\"><\/path><path d=\"M5 12.8h14v-1.5H5v1.5z\"><\/path><path d=\"M5 19h14v-1.5H5V19z\"><\/path><\/svg><\/button>\n\t\t\t\t<div class=\"wp-block-navigation__responsive-container\" id=\"modal-1\" data-wp-class--has-modal-open=\"state.isMenuOpen\" data-wp-class--is-menu-open=\"state.isMenuOpen\" data-wp-watch=\"callbacks.initMenu\" data-wp-on--keydown=\"actions.handleMenuKeydown\" data-wp-on--focusout=\"actions.handleMenuFocusout\" tabindex=\"-1\">\n\t\t\t\t\t<div class=\"wp-block-navigation__responsive-close\" tabindex=\"-1\">\n\t\t\t\t\t\t<div class=\"wp-block-navigation__responsive-dialog\" data-wp-bind--aria-modal=\"state.ariaModal\" data-wp-bind--aria-label=\"state.ariaLabel\" data-wp-bind--role=\"state.roleAttribute\">\n\t\t\t\t\t\t\t<button aria-label=\"Close menu\" class=\"wp-block-navigation__responsive-container-close\" data-wp-on--click=\"actions.closeMenuOnClick\"><svg xmlns=\"http:\/\/www.w3.org\/2000\/svg\" viewbox=\"0 0 24 24\" width=\"24\" height=\"24\" aria-hidden=\"true\" focusable=\"false\"><path d=\"m13.06 12 6.47-6.47-1.06-1.06L12 10.94 5.53 4.47 4.47 5.53 10.94 12l-6.47 6.47 1.06 1.06L12 13.06l6.47 6.47 1.06-1.06L13.06 12Z\"><\/path><\/svg><\/button>\n\t\t\t\t\t\t\t<div class=\"wp-block-navigation__responsive-container-content\" data-wp-watch=\"callbacks.focusFirstElement\" id=\"modal-1-content\">\n\t\t\t\t\t\t\t\t<ul style=\"font-style:normal;font-weight:400;\" class=\"wp-block-navigation__container has-background has-light-background-color has-regular-font-size is-responsive items-justified-left mb-1 mt-1 wp-block-navigation has-regular-font-size\"><li class=\"has-regular-font-size wp-block-navigation-item wp-block-navigation-link\"><a class=\"wp-block-navigation-item__content\" href=\"https:\/\/sisu.ut.ee\/sensiclass\/toolbox\/inclusive-teaching-et\/\"><span class=\"wp-block-navigation-item__label\">Kaasav \u00f5petamine<\/span><\/a><\/li><li class=\"has-regular-font-size wp-block-navigation-item wp-block-navigation-link\"><a class=\"wp-block-navigation-item__content\" href=\"https:\/\/sisu.ut.ee\/sensiclass\/toolbox\/inclusive-teaching-et\/what-inclusive-pedagogy-et\/\"><span class=\"wp-block-navigation-item__label\">Mis on kaasav haridus?<\/span><\/a><\/li><li data-wp-context='{ \"submenuOpenedBy\": { \"click\": false, \"hover\": false, \"focus\": false }, \"type\": \"submenu\", \"modal\": null, \"previousFocus\": null }' data-wp-interactive=\"core\/navigation\" data-wp-on--focusout=\"actions.handleMenuFocusout\" data-wp-on--keydown=\"actions.handleMenuKeydown\" data-wp-watch=\"callbacks.initMenu\" tabindex=\"-1\" class=\"wp-block-navigation-item has-regular-font-size has-child open-on-click wp-block-navigation-submenu\"><button data-wp-bind--aria-expanded=\"state.isMenuOpen\" data-wp-on--click=\"actions.toggleMenuOnClick\" aria-label=\"\u00d5petamise vahendid submenu\" class=\"wp-block-navigation-item__content wp-block-navigation-submenu__toggle\"><span class=\"wp-block-navigation-item__label\">\u00d5petamise vahendid<\/span><\/button><span class=\"wp-block-navigation__submenu-icon\"><svg xmlns=\"http:\/\/www.w3.org\/2000\/svg\" width=\"12\" height=\"12\" viewbox=\"0 0 12 12\" fill=\"none\" aria-hidden=\"true\" focusable=\"false\"><path d=\"M1.50002 4L6.00002 8L10.5 4\" stroke-width=\"1.5\"><\/path><\/svg><\/span><ul data-wp-on--focus=\"actions.openMenuOnFocus\" class=\"wp-block-navigation__submenu-container wp-block-navigation-submenu\"><li class=\"has-regular-font-size wp-block-navigation-item wp-block-navigation-link\"><a class=\"wp-block-navigation-item__content\" href=\"https:\/\/sisu.ut.ee\/sensiclass\/toolbox\/inclusive-teaching-et\/teaching-resources-et-0\/class-exercise-students-identities-et\/\"><span class=\"wp-block-navigation-item__label\">Harjutus 1. \u00d5pilaste identiteedid<\/span><\/a><\/li><li class=\"has-regular-font-size wp-block-navigation-item wp-block-navigation-link\"><a class=\"wp-block-navigation-item__content\" href=\"https:\/\/sisu.ut.ee\/sensiclass\/toolbox\/inclusive-teaching-et\/teaching-resources-et-0\/teaching-strategy-counter-narrative-et\/\"><span class=\"wp-block-navigation-item__label\">Harjutus 2. Vastunarratiiv<\/span><\/a><\/li><\/ul><\/li><li data-wp-context='{ \"submenuOpenedBy\": { \"click\": false, \"hover\": false, \"focus\": false }, \"type\": \"submenu\", \"modal\": null, \"previousFocus\": null }' data-wp-interactive=\"core\/navigation\" data-wp-on--focusout=\"actions.handleMenuFocusout\" data-wp-on--keydown=\"actions.handleMenuKeydown\" data-wp-watch=\"callbacks.initMenu\" tabindex=\"-1\" class=\"wp-block-navigation-item has-regular-font-size has-child open-on-click wp-block-navigation-submenu\"><button data-wp-bind--aria-expanded=\"state.isMenuOpen\" data-wp-on--click=\"actions.toggleMenuOnClick\" aria-label=\"Juhtumianal\u00fc\u00fcsid submenu\" class=\"wp-block-navigation-item__content wp-block-navigation-submenu__toggle\"><span class=\"wp-block-navigation-item__label\">Juhtumianal\u00fc\u00fcsid<\/span><\/button><span class=\"wp-block-navigation__submenu-icon\"><svg xmlns=\"http:\/\/www.w3.org\/2000\/svg\" width=\"12\" height=\"12\" viewbox=\"0 0 12 12\" fill=\"none\" aria-hidden=\"true\" focusable=\"false\"><path d=\"M1.50002 4L6.00002 8L10.5 4\" stroke-width=\"1.5\"><\/path><\/svg><\/span><ul data-wp-on--focus=\"actions.openMenuOnFocus\" class=\"wp-block-navigation__submenu-container wp-block-navigation-submenu\"><li class=\"has-regular-font-size wp-block-navigation-item wp-block-navigation-link\"><a class=\"wp-block-navigation-item__content\" href=\"https:\/\/sisu.ut.ee\/sensiclass\/toolbox\/inclusive-teaching-et\/case-studies-et-0\/conflict-over-interpretations-et\/\"><span class=\"wp-block-navigation-item__label\">Erinevatest t\u00f5lgendamistest tekkinud konflikt<\/span><\/a><\/li><li class=\"has-regular-font-size wp-block-navigation-item wp-block-navigation-link\"><a class=\"wp-block-navigation-item__content\" href=\"https:\/\/sisu.ut.ee\/sensiclass\/toolbox\/inclusive-teaching-et\/case-studies-et-0\/stereotyping-et\/\"><span class=\"wp-block-navigation-item__label\">Stereot\u00fc\u00fcpide loomine<\/span><\/a><\/li><\/ul><\/li><li class=\"has-regular-font-size wp-block-navigation-item wp-block-navigation-link\"><a class=\"wp-block-navigation-item__content\" href=\"https:\/\/sisu.ut.ee\/sensiclass\/toolbox\/inclusive-teaching-et\/bibliography-and-further-resources-et-0\/\"><span class=\"wp-block-navigation-item__label\">Kasutatud kirjandus ja lisamaterjalid<\/span><\/a><\/li><li class=\"has-regular-font-size wp-block-navigation-item wp-block-navigation-link\"><a class=\"wp-block-navigation-item__content\" href=\"https:\/\/sisu.ut.ee\/sensiclass\/toolbox\/inclusive-teaching-et\/test-your-knowledge-et-0\/\"><span class=\"wp-block-navigation-item__label\">Testi oma teadmisi!<\/span><\/a><\/li><\/ul>\n\t\t\t\t\t\t\t<\/div>\n\t\t\t\t\t\t<\/div>\n\t\t\t\t\t<\/div>\n\t\t\t\t<\/div><\/nav>\n\n<p>\n\tOn mitmeid t\u00f6\u00f6riistu, mida \u00f5petajad saavad kasutada, et toetada kaasava klassiruumi loomist ja r\u00f5hutada eelarvamuste ohtlikkust. N\u00e4iteks <a data-url=\"https:\/\/sisu.ut.ee\/sensiclass\/book\/class-exercise-students-identities-et?admin_panel=1\" href=\"https:\/\/sisu.ut.ee\/sensiclass\/book\/class-exercise-students-identities-et?admin_panel=1\" target=\"_blank\" title=\"\" rel=\"noopener\">\u00f5pilaste identiteedi uurimise harjutus<\/a> laseb \u00f5pilastel anal\u00fc\u00fcsida ja m\u00e4rgata mitmekesisust, mis nende kaas\u00f5ppurite seas on. Samuti panna t\u00e4hele kasu, mis sellest tuleb. Teine e-moodulis v\u00e4lja toodud n\u00e4ide on <a data-url=\"https:\/\/sisu.ut.ee\/sensiclass\/book\/teaching-strategy-counter-narrative-et\" href=\"https:\/\/sisu.ut.ee\/sensiclass\/book\/teaching-strategy-counter-narrative-et\" target=\"_blank\" title=\"\" rel=\"noopener\">vastunarratiivi strateegia kasutamine<\/a>. See on j\u00f5uline viis, mis uurib erinevaid vaatenurki, arendab erinevatest gruppidest arusaamist ja toetab kriitilise m\u00f5tlemise teket ning arengut. \u00d5petajate kogemustel p\u00f5hinevad juhtumianal\u00fc\u00fcsid annavad \u00fclevaate v\u00f5imalikest olukordadest ja vastuoludest, mis erinevate vaatenurkade, t\u00f5lgenduste, eelarvamuste t\u00f5ttu v\u00f5ivad tekkida. Anal\u00fc\u00fcsid h\u00f5lmavad endas ka lahendusi.\n<\/p>\n<p>\n\t\u00a0\n<\/p>","protected":false},"excerpt":{"rendered":"<p>On mitmeid t\u00f6\u00f6riistu, mida \u00f5petajad saavad kasutada, et toetada kaasava klassiruumi loomist ja r\u00f5hutada eelarvamuste ohtlikkust. N\u00e4iteks \u00f5pilaste identiteedi uurimise harjutus laseb \u00f5pilastel anal\u00fc\u00fcsida ja m\u00e4rgata mitmekesisust, mis nende kaas\u00f5ppurite seas on. Samuti panna t\u00e4hele kasu, mis sellest tuleb. Teine &#8230;<\/p>\n","protected":false},"author":240,"featured_media":0,"parent":196,"menu_order":0,"comment_status":"closed","ping_status":"closed","template":"","meta":{"_acf_changed":false,"inline_featured_image":false,"footnotes":""},"class_list":["post-200","page","type-page","status-publish","hentry"],"acf":[],"_links":{"self":[{"href":"https:\/\/sisu.ut.ee\/sensiclass\/wp-json\/wp\/v2\/pages\/200","targetHints":{"allow":["GET"]}}],"collection":[{"href":"https:\/\/sisu.ut.ee\/sensiclass\/wp-json\/wp\/v2\/pages"}],"about":[{"href":"https:\/\/sisu.ut.ee\/sensiclass\/wp-json\/wp\/v2\/types\/page"}],"author":[{"embeddable":true,"href":"https:\/\/sisu.ut.ee\/sensiclass\/wp-json\/wp\/v2\/users\/240"}],"replies":[{"embeddable":true,"href":"https:\/\/sisu.ut.ee\/sensiclass\/wp-json\/wp\/v2\/comments?post=200"}],"version-history":[{"count":4,"href":"https:\/\/sisu.ut.ee\/sensiclass\/wp-json\/wp\/v2\/pages\/200\/revisions"}],"predecessor-version":[{"id":2502,"href":"https:\/\/sisu.ut.ee\/sensiclass\/wp-json\/wp\/v2\/pages\/200\/revisions\/2502"}],"up":[{"embeddable":true,"href":"https:\/\/sisu.ut.ee\/sensiclass\/wp-json\/wp\/v2\/pages\/196"}],"wp:attachment":[{"href":"https:\/\/sisu.ut.ee\/sensiclass\/wp-json\/wp\/v2\/media?parent=200"}],"curies":[{"name":"wp","href":"https:\/\/api.w.org\/{rel}","templated":true}]}}