{"id":198,"date":"2024-04-04T06:43:34","date_gmt":"2024-04-04T03:43:34","guid":{"rendered":"https:\/\/sisu.ut.ee\/sensiclass\/what-inclusive-pedagogy-et\/"},"modified":"2024-06-21T13:40:56","modified_gmt":"2024-06-21T10:40:56","slug":"what-inclusive-pedagogy-et","status":"publish","type":"page","link":"https:\/\/sisu.ut.ee\/sensiclass\/toolbox\/inclusive-teaching-et\/what-inclusive-pedagogy-et\/","title":{"rendered":"Mis on kaasav haridus?"},"content":{"rendered":"<nav style=\"font-style:normal;font-weight:400;\" class=\"has-background has-light-background-color has-regular-font-size is-responsive items-justified-left mb-1 mt-1 wp-block-navigation is-horizontal is-content-justification-left is-layout-flex wp-container-core-navigation-is-layout-c39e78a4 wp-block-navigation-is-layout-flex\" aria-label=\"Kaasav \u00f5petamine\" data-wp-interactive=\"core\/navigation\" data-wp-context='{\"overlayOpenedBy\":{\"click\":false,\"hover\":false,\"focus\":false},\"type\":\"overlay\",\"roleAttribute\":\"\",\"ariaLabel\":\"Menu\"}'><button aria-haspopup=\"dialog\" aria-label=\"Open menu\" class=\"wp-block-navigation__responsive-container-open\" data-wp-on--click=\"actions.openMenuOnClick\" data-wp-on--keydown=\"actions.handleMenuKeydown\"><svg width=\"24\" height=\"24\" xmlns=\"http:\/\/www.w3.org\/2000\/svg\" viewbox=\"0 0 24 24\"><path d=\"M5 5v1.5h14V5H5z\"><\/path><path d=\"M5 12.8h14v-1.5H5v1.5z\"><\/path><path d=\"M5 19h14v-1.5H5V19z\"><\/path><\/svg><\/button>\n\t\t\t\t<div class=\"wp-block-navigation__responsive-container\" id=\"modal-1\" data-wp-class--has-modal-open=\"state.isMenuOpen\" data-wp-class--is-menu-open=\"state.isMenuOpen\" data-wp-watch=\"callbacks.initMenu\" data-wp-on--keydown=\"actions.handleMenuKeydown\" data-wp-on--focusout=\"actions.handleMenuFocusout\" tabindex=\"-1\">\n\t\t\t\t\t<div class=\"wp-block-navigation__responsive-close\" tabindex=\"-1\">\n\t\t\t\t\t\t<div class=\"wp-block-navigation__responsive-dialog\" data-wp-bind--aria-modal=\"state.ariaModal\" data-wp-bind--aria-label=\"state.ariaLabel\" data-wp-bind--role=\"state.roleAttribute\">\n\t\t\t\t\t\t\t<button aria-label=\"Close menu\" class=\"wp-block-navigation__responsive-container-close\" data-wp-on--click=\"actions.closeMenuOnClick\"><svg xmlns=\"http:\/\/www.w3.org\/2000\/svg\" viewbox=\"0 0 24 24\" width=\"24\" height=\"24\" aria-hidden=\"true\" focusable=\"false\"><path d=\"m13.06 12 6.47-6.47-1.06-1.06L12 10.94 5.53 4.47 4.47 5.53 10.94 12l-6.47 6.47 1.06 1.06L12 13.06l6.47 6.47 1.06-1.06L13.06 12Z\"><\/path><\/svg><\/button>\n\t\t\t\t\t\t\t<div class=\"wp-block-navigation__responsive-container-content\" data-wp-watch=\"callbacks.focusFirstElement\" id=\"modal-1-content\">\n\t\t\t\t\t\t\t\t<ul style=\"font-style:normal;font-weight:400;\" class=\"wp-block-navigation__container has-background has-light-background-color has-regular-font-size is-responsive items-justified-left mb-1 mt-1 wp-block-navigation has-regular-font-size\"><li class=\"has-regular-font-size wp-block-navigation-item wp-block-navigation-link\"><a class=\"wp-block-navigation-item__content\" href=\"https:\/\/sisu.ut.ee\/sensiclass\/toolbox\/inclusive-teaching-et\/\"><span class=\"wp-block-navigation-item__label\">Kaasav \u00f5petamine<\/span><\/a><\/li><li class=\"has-regular-font-size wp-block-navigation-item wp-block-navigation-link\"><a class=\"wp-block-navigation-item__content\" href=\"https:\/\/sisu.ut.ee\/sensiclass\/toolbox\/inclusive-teaching-et\/what-inclusive-pedagogy-et\/\"><span class=\"wp-block-navigation-item__label\">Mis on kaasav haridus?<\/span><\/a><\/li><li data-wp-context='{ \"submenuOpenedBy\": { \"click\": false, \"hover\": false, \"focus\": false }, \"type\": \"submenu\", \"modal\": null, \"previousFocus\": null }' data-wp-interactive=\"core\/navigation\" data-wp-on--focusout=\"actions.handleMenuFocusout\" data-wp-on--keydown=\"actions.handleMenuKeydown\" data-wp-watch=\"callbacks.initMenu\" tabindex=\"-1\" class=\"wp-block-navigation-item has-regular-font-size has-child open-on-click wp-block-navigation-submenu\"><button data-wp-bind--aria-expanded=\"state.isMenuOpen\" data-wp-on--click=\"actions.toggleMenuOnClick\" aria-label=\"\u00d5petamise vahendid submenu\" class=\"wp-block-navigation-item__content wp-block-navigation-submenu__toggle\"><span class=\"wp-block-navigation-item__label\">\u00d5petamise vahendid<\/span><\/button><span class=\"wp-block-navigation__submenu-icon\"><svg xmlns=\"http:\/\/www.w3.org\/2000\/svg\" width=\"12\" height=\"12\" viewbox=\"0 0 12 12\" fill=\"none\" aria-hidden=\"true\" focusable=\"false\"><path d=\"M1.50002 4L6.00002 8L10.5 4\" stroke-width=\"1.5\"><\/path><\/svg><\/span><ul data-wp-on--focus=\"actions.openMenuOnFocus\" class=\"wp-block-navigation__submenu-container wp-block-navigation-submenu\"><li class=\"has-regular-font-size wp-block-navigation-item wp-block-navigation-link\"><a class=\"wp-block-navigation-item__content\" href=\"https:\/\/sisu.ut.ee\/sensiclass\/toolbox\/inclusive-teaching-et\/teaching-resources-et-0\/class-exercise-students-identities-et\/\"><span class=\"wp-block-navigation-item__label\">Harjutus 1. \u00d5pilaste identiteedid<\/span><\/a><\/li><li class=\"has-regular-font-size wp-block-navigation-item wp-block-navigation-link\"><a class=\"wp-block-navigation-item__content\" href=\"https:\/\/sisu.ut.ee\/sensiclass\/toolbox\/inclusive-teaching-et\/teaching-resources-et-0\/teaching-strategy-counter-narrative-et\/\"><span class=\"wp-block-navigation-item__label\">Harjutus 2. Vastunarratiiv<\/span><\/a><\/li><\/ul><\/li><li data-wp-context='{ \"submenuOpenedBy\": { \"click\": false, \"hover\": false, \"focus\": false }, \"type\": \"submenu\", \"modal\": null, \"previousFocus\": null }' data-wp-interactive=\"core\/navigation\" data-wp-on--focusout=\"actions.handleMenuFocusout\" data-wp-on--keydown=\"actions.handleMenuKeydown\" data-wp-watch=\"callbacks.initMenu\" tabindex=\"-1\" class=\"wp-block-navigation-item has-regular-font-size has-child open-on-click wp-block-navigation-submenu\"><button data-wp-bind--aria-expanded=\"state.isMenuOpen\" data-wp-on--click=\"actions.toggleMenuOnClick\" aria-label=\"Juhtumianal\u00fc\u00fcsid submenu\" class=\"wp-block-navigation-item__content wp-block-navigation-submenu__toggle\"><span class=\"wp-block-navigation-item__label\">Juhtumianal\u00fc\u00fcsid<\/span><\/button><span class=\"wp-block-navigation__submenu-icon\"><svg xmlns=\"http:\/\/www.w3.org\/2000\/svg\" width=\"12\" height=\"12\" viewbox=\"0 0 12 12\" fill=\"none\" aria-hidden=\"true\" focusable=\"false\"><path d=\"M1.50002 4L6.00002 8L10.5 4\" stroke-width=\"1.5\"><\/path><\/svg><\/span><ul data-wp-on--focus=\"actions.openMenuOnFocus\" class=\"wp-block-navigation__submenu-container wp-block-navigation-submenu\"><li class=\"has-regular-font-size wp-block-navigation-item wp-block-navigation-link\"><a class=\"wp-block-navigation-item__content\" href=\"https:\/\/sisu.ut.ee\/sensiclass\/toolbox\/inclusive-teaching-et\/case-studies-et-0\/conflict-over-interpretations-et\/\"><span class=\"wp-block-navigation-item__label\">Erinevatest t\u00f5lgendamistest tekkinud konflikt<\/span><\/a><\/li><li class=\"has-regular-font-size wp-block-navigation-item wp-block-navigation-link\"><a class=\"wp-block-navigation-item__content\" href=\"https:\/\/sisu.ut.ee\/sensiclass\/toolbox\/inclusive-teaching-et\/case-studies-et-0\/stereotyping-et\/\"><span class=\"wp-block-navigation-item__label\">Stereot\u00fc\u00fcpide loomine<\/span><\/a><\/li><\/ul><\/li><li class=\"has-regular-font-size wp-block-navigation-item wp-block-navigation-link\"><a class=\"wp-block-navigation-item__content\" href=\"https:\/\/sisu.ut.ee\/sensiclass\/toolbox\/inclusive-teaching-et\/bibliography-and-further-resources-et-0\/\"><span class=\"wp-block-navigation-item__label\">Kasutatud kirjandus ja lisamaterjalid<\/span><\/a><\/li><li class=\"has-regular-font-size wp-block-navigation-item wp-block-navigation-link\"><a class=\"wp-block-navigation-item__content\" href=\"https:\/\/sisu.ut.ee\/sensiclass\/toolbox\/inclusive-teaching-et\/test-your-knowledge-et-0\/\"><span class=\"wp-block-navigation-item__label\">Testi oma teadmisi!<\/span><\/a><\/li><\/ul>\n\t\t\t\t\t\t\t<\/div>\n\t\t\t\t\t\t<\/div>\n\t\t\t\t\t<\/div>\n\t\t\t\t<\/div><\/nav>\n\n<h2>\n\tKaasava pedagoogika definitsioon<br>\n<\/h2>\n<p>\n\tKaasav pedagoogika on defineeritud kui \u201el\u00e4henemine \u00f5ppimisele ja \u00f5petamisele, milles haridust\u00f6\u00f6tajad v\u00f5tavad arvesse \u00f5ppurite individuaalseid erinevusi, et v\u00e4ltida teatud \u00f5pilaste v\u00e4ljaarvamist\u201c (Mori\u00f1a 2020, 2). Haridust\u00f6\u00f6tajad on kaasava keskkonna loomisel v\u00f5tmet\u00e4htsusega, sest just nemad saavad ellu viia \u00f5pilaskeskseid hariduspraktikaid. Kaasav haridus kui l\u00e4henemine lubab h\u00f5lmata \u00fcksteisest erinevaid \u00f5pilasi viisil, kus \u00f5pikeskkond toetab k\u00f5ikide \u00f5pilaste arengut ja \u00f5pitulemusi. Oluline on v\u00f5tta arvesse, et \u201ekaasava pedagoogika arendamine on pidev protsess\u201c ja sellest tulenevalt tuleb klassiruumi praktikat pidevalt kohandada (Linder et al. 2015, 190). Kaasav pedagoogika h\u00f5lmab \u201enihet pedagoogilises m\u00f5tlemises\u201c. Kui varasemalt keskenduti \u201eenamikele \u00f5pilastele\u201c, siis kaasav pedagoogika aitab keskenduda \u201ek\u00f5ikidele \u00f5pilastele\u201c klassiruumis. (Florian ja Black\u2010Hawkins 2011, 828).\n<\/p>\n<h2>\n\tKaasava klassiruumi tunnused:<br>\n<\/h2>\n<p>\n\t\u00a0\n<\/p>\n<p>\n\tKaasava klassiruumi tunnus, mis toetab \u00f5pilaste osav\u00f5ttu ja aktiivsust, on omavaheline konstruktiivne ja lugupidav l\u00e4bisaamine. Gordon Allportsi teose \u201eEelarvamuste olemus\u201c(1954) j\u00e4rgi on neli tingimust, mis m\u00f5jutavad erinevate kultuurir\u00fchmade vahelisi suhtlusi.\n<\/p>\n<p>\n\t\u00a0\n<\/p>\n<p>\n\n\n<\/p><div class=\"h5p-iframe-wrapper\"><div class=\"video-placeholder-wrapper video-placeholder-wrapper--fixed\" style=\"height: 366px;\">\n\t\t\t    <div class=\"video-placeholder d-flex justify-content-center align-items-center\">\n\t\t\t        <div class=\"overlay text-white p-2 w-100 text-center d-block justify-content-center align-items-center\">\n\t\t\t            <div>To view third-party content, please accept cookies.<\/div>\n\t\t\t            <button class=\"btn btn-secondary btn-sm mt-1 consent-change\">Change consent<\/button>\n\t\t\t        <\/div>\n\t\t\t    <\/div>\n\t\t\t<\/div>\n<\/div>\n\n\n\n<p>\n\tK\u00f5ik r\u00fchmaliikmed peavad austama autoriteeti ja j\u00e4rgima samu reegleid, mille eesm\u00e4rk on toetada grupiliikmete vahelist konstruktiivset koost\u00f6\u00f6d, aga ka austusel ja v\u00f5rdsusel<a href=\"#_ftn1\" name=\"_ftnref1\" title=\"\">[1]<\/a> p\u00f5hinevat suhtlust. Oluline on aga \u00e4ra m\u00e4rkida, et \u201ehiljuti ilmunud uuringud on n\u00e4idanud, et kontaktist \u00fcksi ei piisa r\u00fchmadevaheliste suhete parandamiseks\u201c ja on vaja \u201et\u00f5husaid programme, mis h\u00f5lbustavad [\u00f5pilaste] kultuuridevahelisi suhteid\u201c, mida peaksid eest vedama haridust\u00f6\u00f6tajad (Dessel 2010, 412). T\u00f5epoolest, \u00f5petajad v\u00f5i \u00f5ppej\u00f5ud on kaasava keskkonna loomisel v\u00f5tmet\u00e4htsusega, osaledes \u00f5pilasekeskses hariduses ja arendades kaasavaid \u00f5petamisstrateegiaid.\n<\/p>\n<p>\n\tEt aidata \u00f5petajatel luua kaasavat klassiruumi, pakume selles moodulis kahte l\u00e4henemist: \u00f5pilaste identiteeti uurivat \u00fclesannet ja harjutust, kus kasutatakse vastunarratiivi.\n<\/p>\n<div>\n<hr size=\"1\">\n<div id=\"ftn1\">\n<p>\n\t\t\t<a href=\"#_ftnref1\" name=\"_ftn1\" title=\"\">[1]<\/a> k\u00e4situs, mille j\u00e4rgi peavad inimesed \u00fchiskonnas olema \u00fchesuguses seisundis (Eesti Keele Instituut 2022)\n\t\t<\/p>\n<\/div>\n<\/div>\n<h3>\n\tKasutatud kirjandus:<br>\n<\/h3>\n<p>\n\tAllport, G. (1954). The nature of prejudice. Cambridge, MA: Addison-Wesley\u00a0\n<\/p>\n<p>\n\tFlorian, L. and Black\u2010Hawkins, K. (2011), Exploring inclusive pedagogy. British Educational Research Journal, 37: 813-828.\u00a0\n<\/p>\n<p>\n\tLinder,\u00a0Chris,\u00a0Jessica C. Harris, Evette L. Allen &amp; Bryan\u00a0Hubain.\u202f(2015).\u202fBuilding Inclusive Pedagogy: Recommendations\u00a0From\u00a0a National Study of Students of Color in Higher Education and Student Affairs Graduate Programs,\u202fEquity &amp; Excellence in Education,\u202f48:2,\u202f178-194.\u00a0\u00a0\n<\/p>\n<p>\n\tMori\u00f1a,\u00a0Anabel.\u202f(2020).\u202fFaculty members who engage in inclusive pedagogy: methodological and affective strategies for teaching,\u202fTeaching in Higher Education,\u202fDOI:\u202f<a href=\"https:\/\/doi.org\/10.1080\/13562517.2020.1724938\" rel=\"noreferrer noopener\" target=\"_blank\">10.1080\/13562517.2020.1724938<\/a>\u00a0\n<\/p>\n<p>\n\t\u00a0\n<\/p>","protected":false},"excerpt":{"rendered":"<p>Kaasava pedagoogika definitsioon Kaasav pedagoogika on defineeritud kui \u201el\u00e4henemine \u00f5ppimisele ja \u00f5petamisele, milles haridust\u00f6\u00f6tajad v\u00f5tavad arvesse \u00f5ppurite individuaalseid erinevusi, et v\u00e4ltida teatud \u00f5pilaste v\u00e4ljaarvamist\u201c (Mori\u00f1a 2020, 2). Haridust\u00f6\u00f6tajad on kaasava keskkonna loomisel v\u00f5tmet\u00e4htsusega, sest just nemad saavad ellu viia \u00f5pilaskeskseid &#8230;<\/p>\n","protected":false},"author":240,"featured_media":0,"parent":196,"menu_order":0,"comment_status":"closed","ping_status":"closed","template":"","meta":{"_acf_changed":false,"inline_featured_image":false,"footnotes":""},"class_list":["post-198","page","type-page","status-publish","hentry"],"acf":[],"_links":{"self":[{"href":"https:\/\/sisu.ut.ee\/sensiclass\/wp-json\/wp\/v2\/pages\/198","targetHints":{"allow":["GET"]}}],"collection":[{"href":"https:\/\/sisu.ut.ee\/sensiclass\/wp-json\/wp\/v2\/pages"}],"about":[{"href":"https:\/\/sisu.ut.ee\/sensiclass\/wp-json\/wp\/v2\/types\/page"}],"author":[{"embeddable":true,"href":"https:\/\/sisu.ut.ee\/sensiclass\/wp-json\/wp\/v2\/users\/240"}],"replies":[{"embeddable":true,"href":"https:\/\/sisu.ut.ee\/sensiclass\/wp-json\/wp\/v2\/comments?post=198"}],"version-history":[{"count":6,"href":"https:\/\/sisu.ut.ee\/sensiclass\/wp-json\/wp\/v2\/pages\/198\/revisions"}],"predecessor-version":[{"id":2495,"href":"https:\/\/sisu.ut.ee\/sensiclass\/wp-json\/wp\/v2\/pages\/198\/revisions\/2495"}],"up":[{"embeddable":true,"href":"https:\/\/sisu.ut.ee\/sensiclass\/wp-json\/wp\/v2\/pages\/196"}],"wp:attachment":[{"href":"https:\/\/sisu.ut.ee\/sensiclass\/wp-json\/wp\/v2\/media?parent=198"}],"curies":[{"name":"wp","href":"https:\/\/api.w.org\/{rel}","templated":true}]}}