{"id":196,"date":"2024-04-04T06:43:34","date_gmt":"2024-04-04T03:43:34","guid":{"rendered":"https:\/\/sisu.ut.ee\/sensiclass\/inclusive-teaching-et\/"},"modified":"2024-06-21T13:40:09","modified_gmt":"2024-06-21T10:40:09","slug":"inclusive-teaching-et","status":"publish","type":"page","link":"https:\/\/sisu.ut.ee\/sensiclass\/toolbox\/inclusive-teaching-et\/","title":{"rendered":"Kaasav \u00f5petamine"},"content":{"rendered":"<nav style=\"font-style:normal;font-weight:400;\" class=\"has-background has-light-background-color has-regular-font-size is-responsive items-justified-left mb-1 mt-1 wp-block-navigation is-horizontal is-content-justification-left is-layout-flex wp-container-core-navigation-is-layout-c39e78a4 wp-block-navigation-is-layout-flex\" aria-label=\"Kaasav \u00f5petamine\" data-wp-interactive=\"core\/navigation\" data-wp-context='{\"overlayOpenedBy\":{\"click\":false,\"hover\":false,\"focus\":false},\"type\":\"overlay\",\"roleAttribute\":\"\",\"ariaLabel\":\"Menu\"}'><button aria-haspopup=\"dialog\" aria-label=\"Open menu\" class=\"wp-block-navigation__responsive-container-open\" data-wp-on--click=\"actions.openMenuOnClick\" data-wp-on--keydown=\"actions.handleMenuKeydown\"><svg width=\"24\" height=\"24\" xmlns=\"http:\/\/www.w3.org\/2000\/svg\" viewbox=\"0 0 24 24\"><path d=\"M5 5v1.5h14V5H5z\"><\/path><path d=\"M5 12.8h14v-1.5H5v1.5z\"><\/path><path d=\"M5 19h14v-1.5H5V19z\"><\/path><\/svg><\/button>\n\t\t\t\t<div class=\"wp-block-navigation__responsive-container\" id=\"modal-1\" data-wp-class--has-modal-open=\"state.isMenuOpen\" data-wp-class--is-menu-open=\"state.isMenuOpen\" data-wp-watch=\"callbacks.initMenu\" data-wp-on--keydown=\"actions.handleMenuKeydown\" data-wp-on--focusout=\"actions.handleMenuFocusout\" tabindex=\"-1\">\n\t\t\t\t\t<div class=\"wp-block-navigation__responsive-close\" tabindex=\"-1\">\n\t\t\t\t\t\t<div class=\"wp-block-navigation__responsive-dialog\" data-wp-bind--aria-modal=\"state.ariaModal\" data-wp-bind--aria-label=\"state.ariaLabel\" data-wp-bind--role=\"state.roleAttribute\">\n\t\t\t\t\t\t\t<button aria-label=\"Close menu\" class=\"wp-block-navigation__responsive-container-close\" data-wp-on--click=\"actions.closeMenuOnClick\"><svg xmlns=\"http:\/\/www.w3.org\/2000\/svg\" viewbox=\"0 0 24 24\" width=\"24\" height=\"24\" aria-hidden=\"true\" focusable=\"false\"><path d=\"m13.06 12 6.47-6.47-1.06-1.06L12 10.94 5.53 4.47 4.47 5.53 10.94 12l-6.47 6.47 1.06 1.06L12 13.06l6.47 6.47 1.06-1.06L13.06 12Z\"><\/path><\/svg><\/button>\n\t\t\t\t\t\t\t<div class=\"wp-block-navigation__responsive-container-content\" data-wp-watch=\"callbacks.focusFirstElement\" id=\"modal-1-content\">\n\t\t\t\t\t\t\t\t<ul style=\"font-style:normal;font-weight:400;\" class=\"wp-block-navigation__container has-background has-light-background-color has-regular-font-size is-responsive items-justified-left mb-1 mt-1 wp-block-navigation has-regular-font-size\"><li class=\"has-regular-font-size wp-block-navigation-item wp-block-navigation-link\"><a class=\"wp-block-navigation-item__content\" href=\"https:\/\/sisu.ut.ee\/sensiclass\/toolbox\/inclusive-teaching-et\/\"><span class=\"wp-block-navigation-item__label\">Kaasav \u00f5petamine<\/span><\/a><\/li><li class=\"has-regular-font-size wp-block-navigation-item wp-block-navigation-link\"><a class=\"wp-block-navigation-item__content\" href=\"https:\/\/sisu.ut.ee\/sensiclass\/toolbox\/inclusive-teaching-et\/what-inclusive-pedagogy-et\/\"><span class=\"wp-block-navigation-item__label\">Mis on kaasav haridus?<\/span><\/a><\/li><li data-wp-context='{ \"submenuOpenedBy\": { \"click\": false, \"hover\": false, \"focus\": false }, \"type\": \"submenu\", \"modal\": null, \"previousFocus\": null }' data-wp-interactive=\"core\/navigation\" data-wp-on--focusout=\"actions.handleMenuFocusout\" data-wp-on--keydown=\"actions.handleMenuKeydown\" data-wp-watch=\"callbacks.initMenu\" tabindex=\"-1\" class=\"wp-block-navigation-item has-regular-font-size has-child open-on-click wp-block-navigation-submenu\"><button data-wp-bind--aria-expanded=\"state.isMenuOpen\" data-wp-on--click=\"actions.toggleMenuOnClick\" aria-label=\"\u00d5petamise vahendid submenu\" class=\"wp-block-navigation-item__content wp-block-navigation-submenu__toggle\"><span class=\"wp-block-navigation-item__label\">\u00d5petamise vahendid<\/span><\/button><span class=\"wp-block-navigation__submenu-icon\"><svg xmlns=\"http:\/\/www.w3.org\/2000\/svg\" width=\"12\" height=\"12\" viewbox=\"0 0 12 12\" fill=\"none\" aria-hidden=\"true\" focusable=\"false\"><path d=\"M1.50002 4L6.00002 8L10.5 4\" stroke-width=\"1.5\"><\/path><\/svg><\/span><ul data-wp-on--focus=\"actions.openMenuOnFocus\" class=\"wp-block-navigation__submenu-container wp-block-navigation-submenu\"><li class=\"has-regular-font-size wp-block-navigation-item wp-block-navigation-link\"><a class=\"wp-block-navigation-item__content\" href=\"https:\/\/sisu.ut.ee\/sensiclass\/toolbox\/inclusive-teaching-et\/teaching-resources-et-0\/class-exercise-students-identities-et\/\"><span class=\"wp-block-navigation-item__label\">Harjutus 1. \u00d5pilaste identiteedid<\/span><\/a><\/li><li class=\"has-regular-font-size wp-block-navigation-item wp-block-navigation-link\"><a class=\"wp-block-navigation-item__content\" href=\"https:\/\/sisu.ut.ee\/sensiclass\/toolbox\/inclusive-teaching-et\/teaching-resources-et-0\/teaching-strategy-counter-narrative-et\/\"><span class=\"wp-block-navigation-item__label\">Harjutus 2. Vastunarratiiv<\/span><\/a><\/li><\/ul><\/li><li data-wp-context='{ \"submenuOpenedBy\": { \"click\": false, \"hover\": false, \"focus\": false }, \"type\": \"submenu\", \"modal\": null, \"previousFocus\": null }' data-wp-interactive=\"core\/navigation\" data-wp-on--focusout=\"actions.handleMenuFocusout\" data-wp-on--keydown=\"actions.handleMenuKeydown\" data-wp-watch=\"callbacks.initMenu\" tabindex=\"-1\" class=\"wp-block-navigation-item has-regular-font-size has-child open-on-click wp-block-navigation-submenu\"><button data-wp-bind--aria-expanded=\"state.isMenuOpen\" data-wp-on--click=\"actions.toggleMenuOnClick\" aria-label=\"Juhtumianal\u00fc\u00fcsid submenu\" class=\"wp-block-navigation-item__content wp-block-navigation-submenu__toggle\"><span class=\"wp-block-navigation-item__label\">Juhtumianal\u00fc\u00fcsid<\/span><\/button><span class=\"wp-block-navigation__submenu-icon\"><svg xmlns=\"http:\/\/www.w3.org\/2000\/svg\" width=\"12\" height=\"12\" viewbox=\"0 0 12 12\" fill=\"none\" aria-hidden=\"true\" focusable=\"false\"><path d=\"M1.50002 4L6.00002 8L10.5 4\" stroke-width=\"1.5\"><\/path><\/svg><\/span><ul data-wp-on--focus=\"actions.openMenuOnFocus\" class=\"wp-block-navigation__submenu-container wp-block-navigation-submenu\"><li class=\"has-regular-font-size wp-block-navigation-item wp-block-navigation-link\"><a class=\"wp-block-navigation-item__content\" href=\"https:\/\/sisu.ut.ee\/sensiclass\/toolbox\/inclusive-teaching-et\/case-studies-et-0\/conflict-over-interpretations-et\/\"><span class=\"wp-block-navigation-item__label\">Erinevatest t\u00f5lgendamistest tekkinud konflikt<\/span><\/a><\/li><li class=\"has-regular-font-size wp-block-navigation-item wp-block-navigation-link\"><a class=\"wp-block-navigation-item__content\" href=\"https:\/\/sisu.ut.ee\/sensiclass\/toolbox\/inclusive-teaching-et\/case-studies-et-0\/stereotyping-et\/\"><span class=\"wp-block-navigation-item__label\">Stereot\u00fc\u00fcpide loomine<\/span><\/a><\/li><\/ul><\/li><li class=\"has-regular-font-size wp-block-navigation-item wp-block-navigation-link\"><a class=\"wp-block-navigation-item__content\" href=\"https:\/\/sisu.ut.ee\/sensiclass\/toolbox\/inclusive-teaching-et\/bibliography-and-further-resources-et-0\/\"><span class=\"wp-block-navigation-item__label\">Kasutatud kirjandus ja lisamaterjalid<\/span><\/a><\/li><li class=\"has-regular-font-size wp-block-navigation-item wp-block-navigation-link\"><a class=\"wp-block-navigation-item__content\" href=\"https:\/\/sisu.ut.ee\/sensiclass\/toolbox\/inclusive-teaching-et\/test-your-knowledge-et-0\/\"><span class=\"wp-block-navigation-item__label\">Testi oma teadmisi!<\/span><\/a><\/li><\/ul>\n\t\t\t\t\t\t\t<\/div>\n\t\t\t\t\t\t<\/div>\n\t\t\t\t\t<\/div>\n\t\t\t\t<\/div><\/nav>\n\n<h2>\n\tE-mooduli teema<br>\n<\/h2>\n<p>\n\tIga klassiruum on m\u00f5nel viisil mitmekesine \u2013 \u00f5pilased on erineva sotsiaalmajandusliku taustaga, v\u00f5ivad olla seotud erinevate religioonidega v\u00f5i \u00fcldse mitte \u00fchegi religiooniga, elavad maal v\u00f5i linnas, on p\u00e4rit liberaalsete v\u00f5i konservatiivsete vaadetega perest. \u00d5pilastevahelised erinevused v\u00f5ivad tuleneda ka muudest p\u00f5hjustest. Klassis esineva mitmekesisuse ja selle erinevate k\u00fclgede m\u00e4rkamine loob eelduse, et \u00f5petaja suudab luua v\u00e4heste eelarvamustega keskkonna, \u00a0kus valitseb tervitatav ja kaasav keskkond ning kliima k\u00f5ikidele \u00f5pilastele. Uuringud on n\u00e4idanud, et eelarvamuste k\u00e4sitlemine ja v\u00e4ljajuurimine klassiruumides parandab ka tegelikult \u00f5pilaste akadeemilisi saavutusi (nt McKown 2005). \u00a0\n<\/p>\n<p>\n\tT\u00e4helepanelikkus \u00f5pilaste mitmekesisuse osas n\u00f5uab ka \u00f5ppematerjalide ja -sisu \u00fclevaatamist. N\u00e4iteks \u00fches rahvusvahelises uuringus uuriti kodanikuharidust ja selgus, et ennek\u00f5ike k\u00e4sitletakse materjalides Euroopast p\u00e4rit valgeid mehi ja teised etnilised grupid saavad v\u00e4ga v\u00e4he t\u00e4helepanu (Dessel 2010, 411). Olemasolevate eelarvamuste teadvustamine on kriitilise t\u00e4htsusega mitte ainult kaasava ja lugupidava diskursuse loomisel, vaid see soodustab ka kriitilist m\u00f5tlemist. Konstruktiivne ja lugupidav suhtlus on omakorda \u00f5pilaste osalemist soodustavate kaasavate klassiruumide aluseks.\n<\/p>\n<p>\n\t\u00a0\n<\/p>\n<p>\n\t\u00a0\n<\/p>\n<h2>\n\tE-mooduli eesm\u00e4rgid:<br>\n<\/h2>\n<p>\n\t\u00a0\n<\/p>\n<p>\n\tUuringud n\u00e4itavad, et \u201eainu\u00fcksi kontaktist ei piisa erinevate r\u00fchmade omavaheliste suhete parandamiseks\u201c ja on vaja \u201et\u00f5husaid programme, mis h\u00f5lbustavad [\u00f5pilaste] kultuuridevahelisi suhteid\u201c, mida peaksid eest vedama \u00f5petajad (Dessel 2010, 412). See moodul pakub:\n<\/p>\n<ol>\n<li>\n\t\t\u00f5pilastega l\u00e4biviidavaid harjutusi ja strateegiad, kuidas k\u00e4sitleda \u00f5pilaste seas levivaid eelarvamusi ja edendada mitmekesisusega toimetulemist;\n\t<\/li>\n<li>\n\t\tjuhtumianal\u00fc\u00fcse, mis n\u00e4itlikustavad klassiruumide mitmekesisusega seotud v\u00e4ljakutseid ja v\u00f5imalikke lahendusi.\n\t<\/li>\n<\/ol>\n<p>\n\tKasutatud kirjandus:\n<\/p>\n<p>\n\tAllport, G. (1954). The nature of prejudice. Cambridge, MA: Addison-Wesley\n<\/p>\n<p>\n\tDessel A. (2010). Prejudice in Schools: Promotion of an Inclusive Culture and Climate. Education and Urban Society, 42:4, 407-429.\n<\/p>\n<p>\n\tMcKown, C. (2005). Applying ecological theory to advance the science and practice of school-based prejudice reduction interventions. Educational Psychologist, 40, 177-189.\n<\/p>\n<p>\n\t\u00a0\n<\/p>","protected":false},"excerpt":{"rendered":"<p>E-mooduli teema Iga klassiruum on m\u00f5nel viisil mitmekesine \u2013 \u00f5pilased on erineva sotsiaalmajandusliku taustaga, v\u00f5ivad olla seotud erinevate religioonidega v\u00f5i \u00fcldse mitte \u00fchegi religiooniga, elavad maal v\u00f5i linnas, on p\u00e4rit liberaalsete v\u00f5i konservatiivsete vaadetega perest. \u00d5pilastevahelised erinevused v\u00f5ivad tuleneda ka &#8230;<\/p>\n","protected":false},"author":240,"featured_media":0,"parent":259,"menu_order":0,"comment_status":"closed","ping_status":"closed","template":"","meta":{"_acf_changed":false,"inline_featured_image":false,"footnotes":""},"class_list":["post-196","page","type-page","status-publish","hentry"],"acf":[],"_links":{"self":[{"href":"https:\/\/sisu.ut.ee\/sensiclass\/wp-json\/wp\/v2\/pages\/196","targetHints":{"allow":["GET"]}}],"collection":[{"href":"https:\/\/sisu.ut.ee\/sensiclass\/wp-json\/wp\/v2\/pages"}],"about":[{"href":"https:\/\/sisu.ut.ee\/sensiclass\/wp-json\/wp\/v2\/types\/page"}],"author":[{"embeddable":true,"href":"https:\/\/sisu.ut.ee\/sensiclass\/wp-json\/wp\/v2\/users\/240"}],"replies":[{"embeddable":true,"href":"https:\/\/sisu.ut.ee\/sensiclass\/wp-json\/wp\/v2\/comments?post=196"}],"version-history":[{"count":4,"href":"https:\/\/sisu.ut.ee\/sensiclass\/wp-json\/wp\/v2\/pages\/196\/revisions"}],"predecessor-version":[{"id":2494,"href":"https:\/\/sisu.ut.ee\/sensiclass\/wp-json\/wp\/v2\/pages\/196\/revisions\/2494"}],"up":[{"embeddable":true,"href":"https:\/\/sisu.ut.ee\/sensiclass\/wp-json\/wp\/v2\/pages\/259"}],"wp:attachment":[{"href":"https:\/\/sisu.ut.ee\/sensiclass\/wp-json\/wp\/v2\/media?parent=196"}],"curies":[{"name":"wp","href":"https:\/\/api.w.org\/{rel}","templated":true}]}}