{"id":190,"date":"2024-04-04T06:43:33","date_gmt":"2024-04-04T03:43:33","guid":{"rendered":"https:\/\/sisu.ut.ee\/sensiclass\/enabling-student-participation-online-et\/"},"modified":"2024-06-21T14:46:58","modified_gmt":"2024-06-21T11:46:58","slug":"enabling-student-participation-online-et","status":"publish","type":"page","link":"https:\/\/sisu.ut.ee\/sensiclass\/toolbox\/inclusive-online-teaching-et\/case-studies-et\/enabling-student-participation-online-et\/","title":{"rendered":"\u00dcli\u00f5pilaste veebis osalemise v\u00f5imaldamine"},"content":{"rendered":"<nav style=\"font-style:normal;font-weight:400;\" class=\"has-background has-light-background-color has-regular-font-size is-responsive items-justified-left mb-1 mt-1 wp-block-navigation is-horizontal is-content-justification-left is-layout-flex wp-container-core-navigation-is-layout-c39e78a4 wp-block-navigation-is-layout-flex\" aria-label=\"Kaasav digitaalne \u00f5pe\" data-wp-interactive=\"core\/navigation\" data-wp-context='{\"overlayOpenedBy\":{\"click\":false,\"hover\":false,\"focus\":false},\"type\":\"overlay\",\"roleAttribute\":\"\",\"ariaLabel\":\"Menu\"}'><button aria-haspopup=\"dialog\" aria-label=\"Open menu\" class=\"wp-block-navigation__responsive-container-open\" data-wp-on--click=\"actions.openMenuOnClick\" data-wp-on--keydown=\"actions.handleMenuKeydown\"><svg width=\"24\" height=\"24\" xmlns=\"http:\/\/www.w3.org\/2000\/svg\" viewbox=\"0 0 24 24\"><path d=\"M5 5v1.5h14V5H5z\"><\/path><path d=\"M5 12.8h14v-1.5H5v1.5z\"><\/path><path d=\"M5 19h14v-1.5H5V19z\"><\/path><\/svg><\/button>\n\t\t\t\t<div class=\"wp-block-navigation__responsive-container\" id=\"modal-1\" data-wp-class--has-modal-open=\"state.isMenuOpen\" data-wp-class--is-menu-open=\"state.isMenuOpen\" data-wp-watch=\"callbacks.initMenu\" data-wp-on--keydown=\"actions.handleMenuKeydown\" data-wp-on--focusout=\"actions.handleMenuFocusout\" tabindex=\"-1\">\n\t\t\t\t\t<div class=\"wp-block-navigation__responsive-close\" tabindex=\"-1\">\n\t\t\t\t\t\t<div class=\"wp-block-navigation__responsive-dialog\" data-wp-bind--aria-modal=\"state.ariaModal\" data-wp-bind--aria-label=\"state.ariaLabel\" data-wp-bind--role=\"state.roleAttribute\">\n\t\t\t\t\t\t\t<button aria-label=\"Close menu\" class=\"wp-block-navigation__responsive-container-close\" data-wp-on--click=\"actions.closeMenuOnClick\"><svg xmlns=\"http:\/\/www.w3.org\/2000\/svg\" viewbox=\"0 0 24 24\" width=\"24\" height=\"24\" aria-hidden=\"true\" focusable=\"false\"><path d=\"m13.06 12 6.47-6.47-1.06-1.06L12 10.94 5.53 4.47 4.47 5.53 10.94 12l-6.47 6.47 1.06 1.06L12 13.06l6.47 6.47 1.06-1.06L13.06 12Z\"><\/path><\/svg><\/button>\n\t\t\t\t\t\t\t<div class=\"wp-block-navigation__responsive-container-content\" data-wp-watch=\"callbacks.focusFirstElement\" id=\"modal-1-content\">\n\t\t\t\t\t\t\t\t<ul style=\"font-style:normal;font-weight:400;\" class=\"wp-block-navigation__container has-background has-light-background-color has-regular-font-size is-responsive items-justified-left mb-1 mt-1 wp-block-navigation has-regular-font-size\"><li class=\"has-regular-font-size wp-block-navigation-item wp-block-navigation-link\"><a class=\"wp-block-navigation-item__content\" href=\"https:\/\/sisu.ut.ee\/sensiclass\/toolbox\/inclusive-online-teaching-et\/\"><span class=\"wp-block-navigation-item__label\">Kaasav digitaalne \u00f5pe<\/span><\/a><\/li><li class=\"has-regular-font-size wp-block-navigation-item wp-block-navigation-link\"><a class=\"wp-block-navigation-item__content\" href=\"https:\/\/sisu.ut.ee\/sensiclass\/toolbox\/inclusive-online-teaching-et\/safe-and-inclusive-online-learning\/\"><span class=\"wp-block-navigation-item__label\">Turvaline ja kaasav e-\u00f5pe<\/span><\/a><\/li><li data-wp-context='{ \"submenuOpenedBy\": { \"click\": false, \"hover\": false, \"focus\": false }, \"type\": \"submenu\", \"modal\": null, \"previousFocus\": null }' data-wp-interactive=\"core\/navigation\" data-wp-on--focusout=\"actions.handleMenuFocusout\" data-wp-on--keydown=\"actions.handleMenuKeydown\" data-wp-watch=\"callbacks.initMenu\" tabindex=\"-1\" class=\"wp-block-navigation-item has-regular-font-size has-child open-on-click wp-block-navigation-submenu\"><button data-wp-bind--aria-expanded=\"state.isMenuOpen\" data-wp-on--click=\"actions.toggleMenuOnClick\" aria-label=\"\u00d5ppematerjalid submenu\" class=\"wp-block-navigation-item__content wp-block-navigation-submenu__toggle\"><span class=\"wp-block-navigation-item__label\">\u00d5ppematerjalid<\/span><\/button><span class=\"wp-block-navigation__submenu-icon\"><svg xmlns=\"http:\/\/www.w3.org\/2000\/svg\" width=\"12\" height=\"12\" viewbox=\"0 0 12 12\" fill=\"none\" aria-hidden=\"true\" focusable=\"false\"><path d=\"M1.50002 4L6.00002 8L10.5 4\" stroke-width=\"1.5\"><\/path><\/svg><\/span><ul data-wp-on--focus=\"actions.openMenuOnFocus\" class=\"wp-block-navigation__submenu-container wp-block-navigation-submenu\"><li data-wp-context='{ \"submenuOpenedBy\": { \"click\": false, \"hover\": false, \"focus\": false }, \"type\": \"submenu\", \"modal\": null, \"previousFocus\": null }' data-wp-interactive=\"core\/navigation\" data-wp-on--focusout=\"actions.handleMenuFocusout\" data-wp-on--keydown=\"actions.handleMenuKeydown\" data-wp-watch=\"callbacks.initMenu\" tabindex=\"-1\" class=\"wp-block-navigation-item has-regular-font-size has-child open-on-click wp-block-navigation-submenu\"><button data-wp-bind--aria-expanded=\"state.isMenuOpen\" data-wp-on--click=\"actions.toggleMenuOnClick\" aria-label=\"\u00d5pilaste kaasamise toetamine submenu\" class=\"wp-block-navigation-item__content wp-block-navigation-submenu__toggle\"><span class=\"wp-block-navigation-item__label\">\u00d5pilaste kaasamise toetamine<\/span><\/button><span class=\"wp-block-navigation__submenu-icon\"><svg xmlns=\"http:\/\/www.w3.org\/2000\/svg\" width=\"12\" height=\"12\" viewbox=\"0 0 12 12\" fill=\"none\" aria-hidden=\"true\" focusable=\"false\"><path d=\"M1.50002 4L6.00002 8L10.5 4\" stroke-width=\"1.5\"><\/path><\/svg><\/span><ul data-wp-on--focus=\"actions.openMenuOnFocus\" class=\"wp-block-navigation__submenu-container wp-block-navigation-submenu\"><li class=\"has-regular-font-size wp-block-navigation-item wp-block-navigation-link\"><a class=\"wp-block-navigation-item__content\" href=\"https:\/\/sisu.ut.ee\/sensiclass\/toolbox\/inclusive-online-teaching-et\/teaching-resources-et\/fostering-student-engagement-0\/syllabus-design-et\/\"><span class=\"wp-block-navigation-item__label\">\u00d5ppekava koostamine<\/span><\/a><\/li><\/ul><\/li><\/ul><\/li><li data-wp-context='{ \"submenuOpenedBy\": { \"click\": false, \"hover\": false, \"focus\": false }, \"type\": \"submenu\", \"modal\": null, \"previousFocus\": null }' data-wp-interactive=\"core\/navigation\" data-wp-on--focusout=\"actions.handleMenuFocusout\" data-wp-on--keydown=\"actions.handleMenuKeydown\" data-wp-watch=\"callbacks.initMenu\" tabindex=\"-1\" class=\"wp-block-navigation-item has-regular-font-size has-child open-on-click wp-block-navigation-submenu\"><button data-wp-bind--aria-expanded=\"state.isMenuOpen\" data-wp-on--click=\"actions.toggleMenuOnClick\" aria-label=\"Juhtumianal\u00fc\u00fcsid submenu\" class=\"wp-block-navigation-item__content wp-block-navigation-submenu__toggle\"><span class=\"wp-block-navigation-item__label\">Juhtumianal\u00fc\u00fcsid<\/span><\/button><span class=\"wp-block-navigation__submenu-icon\"><svg xmlns=\"http:\/\/www.w3.org\/2000\/svg\" width=\"12\" height=\"12\" viewbox=\"0 0 12 12\" fill=\"none\" aria-hidden=\"true\" focusable=\"false\"><path d=\"M1.50002 4L6.00002 8L10.5 4\" stroke-width=\"1.5\"><\/path><\/svg><\/span><ul data-wp-on--focus=\"actions.openMenuOnFocus\" class=\"wp-block-navigation__submenu-container wp-block-navigation-submenu\"><li class=\"has-regular-font-size wp-block-navigation-item wp-block-navigation-link\"><a class=\"wp-block-navigation-item__content\" href=\"https:\/\/sisu.ut.ee\/sensiclass\/toolbox\/inclusive-online-teaching-et\/case-studies-et\/discussing-sensitive-topics-online-et\/\"><span class=\"wp-block-navigation-item__label\">Tundlike teemade arutlemine e-\u00f5ppes<\/span><\/a><\/li><li class=\"has-regular-font-size wp-block-navigation-item wp-block-navigation-link\"><a class=\"wp-block-navigation-item__content\" href=\"https:\/\/sisu.ut.ee\/sensiclass\/toolbox\/inclusive-online-teaching-et\/case-studies-et\/enabling-student-participation-online-et\/\"><span class=\"wp-block-navigation-item__label\">\u00dcli\u00f5pilaste veebis osalemise v\u00f5imaldamine<\/span><\/a><\/li><\/ul><\/li><li class=\"has-regular-font-size wp-block-navigation-item wp-block-navigation-link\"><a class=\"wp-block-navigation-item__content\" href=\"https:\/\/sisu.ut.ee\/sensiclass\/toolbox\/inclusive-online-teaching-et\/test-your-knowledge-et\/\"><span class=\"wp-block-navigation-item__label\">Pane teadmised proovile!<\/span><\/a><\/li><li class=\"has-regular-font-size wp-block-navigation-item wp-block-navigation-link\"><a class=\"wp-block-navigation-item__content\" href=\"https:\/\/sisu.ut.ee\/sensiclass\/toolbox\/inclusive-online-teaching-et\/bibliography-and-further-resources-et\/\"><span class=\"wp-block-navigation-item__label\">Kirjandus ja lisamaterjalid<\/span><\/a><\/li><\/ul>\n\t\t\t\t\t\t\t<\/div>\n\t\t\t\t\t\t<\/div>\n\t\t\t\t\t<\/div>\n\t\t\t\t<\/div><\/nav>\n\n<h2>\n\tTunnikirjeldus<br>\n<\/h2>\n<p>\n\tKursus:\u00a0akadeemiline lugemine\u00a0(politoloogia)\n<\/p>\n<p>\n\tsihtgrupp:\u00a0I ja II aasta tudengid\n<\/p>\n<p>\n\tV\u00e4ljakutsed \u00f5ppej\u00f5ule:\n<\/p>\n<p>\n\t\u00a0\n<\/p>\n<p>\n\t\u201eOlles seda kursust aastaid \u00f5petanud, on alati esile kerkinud vastuolulisi teemasid. Kursus on inglise keeles muukeelsetele \u00fcli\u00f5pilastele ja k\u00e4sitletavad teemad varieeruvad igal semestril. Tavaliselt annan \u00fcli\u00f5pilastele v\u00f5imaluse tutvustada teemasid, mis neile huvitavad tunduvad, ja esitada\/arutleda seda kaaslastega. Need teemad ulatusid GMOdest LGBT+ kogukonnani. M\u00e4rkasin alati, et \u00fcli\u00f5pilased suhtlesid oma kehakeelega rohkem kui suuliselt, v\u00e4ljendades oma n\u00f5ustumist v\u00f5i mitten\u00f5ustumist, kuid s\u00fcvendatud vestlust (v\u00f5i isegi arutelu) pole aastate jooksul teoks saanud.\n<\/p>\n<p>\n\tKursuse eesm\u00e4rk on arendada \u00f5pilaste s\u00f5navara eriala piires, aidata lugeda erialaseid ja akadeemilisi tekste ning tutvuda akadeemilise inglise keelega. Seda tehes peavad \u00f5ppurid aga omandama anal\u00fc\u00fcsi- ja kriitilise m\u00f5tlemise oskused, mis on aastate jooksul olnud t\u00f5eline v\u00e4ljakutse. Tudengid kipuvad tegema artiklitest kokkuv\u00f5tteid ilma teemat t\u00e4psustamata ja neil on raske argumente kritiseerida. Sageli peetakse kriitikat ekslikult isiklikuks arvamuseks. Et aga iga\u00fcks saaks oma huviala piires uurimist\u00f6\u00f6d teha, valivad \u00fcli\u00f5pilased kursuse jooksul individuaalselt teema ja koostavad ettekande. Paljud valivad \u201epoliitkorrektseid\u201c teemasid \u2013 valimised, diplomaatilised suhted jne \u2013, kuid osad leiavad oma ni\u0161i ja r\u00e4\u00e4givad geide \u00f5igustest, akadeemilisest vabadusest, diskrimineerimisest, r\u00f5humisest, kolonialismist.\n<\/p>\n<p>\n\tTudengite veebis osalemise v\u00f5imaldamine oli keeruline. M\u00f5ned vastuolulised, eriti riigis \u00fclepolitiseeritud teemad, tekitasid sageli tugevaid emotsioone ja lahkarvamusi. Kuna olukord oli v\u00f5i v\u00f5is kiiresti muutuda ebamugavaks, siis enamik tudengeid vaikis. Tuginedes minu suhtlusele teiste kursuste \u00fcli\u00f5pilastega, ei ole paljudel julgust s\u00f5na v\u00f5tta \u2013 olles kasvanud teatavas hariduss\u00fcsteemis, kipuvad \u00f5pilased pigem istuma ja kuulama kui olema aktiivsed, k\u00fcsima ja arutama. V\u00e4hene osav\u00f5tt ilmnes veelgi enam veebikeskkonnas.\n<\/p>\n<p>\n\tPandeemia t\u00f5ttu pidime aga kogu hariduse \u00fcle viima veebi\u00f5ppele ja \u00fche l\u00e4biva teema \u2013 koolikiusamine ja diskrimineerimine \u2013 puhul kasutasin oma tudengite peal \u00fcht harjutust. Seda teemat t\u00f5statati klassis paar korda. Arutelud olid eriti huvitavad, sest klassis oli roma p\u00e4ritolu \u00f5pilane. V\u00f5imalus arutada seda teemat kellegagi, kes oskab seda teistsugusest vaatenurgast k\u00e4sitleda, oli ainulaadne ja ma otsustasin seda v\u00f5imalust kasutada, et julgustada tudengeid rohkem r\u00e4\u00e4kima ja arutelus osalema.\u201d\n<\/p>\n<p>\n\t\u00a0\n<\/p>\n<h2>\n\tKuidas s\u00e4\u00e4rast olukorda k\u00e4sitleda?<br>\n<\/h2>\n<p>\n\tKuna klassisisesed arutelud ei olnud pandeemia t\u00f5ttu v\u00f5imalikud, otsustasin iga \u00f5pilasega veebip\u00f5hise harjutuse kaudu eraldi suhelda. Valisin selle meetodi, kuna see v\u00f5imaldas \u00f5pilastega suhtlust \u00fcks-\u00fchele. Teadsin, et kiusamine on teema, mida iga\u00fcks peaks saama kommenteerida. Minu mure veebisuhtlusplatvormi kasutamisel tundlike teemade arutamiseks oli v\u00e4ltida klassiruumiga sarnast olukorda: m\u00f5ned \u00f5pilased domineerivad vestluses ja \u00fclej\u00e4\u00e4nud istuvad vaikides.\n<\/p>\n<p>\n\n\n<\/p><div class=\"h5p-iframe-wrapper\"><div class=\"video-placeholder-wrapper video-placeholder-wrapper--fixed\" style=\"height: 366px;\">\n\t\t\t    <div class=\"video-placeholder d-flex justify-content-center align-items-center\">\n\t\t\t        <div class=\"overlay text-white p-2 w-100 text-center d-block justify-content-center align-items-center\">\n\t\t\t            <div>To view third-party content, please accept cookies.<\/div>\n\t\t\t            <button class=\"btn btn-secondary btn-sm mt-1 consent-change\">Change consent<\/button>\n\t\t\t        <\/div>\n\t\t\t    <\/div>\n\t\t\t<\/div>\n<\/div>\n\n\n","protected":false},"excerpt":{"rendered":"<p>Tunnikirjeldus Kursus:\u00a0akadeemiline lugemine\u00a0(politoloogia) sihtgrupp:\u00a0I ja II aasta tudengid V\u00e4ljakutsed \u00f5ppej\u00f5ule: \u00a0 \u201eOlles seda kursust aastaid \u00f5petanud, on alati esile kerkinud vastuolulisi teemasid. Kursus on inglise keeles muukeelsetele \u00fcli\u00f5pilastele ja k\u00e4sitletavad teemad varieeruvad igal semestril. Tavaliselt annan \u00fcli\u00f5pilastele v\u00f5imaluse tutvustada teemasid, &#8230;<\/p>\n","protected":false},"author":240,"featured_media":0,"parent":186,"menu_order":0,"comment_status":"closed","ping_status":"closed","template":"","meta":{"_acf_changed":false,"inline_featured_image":false,"footnotes":""},"class_list":["post-190","page","type-page","status-publish","hentry"],"acf":[],"_links":{"self":[{"href":"https:\/\/sisu.ut.ee\/sensiclass\/wp-json\/wp\/v2\/pages\/190","targetHints":{"allow":["GET"]}}],"collection":[{"href":"https:\/\/sisu.ut.ee\/sensiclass\/wp-json\/wp\/v2\/pages"}],"about":[{"href":"https:\/\/sisu.ut.ee\/sensiclass\/wp-json\/wp\/v2\/types\/page"}],"author":[{"embeddable":true,"href":"https:\/\/sisu.ut.ee\/sensiclass\/wp-json\/wp\/v2\/users\/240"}],"replies":[{"embeddable":true,"href":"https:\/\/sisu.ut.ee\/sensiclass\/wp-json\/wp\/v2\/comments?post=190"}],"version-history":[{"count":6,"href":"https:\/\/sisu.ut.ee\/sensiclass\/wp-json\/wp\/v2\/pages\/190\/revisions"}],"predecessor-version":[{"id":2533,"href":"https:\/\/sisu.ut.ee\/sensiclass\/wp-json\/wp\/v2\/pages\/190\/revisions\/2533"}],"up":[{"embeddable":true,"href":"https:\/\/sisu.ut.ee\/sensiclass\/wp-json\/wp\/v2\/pages\/186"}],"wp:attachment":[{"href":"https:\/\/sisu.ut.ee\/sensiclass\/wp-json\/wp\/v2\/media?parent=190"}],"curies":[{"name":"wp","href":"https:\/\/api.w.org\/{rel}","templated":true}]}}