{"id":182,"date":"2024-04-04T06:43:32","date_gmt":"2024-04-04T03:43:32","guid":{"rendered":"https:\/\/sisu.ut.ee\/sensiclass\/fostering-student-engagement-0\/"},"modified":"2024-06-21T14:45:52","modified_gmt":"2024-06-21T11:45:52","slug":"fostering-student-engagement-0","status":"publish","type":"page","link":"https:\/\/sisu.ut.ee\/sensiclass\/toolbox\/inclusive-online-teaching-et\/teaching-resources-et\/fostering-student-engagement-0\/","title":{"rendered":"\u00d5pilaste kaasamise toetamine"},"content":{"rendered":"<nav style=\"font-style:normal;font-weight:400;\" class=\"has-background has-light-background-color has-regular-font-size is-responsive items-justified-left mb-1 mt-1 wp-block-navigation is-horizontal is-content-justification-left is-layout-flex wp-container-core-navigation-is-layout-c39e78a4 wp-block-navigation-is-layout-flex\" aria-label=\"Kaasav digitaalne \u00f5pe\" data-wp-interactive=\"core\/navigation\" data-wp-context='{\"overlayOpenedBy\":{\"click\":false,\"hover\":false,\"focus\":false},\"type\":\"overlay\",\"roleAttribute\":\"\",\"ariaLabel\":\"Menu\"}'><button aria-haspopup=\"dialog\" aria-label=\"Open menu\" class=\"wp-block-navigation__responsive-container-open\" data-wp-on--click=\"actions.openMenuOnClick\" data-wp-on--keydown=\"actions.handleMenuKeydown\"><svg width=\"24\" height=\"24\" xmlns=\"http:\/\/www.w3.org\/2000\/svg\" viewbox=\"0 0 24 24\"><path d=\"M5 5v1.5h14V5H5z\"><\/path><path d=\"M5 12.8h14v-1.5H5v1.5z\"><\/path><path d=\"M5 19h14v-1.5H5V19z\"><\/path><\/svg><\/button>\n\t\t\t\t<div class=\"wp-block-navigation__responsive-container\" id=\"modal-1\" data-wp-class--has-modal-open=\"state.isMenuOpen\" data-wp-class--is-menu-open=\"state.isMenuOpen\" data-wp-watch=\"callbacks.initMenu\" data-wp-on--keydown=\"actions.handleMenuKeydown\" data-wp-on--focusout=\"actions.handleMenuFocusout\" tabindex=\"-1\">\n\t\t\t\t\t<div class=\"wp-block-navigation__responsive-close\" tabindex=\"-1\">\n\t\t\t\t\t\t<div class=\"wp-block-navigation__responsive-dialog\" data-wp-bind--aria-modal=\"state.ariaModal\" data-wp-bind--aria-label=\"state.ariaLabel\" data-wp-bind--role=\"state.roleAttribute\">\n\t\t\t\t\t\t\t<button aria-label=\"Close menu\" class=\"wp-block-navigation__responsive-container-close\" data-wp-on--click=\"actions.closeMenuOnClick\"><svg xmlns=\"http:\/\/www.w3.org\/2000\/svg\" viewbox=\"0 0 24 24\" width=\"24\" height=\"24\" aria-hidden=\"true\" focusable=\"false\"><path d=\"m13.06 12 6.47-6.47-1.06-1.06L12 10.94 5.53 4.47 4.47 5.53 10.94 12l-6.47 6.47 1.06 1.06L12 13.06l6.47 6.47 1.06-1.06L13.06 12Z\"><\/path><\/svg><\/button>\n\t\t\t\t\t\t\t<div class=\"wp-block-navigation__responsive-container-content\" data-wp-watch=\"callbacks.focusFirstElement\" id=\"modal-1-content\">\n\t\t\t\t\t\t\t\t<ul style=\"font-style:normal;font-weight:400;\" class=\"wp-block-navigation__container has-background has-light-background-color has-regular-font-size is-responsive items-justified-left mb-1 mt-1 wp-block-navigation has-regular-font-size\"><li class=\"has-regular-font-size wp-block-navigation-item wp-block-navigation-link\"><a class=\"wp-block-navigation-item__content\" href=\"https:\/\/sisu.ut.ee\/sensiclass\/toolbox\/inclusive-online-teaching-et\/\"><span class=\"wp-block-navigation-item__label\">Kaasav digitaalne \u00f5pe<\/span><\/a><\/li><li class=\"has-regular-font-size wp-block-navigation-item wp-block-navigation-link\"><a class=\"wp-block-navigation-item__content\" href=\"https:\/\/sisu.ut.ee\/sensiclass\/toolbox\/inclusive-online-teaching-et\/safe-and-inclusive-online-learning\/\"><span class=\"wp-block-navigation-item__label\">Turvaline ja kaasav e-\u00f5pe<\/span><\/a><\/li><li data-wp-context='{ \"submenuOpenedBy\": { \"click\": false, \"hover\": false, \"focus\": false }, \"type\": \"submenu\", \"modal\": null, \"previousFocus\": null }' data-wp-interactive=\"core\/navigation\" data-wp-on--focusout=\"actions.handleMenuFocusout\" data-wp-on--keydown=\"actions.handleMenuKeydown\" data-wp-watch=\"callbacks.initMenu\" tabindex=\"-1\" class=\"wp-block-navigation-item has-regular-font-size has-child open-on-click wp-block-navigation-submenu\"><button data-wp-bind--aria-expanded=\"state.isMenuOpen\" data-wp-on--click=\"actions.toggleMenuOnClick\" aria-label=\"\u00d5ppematerjalid submenu\" class=\"wp-block-navigation-item__content wp-block-navigation-submenu__toggle\"><span class=\"wp-block-navigation-item__label\">\u00d5ppematerjalid<\/span><\/button><span class=\"wp-block-navigation__submenu-icon\"><svg xmlns=\"http:\/\/www.w3.org\/2000\/svg\" width=\"12\" height=\"12\" viewbox=\"0 0 12 12\" fill=\"none\" aria-hidden=\"true\" focusable=\"false\"><path d=\"M1.50002 4L6.00002 8L10.5 4\" stroke-width=\"1.5\"><\/path><\/svg><\/span><ul data-wp-on--focus=\"actions.openMenuOnFocus\" class=\"wp-block-navigation__submenu-container wp-block-navigation-submenu\"><li data-wp-context='{ \"submenuOpenedBy\": { \"click\": false, \"hover\": false, \"focus\": false }, \"type\": \"submenu\", \"modal\": null, \"previousFocus\": null }' data-wp-interactive=\"core\/navigation\" data-wp-on--focusout=\"actions.handleMenuFocusout\" data-wp-on--keydown=\"actions.handleMenuKeydown\" data-wp-watch=\"callbacks.initMenu\" tabindex=\"-1\" class=\"wp-block-navigation-item has-regular-font-size has-child open-on-click wp-block-navigation-submenu\"><button data-wp-bind--aria-expanded=\"state.isMenuOpen\" data-wp-on--click=\"actions.toggleMenuOnClick\" aria-label=\"\u00d5pilaste kaasamise toetamine submenu\" class=\"wp-block-navigation-item__content wp-block-navigation-submenu__toggle\"><span class=\"wp-block-navigation-item__label\">\u00d5pilaste kaasamise toetamine<\/span><\/button><span class=\"wp-block-navigation__submenu-icon\"><svg xmlns=\"http:\/\/www.w3.org\/2000\/svg\" width=\"12\" height=\"12\" viewbox=\"0 0 12 12\" fill=\"none\" aria-hidden=\"true\" focusable=\"false\"><path d=\"M1.50002 4L6.00002 8L10.5 4\" stroke-width=\"1.5\"><\/path><\/svg><\/span><ul data-wp-on--focus=\"actions.openMenuOnFocus\" class=\"wp-block-navigation__submenu-container wp-block-navigation-submenu\"><li class=\"has-regular-font-size wp-block-navigation-item wp-block-navigation-link\"><a class=\"wp-block-navigation-item__content\" href=\"https:\/\/sisu.ut.ee\/sensiclass\/toolbox\/inclusive-online-teaching-et\/teaching-resources-et\/fostering-student-engagement-0\/syllabus-design-et\/\"><span class=\"wp-block-navigation-item__label\">\u00d5ppekava koostamine<\/span><\/a><\/li><\/ul><\/li><\/ul><\/li><li data-wp-context='{ \"submenuOpenedBy\": { \"click\": false, \"hover\": false, \"focus\": false }, \"type\": \"submenu\", \"modal\": null, \"previousFocus\": null }' data-wp-interactive=\"core\/navigation\" data-wp-on--focusout=\"actions.handleMenuFocusout\" data-wp-on--keydown=\"actions.handleMenuKeydown\" data-wp-watch=\"callbacks.initMenu\" tabindex=\"-1\" class=\"wp-block-navigation-item has-regular-font-size has-child open-on-click wp-block-navigation-submenu\"><button data-wp-bind--aria-expanded=\"state.isMenuOpen\" data-wp-on--click=\"actions.toggleMenuOnClick\" aria-label=\"Juhtumianal\u00fc\u00fcsid submenu\" class=\"wp-block-navigation-item__content wp-block-navigation-submenu__toggle\"><span class=\"wp-block-navigation-item__label\">Juhtumianal\u00fc\u00fcsid<\/span><\/button><span class=\"wp-block-navigation__submenu-icon\"><svg xmlns=\"http:\/\/www.w3.org\/2000\/svg\" width=\"12\" height=\"12\" viewbox=\"0 0 12 12\" fill=\"none\" aria-hidden=\"true\" focusable=\"false\"><path d=\"M1.50002 4L6.00002 8L10.5 4\" stroke-width=\"1.5\"><\/path><\/svg><\/span><ul data-wp-on--focus=\"actions.openMenuOnFocus\" class=\"wp-block-navigation__submenu-container wp-block-navigation-submenu\"><li class=\"has-regular-font-size wp-block-navigation-item wp-block-navigation-link\"><a class=\"wp-block-navigation-item__content\" href=\"https:\/\/sisu.ut.ee\/sensiclass\/toolbox\/inclusive-online-teaching-et\/case-studies-et\/discussing-sensitive-topics-online-et\/\"><span class=\"wp-block-navigation-item__label\">Tundlike teemade arutlemine e-\u00f5ppes<\/span><\/a><\/li><li class=\"has-regular-font-size wp-block-navigation-item wp-block-navigation-link\"><a class=\"wp-block-navigation-item__content\" href=\"https:\/\/sisu.ut.ee\/sensiclass\/toolbox\/inclusive-online-teaching-et\/case-studies-et\/enabling-student-participation-online-et\/\"><span class=\"wp-block-navigation-item__label\">\u00dcli\u00f5pilaste veebis osalemise v\u00f5imaldamine<\/span><\/a><\/li><\/ul><\/li><li class=\"has-regular-font-size wp-block-navigation-item wp-block-navigation-link\"><a class=\"wp-block-navigation-item__content\" href=\"https:\/\/sisu.ut.ee\/sensiclass\/toolbox\/inclusive-online-teaching-et\/test-your-knowledge-et\/\"><span class=\"wp-block-navigation-item__label\">Pane teadmised proovile!<\/span><\/a><\/li><li class=\"has-regular-font-size wp-block-navigation-item wp-block-navigation-link\"><a class=\"wp-block-navigation-item__content\" href=\"https:\/\/sisu.ut.ee\/sensiclass\/toolbox\/inclusive-online-teaching-et\/bibliography-and-further-resources-et\/\"><span class=\"wp-block-navigation-item__label\">Kirjandus ja lisamaterjalid<\/span><\/a><\/li><\/ul>\n\t\t\t\t\t\t\t<\/div>\n\t\t\t\t\t\t<\/div>\n\t\t\t\t\t<\/div>\n\t\t\t\t<\/div><\/nav>\n\n<p>\n\tKaug\u00f5ppes tuleks eristada kolme suhtlusvormi (Simonson, Schlosser ja Orellana, 2011):\n<\/p>\n<ul>\n<li>\n\t\t\u00f5pilaste ja \u00f5ppesisu omavaheline suhtlus, kus juhendajad pakuvad \u00f5pilastele \u00f5pikogemusi;\n\t<\/li>\n<li>\n\t\t\u00f5pilase ja \u00f5pilase suhtlus, kus juhendajad struktureerivad \u00f5pikogukonda ja teevad \u00f5pilastele selgeks, kuidas nad peaksid klassis teistega suhtlema;\n\t<\/li>\n<li>\n\t\t\u00f5pilase ja juhendaja suhtlus, kus juhendajad loovad raamistiku, kuidas nad \u00f5pikogemuse ajal \u00f5pilastega suhtlevad (Riggs 2020).\n\t<\/li>\n<\/ul>\n<p>\n\t\u00d5pilasekeskse l\u00e4henemisviisi jaoks veebip\u00f5hisele \u00f5ppimisele v\u00f5ivad igas sellises suhtluses teatud juhendamismeetodid ja \u00fclesanded soodustada \u00f5pilaste kaasamist, koost\u00f6\u00f6l p\u00f5hinevat \u00f5pikogukonda ja vastastikust austust. Lisaks v\u00f5ivad juhendajad soovida veebikursuse alguses lisada reegleid vestluse reeglite (n-\u00f6 etiketi) kohta, mis h\u00f5lbustavad lugupidavat veebip\u00f5hist \u00f5pikeskkonda (Collins et al. 2020). Turvalise veebi\u00f5ppekeskkonna jaoks, kus tundlikel teemadel saab konstruktiivselt arutada, v\u00f5ib olla vajalik kehtestada konkreetsed reeglid v\u00f5i juhised, mis julgustavad samuti \u00f5pilaste kaasamist. Milliseid tegevusi saavad \u00f5petajad igas suhtlusvormis kasutada? (Simonsoni, Schlosseri ja Orellana, 2011 p\u00f5hjal)\n<\/p>\n<p>\n\t\u00a0\n<\/p>\n<h3>\n\n\n<div class=\"h5p-iframe-wrapper\"><div class=\"video-placeholder-wrapper video-placeholder-wrapper--fixed\" style=\"height: 366px;\">\n\t\t\t    <div class=\"video-placeholder d-flex justify-content-center align-items-center\">\n\t\t\t        <div class=\"overlay text-white p-2 w-100 text-center d-block justify-content-center align-items-center\">\n\t\t\t            <div>To view third-party content, please accept cookies.<\/div>\n\t\t\t            <button class=\"btn btn-secondary btn-sm mt-1 consent-change\">Change consent<\/button>\n\t\t\t        <\/div>\n\t\t\t    <\/div>\n\t\t\t<\/div>\n<\/div>\n\n\n<\/h3>\n<h3>\n\tKasutatud kirjandus:<br>\n<\/h3>\n<p>\n\tCollins B., Day R., Hamilton J., Legris K., et al. (2020). \u201c12 Tips for Pivoting to Teaching in a Virtual Environment.\u201d MedEdPublish, 9: 1. Available at: <a href=\"https:\/\/www.mededpublish.org\/manuscripts\/3456\">https:\/\/www.mededpublish.org\/manuscripts\/3456<\/a>\n<\/p>\n<p>\n\tRiggs, Shannon. (2020). \u201cStudent-Centered Remote Teaching: Lessons Learned from Online Education.\u201d Transforming Higher Ed. Available at: <a href=\"https:\/\/er.educause.edu\/blogs\/2020\/4\/student-centered-remote-teaching-lessons-learned-from-online-education\">https:\/\/er.educause.edu\/blogs\/2020\/4\/student-centered-remote-teaching-lessons-learned-from-online-education<\/a>\n<\/p>\n<p>\n\tSimonson, M., Schlosser, C., &amp; Orellana, A. (2011). Distance education research: A review of the literature. Journal of Computing in Higher Education, 23:2\u20133, 124\u2013142.\n<\/p>\n<p>\n\t\u00a0\n<\/p>","protected":false},"excerpt":{"rendered":"<p>Kaug\u00f5ppes tuleks eristada kolme suhtlusvormi (Simonson, Schlosser ja Orellana, 2011): \u00f5pilaste ja \u00f5ppesisu omavaheline suhtlus, kus juhendajad pakuvad \u00f5pilastele \u00f5pikogemusi; \u00f5pilase ja \u00f5pilase suhtlus, kus juhendajad struktureerivad \u00f5pikogukonda ja teevad \u00f5pilastele selgeks, kuidas nad peaksid klassis teistega suhtlema; \u00f5pilase ja &#8230;<\/p>\n","protected":false},"author":240,"featured_media":0,"parent":179,"menu_order":0,"comment_status":"closed","ping_status":"closed","template":"","meta":{"_acf_changed":false,"inline_featured_image":false,"footnotes":""},"class_list":["post-182","page","type-page","status-publish","hentry"],"acf":[],"_links":{"self":[{"href":"https:\/\/sisu.ut.ee\/sensiclass\/wp-json\/wp\/v2\/pages\/182","targetHints":{"allow":["GET"]}}],"collection":[{"href":"https:\/\/sisu.ut.ee\/sensiclass\/wp-json\/wp\/v2\/pages"}],"about":[{"href":"https:\/\/sisu.ut.ee\/sensiclass\/wp-json\/wp\/v2\/types\/page"}],"author":[{"embeddable":true,"href":"https:\/\/sisu.ut.ee\/sensiclass\/wp-json\/wp\/v2\/users\/240"}],"replies":[{"embeddable":true,"href":"https:\/\/sisu.ut.ee\/sensiclass\/wp-json\/wp\/v2\/comments?post=182"}],"version-history":[{"count":6,"href":"https:\/\/sisu.ut.ee\/sensiclass\/wp-json\/wp\/v2\/pages\/182\/revisions"}],"predecessor-version":[{"id":2530,"href":"https:\/\/sisu.ut.ee\/sensiclass\/wp-json\/wp\/v2\/pages\/182\/revisions\/2530"}],"up":[{"embeddable":true,"href":"https:\/\/sisu.ut.ee\/sensiclass\/wp-json\/wp\/v2\/pages\/179"}],"wp:attachment":[{"href":"https:\/\/sisu.ut.ee\/sensiclass\/wp-json\/wp\/v2\/media?parent=182"}],"curies":[{"name":"wp","href":"https:\/\/api.w.org\/{rel}","templated":true}]}}