{"id":177,"date":"2024-04-04T06:43:31","date_gmt":"2024-04-04T03:43:31","guid":{"rendered":"https:\/\/sisu.ut.ee\/sensiclass\/safe-and-inclusive-online-learning\/"},"modified":"2024-06-21T14:45:11","modified_gmt":"2024-06-21T11:45:11","slug":"safe-and-inclusive-online-learning","status":"publish","type":"page","link":"https:\/\/sisu.ut.ee\/sensiclass\/toolbox\/inclusive-online-teaching-et\/safe-and-inclusive-online-learning\/","title":{"rendered":"Turvaline ja kaasav e-\u00f5pe"},"content":{"rendered":"<nav style=\"font-style:normal;font-weight:400;\" class=\"has-background has-light-background-color has-regular-font-size is-responsive items-justified-left mb-1 mt-1 wp-block-navigation is-horizontal is-content-justification-left is-layout-flex wp-container-core-navigation-is-layout-c39e78a4 wp-block-navigation-is-layout-flex\" aria-label=\"Kaasav digitaalne \u00f5pe\" data-wp-interactive=\"core\/navigation\" data-wp-context='{\"overlayOpenedBy\":{\"click\":false,\"hover\":false,\"focus\":false},\"type\":\"overlay\",\"roleAttribute\":\"\",\"ariaLabel\":\"Menu\"}'><button aria-haspopup=\"dialog\" aria-label=\"Open menu\" class=\"wp-block-navigation__responsive-container-open\" data-wp-on--click=\"actions.openMenuOnClick\" data-wp-on--keydown=\"actions.handleMenuKeydown\"><svg width=\"24\" height=\"24\" xmlns=\"http:\/\/www.w3.org\/2000\/svg\" viewbox=\"0 0 24 24\"><path d=\"M5 5v1.5h14V5H5z\"><\/path><path d=\"M5 12.8h14v-1.5H5v1.5z\"><\/path><path d=\"M5 19h14v-1.5H5V19z\"><\/path><\/svg><\/button>\n\t\t\t\t<div class=\"wp-block-navigation__responsive-container\" id=\"modal-1\" data-wp-class--has-modal-open=\"state.isMenuOpen\" data-wp-class--is-menu-open=\"state.isMenuOpen\" data-wp-watch=\"callbacks.initMenu\" data-wp-on--keydown=\"actions.handleMenuKeydown\" data-wp-on--focusout=\"actions.handleMenuFocusout\" tabindex=\"-1\">\n\t\t\t\t\t<div class=\"wp-block-navigation__responsive-close\" tabindex=\"-1\">\n\t\t\t\t\t\t<div class=\"wp-block-navigation__responsive-dialog\" data-wp-bind--aria-modal=\"state.ariaModal\" data-wp-bind--aria-label=\"state.ariaLabel\" data-wp-bind--role=\"state.roleAttribute\">\n\t\t\t\t\t\t\t<button aria-label=\"Close menu\" class=\"wp-block-navigation__responsive-container-close\" data-wp-on--click=\"actions.closeMenuOnClick\"><svg xmlns=\"http:\/\/www.w3.org\/2000\/svg\" viewbox=\"0 0 24 24\" width=\"24\" height=\"24\" aria-hidden=\"true\" focusable=\"false\"><path d=\"m13.06 12 6.47-6.47-1.06-1.06L12 10.94 5.53 4.47 4.47 5.53 10.94 12l-6.47 6.47 1.06 1.06L12 13.06l6.47 6.47 1.06-1.06L13.06 12Z\"><\/path><\/svg><\/button>\n\t\t\t\t\t\t\t<div class=\"wp-block-navigation__responsive-container-content\" data-wp-watch=\"callbacks.focusFirstElement\" id=\"modal-1-content\">\n\t\t\t\t\t\t\t\t<ul style=\"font-style:normal;font-weight:400;\" class=\"wp-block-navigation__container has-background has-light-background-color has-regular-font-size is-responsive items-justified-left mb-1 mt-1 wp-block-navigation has-regular-font-size\"><li class=\"has-regular-font-size wp-block-navigation-item wp-block-navigation-link\"><a class=\"wp-block-navigation-item__content\" href=\"https:\/\/sisu.ut.ee\/sensiclass\/toolbox\/inclusive-online-teaching-et\/\"><span class=\"wp-block-navigation-item__label\">Kaasav digitaalne \u00f5pe<\/span><\/a><\/li><li class=\"has-regular-font-size wp-block-navigation-item wp-block-navigation-link\"><a class=\"wp-block-navigation-item__content\" href=\"https:\/\/sisu.ut.ee\/sensiclass\/toolbox\/inclusive-online-teaching-et\/safe-and-inclusive-online-learning\/\"><span class=\"wp-block-navigation-item__label\">Turvaline ja kaasav e-\u00f5pe<\/span><\/a><\/li><li data-wp-context='{ \"submenuOpenedBy\": { \"click\": false, \"hover\": false, \"focus\": false }, \"type\": \"submenu\", \"modal\": null, \"previousFocus\": null }' data-wp-interactive=\"core\/navigation\" data-wp-on--focusout=\"actions.handleMenuFocusout\" data-wp-on--keydown=\"actions.handleMenuKeydown\" data-wp-watch=\"callbacks.initMenu\" tabindex=\"-1\" class=\"wp-block-navigation-item has-regular-font-size has-child open-on-click wp-block-navigation-submenu\"><button data-wp-bind--aria-expanded=\"state.isMenuOpen\" data-wp-on--click=\"actions.toggleMenuOnClick\" aria-label=\"\u00d5ppematerjalid submenu\" class=\"wp-block-navigation-item__content wp-block-navigation-submenu__toggle\"><span class=\"wp-block-navigation-item__label\">\u00d5ppematerjalid<\/span><\/button><span class=\"wp-block-navigation__submenu-icon\"><svg xmlns=\"http:\/\/www.w3.org\/2000\/svg\" width=\"12\" height=\"12\" viewbox=\"0 0 12 12\" fill=\"none\" aria-hidden=\"true\" focusable=\"false\"><path d=\"M1.50002 4L6.00002 8L10.5 4\" stroke-width=\"1.5\"><\/path><\/svg><\/span><ul data-wp-on--focus=\"actions.openMenuOnFocus\" class=\"wp-block-navigation__submenu-container wp-block-navigation-submenu\"><li data-wp-context='{ \"submenuOpenedBy\": { \"click\": false, \"hover\": false, \"focus\": false }, \"type\": \"submenu\", \"modal\": null, \"previousFocus\": null }' data-wp-interactive=\"core\/navigation\" data-wp-on--focusout=\"actions.handleMenuFocusout\" data-wp-on--keydown=\"actions.handleMenuKeydown\" data-wp-watch=\"callbacks.initMenu\" tabindex=\"-1\" class=\"wp-block-navigation-item has-regular-font-size has-child open-on-click wp-block-navigation-submenu\"><button data-wp-bind--aria-expanded=\"state.isMenuOpen\" data-wp-on--click=\"actions.toggleMenuOnClick\" aria-label=\"\u00d5pilaste kaasamise toetamine submenu\" class=\"wp-block-navigation-item__content wp-block-navigation-submenu__toggle\"><span class=\"wp-block-navigation-item__label\">\u00d5pilaste kaasamise toetamine<\/span><\/button><span class=\"wp-block-navigation__submenu-icon\"><svg xmlns=\"http:\/\/www.w3.org\/2000\/svg\" width=\"12\" height=\"12\" viewbox=\"0 0 12 12\" fill=\"none\" aria-hidden=\"true\" focusable=\"false\"><path d=\"M1.50002 4L6.00002 8L10.5 4\" stroke-width=\"1.5\"><\/path><\/svg><\/span><ul data-wp-on--focus=\"actions.openMenuOnFocus\" class=\"wp-block-navigation__submenu-container wp-block-navigation-submenu\"><li class=\"has-regular-font-size wp-block-navigation-item wp-block-navigation-link\"><a class=\"wp-block-navigation-item__content\" href=\"https:\/\/sisu.ut.ee\/sensiclass\/toolbox\/inclusive-online-teaching-et\/teaching-resources-et\/fostering-student-engagement-0\/syllabus-design-et\/\"><span class=\"wp-block-navigation-item__label\">\u00d5ppekava koostamine<\/span><\/a><\/li><\/ul><\/li><\/ul><\/li><li data-wp-context='{ \"submenuOpenedBy\": { \"click\": false, \"hover\": false, \"focus\": false }, \"type\": \"submenu\", \"modal\": null, \"previousFocus\": null }' data-wp-interactive=\"core\/navigation\" data-wp-on--focusout=\"actions.handleMenuFocusout\" data-wp-on--keydown=\"actions.handleMenuKeydown\" data-wp-watch=\"callbacks.initMenu\" tabindex=\"-1\" class=\"wp-block-navigation-item has-regular-font-size has-child open-on-click wp-block-navigation-submenu\"><button data-wp-bind--aria-expanded=\"state.isMenuOpen\" data-wp-on--click=\"actions.toggleMenuOnClick\" aria-label=\"Juhtumianal\u00fc\u00fcsid submenu\" class=\"wp-block-navigation-item__content wp-block-navigation-submenu__toggle\"><span class=\"wp-block-navigation-item__label\">Juhtumianal\u00fc\u00fcsid<\/span><\/button><span class=\"wp-block-navigation__submenu-icon\"><svg xmlns=\"http:\/\/www.w3.org\/2000\/svg\" width=\"12\" height=\"12\" viewbox=\"0 0 12 12\" fill=\"none\" aria-hidden=\"true\" focusable=\"false\"><path d=\"M1.50002 4L6.00002 8L10.5 4\" stroke-width=\"1.5\"><\/path><\/svg><\/span><ul data-wp-on--focus=\"actions.openMenuOnFocus\" class=\"wp-block-navigation__submenu-container wp-block-navigation-submenu\"><li class=\"has-regular-font-size wp-block-navigation-item wp-block-navigation-link\"><a class=\"wp-block-navigation-item__content\" href=\"https:\/\/sisu.ut.ee\/sensiclass\/toolbox\/inclusive-online-teaching-et\/case-studies-et\/discussing-sensitive-topics-online-et\/\"><span class=\"wp-block-navigation-item__label\">Tundlike teemade arutlemine e-\u00f5ppes<\/span><\/a><\/li><li class=\"has-regular-font-size wp-block-navigation-item wp-block-navigation-link\"><a class=\"wp-block-navigation-item__content\" href=\"https:\/\/sisu.ut.ee\/sensiclass\/toolbox\/inclusive-online-teaching-et\/case-studies-et\/enabling-student-participation-online-et\/\"><span class=\"wp-block-navigation-item__label\">\u00dcli\u00f5pilaste veebis osalemise v\u00f5imaldamine<\/span><\/a><\/li><\/ul><\/li><li class=\"has-regular-font-size wp-block-navigation-item wp-block-navigation-link\"><a class=\"wp-block-navigation-item__content\" href=\"https:\/\/sisu.ut.ee\/sensiclass\/toolbox\/inclusive-online-teaching-et\/test-your-knowledge-et\/\"><span class=\"wp-block-navigation-item__label\">Pane teadmised proovile!<\/span><\/a><\/li><li class=\"has-regular-font-size wp-block-navigation-item wp-block-navigation-link\"><a class=\"wp-block-navigation-item__content\" href=\"https:\/\/sisu.ut.ee\/sensiclass\/toolbox\/inclusive-online-teaching-et\/bibliography-and-further-resources-et\/\"><span class=\"wp-block-navigation-item__label\">Kirjandus ja lisamaterjalid<\/span><\/a><\/li><\/ul>\n\t\t\t\t\t\t\t<\/div>\n\t\t\t\t\t\t<\/div>\n\t\t\t\t\t<\/div>\n\t\t\t\t<\/div><\/nav>\n\n<h2>\n\tKaasav haridus:<br>\n<\/h2>\n<p>\n\tKuigi oleme loonud eraldi e-mooduli kaasavast haridusest, kordame \u00fcle, mida selle all silmas peame. Kaasav haridus keskendub kahele dimensioonile:\n<\/p>\n<ol>\n<li>\n\t\tl\u00e4henemised, mis aitavad luua \u00f5pikeskkonda, mis p\u00f5hineb kaasava suhtluse v\u00e4\u00e4rtustel ja oskustel;\n\t<\/li>\n<li>\n\t\treflekteerivad l\u00e4henemised, mis k\u00e4sitlevad v\u00e4ljakutseid, mis v\u00f5ivad mitmekesises klassikollektiivis t\u00f5statuda.\n\t<\/li>\n<\/ol>\n<p>\n\tHaridust\u00f6\u00f6tajad, kes viivad ellu kaasava hariduse p\u00f5him\u00f5tteid, tajuvad mitmek\u00fclgsust lisav\u00e4\u00e4rtusena. Oma t\u00f6\u00f6s on nad kehtestanud austava suhtluse reeglid, arutlevad ja lahendavad v\u00f5imalikke konflikte, mis \u00f5pilaste seas on tekkinud. Samuti kavandavad nad hindamisstrateegiaid, mis tunnustavad \u00f5pilasi kaasava k\u00e4itumise puhul. Kuidas aga viia ellu neid samu p\u00f5him\u00f5tteid virtuaalkeskkonnas?\n<\/p>\n<p>\n\t\u00a0\n<\/p>\n<h2>\n\tTurvaline ja kaasav e-\u00f5ppe keskkond\u00a0<br>\n<\/h2>\n<p>\n\t\u00a0\n<\/p>\n<p>\n\tAndrea Dominigue (2016) on \u00f6elnud, et kaasava e-\u00f5ppe jaoks peavad l\u00e4biviijad v\u00f5tma arvesse j\u00e4rgmisi n\u00e4itajaid:\n<\/p>\n<ol>\n<li>\n\t\t\u00f5pilaste vanus;\n\t<\/li>\n<li>\n\t\t\u00f5piformaadid;\n\t<\/li>\n<li>\n\t\t\u00f5pilaste kohanemisv\u00f5ime.\n\t<\/li>\n<\/ol>\n<p>\n\tNeed n\u00e4itajad toovad v\u00e4lja veebip\u00f5hise hariduse ainulaadse \u00fclesehituse ja kutsuvad juhendajaid oma tunde tahtlikult planeerima, et mitte ainult h\u00f5lbustada \u00f5pilaste osalemist, vaid luua ka keskkond, mis on igale \u00f5pilasele mugav. Nii saavad \u00f5pilased mistahes teema puhul aruteluga liituda. Arvestades \u00f5pilaste potentsiaalselt suurt mitmekesisust veebiklassis, on ka nende vajadused ja kogemused v\u00e4ga erinevad. Sellest tulenevalt v\u00f5ib veebiarutelu tekitada konflikte ja teatud teemad v\u00f5ivad olla tundlikud ning tekkivaid konflikte peab juhtima \u00f5petaja.\n<\/p>\n<p>\n\t\u00a0\n<\/p>\n<p style=\"margin:0in\">\n\n\n<\/p><div class=\"h5p-iframe-wrapper\"><div class=\"video-placeholder-wrapper video-placeholder-wrapper--fixed\" style=\"height: 366px;\">\n\t\t\t    <div class=\"video-placeholder d-flex justify-content-center align-items-center\">\n\t\t\t        <div class=\"overlay text-white p-2 w-100 text-center d-block justify-content-center align-items-center\">\n\t\t\t            <div>To view third-party content, please accept cookies.<\/div>\n\t\t\t            <button class=\"btn btn-secondary btn-sm mt-1 consent-change\">Change consent<\/button>\n\t\t\t        <\/div>\n\t\t\t    <\/div>\n\t\t\t<\/div>\n<\/div>\n\n\n\n<p style=\"margin:0in\">\n\t\u00a0\n<\/p>\n<h3>\n\tKasutatud kirjandus:<br>\n<\/h3>\n<p>\n\tDominigue, A. D. (2016). Online and blended pedagogy in social justice education. In M. Adams &amp; L. A. Bell (Eds.), Teaching for diversity and social justice (3rd ed.) (pp. 369- 396). New York, NY: Routledge.\n<\/p>\n<p>\n\t\u00a0\n<\/p>\n<p>\n\t\u00a0\n<\/p>","protected":false},"excerpt":{"rendered":"<p>Kaasav haridus: Kuigi oleme loonud eraldi e-mooduli kaasavast haridusest, kordame \u00fcle, mida selle all silmas peame. Kaasav haridus keskendub kahele dimensioonile: l\u00e4henemised, mis aitavad luua \u00f5pikeskkonda, mis p\u00f5hineb kaasava suhtluse v\u00e4\u00e4rtustel ja oskustel; reflekteerivad l\u00e4henemised, mis k\u00e4sitlevad v\u00e4ljakutseid, mis v\u00f5ivad &#8230;<\/p>\n","protected":false},"author":240,"featured_media":0,"parent":175,"menu_order":0,"comment_status":"closed","ping_status":"closed","template":"","meta":{"_acf_changed":false,"inline_featured_image":false,"footnotes":""},"class_list":["post-177","page","type-page","status-publish","hentry"],"acf":[],"_links":{"self":[{"href":"https:\/\/sisu.ut.ee\/sensiclass\/wp-json\/wp\/v2\/pages\/177","targetHints":{"allow":["GET"]}}],"collection":[{"href":"https:\/\/sisu.ut.ee\/sensiclass\/wp-json\/wp\/v2\/pages"}],"about":[{"href":"https:\/\/sisu.ut.ee\/sensiclass\/wp-json\/wp\/v2\/types\/page"}],"author":[{"embeddable":true,"href":"https:\/\/sisu.ut.ee\/sensiclass\/wp-json\/wp\/v2\/users\/240"}],"replies":[{"embeddable":true,"href":"https:\/\/sisu.ut.ee\/sensiclass\/wp-json\/wp\/v2\/comments?post=177"}],"version-history":[{"count":6,"href":"https:\/\/sisu.ut.ee\/sensiclass\/wp-json\/wp\/v2\/pages\/177\/revisions"}],"predecessor-version":[{"id":2528,"href":"https:\/\/sisu.ut.ee\/sensiclass\/wp-json\/wp\/v2\/pages\/177\/revisions\/2528"}],"up":[{"embeddable":true,"href":"https:\/\/sisu.ut.ee\/sensiclass\/wp-json\/wp\/v2\/pages\/175"}],"wp:attachment":[{"href":"https:\/\/sisu.ut.ee\/sensiclass\/wp-json\/wp\/v2\/media?parent=177"}],"curies":[{"name":"wp","href":"https:\/\/api.w.org\/{rel}","templated":true}]}}