{"id":175,"date":"2024-04-04T06:43:31","date_gmt":"2024-04-04T03:43:31","guid":{"rendered":"https:\/\/sisu.ut.ee\/sensiclass\/inclusive-online-teaching-et\/"},"modified":"2024-06-21T14:44:17","modified_gmt":"2024-06-21T11:44:17","slug":"inclusive-online-teaching-et","status":"publish","type":"page","link":"https:\/\/sisu.ut.ee\/sensiclass\/toolbox\/inclusive-online-teaching-et\/","title":{"rendered":"Kaasav digitaalne \u00f5pe"},"content":{"rendered":"<nav style=\"font-style:normal;font-weight:400;\" class=\"has-background has-light-background-color has-regular-font-size is-responsive items-justified-left mb-1 mt-1 wp-block-navigation is-horizontal is-content-justification-left is-layout-flex wp-container-core-navigation-is-layout-c39e78a4 wp-block-navigation-is-layout-flex\" aria-label=\"Kaasav digitaalne \u00f5pe\" data-wp-interactive=\"core\/navigation\" data-wp-context='{\"overlayOpenedBy\":{\"click\":false,\"hover\":false,\"focus\":false},\"type\":\"overlay\",\"roleAttribute\":\"\",\"ariaLabel\":\"Menu\"}'><button aria-haspopup=\"dialog\" aria-label=\"Open menu\" class=\"wp-block-navigation__responsive-container-open\" data-wp-on--click=\"actions.openMenuOnClick\" data-wp-on--keydown=\"actions.handleMenuKeydown\"><svg width=\"24\" height=\"24\" xmlns=\"http:\/\/www.w3.org\/2000\/svg\" viewbox=\"0 0 24 24\"><path d=\"M5 5v1.5h14V5H5z\"><\/path><path d=\"M5 12.8h14v-1.5H5v1.5z\"><\/path><path d=\"M5 19h14v-1.5H5V19z\"><\/path><\/svg><\/button>\n\t\t\t\t<div class=\"wp-block-navigation__responsive-container\" id=\"modal-1\" data-wp-class--has-modal-open=\"state.isMenuOpen\" data-wp-class--is-menu-open=\"state.isMenuOpen\" data-wp-watch=\"callbacks.initMenu\" data-wp-on--keydown=\"actions.handleMenuKeydown\" data-wp-on--focusout=\"actions.handleMenuFocusout\" tabindex=\"-1\">\n\t\t\t\t\t<div class=\"wp-block-navigation__responsive-close\" tabindex=\"-1\">\n\t\t\t\t\t\t<div class=\"wp-block-navigation__responsive-dialog\" data-wp-bind--aria-modal=\"state.ariaModal\" data-wp-bind--aria-label=\"state.ariaLabel\" data-wp-bind--role=\"state.roleAttribute\">\n\t\t\t\t\t\t\t<button aria-label=\"Close menu\" class=\"wp-block-navigation__responsive-container-close\" data-wp-on--click=\"actions.closeMenuOnClick\"><svg xmlns=\"http:\/\/www.w3.org\/2000\/svg\" viewbox=\"0 0 24 24\" width=\"24\" height=\"24\" aria-hidden=\"true\" focusable=\"false\"><path d=\"m13.06 12 6.47-6.47-1.06-1.06L12 10.94 5.53 4.47 4.47 5.53 10.94 12l-6.47 6.47 1.06 1.06L12 13.06l6.47 6.47 1.06-1.06L13.06 12Z\"><\/path><\/svg><\/button>\n\t\t\t\t\t\t\t<div class=\"wp-block-navigation__responsive-container-content\" data-wp-watch=\"callbacks.focusFirstElement\" id=\"modal-1-content\">\n\t\t\t\t\t\t\t\t<ul style=\"font-style:normal;font-weight:400;\" class=\"wp-block-navigation__container has-background has-light-background-color has-regular-font-size is-responsive items-justified-left mb-1 mt-1 wp-block-navigation has-regular-font-size\"><li class=\"has-regular-font-size wp-block-navigation-item wp-block-navigation-link\"><a class=\"wp-block-navigation-item__content\" href=\"https:\/\/sisu.ut.ee\/sensiclass\/toolbox\/inclusive-online-teaching-et\/\"><span class=\"wp-block-navigation-item__label\">Kaasav digitaalne \u00f5pe<\/span><\/a><\/li><li class=\"has-regular-font-size wp-block-navigation-item wp-block-navigation-link\"><a class=\"wp-block-navigation-item__content\" href=\"https:\/\/sisu.ut.ee\/sensiclass\/toolbox\/inclusive-online-teaching-et\/safe-and-inclusive-online-learning\/\"><span class=\"wp-block-navigation-item__label\">Turvaline ja kaasav e-\u00f5pe<\/span><\/a><\/li><li data-wp-context='{ \"submenuOpenedBy\": { \"click\": false, \"hover\": false, \"focus\": false }, \"type\": \"submenu\", \"modal\": null, \"previousFocus\": null }' data-wp-interactive=\"core\/navigation\" data-wp-on--focusout=\"actions.handleMenuFocusout\" data-wp-on--keydown=\"actions.handleMenuKeydown\" data-wp-watch=\"callbacks.initMenu\" tabindex=\"-1\" class=\"wp-block-navigation-item has-regular-font-size has-child open-on-click wp-block-navigation-submenu\"><button data-wp-bind--aria-expanded=\"state.isMenuOpen\" data-wp-on--click=\"actions.toggleMenuOnClick\" aria-label=\"\u00d5ppematerjalid submenu\" class=\"wp-block-navigation-item__content wp-block-navigation-submenu__toggle\"><span class=\"wp-block-navigation-item__label\">\u00d5ppematerjalid<\/span><\/button><span class=\"wp-block-navigation__submenu-icon\"><svg xmlns=\"http:\/\/www.w3.org\/2000\/svg\" width=\"12\" height=\"12\" viewbox=\"0 0 12 12\" fill=\"none\" aria-hidden=\"true\" focusable=\"false\"><path d=\"M1.50002 4L6.00002 8L10.5 4\" stroke-width=\"1.5\"><\/path><\/svg><\/span><ul data-wp-on--focus=\"actions.openMenuOnFocus\" class=\"wp-block-navigation__submenu-container wp-block-navigation-submenu\"><li data-wp-context='{ \"submenuOpenedBy\": { \"click\": false, \"hover\": false, \"focus\": false }, \"type\": \"submenu\", \"modal\": null, \"previousFocus\": null }' data-wp-interactive=\"core\/navigation\" data-wp-on--focusout=\"actions.handleMenuFocusout\" data-wp-on--keydown=\"actions.handleMenuKeydown\" data-wp-watch=\"callbacks.initMenu\" tabindex=\"-1\" class=\"wp-block-navigation-item has-regular-font-size has-child open-on-click wp-block-navigation-submenu\"><button data-wp-bind--aria-expanded=\"state.isMenuOpen\" data-wp-on--click=\"actions.toggleMenuOnClick\" aria-label=\"\u00d5pilaste kaasamise toetamine submenu\" class=\"wp-block-navigation-item__content wp-block-navigation-submenu__toggle\"><span class=\"wp-block-navigation-item__label\">\u00d5pilaste kaasamise toetamine<\/span><\/button><span class=\"wp-block-navigation__submenu-icon\"><svg xmlns=\"http:\/\/www.w3.org\/2000\/svg\" width=\"12\" height=\"12\" viewbox=\"0 0 12 12\" fill=\"none\" aria-hidden=\"true\" focusable=\"false\"><path d=\"M1.50002 4L6.00002 8L10.5 4\" stroke-width=\"1.5\"><\/path><\/svg><\/span><ul data-wp-on--focus=\"actions.openMenuOnFocus\" class=\"wp-block-navigation__submenu-container wp-block-navigation-submenu\"><li class=\"has-regular-font-size wp-block-navigation-item wp-block-navigation-link\"><a class=\"wp-block-navigation-item__content\" href=\"https:\/\/sisu.ut.ee\/sensiclass\/toolbox\/inclusive-online-teaching-et\/teaching-resources-et\/fostering-student-engagement-0\/syllabus-design-et\/\"><span class=\"wp-block-navigation-item__label\">\u00d5ppekava koostamine<\/span><\/a><\/li><\/ul><\/li><\/ul><\/li><li data-wp-context='{ \"submenuOpenedBy\": { \"click\": false, \"hover\": false, \"focus\": false }, \"type\": \"submenu\", \"modal\": null, \"previousFocus\": null }' data-wp-interactive=\"core\/navigation\" data-wp-on--focusout=\"actions.handleMenuFocusout\" data-wp-on--keydown=\"actions.handleMenuKeydown\" data-wp-watch=\"callbacks.initMenu\" tabindex=\"-1\" class=\"wp-block-navigation-item has-regular-font-size has-child open-on-click wp-block-navigation-submenu\"><button data-wp-bind--aria-expanded=\"state.isMenuOpen\" data-wp-on--click=\"actions.toggleMenuOnClick\" aria-label=\"Juhtumianal\u00fc\u00fcsid submenu\" class=\"wp-block-navigation-item__content wp-block-navigation-submenu__toggle\"><span class=\"wp-block-navigation-item__label\">Juhtumianal\u00fc\u00fcsid<\/span><\/button><span class=\"wp-block-navigation__submenu-icon\"><svg xmlns=\"http:\/\/www.w3.org\/2000\/svg\" width=\"12\" height=\"12\" viewbox=\"0 0 12 12\" fill=\"none\" aria-hidden=\"true\" focusable=\"false\"><path d=\"M1.50002 4L6.00002 8L10.5 4\" stroke-width=\"1.5\"><\/path><\/svg><\/span><ul data-wp-on--focus=\"actions.openMenuOnFocus\" class=\"wp-block-navigation__submenu-container wp-block-navigation-submenu\"><li class=\"has-regular-font-size wp-block-navigation-item wp-block-navigation-link\"><a class=\"wp-block-navigation-item__content\" href=\"https:\/\/sisu.ut.ee\/sensiclass\/toolbox\/inclusive-online-teaching-et\/case-studies-et\/discussing-sensitive-topics-online-et\/\"><span class=\"wp-block-navigation-item__label\">Tundlike teemade arutlemine e-\u00f5ppes<\/span><\/a><\/li><li class=\"has-regular-font-size wp-block-navigation-item wp-block-navigation-link\"><a class=\"wp-block-navigation-item__content\" href=\"https:\/\/sisu.ut.ee\/sensiclass\/toolbox\/inclusive-online-teaching-et\/case-studies-et\/enabling-student-participation-online-et\/\"><span class=\"wp-block-navigation-item__label\">\u00dcli\u00f5pilaste veebis osalemise v\u00f5imaldamine<\/span><\/a><\/li><\/ul><\/li><li class=\"has-regular-font-size wp-block-navigation-item wp-block-navigation-link\"><a class=\"wp-block-navigation-item__content\" href=\"https:\/\/sisu.ut.ee\/sensiclass\/toolbox\/inclusive-online-teaching-et\/test-your-knowledge-et\/\"><span class=\"wp-block-navigation-item__label\">Pane teadmised proovile!<\/span><\/a><\/li><li class=\"has-regular-font-size wp-block-navigation-item wp-block-navigation-link\"><a class=\"wp-block-navigation-item__content\" href=\"https:\/\/sisu.ut.ee\/sensiclass\/toolbox\/inclusive-online-teaching-et\/bibliography-and-further-resources-et\/\"><span class=\"wp-block-navigation-item__label\">Kirjandus ja lisamaterjalid<\/span><\/a><\/li><\/ul>\n\t\t\t\t\t\t\t<\/div>\n\t\t\t\t\t\t<\/div>\n\t\t\t\t\t<\/div>\n\t\t\t\t<\/div><\/nav>\n\n<h2>\n\tSelle e-mooduli teema:<br>\n<\/h2>\n<p>\n\t\u00a0\n<\/p>\n<p>\n\tKoroonaviiruse pandeemia tulemusel asendus klassi\u00f5pe kaug\u00f5ppega. On n\u00e4ha, et veebip\u00f5hine \u00f5pe j\u00e4\u00e4b hariduse lahutamatuks osaks ka p\u00e4rast pandeemiat. Veebikeskkonnas \u00f5petamine t\u00f5i aga kaasa mitmeid v\u00e4ljakutseid ning n\u00f5udis uusi \u00f5pilastega suhtlemise viise, kaasajastatud \u00f5ppesisu edastamise viise ja erinevaid strateegiaid arutelude modereerimiseks, sh v\u00f5imalikuks konfliktide ennetamiseks ja leevendamiseks. Veebi\u00f5ppega tegelevad \u00f5petajad peavad samuti kaaluma l\u00e4henemisi tundlike ja vastuoluliste teemade k\u00e4sitlemiseks, sest \u201epeaaegu iga arutelu v\u00f5ib muutuda tundlikuks, kui tekivad emotsionaalsed reaktsioonid, kui on poliitilisi erimeelsusi selles osas, mis peaks edasi juhtuma, v\u00f5i v\u00e4ljakutsed, kuidas probleeme lahendada\u201c (Lowe ja Jones 2010, 2).\n<\/p>\n<p>\n\tSamuti v\u00f5ib veebip\u00f5hine \u00f5ppekeskkond avaldada \u00f5petajatele suuremat survet \u00f5pilastega suhtlemisel ja turvalise aruteluruumi pakkumisel. \u201ePaljud veebi-\/kaug\u00f5ppe juhendid kirjeldavad \u00f5petajate pideva ja sisuka kohaloleku ja \u00f5pilaste toetamise t\u00e4htsust\u201c ning seet\u00f5ttu peavad \u00f5petajad olema valmis veebikeskkonnas suhtlemisega seotud v\u00e4ljakutseteks (AITSL 2020). Kuid saadaolevad \u00f5pperessursid, mille eesm\u00e4rk on h\u00f5lbustada klassiarutelusid ja v\u00e4hendada konflikte tundliku sisu k\u00e4sitlemisel, on tavaliselt piiratud traditsioonilise klassiruumis toimuva \u00f5ppega, mitte veebiplatvormide omaga. Selle l\u00fcnga t\u00e4itmiseks tuleb esmalt m\u00f5ista veebip\u00f5hise \u00f5ppe ise\u00e4rasusi ja seej\u00e4rel leida l\u00e4henemisi vastuoluliste teemade haldamiseks.\n<\/p>\n<h2>\n\t\u00a0<br>\n<\/h2>\n<h2>\n\tE-mooduli eesm\u00e4rgid:<br>\n<\/h2>\n<p>\n\tSee e-moodul uurib, mis on \u201e\u00f5petaja teadlik kohalolek\u201c ja \u201e\u00f5pilaste toetamine\u201cvirtuaalkeskkonnas, pakkudes l\u00e4henemisi ja n\u00f5u reflekteerivaks \u00f5petamiseks.\n<\/p>\n<p>\n\tKasutatud kirjandus:\n<\/p>\n<p>\n\tAustralian Institute for Teaching and School Leadership (AITSL). (2020) \u201eWhat works in online\/distance teaching and learning?\u201c Available at: <a href=\"https:\/\/www.aitsl.edu.au\/research\/spotlight\/what-works-in-online-distance-teaching-and-learning\">https:\/\/www.aitsl.edu.au\/research\/spotlight\/what-works-in-online-distance-teaching-and-learning<\/a>\n<\/p>\n<p>\n\tLowe, Pam and Helen Jones. (2010). Teaching and Learning Sensitive Topics, Enhancing Learning in the Social Sciences, 2:3, 1-7.\n<\/p>\n<p>\n\t\u00a0\n<\/p>\n<p>\n\t\u00a0\n<\/p>\n<p>\n\t\u00a0\n<\/p>","protected":false},"excerpt":{"rendered":"<p>Selle e-mooduli teema: \u00a0 Koroonaviiruse pandeemia tulemusel asendus klassi\u00f5pe kaug\u00f5ppega. On n\u00e4ha, et veebip\u00f5hine \u00f5pe j\u00e4\u00e4b hariduse lahutamatuks osaks ka p\u00e4rast pandeemiat. Veebikeskkonnas \u00f5petamine t\u00f5i aga kaasa mitmeid v\u00e4ljakutseid ning n\u00f5udis uusi \u00f5pilastega suhtlemise viise, kaasajastatud \u00f5ppesisu edastamise viise ja &#8230;<\/p>\n","protected":false},"author":240,"featured_media":0,"parent":259,"menu_order":0,"comment_status":"closed","ping_status":"closed","template":"","meta":{"_acf_changed":false,"inline_featured_image":false,"footnotes":""},"class_list":["post-175","page","type-page","status-publish","hentry"],"acf":[],"_links":{"self":[{"href":"https:\/\/sisu.ut.ee\/sensiclass\/wp-json\/wp\/v2\/pages\/175","targetHints":{"allow":["GET"]}}],"collection":[{"href":"https:\/\/sisu.ut.ee\/sensiclass\/wp-json\/wp\/v2\/pages"}],"about":[{"href":"https:\/\/sisu.ut.ee\/sensiclass\/wp-json\/wp\/v2\/types\/page"}],"author":[{"embeddable":true,"href":"https:\/\/sisu.ut.ee\/sensiclass\/wp-json\/wp\/v2\/users\/240"}],"replies":[{"embeddable":true,"href":"https:\/\/sisu.ut.ee\/sensiclass\/wp-json\/wp\/v2\/comments?post=175"}],"version-history":[{"count":4,"href":"https:\/\/sisu.ut.ee\/sensiclass\/wp-json\/wp\/v2\/pages\/175\/revisions"}],"predecessor-version":[{"id":2527,"href":"https:\/\/sisu.ut.ee\/sensiclass\/wp-json\/wp\/v2\/pages\/175\/revisions\/2527"}],"up":[{"embeddable":true,"href":"https:\/\/sisu.ut.ee\/sensiclass\/wp-json\/wp\/v2\/pages\/259"}],"wp:attachment":[{"href":"https:\/\/sisu.ut.ee\/sensiclass\/wp-json\/wp\/v2\/media?parent=175"}],"curies":[{"name":"wp","href":"https:\/\/api.w.org\/{rel}","templated":true}]}}