{"id":149,"date":"2024-04-04T06:43:29","date_gmt":"2024-04-04T03:43:29","guid":{"rendered":"https:\/\/sisu.ut.ee\/sensiclass\/references-8\/"},"modified":"2024-06-21T10:13:04","modified_gmt":"2024-06-21T07:13:04","slug":"references-8","status":"publish","type":"page","link":"https:\/\/sisu.ut.ee\/sensiclass\/e-modules\/muslim-image-european-media-how-change-conversation-regarding-muslims-contemporary\/references-8\/","title":{"rendered":"References"},"content":{"rendered":"<nav style=\"font-style:normal;font-weight:400;\" class=\"has-background has-light-background-color has-regular-font-size is-responsive items-justified-left mb-1 mt-1 wp-block-navigation is-horizontal is-content-justification-left is-layout-flex wp-container-core-navigation-is-layout-c39e78a4 wp-block-navigation-is-layout-flex\" aria-label=\"The Muslim image in the European media \u2013 how to change the conversation regarding Muslims in the contemporary world?\" data-wp-interactive=\"core\/navigation\" data-wp-context='{\"overlayOpenedBy\":{\"click\":false,\"hover\":false,\"focus\":false},\"type\":\"overlay\",\"roleAttribute\":\"\",\"ariaLabel\":\"Menu\"}'><button aria-haspopup=\"dialog\" aria-label=\"Open menu\" class=\"wp-block-navigation__responsive-container-open\" data-wp-on--click=\"actions.openMenuOnClick\" data-wp-on--keydown=\"actions.handleMenuKeydown\"><svg width=\"24\" height=\"24\" xmlns=\"http:\/\/www.w3.org\/2000\/svg\" viewbox=\"0 0 24 24\"><path d=\"M5 5v1.5h14V5H5z\"><\/path><path d=\"M5 12.8h14v-1.5H5v1.5z\"><\/path><path d=\"M5 19h14v-1.5H5V19z\"><\/path><\/svg><\/button>\n\t\t\t\t<div class=\"wp-block-navigation__responsive-container\" id=\"modal-1\" data-wp-class--has-modal-open=\"state.isMenuOpen\" data-wp-class--is-menu-open=\"state.isMenuOpen\" data-wp-watch=\"callbacks.initMenu\" data-wp-on--keydown=\"actions.handleMenuKeydown\" data-wp-on--focusout=\"actions.handleMenuFocusout\" tabindex=\"-1\">\n\t\t\t\t\t<div class=\"wp-block-navigation__responsive-close\" tabindex=\"-1\">\n\t\t\t\t\t\t<div class=\"wp-block-navigation__responsive-dialog\" data-wp-bind--aria-modal=\"state.ariaModal\" data-wp-bind--aria-label=\"state.ariaLabel\" data-wp-bind--role=\"state.roleAttribute\">\n\t\t\t\t\t\t\t<button aria-label=\"Close menu\" class=\"wp-block-navigation__responsive-container-close\" data-wp-on--click=\"actions.closeMenuOnClick\"><svg xmlns=\"http:\/\/www.w3.org\/2000\/svg\" viewbox=\"0 0 24 24\" width=\"24\" height=\"24\" aria-hidden=\"true\" focusable=\"false\"><path d=\"m13.06 12 6.47-6.47-1.06-1.06L12 10.94 5.53 4.47 4.47 5.53 10.94 12l-6.47 6.47 1.06 1.06L12 13.06l6.47 6.47 1.06-1.06L13.06 12Z\"><\/path><\/svg><\/button>\n\t\t\t\t\t\t\t<div class=\"wp-block-navigation__responsive-container-content\" data-wp-watch=\"callbacks.focusFirstElement\" id=\"modal-1-content\">\n\t\t\t\t\t\t\t\t<ul style=\"font-style:normal;font-weight:400;\" class=\"wp-block-navigation__container has-background has-light-background-color has-regular-font-size is-responsive items-justified-left mb-1 mt-1 wp-block-navigation has-regular-font-size\"><li class=\"has-regular-font-size wp-block-navigation-item wp-block-navigation-link\"><a class=\"wp-block-navigation-item__content\" href=\"https:\/\/sisu.ut.ee\/sensiclass\/e-modules\/muslim-image-european-media-how-change-conversation-regarding-muslims-contemporary\/\"><span class=\"wp-block-navigation-item__label\">The Muslim image in the European media \u2013 how to change the conversation regarding Muslims in the contemporary world?<\/span><\/a><\/li><li class=\"has-regular-font-size wp-block-navigation-item wp-block-navigation-link\"><a class=\"wp-block-navigation-item__content\" href=\"https:\/\/sisu.ut.ee\/sensiclass\/e-modules\/muslim-image-european-media-how-change-conversation-regarding-muslims-contemporary\/methodical-explanation\/\"><span class=\"wp-block-navigation-item__label\">Methodical explanation<\/span><\/a><\/li><li class=\"has-regular-font-size wp-block-navigation-item wp-block-navigation-link\"><a class=\"wp-block-navigation-item__content\" href=\"https:\/\/sisu.ut.ee\/sensiclass\/e-modules\/muslim-image-european-media-how-change-conversation-regarding-muslims-contemporary\/short-introductory-lecture\/\"><span class=\"wp-block-navigation-item__label\">A short introductory lecture<\/span><\/a><\/li><li class=\"has-regular-font-size wp-block-navigation-item wp-block-navigation-link\"><a class=\"wp-block-navigation-item__content\" href=\"https:\/\/sisu.ut.ee\/sensiclass\/e-modules\/muslim-image-european-media-how-change-conversation-regarding-muslims-contemporary\/presentation-topic-9\/\"><span class=\"wp-block-navigation-item__label\">Presentation of the topic<\/span><\/a><\/li><li data-wp-context='{ \"submenuOpenedBy\": { \"click\": false, \"hover\": false, \"focus\": false }, \"type\": \"submenu\", \"modal\": null, \"previousFocus\": null }' data-wp-interactive=\"core\/navigation\" data-wp-on--focusout=\"actions.handleMenuFocusout\" data-wp-on--keydown=\"actions.handleMenuKeydown\" data-wp-watch=\"callbacks.initMenu\" tabindex=\"-1\" class=\"wp-block-navigation-item has-regular-font-size has-child open-on-click wp-block-navigation-submenu\"><button data-wp-bind--aria-expanded=\"state.isMenuOpen\" data-wp-on--click=\"actions.toggleMenuOnClick\" aria-label=\"Exercises submenu\" class=\"wp-block-navigation-item__content wp-block-navigation-submenu__toggle\"><span class=\"wp-block-navigation-item__label\">Exercises<\/span><\/button><span class=\"wp-block-navigation__submenu-icon\"><svg xmlns=\"http:\/\/www.w3.org\/2000\/svg\" width=\"12\" height=\"12\" viewbox=\"0 0 12 12\" fill=\"none\" aria-hidden=\"true\" focusable=\"false\"><path d=\"M1.50002 4L6.00002 8L10.5 4\" stroke-width=\"1.5\"><\/path><\/svg><\/span><ul data-wp-on--focus=\"actions.openMenuOnFocus\" class=\"wp-block-navigation__submenu-container wp-block-navigation-submenu\"><li class=\"has-regular-font-size wp-block-navigation-item wp-block-navigation-link\"><a class=\"wp-block-navigation-item__content\" href=\"https:\/\/sisu.ut.ee\/sensiclass\/e-modules\/muslim-image-european-media-how-change-conversation-regarding-muslims-contemporary\/excercises\/exercise-1-most-common-stereotype-depicted-media-muslims-are-terrorists\/\"><span class=\"wp-block-navigation-item__label\">Exercise 1: The most common stereotype depicted in media: \u201cMuslims are terrorists\u201d<\/span><\/a><\/li><li class=\"has-regular-font-size wp-block-navigation-item wp-block-navigation-link\"><a class=\"wp-block-navigation-item__content\" href=\"https:\/\/sisu.ut.ee\/sensiclass\/e-modules\/muslim-image-european-media-how-change-conversation-regarding-muslims-contemporary\/excercises\/excercise-2\/\"><span class=\"wp-block-navigation-item__label\">Exercise 2: Is Islam a peaceful religion?<\/span><\/a><\/li><li class=\"has-regular-font-size wp-block-navigation-item wp-block-navigation-link\"><a class=\"wp-block-navigation-item__content\" href=\"https:\/\/sisu.ut.ee\/sensiclass\/e-modules\/muslim-image-european-media-how-change-conversation-regarding-muslims-contemporary\/excercises\/exercise-3-understanding-terrorist-stereotype-western-world\/\"><span class=\"wp-block-navigation-item__label\">Exercise 3: Understanding the terrorist stereotype in the Western world<\/span><\/a><\/li><\/ul><\/li><li class=\"has-regular-font-size wp-block-navigation-item wp-block-navigation-link\"><a class=\"wp-block-navigation-item__content\" href=\"https:\/\/sisu.ut.ee\/sensiclass\/e-modules\/muslim-image-european-media-how-change-conversation-regarding-muslims-contemporary\/references-8\/\"><span class=\"wp-block-navigation-item__label\">References<\/span><\/a><\/li><\/ul>\n\t\t\t\t\t\t\t<\/div>\n\t\t\t\t\t\t<\/div>\n\t\t\t\t\t<\/div>\n\t\t\t\t<\/div><\/nav>\n\n<h2>\n\tReferences<br>\n<\/h2>\n<ul>\n<li>\n\t\tRaudsepp, A. &amp; Hiiemaa, K. (2009). V\u00f5\u00f5ra kuvand Eesti ajaloos tr\u00fckis\u00f5na ja meedia n\u00e4itel [The image of the other in the history of Estonia on the examples of print and media]. [Online course]. dspace.ut.ee\/bitstream\/handle\/10062\/14247\/Kursuse_Voora_kuvand_materjal.pdf\n\t<\/li>\n<li>\n\t\tBerger, P. L. &amp; Luckmann, T. (1991). The Social Construction of Reality: A Treatise in the Sociology of Knowledge. London: Penguin Books.\n\t<\/li>\n<li>\n\t\tF\u00e4lt, O. K. (2002). <a data-url=\"http:\/\/jultika.oulu.fi\/files\/isbn9514266331.pdf \" href=\"http:\/\/jultika.oulu.fi\/files\/isbn9514266331.pdf%20\" target=\"_blank\" title=\"\" rel=\"noopener\">Introduction.<\/a> In Alenius, K., F\u00e4lt, O. K., &amp; Jalagin, S. (Eds). Looking at the Other: Historical Study of Images in Theory and Practices (pp 7-12). Oulu.\n\t<\/li>\n<li>\n\t\tBoulding, K. E. (1956) The Image: Knowledge in Life and Society. University of Michigan Press, Boorstin, D. J. (1962). The Image: Or What Happened to the American Dream. Atheneum.\n\t<\/li>\n<li>\n\t\tKarvonen, K. (1997). Imagologia: Imagon teorioiden esittely\u00e4, analyysi\u00e4, kritiikki\u00e4. [Imagology: Presentation, analysis and critique of image theories}. University of Tampere.\n\t<\/li>\n<li>\n\t\tLippmann, W. (1962). Public Opinion. Harcourt, Brace &amp; Co.\n\t<\/li>\n<li>\n\t\tLeyens, J.-P., Yzerby V. Y. A., &amp; Schadron, G. (1994). Stereotypes and Social Cognition. London: Sage Publications Ltd.\n\t<\/li>\n<li>\n\t\tAllport, G. W. (1988). The Nature of Prejudice. Addison \u2013 Wesley. Reading Mass.\n\t<\/li>\n<li>\n\t\tJ\u00e4rv, S. &amp; Kirss, L. (2019). <a data-url=\"https:\/\/sisu.ut.ee\/sites\/default\/files\/ranne\/files\/jarv_kirss_kultuuritundlikku_opetamist_toetav_materjal_opetajale_2019_rita-ranne.pdf \" href=\"https:\/\/sisu.ut.ee\/sites\/default\/files\/ranne\/files\/jarv_kirss_kultuuritundlikku_opetamist_toetav_materjal_opetajale_2019_rita-ranne.pdf%20\" target=\"_blank\" title=\"\" rel=\"noopener\">Kultuuritudlikku \u00f5petamist toetav materjal \u00f5petajale<\/a>. RITA-R\u00c4NNE projektiga seotud anal\u00fc\u00fcsid. [Material supporting culturally sensitive teaching for teachers. Analyses from the RITA-R\u00c4NNE project].\n\t<\/li>\n<li>\n\t\tRezael, S., Kobari, K., &amp; Salami, A. (2019). <a data-url=\"https:\/\/doi.org\/10.3726\/CUL012019.0004\" href=\"https:\/\/doi.org\/10.3726\/CUL012019.0004\" target=\"_blank\" title=\"\" rel=\"noopener\">The Portrayal of Islam and Muslims in Western Media<\/a>: A Critical Discourse Analysis. Cultura. International Journal of Philosophy of Culture and Axiology. 16(1), 55-73.\n\t<\/li>\n<li>\n\t\tAhmed, S., &amp; Matthes, J. (2016). Media representation of Muslims and Islam from 2000 to 2015: A meta-analysis. International Communication Gazette, 79(3), 219\u2013244.\n\t<\/li>\n<li>\n\t\tCiftci, S. (2012). Islamophobia and Threat Perceptions: Explaining Anti-Muslim Sentiment in the West. Journal of Muslim Minority Affairs, 32(3), 293-309.\n\t<\/li>\n<li>\n\t\tLewis, R. D. (2000). <a data-url=\"https:\/\/www.semanticscholar.org\/paper\/When-Cultures-Collide%3A-Leading- Across-Cultures-Lewis\/ab4c2c7c8b6406da118afb34352d527d789fa065 \" href=\"https:\/\/www.semanticscholar.org\/paper\/When-Cultures-Collide%3A-Leading-%20Across-Cultures-Lewis\/ab4c2c7c8b6406da118afb34352d527d789fa065%20\" target=\"_blank\" title=\"\" rel=\"noopener\">When Cultures Collide<\/a>: Leading Across Cultures.\n\t<\/li>\n<li>\n\t\tDe Bono, E. (2017). Six thinking hats. London: Penguin Books.\n\t<\/li>\n<\/ul>\n<h2>\n\tFurther reading<br>\n<\/h2>\n<ul>\n<li>\n\t\tMalik, N. (Host). (2021, June 5). <a data-url=\"https:\/\/www.bbc.co.uk\/sounds\/play\/m000wrtn \" href=\"https:\/\/www.bbc.co.uk\/sounds\/play\/m000wrtn%20\" target=\"_blank\" title=\"\" rel=\"noopener\">Covering Edward Said: 40 years of Islam, Media and the West<\/a>. [Audio podcast episode].In Archive on 4, BBC.\n\t<\/li>\n<li>\n\t\tAl Jazeera English. (2017, March 2). <a data-url=\"https:\/\/www.youtube.com\/watch?v=4QYrAqrpshw&amp;t=143s&amp;ab_channel=AlJazeeraEnglish \" href=\"https:\/\/www.youtube.com\/watch?v=4QYrAqrpshw&amp;t=143s&amp;ab_channel=AlJazeeraEnglish%20\" target=\"_blank\" title=\"\" rel=\"noopener\">Edward Said \u2013 Framed: The Politics of Stereotypes in News<\/a>. Youtube.\n\t<\/li>\n<li>\n\t\tTan, C. (2016). <a data-url=\"https:\/\/philpapers.org\/rec\/TANMEA-2 \" href=\"https:\/\/philpapers.org\/rec\/TANMEA-2%20\" target=\"_blank\" title=\"\" rel=\"noopener\">Media ethics and the coverage of Islam: Some preliminary observations on the British media<\/a>. Intellectual Discourse, 24(2).\n\t<\/li>\n<li>\n\t\tDoru, P. (2016) <a data-url=\"https:\/\/philpapers.org\/rec\/POPMOM-2 \" href=\"https:\/\/philpapers.org\/rec\/POPMOM-2%20\" target=\"_blank\" title=\"\" rel=\"noopener\">Misrepresentation of Muslims and Islamophobic Public Discourses in Recent Romanian Media Narratives<\/a>. Journal for the Study of Religions and Ideologies, 15(44), 33-51.\n\t<\/li>\n<li>\n\t\tMalik, S. I. (2015). Islamic and Western Perspectives on Applied Media Ethics. Intellectual Discourse 23(2). https:\/\/philpapers.org\/rec\/MALIAW\n\t<\/li>\n<li>\n\t\tEl-Aswad, ES. (2013).<a data-url=\"https:\/\/www.researchgate.net\/publication\/267324584\" href=\"https:\/\/www.researchgate.net\/publication\/267324584\" target=\"_blank\" title=\"\" rel=\"noopener\">Images of Muslims in Western Scholarship and Media after 9\/11<\/a>. Digest of Middle East Studies 22(1), 39-56.\n\t<\/li>\n<li>\n\t\tChoudhury, C. A. &amp; Beydoun, K.A. (2020). <a data-url=\"https:\/\/doi.org\/10.1017\/9781108380768 \" href=\"https:\/\/doi.org\/10.1017\/9781108380768%20\" target=\"_blank\" title=\"\" rel=\"noopener\">Islamophobia and the Law<\/a>. Cambridge University Press.\n\t<\/li>\n<li>\n\t\tNajib, K. (2021). Spatialized Islamophobia. Routledge\u2019\n\t<\/li>\n<li>\n\t\tPatel, I. A. (2021). The Muslim Problem: From the British Empire to Islamophobia. Palgrave Macmillan.\n\t<\/li>\n<li>\n\t\tRenton, J. (2021). Islamophobia and Surveillance Genealogies of a Global Order. Routledge.\n\t<\/li>\n<li>\n\t\tLaw, I., Easat-Daas, A., Merali, A. &amp; Sayyid, S. (2021). Countering Islamophobia in Europe. Springer International Publishing.\n\t<\/li>\n<li>\n\t\tZafar, I. (2019). Islamophobia: History, Context and Deconstruction. SAGE\n\t<\/li>\n<\/ul>","protected":false},"excerpt":{"rendered":"<p>References Raudsepp, A. &amp; Hiiemaa, K. (2009). V\u00f5\u00f5ra kuvand Eesti ajaloos tr\u00fckis\u00f5na ja meedia n\u00e4itel [The image of the other in the history of Estonia on the examples of print and media]. [Online course]. dspace.ut.ee\/bitstream\/handle\/10062\/14247\/Kursuse_Voora_kuvand_materjal.pdf Berger, P. L. &amp; Luckmann, &#8230;<\/p>\n","protected":false},"author":240,"featured_media":0,"parent":146,"menu_order":0,"comment_status":"closed","ping_status":"closed","template":"","meta":{"_acf_changed":false,"inline_featured_image":false,"footnotes":""},"class_list":["post-149","page","type-page","status-publish","hentry"],"acf":[],"_links":{"self":[{"href":"https:\/\/sisu.ut.ee\/sensiclass\/wp-json\/wp\/v2\/pages\/149","targetHints":{"allow":["GET"]}}],"collection":[{"href":"https:\/\/sisu.ut.ee\/sensiclass\/wp-json\/wp\/v2\/pages"}],"about":[{"href":"https:\/\/sisu.ut.ee\/sensiclass\/wp-json\/wp\/v2\/types\/page"}],"author":[{"embeddable":true,"href":"https:\/\/sisu.ut.ee\/sensiclass\/wp-json\/wp\/v2\/users\/240"}],"replies":[{"embeddable":true,"href":"https:\/\/sisu.ut.ee\/sensiclass\/wp-json\/wp\/v2\/comments?post=149"}],"version-history":[{"count":4,"href":"https:\/\/sisu.ut.ee\/sensiclass\/wp-json\/wp\/v2\/pages\/149\/revisions"}],"predecessor-version":[{"id":2370,"href":"https:\/\/sisu.ut.ee\/sensiclass\/wp-json\/wp\/v2\/pages\/149\/revisions\/2370"}],"up":[{"embeddable":true,"href":"https:\/\/sisu.ut.ee\/sensiclass\/wp-json\/wp\/v2\/pages\/146"}],"wp:attachment":[{"href":"https:\/\/sisu.ut.ee\/sensiclass\/wp-json\/wp\/v2\/media?parent=149"}],"curies":[{"name":"wp","href":"https:\/\/api.w.org\/{rel}","templated":true}]}}