{"id":8,"date":"2024-04-04T09:12:33","date_gmt":"2024-04-04T06:12:33","guid":{"rendered":"https:\/\/sisu.ut.ee\/semteek\/andmebaas\/"},"modified":"2024-04-04T09:13:00","modified_gmt":"2024-04-04T06:13:00","slug":"andmebaas","status":"publish","type":"page","link":"https:\/\/sisu.ut.ee\/semteek\/andmebaas\/","title":{"rendered":"Andmebaas"},"content":{"rendered":"<p>\n\tAndmebaasis on kokku 36,125 eestikeelset s\u00f5na. <a data-url=\"https:\/\/link.springer.com\/article\/10.3758\/s13428-023-02257-4\" href=\"https:\/\/link.springer.com\/article\/10.3758\/s13428-023-02257-4\" target=\"_blank\" title=\"\" rel=\"noopener\">Loe siit nimekirja koostamise kohta<\/a>, et teada saada, miks l\u00e4ksid k\u00e4iku just need s\u00f5nad, kust nad p\u00e4rinevad ja millised v\u00e4lja j\u00e4id.\u00a0\n<\/p>\n<p>\n\tAndmebaasi saad kasutada kahel moel.\u00a0\n<\/p>\n<p>\n\t<a data-url=\"https:\/\/andmebaas.semteek.ee\" href=\"https:\/\/andmebaas.semteek.ee\" target=\"_blank\" title=\"\" rel=\"noopener\">Kasuta andmebaasi veebibrauseris<\/a>\u00a0\u2013 siitkaudu saad otsida nii \u00fcksikuid s\u00f5nu kui ka mitmeid korraga (komadega eraldatuna), n\u00e4ha iga s\u00f5na hinnanguid ja nende hinnangute standardh\u00e4lvet. Tulemusi saab eksportida nii csv kui xlsx failiformaadis.\n<\/p>\n<p>\n\t<a data-url=\"https:\/\/osf.io\/y4bn5\/\" href=\"https:\/\/osf.io\/y4bn5\/\" target=\"_blank\" title=\"\" rel=\"noopener\">Lae alla terve fail<\/a> \u2013 siit lehelt saad alla laadida csv faili, mis sisaldab k\u00f5iki hinnanguid k\u00f5igile s\u00f5nadele, s\u00f5naliiki, hinnangute arvu s\u00f5na kohta ja iga hinnangu standardh\u00e4lvet. Samuti n\u00e4ed, kuidas homon\u00fc\u00fcmseid s\u00f5nu katses eristati.\n<\/p>\n<p>\n\t\u00a0<\/p>\n","protected":false},"excerpt":{"rendered":"<p>Andmebaasis on kokku 36,125 eestikeelset s\u00f5na. Loe siit nimekirja koostamise kohta, et teada saada, miks l\u00e4ksid k\u00e4iku just need s\u00f5nad, kust nad p\u00e4rinevad ja millised v\u00e4lja j\u00e4id.\u00a0 Andmebaasi saad kasutada kahel moel.\u00a0 Kasuta andmebaasi veebibrauseris\u00a0\u2013 siitkaudu saad otsida nii \u00fcksikuid &#8230;<\/p>\n","protected":false},"author":333,"featured_media":0,"parent":0,"menu_order":0,"comment_status":"closed","ping_status":"closed","template":"","meta":{"_acf_changed":false,"inline_featured_image":false,"footnotes":""},"class_list":["post-8","page","type-page","status-publish","hentry"],"acf":[],"_links":{"self":[{"href":"https:\/\/sisu.ut.ee\/semteek\/wp-json\/wp\/v2\/pages\/8","targetHints":{"allow":["GET"]}}],"collection":[{"href":"https:\/\/sisu.ut.ee\/semteek\/wp-json\/wp\/v2\/pages"}],"about":[{"href":"https:\/\/sisu.ut.ee\/semteek\/wp-json\/wp\/v2\/types\/page"}],"author":[{"embeddable":true,"href":"https:\/\/sisu.ut.ee\/semteek\/wp-json\/wp\/v2\/users\/333"}],"replies":[{"embeddable":true,"href":"https:\/\/sisu.ut.ee\/semteek\/wp-json\/wp\/v2\/comments?post=8"}],"version-history":[{"count":1,"href":"https:\/\/sisu.ut.ee\/semteek\/wp-json\/wp\/v2\/pages\/8\/revisions"}],"predecessor-version":[{"id":30,"href":"https:\/\/sisu.ut.ee\/semteek\/wp-json\/wp\/v2\/pages\/8\/revisions\/30"}],"wp:attachment":[{"href":"https:\/\/sisu.ut.ee\/semteek\/wp-json\/wp\/v2\/media?parent=8"}],"curies":[{"name":"wp","href":"https:\/\/api.w.org\/{rel}","templated":true}]}}