{"id":6,"date":"2024-04-04T09:12:33","date_gmt":"2024-04-04T06:12:33","guid":{"rendered":"https:\/\/sisu.ut.ee\/semteek\/projektist\/"},"modified":"2024-04-04T09:12:59","modified_gmt":"2024-04-04T06:12:59","slug":"projektist","status":"publish","type":"page","link":"https:\/\/sisu.ut.ee\/semteek\/projektist\/","title":{"rendered":"Projektist"},"content":{"rendered":"<p>\n\t<b>Semteegi koostamine<\/b><br>K\u00f5ik Semteegis olevad hinnangud on kogunud Mariann Proos (Tartu \u00fclikool) ja Mari Aigro (Tartu \u00fclikool). Andmebaasi loomise algus j\u00e4\u00e4b 2020. aasta algusse, kui alustasime konkreetsushinnangute kogumisega. Materjalide ettevalmistamine ja katsekeskkonna loomine koos populaarteadusliku kodulehega j\u00f5udis l\u00f5pule 2021. aasta alguseks, mil viisime l\u00e4bi esimese sotsiaalmeedia kampaania, et kutsuda inimesi s\u00f5nade konkreetsust hindama. Sarnased kampaaniad kestsid pisut \u00fcle aasta, kuni 2022. aasta teises pooles saime andmestikule joone alla t\u00f5mmata ning katsekeskkonna kinni panna.\u00a02022. aasta teises pooles alustasime v\u00e4iksemale hulgale s\u00f5nadele taju- ja afektiivsushinnangute kogumist.\u00a0<\/p>\n<p>2021. aastal toetas projekti Eesti Haridus- ja Teadusministeerium, 2022. aastal p\u00e4lvis projekt aga rahastuse Kadri, Nikolai ja Gerda R\u00f5ugu nimelisest uurimisfondist.\u00a0<\/p>\n","protected":false},"excerpt":{"rendered":"<p>Semteegi koostamineK\u00f5ik Semteegis olevad hinnangud on kogunud Mariann Proos (Tartu \u00fclikool) ja Mari Aigro (Tartu \u00fclikool). Andmebaasi loomise algus j\u00e4\u00e4b 2020. aasta algusse, kui alustasime konkreetsushinnangute kogumisega. Materjalide ettevalmistamine ja katsekeskkonna loomine koos populaarteadusliku kodulehega j\u00f5udis l\u00f5pule 2021. aasta alguseks, &#8230;<\/p>\n","protected":false},"author":333,"featured_media":0,"parent":0,"menu_order":0,"comment_status":"closed","ping_status":"closed","template":"","meta":{"_acf_changed":false,"inline_featured_image":false,"footnotes":""},"class_list":["post-6","page","type-page","status-publish","hentry"],"acf":[],"_links":{"self":[{"href":"https:\/\/sisu.ut.ee\/semteek\/wp-json\/wp\/v2\/pages\/6","targetHints":{"allow":["GET"]}}],"collection":[{"href":"https:\/\/sisu.ut.ee\/semteek\/wp-json\/wp\/v2\/pages"}],"about":[{"href":"https:\/\/sisu.ut.ee\/semteek\/wp-json\/wp\/v2\/types\/page"}],"author":[{"embeddable":true,"href":"https:\/\/sisu.ut.ee\/semteek\/wp-json\/wp\/v2\/users\/333"}],"replies":[{"embeddable":true,"href":"https:\/\/sisu.ut.ee\/semteek\/wp-json\/wp\/v2\/comments?post=6"}],"version-history":[{"count":1,"href":"https:\/\/sisu.ut.ee\/semteek\/wp-json\/wp\/v2\/pages\/6\/revisions"}],"predecessor-version":[{"id":28,"href":"https:\/\/sisu.ut.ee\/semteek\/wp-json\/wp\/v2\/pages\/6\/revisions\/28"}],"wp:attachment":[{"href":"https:\/\/sisu.ut.ee\/semteek\/wp-json\/wp\/v2\/media?parent=6"}],"curies":[{"name":"wp","href":"https:\/\/api.w.org\/{rel}","templated":true}]}}