{"id":5,"date":"2024-04-04T09:12:33","date_gmt":"2024-04-04T06:12:33","guid":{"rendered":"https:\/\/sisu.ut.ee\/semteek\/kontakt\/"},"modified":"2024-04-04T09:12:59","modified_gmt":"2024-04-04T06:12:59","slug":"kontakt","status":"publish","type":"page","link":"https:\/\/sisu.ut.ee\/semteek\/kontakt\/","title":{"rendered":"Kontakt"},"content":{"rendered":"<p style=\"text-align: center\">\n\t<br><img loading=\"lazy\" decoding=\"async\" width=\"2560\" height=\"2560\" class=\"alignnone wp-image-11\" style=\"width: 278px;height: 278px\" src=\"https:\/\/sisu.ut.ee\/wp-content\/uploads\/sites\/674\/mari_circle_heledam_bw.png\" title=\"mari_circle_heledam_bw.png\" alt=\"pic\" srcset=\"https:\/\/sisu.ut.ee\/wp-content\/uploads\/sites\/674\/mari_circle_heledam_bw.png 2560w, https:\/\/sisu.ut.ee\/wp-content\/uploads\/sites\/674\/mari_circle_heledam_bw-300x300.png 300w, https:\/\/sisu.ut.ee\/wp-content\/uploads\/sites\/674\/mari_circle_heledam_bw-1024x1024.png 1024w, https:\/\/sisu.ut.ee\/wp-content\/uploads\/sites\/674\/mari_circle_heledam_bw-150x150.png 150w, https:\/\/sisu.ut.ee\/wp-content\/uploads\/sites\/674\/mari_circle_heledam_bw-768x768.png 768w, https:\/\/sisu.ut.ee\/wp-content\/uploads\/sites\/674\/mari_circle_heledam_bw-1536x1536.png 1536w, https:\/\/sisu.ut.ee\/wp-content\/uploads\/sites\/674\/mari_circle_heledam_bw-2048x2048.png 2048w, https:\/\/sisu.ut.ee\/wp-content\/uploads\/sites\/674\/mari_circle_heledam_bw-1920x1920.png 1920w\" sizes=\"auto, (max-width: 2560px) 100vw, 2560px\">\n<\/p>\n<p style=\"text-align: center\">\n\t<span style=\"font-family:Tahoma,Geneva,sans-serif\"><span style=\"font-size:20px\">Mari Aigro<\/span><\/span>\n<\/p>\n<p style=\"text-align: center\">\n\t<span style=\"font-family:Tahoma,Geneva,sans-serif\"><span style=\"font-size:20px\">Morfos\u00fcntaksi teadur, T\u00dc eesti ja \u00fcldkeeleteaduse instituut<\/span><\/span>\n<\/p>\n<p style=\"text-align: center\">\n\t<span style=\"font-family:Tahoma,Geneva,sans-serif\"><span style=\"font-size:20px\">mari.aigro@ut.ee<\/span><\/span>\n<\/p>\n<p style=\"text-align: center\">\n\t<span style=\"font-family:Tahoma,Geneva,sans-serif\"><span style=\"font-size:20px\">Jakobi 2-430, Tartu<\/span><\/span><\/p>\n","protected":false},"excerpt":{"rendered":"<p>Mari Aigro Morfos\u00fcntaksi teadur, T\u00dc eesti ja \u00fcldkeeleteaduse instituut mari.aigro@ut.ee Jakobi 2-430, Tartu<\/p>\n","protected":false},"author":333,"featured_media":0,"parent":0,"menu_order":0,"comment_status":"closed","ping_status":"closed","template":"","meta":{"_acf_changed":false,"inline_featured_image":false,"footnotes":""},"class_list":["post-5","page","type-page","status-publish","hentry"],"acf":[],"_links":{"self":[{"href":"https:\/\/sisu.ut.ee\/semteek\/wp-json\/wp\/v2\/pages\/5","targetHints":{"allow":["GET"]}}],"collection":[{"href":"https:\/\/sisu.ut.ee\/semteek\/wp-json\/wp\/v2\/pages"}],"about":[{"href":"https:\/\/sisu.ut.ee\/semteek\/wp-json\/wp\/v2\/types\/page"}],"author":[{"embeddable":true,"href":"https:\/\/sisu.ut.ee\/semteek\/wp-json\/wp\/v2\/users\/333"}],"replies":[{"embeddable":true,"href":"https:\/\/sisu.ut.ee\/semteek\/wp-json\/wp\/v2\/comments?post=5"}],"version-history":[{"count":1,"href":"https:\/\/sisu.ut.ee\/semteek\/wp-json\/wp\/v2\/pages\/5\/revisions"}],"predecessor-version":[{"id":27,"href":"https:\/\/sisu.ut.ee\/semteek\/wp-json\/wp\/v2\/pages\/5\/revisions\/27"}],"wp:attachment":[{"href":"https:\/\/sisu.ut.ee\/semteek\/wp-json\/wp\/v2\/media?parent=5"}],"curies":[{"name":"wp","href":"https:\/\/api.w.org\/{rel}","templated":true}]}}