{"id":4,"date":"2024-04-04T09:12:33","date_gmt":"2024-04-04T06:12:33","guid":{"rendered":"https:\/\/sisu.ut.ee\/semteek\/tajuhinnangud\/"},"modified":"2024-04-04T09:12:59","modified_gmt":"2024-04-04T06:12:59","slug":"tajuhinnangud","status":"publish","type":"page","link":"https:\/\/sisu.ut.ee\/semteek\/tajuhinnangud\/","title":{"rendered":"Tajuhinnangud"},"content":{"rendered":"<h3>\n\t<span style=\"font-family:Tahoma,Geneva,sans-serif\"><b>Mis need on?<\/b><\/span><br>\u00a0<br>\n<\/h3>\n<p>\n\t<span style=\"font-family:Tahoma,Geneva,sans-serif\">Tajuhinnang (ka modaalsushinnang, ingl k <i>modality exclusivity rating<\/i>) on hinnang sellele, kui tugevalt on v\u00f5imalik m\u00f5istet l\u00e4bi eri meelte tajuda (n\u00e4gemine, kuulmine, kompimine, haistmine, maitsmine). N\u00e4iteks see loom, mida t\u00e4histab m\u00f5iste <em>koer<\/em>, v\u00f5ib olla k\u00f5ige rohkem tajutavam l\u00e4bi n\u00e4gemismeele, kuid ka kompimine, kuulmine ja haistmine on olulisel kohal. Maitsmine pole aga selle kontepti puhul kuigi oluline. Samas n\u00e4iteks <em>banaan<\/em> on lisaks n\u00e4gemismeelele tugevalt seotud ka maitsmis-, kompamis- ja haistmismeelega, v\u00e4hem v\u00f5i \u00fcldse mitte aga kuulmismeelega.<\/span><\/p>\n<p>Tajuhinnanguid on kogutud paljudes keeltes: ingliskeelsetele omaduss\u00f5nad ja nimis\u00f5nad (Lynott &amp; Connell, 2009, 2013) ja nende paarid (van Dantzig et al., 2011), itaaliakeelsed omaduss\u00f5nad (Morucci et al., 2019), mandariinikeelsed s\u00f5nad (Chen et al., 2019), hollandikeelsed nimis\u00f5nad (Speed &amp; Majid, 2017) ning prantsuskeelsed nimis\u00f5nad (Miceli et al., 2021). Tajuhinnanguid eestikeelsetele s\u00f5nadele kogutud ei ole.\n<\/p>\n<p>\n\t\u00a0\n<\/p>\n<h3>\n\t<strong><span style=\"font-family:Tahoma,Geneva,sans-serif\">Miks me neid vajame?<\/span><\/strong><br>\n<\/h3>\n<p>\n\txxxxx\n<\/p>\n<p>\n\t\u00a0<\/p>\n","protected":false},"excerpt":{"rendered":"<p>Mis need on?\u00a0 Tajuhinnang (ka modaalsushinnang, ingl k modality exclusivity rating) on hinnang sellele, kui tugevalt on v\u00f5imalik m\u00f5istet l\u00e4bi eri meelte tajuda (n\u00e4gemine, kuulmine, kompimine, haistmine, maitsmine). N\u00e4iteks see loom, mida t\u00e4histab m\u00f5iste koer, v\u00f5ib olla k\u00f5ige rohkem tajutavam &#8230;<\/p>\n","protected":false},"author":333,"featured_media":0,"parent":0,"menu_order":0,"comment_status":"closed","ping_status":"closed","template":"","meta":{"_acf_changed":false,"inline_featured_image":false,"footnotes":""},"class_list":["post-4","page","type-page","status-publish","hentry"],"acf":[],"_links":{"self":[{"href":"https:\/\/sisu.ut.ee\/semteek\/wp-json\/wp\/v2\/pages\/4","targetHints":{"allow":["GET"]}}],"collection":[{"href":"https:\/\/sisu.ut.ee\/semteek\/wp-json\/wp\/v2\/pages"}],"about":[{"href":"https:\/\/sisu.ut.ee\/semteek\/wp-json\/wp\/v2\/types\/page"}],"author":[{"embeddable":true,"href":"https:\/\/sisu.ut.ee\/semteek\/wp-json\/wp\/v2\/users\/333"}],"replies":[{"embeddable":true,"href":"https:\/\/sisu.ut.ee\/semteek\/wp-json\/wp\/v2\/comments?post=4"}],"version-history":[{"count":1,"href":"https:\/\/sisu.ut.ee\/semteek\/wp-json\/wp\/v2\/pages\/4\/revisions"}],"predecessor-version":[{"id":26,"href":"https:\/\/sisu.ut.ee\/semteek\/wp-json\/wp\/v2\/pages\/4\/revisions\/26"}],"wp:attachment":[{"href":"https:\/\/sisu.ut.ee\/semteek\/wp-json\/wp\/v2\/media?parent=4"}],"curies":[{"name":"wp","href":"https:\/\/api.w.org\/{rel}","templated":true}]}}