{"id":18,"date":"2024-04-04T05:43:13","date_gmt":"2024-04-04T02:43:13","guid":{"rendered":"https:\/\/sisu.ut.ee\/selfdetermination\/publications-0\/"},"modified":"2024-12-03T13:47:41","modified_gmt":"2024-12-03T11:47:41","slug":"publications-0","status":"publish","type":"page","link":"https:\/\/sisu.ut.ee\/selfdetermination\/publications-0\/","title":{"rendered":"Publications"},"content":{"rendered":"<div class=\"block-content content\">\n<article id=\"node-26427\" class=\"node node-page article clearfix\" role=\"article\">\n<div class=\"node-content\">\n<div class=\"field field-name-body field-type-text-with-summary field-label-hidden view-mode-full\">\n<div class=\"field-items\">\n<div class=\"field-item even\">\n<h4>\u00a0<\/h4>\n<\/div>\n<\/div>\n<\/div>\n<div class=\"field field-name-body field-type-text-with-summary field-label-hidden view-mode-full\">\n<div class=\"field-items\">\n<div class=\"field-item even\">\n<p><span style=\"text-decoration: underline;\"><strong>2024<\/strong><\/span><\/p>\n<p><strong>Oliver Rowe<\/strong><\/p>\n<ul>\n<li>\n<div class=\"x_elementToProof\" data-olk-copy-source=\"MessageBody\">Rowe, O. (2024) <i>For a United Russia<\/i>? The White Movement\u2019s Rejection of National Self-Determination, 1918-1920\u2032,\u00a0<i>The Russian Review<\/i>, Vol. 83, No. 4, 577-594. <a id=\"OWAf12faf41-6dff-a7c4-d65a-477b9f76025e\" class=\"x_epub-doi x_OWAAutoLink\" title=\"https:\/\/doi.org\/10.1111\/russ.12668\" href=\"https:\/\/doi.org\/10.1111\/russ.12668\" target=\"_blank\" rel=\"noopener noreferrer\" data-auth=\"NotApplicable\" data-linkindex=\"0\">https:\/\/doi.org\/10.1111\/russ.12668<\/a><\/div>\n<\/li>\n<li>\n<div class=\"x_elementToProof\" data-olk-copy-source=\"MessageBody\"><a id=\"OWAf12faf41-6dff-a7c4-d65a-477b9f76025e\" class=\"x_epub-doi x_OWAAutoLink\" title=\"https:\/\/doi.org\/10.1111\/russ.12668\" href=\"https:\/\/doi.org\/10.1111\/russ.12668\" target=\"_blank\" rel=\"noopener noreferrer\" data-auth=\"NotApplicable\" data-linkindex=\"0\"><\/a>Rowe, O. (2024) \u2018From Self-determination to Secession? The Bolsheviks and National Self-determination, 1914-1924\u2019, <i>Revolutionary Russia<\/i>, Vol. 37, No. 1, 16-38. <a id=\"OWAe5096831-a991-0ca0-5d38-632eb16b9b71\" class=\"x_OWAAutoLink\" title=\"https:\/\/doi.org\/10.1080\/09546545.2024.2356964\" href=\"https:\/\/doi.org\/10.1080\/09546545.2024.2356964\" target=\"_blank\" rel=\"noopener noreferrer\" data-auth=\"NotApplicable\" data-linkindex=\"1\">https:\/\/doi.org\/10.1080\/09546545.2024.2356964<\/a><\/div>\n<\/li>\n<li>\n<div class=\"x_elementToProof\" data-olk-copy-source=\"MessageBody\"><a id=\"OWAe5096831-a991-0ca0-5d38-632eb16b9b71\" class=\"x_OWAAutoLink\" title=\"https:\/\/doi.org\/10.1080\/09546545.2024.2356964\" href=\"https:\/\/doi.org\/10.1080\/09546545.2024.2356964\" target=\"_blank\" rel=\"noopener noreferrer\" data-auth=\"NotApplicable\" data-linkindex=\"1\"><\/a>Rowe, O. (2024) \u2018The Bloomsbury Handbook of the Russian Revolution\u2019 (critical book review), <i>Europe-Asia Studies<\/i>, Vol. 76, No. 8, 1312\u20131314. <a title=\"https:\/\/doi.org\/10.1080\/09668136.2024.2393016\" href=\"https:\/\/doi.org\/10.1080\/09668136.2024.2393016\" target=\"_blank\" rel=\"noopener noreferrer\" data-auth=\"NotApplicable\" data-linkindex=\"2\">https:\/\/doi.org\/10.1080\/09668136.2024.2393016<\/a><\/div>\n<\/li>\n<\/ul>\n<div>\n<h4><span style=\"font-size: 16px;\"><u><strong>2023<\/strong><\/u><\/span><\/h4>\n<div><span style=\"font-size: 15px;\"><strong>Eva Piirim\u00e4e<\/strong><\/span><\/div>\n<ul>\n<li><span style=\"font-size: 15px;\">Piirim\u00e4e, E<em>. <\/em>(2023)<em> Herder and Enlightenment Politics<\/em> (Ideas in Context series; Cambridge: Cambridge University Press).<\/span><\/li>\n<li><span style=\"font-size: 15px;\">Piirim\u00e4e, E. (2023) Herder on the Self-Determination of Peoples. <em>Review of Politics\u00a0<\/em>85, 514\u2013537.<\/span><\/li>\n<li><span style=\"font-size: 15px;\">Piirim\u00e4e, E. (2023) Saates\u00f5na: k\u00f5nelused omas ajas ja \u00fcle aja.<em> Akadeemia<\/em>\u00a0nr. 8,\u00a046\u221273.<\/span><\/li>\n<\/ul>\n<span style=\"font-size: 15px;\"><strong><span style=\"line-height: normal;\">Juhan Saharov<\/span><\/strong><\/span><\/div>\n<ul>\n<li><span style=\"font-size: 15px;\"><span style=\"line-height: 115%;\"><span style=\"line-height: 115%;\">Saharov, J (2022) Eesti perestroika keeled. <\/span><i><span style=\"line-height: 115%;\">Acta Historica Tallinnensia<\/span><\/i><span style=\"line-height: 115%;\">. Vol. 29, Issue 1, 93\u2013127. <\/span><a href=\"https:\/\/kirj.ee\/acta-publications\/?filter%5byear%5d=2023&amp;filter%5bissue%5d=1465&amp;filter%5bpublication%5d=12548\"><span style=\"color: #000000;\"><span style=\"line-height: 115%;\">https:\/\/doi.org\/10.3176\/hist.2023.1.04<\/span><\/span><\/a><\/span><\/span><\/li>\n<li><span style=\"font-size: 15px;\"><span style=\"line-height: 115%;\">Saharov, J, <span style=\"line-height: 115%;\">Dementavi\u010dius, J. [ilmumas]. The Languages of Transition in the Soviet Republics:Interpreting Perestroikain Estonia and Lithuania in 1985\u201389. <em>Transitions. Comparative and Transnational European Perspectives on the History of a Political Concept.<\/em> Eds. Agust\u00edn Cosovschi and Pablo Sanchez Le\u00f3n. Berghahn Books. <\/span><\/span><\/span><\/li>\n<\/ul>\n<div><span style=\"font-size: 15px;\"><strong>Kaarel Piirim\u00e4e<\/strong><\/span><\/div>\n<ul>\n<li><span style=\"font-size: 15px;\"><span style=\"line-height: 115%;\"><span style=\"line-height: 115%;\">Piirim\u00e4e, K. (2023) Contributions of the Baltic Independence Campaigns to Soviet Collapse. <em>Understanding the Baltic States: Estonia, Latvia and Lithuania Since 1991<\/em>. Ed. Charles Clarke. London: Hurst.<\/span><\/span><\/span><\/li>\n<li><span style=\"font-size: 15px;\">Piirim\u00e4e, K. (2023). Strategic uses of nationalism and ethnic conflict: interest and identity in Russia and the post-Soviet space. <em>Journal of Baltic Studies<\/em>, 54 (4), 863\u2212865. DOI: 10.1080\/01629778.2023.2265220 <\/span><\/li>\n<li><span style=\"font-size: 15px;\">Kop\u00f5tin, I. Piirim\u00e4e K. (2023). The Modern History of the Estonian War of Independence or How Military History is Written in Estonia. <em>Forschungen zur baltischen Geschichte<\/em>, 17 (2022), 188\u2212199. DOI: 10.30965\/9783657790364_010.<\/span><\/li>\n<\/ul>\n<div><span style=\"font-size: 15px;\"><strong><span style=\"line-height: 115%;\"><span style=\"line-height: 115%;\">Hent Kalmo<\/span><\/span><\/strong><\/span><\/div>\n<ul>\n<li><span style=\"font-size: 15px;\">Kalmo, H (2023) K\u00fclm s\u00f5da Narva j\u00f5el. Sirp 2023, 26.05. <\/span><\/li>\n<li><span style=\"font-size: 15px;\">Kalmo, H. (2023) Kas lapse saamine on ainult eraasi. <em>M\u00fc\u00fcrileht<\/em>, 2023, 13.09.<\/span><\/li>\n<\/ul>\n<h4><span style=\"font-size: 16px;\"><u><b>2022<\/b><\/u><\/span><\/h4>\n<p style=\"margin-bottom: .0001pt;\"><span style=\"font-size: 15px;\"><strong>Kadi K\u00e4h\u00e4r-Peterson<\/strong><\/span><\/p>\n<ul>\n<li style=\"margin-bottom: 0.0001pt;\"><span style=\"font-size: 15px;\">Garlieb Merkel\u2019s Plans for a History of Humanity\u201d, in: M\u0101ra Grudule (ed.). <em>Zum 250. Geburtstag von Garlieb Merkel. Beitr\u00e4ge und Ausstellungskatalog. R\u012bga: Latvijas Nacion\u0101l\u0101 bibliot\u0113ka<\/em>. (Schriftenreihe der Nationalbibliothek Lettlands \/ Latvijas Nacion\u0101l\u0101s bibliot\u0113kas Zin\u0101tniskie raksti ; XXVII) [2022].<\/span><\/li>\n<\/ul>\n<p style=\"margin-bottom: .0001pt;\"><span style=\"font-size: 15px;\"><strong>Eva Piirim\u00e4e<\/strong><\/span><\/p>\n<ul>\n<li style=\"margin-bottom: 0.0001pt;\"><span style=\"font-size: 15px;\">Rahvusriik ja \u201cliberaalne rahvusvaheline kord.\u00a0<em>Vikerkaar,<\/em>\u00a04-5 (2022), 124-138.<\/span><\/li>\n<li style=\"margin-bottom: 0.0001pt;\"><span style=\"font-size: 15px;\">Afterword: Self-Determination and Recognition in the Baltic States, 1917\u22121922. <em>Acta Historica Tallinnensia<\/em>, 28 (2) 2022, 330\u2212352. DOI: 10.3176\/hist.2022.2.06.<\/span><\/li>\n<li style=\"margin-bottom: 0.0001pt;\"><span style=\"font-size: 15px;\">Piirim\u00e4e, E; Heinz, M. (2022) Johann Gottfried Herder<em>. Springer Encyclopedia for the Philosophy of Law and Social Philosophy<\/em> (Dordrecht: Springer).<\/span><\/li>\n<\/ul>\n<p style=\"margin-bottom: .0001pt;\"><span style=\"font-size: 15px;\"><strong>Kaarel Piirim\u00e4e<\/strong><\/span><\/p>\n<ul>\n<li style=\"margin-bottom: 0.0001pt;\"><span style=\"font-size: 15px;\">Spohr, K; Piirimae, K. (2022). With or without Russia? The Boris, Bill and Helmut Bromance and the Harsh Realities of Securing Europe in the Post-Wall World, 1990-1994. <em>Diplomacy and Statecraft<\/em>, 33 (1), 158\u2212193. DOI: <a href=\"http:\/\/dx.doi.org\/10.1080\/09592296.2022.2041816\" target=\"_blank\" rel=\"noopener\">10.1080\/09592296.2022.2041816<\/a>.<\/span><\/li>\n<li style=\"margin-bottom: 0.0001pt;\"><span style=\"font-size: 15px;\">Kuldkepp, M. Piirim\u00e4e, K. Aunesluoma, J. (2022). \u201cBaltic crisis: Nordic and Baltic countries during the end stage of the Cold War,\u201d <em>Scandinavian Journal of History<\/em>, 1\u22129. DOI: <a href=\"https:\/\/doi.org\/10.1080\/03468755.2022.2025896\" target=\"_blank\" rel=\"noopener\"><span style=\"color: #000000;\">10.1080\/03468755.2022.2025896<\/span><\/a><span style=\"color: #000000;\">. <\/span><\/span><\/li>\n<\/ul>\n<p style=\"margin-bottom: .0001pt;\"><span style=\"font-size: 15px;\"><strong>Juhan Saharov<\/strong><\/span><\/p>\n<ul>\n<li style=\"margin-bottom: 0.0001pt;\"><span style=\"font-size: 15px;\"><span style=\"line-height: 115%;\"><span style=\"line-height: 115%;\">Saharov, J. (2022). From Future Scenarios to Sovereignty Declarations: Estonian Cyberspeak and the Breakup of the Soviet Union. <\/span><i><span style=\"line-height: 115%;\">Europe-Asia Studies. <\/span><\/i><span style=\"line-height: 115%;\">Vol. 74, Issue 5, 809\u2013831. <u><a href=\"https:\/\/doi.org\/10.1080\/09668136.2022.2035320\"><span style=\"color: #000000;\">https:\/\/doi.org\/10.1080\/09668136.2022.203532<\/span><\/a><span style=\"color: #000000;\">0<\/span><\/u><\/span><\/span><\/span><\/li>\n<li style=\"margin-bottom: 0.0001pt;\"><span style=\"font-size: 15px;\">Saharov, J. (2022). Tulevikustsenaariumide ajastu: ENSV 1987. <em>Vikerkaar<\/em>, 12, 89\u2212107.<\/span><\/li>\n<\/ul>\n<p style=\"margin-bottom: .0001pt;\"><span style=\"font-size: 15px;\"><strong><span style=\"line-height: 115%;\"><span style=\"line-height: 115%;\">Hent Kalmo<\/span><\/span><\/strong><\/span><\/p>\n<ul>\n<li style=\"margin-bottom: 0.0001pt;\"><span style=\"font-size: 15px;\">Kalmo, H. (2022) Eesti ajalugu kui m\u00fc\u00fct: vaatenurga probleem. <span style=\"line-height: 115%;\"><span style=\"line-height: 115%;\">\u2013<\/span><\/span><em>Acta Historica Tallinnensia<\/em>, 28\/1, 136-184. <a href=\"https:\/\/doi.org\/10.3176\/hist.2022.1.06\">https:\/\/doi.org\/10.3176\/hist.2022.1.06<\/a><\/span><\/li>\n<li style=\"margin-bottom: 0.0001pt;\"><span style=\"font-size: 15px;\">Armas ja kaunis on surra isamaa eest. <em>Vikerkaar<\/em> 2022, nr 12.<\/span><\/li>\n<\/ul>\n<h4 style=\"margin-bottom: 0.0001pt;\"><span style=\"font-size: 16px;\"><strong><u>2021<\/u><\/strong><\/span><\/h4>\n<p style=\"margin-bottom: .0001pt;\"><span style=\"font-size: 15px;\"><strong>Hent Kalmo<\/strong><\/span><\/p>\n<ul>\n<li style=\"margin-bottom: 0.0001pt;\"><span style=\"font-size: 15px;\">\u201cKadrioru aednik. Konstantin P\u00e4ts ja autoritaarne karakter\u201d, <i>Vikerkaar<\/i>, 2021, 3. <a title=\"\" href=\"https:\/\/aednik.vikerkaar.ee\/\" target=\"_blank\" rel=\"noopener\" data-url=\"https:\/\/aednik.vikerkaar.ee\/\">https:\/\/aednik.vikerkaar.ee\/<\/a><\/span><\/li>\n<li><span style=\"font-size: 15px;\">\u201cTartu rahulepingu artikkel II: ajalugu ja t\u00e4nap\u00e4ev\u201d, <i>Riigi\u00f5iguse aastaraamat<\/i>, 2021.<\/span><\/li>\n<li><span style=\"font-size: 15px;\">\u201cV\u00e4\u00e4rtuskonfliktud: kuhu me oleme sattunud?\u201d, <i>Vikerkaar<\/i>, 2021, 10. <a title=\"\" href=\"http:\/\/www.vikerkaar.ee\/archives\/27519\" target=\"_blank\" rel=\"noopener\" data-url=\"http:\/\/www.vikerkaar.ee\/archives\/27519\">http:\/\/www.vikerkaar.ee\/archives\/27519<\/a><\/span><\/li>\n<\/ul>\n<p style=\"margin-bottom: .0001pt;\"><span style=\"font-size: 15px;\"><strong>Kadi K\u00e4h\u00e4r-Peterson<\/strong><\/span><\/p>\n<ul>\n<li style=\"margin-bottom: 0.0001pt;\"><span style=\"font-size: 15px;\">\u201eSage mir [\u2026] welches ist denn eigentlich Dein Fach?\u201c Untangling Garlieb Merkel\u2019s Persona through his Various Forms of Expression\u201d, in: Liina Lukas, Silke Pasewalck, Vinzenz Hoppe, Kaspar Renner (Ed.). <em>Medien der Aufkl\u00e4rung \u2013 Aufkl\u00e4rung der Medien. Die baltische Aufkl\u00e4rung im europ\u00e4ischen Kontext <\/em>(207\u2212226). De Gruyter Oldenbourg. (Schriften des Bundesinstituts f\u00fcr Kultur und Geschichte der Deutschen im \u00f6stlichen Europa). DOI: <a href=\"https:\/\/doi.org\/10.1515\/9783110774399-012\" target=\"_blank\" rel=\"noopener\">10.1515\/9783110774399-012<\/a>.<\/span><\/li>\n<\/ul>\n<p style=\"margin-bottom: .0001pt;\"><span style=\"font-size: 15px;\"><span style=\"line-height: normal;\"><b>Juhan Saharov<\/b><\/span><\/span><\/p>\n<ul>\n<li style=\"margin-bottom: 0.0001pt;\"><span style=\"font-size: 15px;\"><span style=\"line-height: normal;\">\u201cFrom an Economic Term to a Political Concept: The Conceptual History of \u201cSelf-Management\u201d in\u00a0 Soviet Estonia\u201d, <i>Contributions to the History of Concepts<\/i><em>,\u00a0<\/em>Vol. 16, Issue 1 (2021),116\u2013140. DOI:\u00a0 <a href=\"https:\/\/doi.org\/10.3167\/choc.2021.160106\"><span style=\"color: blue;\">https:\/\/doi.org\/10.3167\/choc.2021.160106<\/span><\/a><\/span><\/span><\/li>\n<li style=\"margin-bottom: 0.0001pt;\"><span style=\"font-size: 15px;\"><span style=\"line-height: normal;\">\u00a0\u201cCombining Laclauian Discourse Analysis and Framing Theory: V\u00e1clav Havel\u2019s \u2018Hegemonic\u00a0 Rhetoric\u2019\u00a0 in Charter 77\u2019, <i>Politologick\u00fd \u010dasopis \u2013 Czech Journal of Political Science<\/i>. Issue 2 (2021), 186-203.<\/span><\/span><\/li>\n<li style=\"margin-bottom: 0.0001pt;\"><span style=\"font-size: 15px;\">\u201cIsemajandamisest suver\u00e4\u00e4nsusesse: m\u00f5istete revolutsioon Eesti NSVs 1987\u201388\u201d. <em>\u00d5petatud Eesti Seltsi aastaraamat 2021<\/em>. 155\u2212174. \u00d5petatud Eesti Selts. <\/span><\/li>\n<\/ul>\n<p style=\"margin-bottom: .0001pt;\"><span style=\"font-size: 15px;\"><span style=\"line-height: normal;\"><strong>Kaarel Piirim\u00e4e<\/strong><\/span><\/span><\/p>\n<ul>\n<li style=\"margin-bottom: 0.0001pt;\"><span style=\"font-size: 15px;\">\u201cEstonia \u201chas not time\u201d: Existential Politics at the End of Empire. <em>Connexe les espaces postcommunistes en question(s)<\/em>, 2021, 6, 21\u221250. DOI: <a href=\"https:\/\/doi.org\/10.5077\/journals\/connexe.2020.e334\" target=\"_blank\" rel=\"noopener\">10.5077\/journals\/connexe.2020.e334<\/a><\/span><\/li>\n<li style=\"margin-bottom: 0.0001pt;\"><span style=\"font-size: 15px;\">\u201cBaltikum k\u00fclma s\u00f5ja taustal\u201d. <em>Eesti s\u00f5jaajalugu. Valitud peat\u00fckke Vabaduss\u00f5jast t\u00e4nap\u00e4evani<\/em> (415\u2212426). Tartu \u00dclikooli Kirjastus. <\/span><\/li>\n<\/ul>\n<h4 style=\"margin-bottom: 0.0001pt;\"><span style=\"font-size: 15px;\"><u><strong><span style=\"line-height: normal;\">2020<\/span><\/strong><\/u><\/span><\/h4>\n<p style=\"margin-bottom: .0001pt;\"><span style=\"font-size: 15px;\"><strong><span style=\"line-height: normal;\">Eva Piirim\u00e4e<\/span><\/strong><\/span><\/p>\n<ul>\n<li style=\"margin-bottom: 0.0001pt;\"><span style=\"font-size: 15px;\">Eva Piirim\u00e4e, Liina Lukas, Johannes Schmidt. <em>Herder on Empathy and Sympathy. Einf\u00fchlung und Sympathie im Denken Herders<\/em> (Leiden: Brill, 2020) DOI: <a href=\"http:\/\/doi.org\/10.1163\/9789004426870\" target=\"_blank\" rel=\"noopener\">10.1163\/9789004426870<\/a>. <\/span><\/li>\n<li style=\"margin-bottom: 0.0001pt;\"><span style=\"font-size: 15px;\"><span style=\"line-height: normal;\">\u2018Introduction. Stoicism, Historicism and Contemporary Perspectives,\u2019 in <i>Herder on Empathy and Sympathy \/ Einf\u00fchlung und Sympathie im Denken Herders, <\/i><em>Brill Studies in Intellectual History<\/em>, vol. 311 (Leiden: Brill, 2020). <\/span><a title=\"https:\/\/brill.com\/view\/title\/57200\" href=\"https:\/\/brill.com\/view\/title\/57200\" target=\"_blank\" rel=\"noopener\">https:\/\/brill.com\/view\/title\/57200<\/a><\/span><\/li>\n<li style=\"margin-bottom: 0.0001pt;\"><span style=\"font-size: 15px;\"><span style=\"line-height: normal;\">\u00a0\u2018Human Rights and their Realisation in the World: Herder\u2019s Debate with Kant\u2019, in <i>Passions, Politics and the Limits of Society<\/i>, ed. Heikki Haara, Koen Stapelbroek and Mikko Immanen (<i>Helsinki Yearbook of Intellectual History<\/i>, vol. 1) (Berlin: DeGruyter, 2020), 47-74. <a href=\"https:\/\/www.degruyter.com\/view\/book\/9783110679861\/10.1515\/9783110679861-004.xml?rskey=fxpUxo&amp;result=10\" target=\"_blank\" rel=\"noopener\"><span style=\"color: blue;\">https:\/\/www.degruyter.com\/view\/book\/9783110679861\/10.1515\/9783110679861-004.xml?rskey=fxpUxo&amp;result=10<\/span><\/a><\/span><\/span><\/li>\n<\/ul>\n<p style=\"margin-bottom: .0001pt;\"><span style=\"font-size: 15px;\"><span style=\"line-height: normal;\"><b>Kaarel Piirim\u00e4e<\/b><\/span><\/span><\/p>\n<ul>\n<li style=\"margin-bottom: 0.0001pt;\"><span style=\"font-size: 15px;\"><span style=\"line-height: normal;\">\u2018From an \u2018Army of Historians\u2019 to an \u2018Army of Professionals\u2019: History and the Strategic Culture in Estonia. <i>Scandinavian Journal of Military Studies<\/i>, 3 (1) (2020), 100\u2013113. DOI: <a href=\"http:\/\/doi.org\/10.31374\/sjms.37\"><span style=\"color: blue;\">http:\/\/doi.org\/10.31374\/sjms.37<\/span><\/a><\/span><\/span><\/li>\n<li style=\"margin-bottom: 0.0001pt;\"><span style=\"font-size: 15px;\"><span style=\"line-height: normal;\">\u2018Gorbachev\u2019s new thinking and how its interaction with perestroika in the republics catalysed the Soviet collapse\u2019, <i>Scandinavian Journal of History<\/i> (2020), <a href=\"https:\/\/doi.org\/10.1080\/03468755.2020.1784268\"><span style=\"color: blue;\">https:\/\/doi.org\/10.1080\/03468755.2020.1784268<\/span><\/a><\/span><\/span><\/li>\n<li style=\"margin-bottom: 0.0001pt;\"><span style=\"font-size: 15px;\"><span style=\"line-height: normal;\"><i>Sama h\u00e4sti kui venelaste maa<\/i>. <i>Roosevelt, Churchill ja Stalin ning Balti k\u00fcsimus Teises maailmas\u00f5jas <\/i>(Argo, 2020).<a href=\"https:\/\/argokirjastus.ee\/toode\/sama-hasti-kui-venelaste-maa-roosevelt-churchill-ja-stalin-ning-balti-kusimus-teises-maailmasojas\/\"><span style=\"color: blue;\">https:\/\/argokirjastus.ee\/toode\/sama-hasti-kui-venelaste-maa-roosevelt-churchill-ja-stalin-ning-balti-kusimus-teises-maailmasojas\/<\/span><\/a><\/span><\/span><\/li>\n<li style=\"margin-bottom: 0.0001pt;\"><span style=\"font-size: 15px;\">The Peace Treaty of Tartu: The Post-Colonial Situation 100 Years Later. <em>Ajalooline Ajakiri <\/em>(The Estonian Historical Journal, 173 (3-4), 189\u2212196. <a href=\"https:\/\/doi.org\/10.12697\/AA.2020.3-4.01\">https:\/\/doi.org\/10.12697\/AA.2020.3-4.01<\/a><\/span><\/li>\n<\/ul>\n<p style=\"margin-bottom: .0001pt;\"><span style=\"font-size: 15px;\"><span style=\"line-height: normal;\"><b>Hent Kalmo<\/b><\/span><\/span><\/p>\n<ul>\n<li style=\"margin-bottom: 0.0001pt;\"><span style=\"font-size: 15px;\"><span style=\"line-height: 115%;\">\u2018Tartu rahu ja ajaloo \u00f5ppetunnid\u2019, <i>Sirp<\/i>, 24.01.2020. <a href=\"https:\/\/www.sirp.ee\/s1-artiklid\/c9-sotsiaalia\/tartu-rahu-ja-ajaloo-oppetunnid\/\"><span style=\"color: blue;\">https:\/\/www.sirp.ee\/s1-artiklid\/c9-sotsiaalia\/tartu-rahu-ja-ajaloo-oppetunnid\/<\/span><\/a><\/span><\/span><\/li>\n<li style=\"margin-bottom: 0.0001pt;\"><span style=\"font-size: 15px;\">\u2018Enesem\u00e4\u00e4ramise paleus ja pragmaatika\u2019, <em>Ajalooline Ajakiri <\/em>(The Estonian Historical Journal, 173 (3-4), 243\u2212301. <a title=\"\" href=\"https:\/\/ojs.utlib.ee\/index.php\/EAA\/article\/view\/18296\" target=\"_blank\" rel=\"noopener\" data-url=\"https:\/\/ojs.utlib.ee\/index.php\/EAA\/article\/view\/18296\">https:\/\/ojs.utlib.ee\/index.php\/EAA\/article\/view\/18296<\/a><\/span><\/li>\n<\/ul>\n<\/div>\n<\/div>\n<\/div>\n<\/div>\n<\/article>\n<\/div>\n\n\n\n<p>\u00a0<\/p>\n","protected":false},"excerpt":{"rendered":"<p>\u00a0 2024 Oliver Rowe Rowe, O. (2024) For a United Russia? The White Movement\u2019s Rejection of National Self-Determination, 1918-1920\u2032,\u00a0The Russian Review, Vol. 83, No. 4, 577-594. https:\/\/doi.org\/10.1111\/russ.12668 Rowe, O. (2024) \u2018From Self-determination to Secession? The Bolsheviks and National Self-determination, 1914-1924\u2019, &#8230;<\/p>\n","protected":false},"author":212,"featured_media":0,"parent":0,"menu_order":0,"comment_status":"closed","ping_status":"closed","template":"","meta":{"_acf_changed":false,"inline_featured_image":false,"footnotes":""},"class_list":["post-18","page","type-page","status-publish","hentry"],"acf":[],"_links":{"self":[{"href":"https:\/\/sisu.ut.ee\/selfdetermination\/wp-json\/wp\/v2\/pages\/18","targetHints":{"allow":["GET"]}}],"collection":[{"href":"https:\/\/sisu.ut.ee\/selfdetermination\/wp-json\/wp\/v2\/pages"}],"about":[{"href":"https:\/\/sisu.ut.ee\/selfdetermination\/wp-json\/wp\/v2\/types\/page"}],"author":[{"embeddable":true,"href":"https:\/\/sisu.ut.ee\/selfdetermination\/wp-json\/wp\/v2\/users\/212"}],"replies":[{"embeddable":true,"href":"https:\/\/sisu.ut.ee\/selfdetermination\/wp-json\/wp\/v2\/comments?post=18"}],"version-history":[{"count":4,"href":"https:\/\/sisu.ut.ee\/selfdetermination\/wp-json\/wp\/v2\/pages\/18\/revisions"}],"predecessor-version":[{"id":387,"href":"https:\/\/sisu.ut.ee\/selfdetermination\/wp-json\/wp\/v2\/pages\/18\/revisions\/387"}],"wp:attachment":[{"href":"https:\/\/sisu.ut.ee\/selfdetermination\/wp-json\/wp\/v2\/media?parent=18"}],"curies":[{"name":"wp","href":"https:\/\/api.w.org\/{rel}","templated":true}]}}