{"id":13,"date":"2024-04-04T05:43:12","date_gmt":"2024-04-04T02:43:12","guid":{"rendered":"https:\/\/sisu.ut.ee\/selfdetermination\/about\/"},"modified":"2025-01-31T16:40:40","modified_gmt":"2025-01-31T14:40:40","slug":"about","status":"publish","type":"page","link":"https:\/\/sisu.ut.ee\/selfdetermination\/about\/","title":{"rendered":"Project description"},"content":{"rendered":"<p>The concept of the \u2018self-determination of peoples\u2019 is a\u00a0key normative principle\u00a0of modern politics. It has served as\u00a0a catchphrase of various national and anti-colonial independence movements, and\u00a0has been invoked in numerous international peace negotiations and treaties. Yet its broader meaning and implications are notoriously difficult to pin down. The notion of the people is elusive and its relationship to those of the state and the nation undetermined. There is also a tension between the two most common interpretations of the self-determination of peoples. On the one hand, e.g., in the UN Charter, the \u2018self-determination of peoples\u2019 is understood as referring primarily to state peoples, thus adding a further layer of legitimacy to the state-centric international order. On the other hand, as also stated in Human Rights Covenants of 1966, non-state peoples, too, are widely acknowledged to have a right to freely determine their political status, which potentially challenges state sovereignty. In the 2007 UN General Assembly resolution, the principle of self-determination has been further extended to indigenous peoples, and many activists and philosophers have affirmed it as those peoples\u2019 \u2018human right\u2019.<\/p>\n\n\n\n<p>Bringing together researchers with different disciplinary backgrounds (political theory, law, history, philosophy), the project seeks to uncover the historical origins of the current uncertainties that bedevil this idea. Contesting the widespread view that this concept originated during the First World War, the project traces its complex transnational trajectories from the Enlightenment to the end of the Cold War.<\/p>\n\n\n\n<p>The questions asked in the project include the following: How was the term \u2018self-determination\u2019 used in relation to \u2018autonomy\u2019, \u2018self-government\u2019 and \u2018(popular) sovereignty\u2019 in the long nineteenth century? When, where and how did\u00a0it acquire a territorial dimension? Was the \u2018self-determination of peoples\u2019 also invoked to oppose the modern territorial state and state-centric international order? What alternative anti-colonial or post-imperial visions of economic, regional or global order were proposed in such theories? In the context of the posited equality of sovereign states, what languages and concepts (incl. historical progress, standard of civilisation, democracy and size) have been used to explain, justify or criticise the inequality of states in international order, and how was this related to the \u2018principle of nationality\u2019 and self-determination? What kind of resistance could be found to the redefinition of the \u2018self-determination of peoples\u2019 as applying solely to colonial peoples in the WWII period? Was it possible to turn it against Soviet imperialism?\u00a0\u00a0 What kind of significance did the cognates of self-determination (e.g., self-management) have in the Soviet bloc? What was their relationship to human rights and decolonisation movements? What was their relationship to debates about the federal constitution of the Soviet Union?<\/p>\n\n\n\n<p>Several international workshops and a conference have been and are going to be organised to explore these themes:<\/p>\n\n\n\n<ul class=\"wp-block-list\">\n<li>The first workshop (in Estonian) was held in June 2021. It focussed on the usages of the concept of self-determination (enesem\u00e4\u00e4ramine) in the Baltic sea region. For the programme of the workshop, see https:\/\/skytte.ut.ee\/et\/uudised\/enesemaaramine-moisted-teooriad-rakendused<\/li>\n\n\n\n<li>The second workshop took place in June 16-18, 2022. Its focus was on the transnational history of the concept of self-determination (of the peoples) in the long nineteenth century (until the end of WWI). For the programme of the workshop, see https:\/\/sisu.ut.ee\/selfdetermination\/workshop<\/li>\n\n\n\n<li>The third workshop\u00a0took\u00a0place in August 28-29, 2023. Its focus was on twentieth-century theories of self-determination. The workshop was organised by Xos\u00e9 Manoel N\u00fa\u00f1ez Seixas, Eva Piirim\u00e4e and Liisi Veski.\u00a0Some of the papers presented at the workshop will be published in <em>Nationalities Papers <\/em>special issue \u201cThe Self-Determination of National Minorities and Small Nations: A 20th century Perspective\u201d, eds. Eva Piirim\u00e4e, Xos\u00e9 Manoel N\u00fa\u00f1ez Seixas, and David Smith.<\/li>\n\n\n\n<li>The fourth and final workshop took place in December 7-8, 2024. Its focus was on the conceptualisations of nation-statehood, democracy, and political community in the Baltic Sea region. Some of the papers presented at the workshop have been revised to be published in <em>Journal of Baltic Studies<\/em> special section \u201cVarieties of Self-Determination. Democracy and Nation-State in Estonian Political Thought\u201d, eds. Hent Kalmo and Eva Piirim\u00e4e.<\/li>\n<\/ul>\n\n\n\n<p>\u00a0<\/p>\n","protected":false},"excerpt":{"rendered":"<p>The concept of the \u2018self-determination of peoples\u2019 is a\u00a0key normative principle\u00a0of modern politics. It has served as\u00a0a catchphrase of various national and anti-colonial independence movements, and\u00a0has been invoked in numerous international peace negotiations and treaties. Yet its broader meaning and &#8230;<\/p>\n","protected":false},"author":212,"featured_media":0,"parent":0,"menu_order":0,"comment_status":"closed","ping_status":"closed","template":"","meta":{"_acf_changed":false,"inline_featured_image":false,"footnotes":""},"class_list":["post-13","page","type-page","status-publish","hentry"],"acf":[],"_links":{"self":[{"href":"https:\/\/sisu.ut.ee\/selfdetermination\/wp-json\/wp\/v2\/pages\/13","targetHints":{"allow":["GET"]}}],"collection":[{"href":"https:\/\/sisu.ut.ee\/selfdetermination\/wp-json\/wp\/v2\/pages"}],"about":[{"href":"https:\/\/sisu.ut.ee\/selfdetermination\/wp-json\/wp\/v2\/types\/page"}],"author":[{"embeddable":true,"href":"https:\/\/sisu.ut.ee\/selfdetermination\/wp-json\/wp\/v2\/users\/212"}],"replies":[{"embeddable":true,"href":"https:\/\/sisu.ut.ee\/selfdetermination\/wp-json\/wp\/v2\/comments?post=13"}],"version-history":[{"count":3,"href":"https:\/\/sisu.ut.ee\/selfdetermination\/wp-json\/wp\/v2\/pages\/13\/revisions"}],"predecessor-version":[{"id":477,"href":"https:\/\/sisu.ut.ee\/selfdetermination\/wp-json\/wp\/v2\/pages\/13\/revisions\/477"}],"wp:attachment":[{"href":"https:\/\/sisu.ut.ee\/selfdetermination\/wp-json\/wp\/v2\/media?parent=13"}],"curies":[{"name":"wp","href":"https:\/\/api.w.org\/{rel}","templated":true}]}}