{"id":4,"date":"2024-04-04T05:43:12","date_gmt":"2024-04-04T02:43:12","guid":{"rendered":"https:\/\/sisu.ut.ee\/selfdetermination\/avaleht\/"},"modified":"2025-01-31T16:33:50","modified_gmt":"2025-01-31T14:33:50","slug":"avaleht","status":"publish","type":"page","link":"https:\/\/sisu.ut.ee\/selfdetermination\/et\/avaleht\/","title":{"rendered":"Projekt"},"content":{"rendered":"<p><span style=\"font-size: 16px;\">Uurimisprojekti <em><a title=\"link ETISe projektide lehele\" href=\"https:\/\/www.etis.ee\/Portal\/Projects\/Display\/9ca7fcdc-4605-4caa-87c4-3751d9db83b4\" target=\"_blank\" rel=\"noopener\" data-url=\"https:\/\/www.etis.ee\/Portal\/Projects\/Display\/9ca7fcdc-4605-4caa-87c4-3751d9db83b4\">Rahvaste enesem\u00e4\u00e4ramine ajaloolises perspektiivis<\/a><\/em> (2020-2024) finantseerib Eesti Teadusagentuur ning selle institutsionaalseks koduks on Johan Skytte Poliitikauuringute instituut Tartu \u00dclikoolis. Projekti juhib Eva Piirim\u00e4e. Uurimisr\u00fchma tuumikusse kuuluvad: Liisi Veski, Hent Kalmo, Kaarel Piirim\u00e4e, Juhan Saharov, David Ilmar Lepasaar Beecher, Semyon Reshenin, Kadi K\u00e4h\u00e4r-Peterson, Oliver Rowe ning Karl Lembit Laane.<\/span><\/p>\n<p><span style=\"font-size: 16px;\">\u2018Rahvaste enesem\u00e4\u00e4ramine\u2019 kuulub t\u00e4nap\u00e4eval poliitika t\u00fcvim\u00f5istete hulka. Ent selle m\u00f5iste sisu ja rakendamine tekitavad rohkelt erimeelsusi nii teaduses kui ka poliitikas. Projekti l\u00e4htepunkt on veendumus, et nende erimeelsuste (ning rahvaste enesem\u00e4\u00e4ramise p\u00f5him\u00f5tte kui poliitika t\u00f6\u00f6riista) m\u00f5istmiseks on vaja tuua p\u00e4evalgele selle m\u00f5iste ajaloolised l\u00e4tted. Proovile pannakse hiljuti arendatud kontekstijada meetod, esitamaks uudne m\u00f5ttelooline k\u00e4sitlus, mis vaatleb enesem\u00e4\u00e4ramisega seotud ideede arengut alates valgustusajastust kuni K\u00fclma s\u00f5ja l\u00f5puni (sh enesem\u00e4\u00e4ramise seost rahvasuver\u00e4\u00e4nsuse, rahvusp\u00f5him\u00f5tte ja isemajandamise m\u00f5istetega). Projekti pear\u00f5hk on Mandri-Euroopa poliitilisel m\u00f5ttel, kuid k\u00e4sitletakse ka enesem\u00e4\u00e4ramise p\u00f5him\u00f5tte hilisemat \u00fcleilmset kasutust ja teisenemist. \u00dcks projekti uurimish\u00fcpoteesidest on v\u00e4ide, et valgustusajastust v\u00f5ib leida unustatud (kuid siiani kasutatava) m\u00f5ttetraditsiooni, mis k\u00e4sitab enesem\u00e4\u00e4ramist f\u00f6deralistlikus (st mitte omariikluse) v\u00f5tmes.<\/span><\/p>\n","protected":false},"excerpt":{"rendered":"<p>Uurimisprojekti Rahvaste enesem\u00e4\u00e4ramine ajaloolises perspektiivis (2020-2024) finantseerib Eesti Teadusagentuur ning selle institutsionaalseks koduks on Johan Skytte Poliitikauuringute instituut Tartu \u00dclikoolis. Projekti juhib Eva Piirim\u00e4e. Uurimisr\u00fchma tuumikusse kuuluvad: Liisi Veski, Hent Kalmo, Kaarel Piirim\u00e4e, Juhan Saharov, David Ilmar Lepasaar Beecher, Semyon &#8230;<\/p>\n","protected":false},"author":212,"featured_media":0,"parent":0,"menu_order":0,"comment_status":"closed","ping_status":"closed","template":"","meta":{"_acf_changed":false,"inline_featured_image":false,"footnotes":""},"class_list":["post-4","page","type-page","status-publish","hentry"],"acf":[],"_links":{"self":[{"href":"https:\/\/sisu.ut.ee\/selfdetermination\/et\/wp-json\/wp\/v2\/pages\/4","targetHints":{"allow":["GET"]}}],"collection":[{"href":"https:\/\/sisu.ut.ee\/selfdetermination\/et\/wp-json\/wp\/v2\/pages"}],"about":[{"href":"https:\/\/sisu.ut.ee\/selfdetermination\/et\/wp-json\/wp\/v2\/types\/page"}],"author":[{"embeddable":true,"href":"https:\/\/sisu.ut.ee\/selfdetermination\/et\/wp-json\/wp\/v2\/users\/212"}],"replies":[{"embeddable":true,"href":"https:\/\/sisu.ut.ee\/selfdetermination\/et\/wp-json\/wp\/v2\/comments?post=4"}],"version-history":[{"count":2,"href":"https:\/\/sisu.ut.ee\/selfdetermination\/et\/wp-json\/wp\/v2\/pages\/4\/revisions"}],"predecessor-version":[{"id":475,"href":"https:\/\/sisu.ut.ee\/selfdetermination\/et\/wp-json\/wp\/v2\/pages\/4\/revisions\/475"}],"wp:attachment":[{"href":"https:\/\/sisu.ut.ee\/selfdetermination\/et\/wp-json\/wp\/v2\/media?parent=4"}],"curies":[{"name":"wp","href":"https:\/\/api.w.org\/{rel}","templated":true}]}}