{"id":3,"date":"2024-04-04T05:43:11","date_gmt":"2024-04-04T02:43:11","guid":{"rendered":"https:\/\/sisu.ut.ee\/selfdetermination\/kollokvium\/"},"modified":"2024-04-15T23:05:05","modified_gmt":"2024-04-15T20:05:05","slug":"kollokvium","status":"publish","type":"page","link":"https:\/\/sisu.ut.ee\/selfdetermination\/et\/kollokvium\/","title":{"rendered":"Enesem\u00e4\u00e4ramine \u2013 m\u00f5iste(d), teooriad, rakendused"},"content":{"rendered":"<p><\/p>\n\n\n<h2><img loading=\"lazy\" decoding=\"async\" class=\"wp-image-22 aligncenter\" style=\"float: left;\" title=\"erm.jpg\" src=\"https:\/\/sisu.ut.ee\/wp-content\/uploads\/sites\/405\/erm.jpg\" alt=\"ERM\" width=\"1603\" height=\"636\" srcset=\"https:\/\/sisu.ut.ee\/wp-content\/uploads\/sites\/405\/erm.jpg 416w, https:\/\/sisu.ut.ee\/wp-content\/uploads\/sites\/405\/erm-300x119.jpg 300w\" sizes=\"auto, (max-width: 1603px) 100vw, 1603px\"><\/h2>\n<h2>\u00a0<span style=\"font-size: 11px;\">I \u00dcldlaulupidu\u201d (1947) Elmar Kits, ERM K 5367, Eesti Rahva Muuseum<\/span><\/h2>\n<h2>\u00a0<\/h2>\n<h2 style=\"text-align: center;\"><span style=\"font-size: 20px;\">Kollokvium<br>9.-10. juuni 2021, Tartu \u00dclikool<\/span><\/h2>\n<h3 style=\"text-align: center;\"><strong>Programm<\/strong><\/h3>\n<p style=\"text-align: center;\" align=\"center\">\u00a0<\/p>\n<p style=\"margin-bottom: 9.0pt;\"><b><u>Kolmap\u00e4ev, 9 juuni<\/u><\/b><\/p>\n<p style=\"margin-bottom: 9.0pt;\"><b>Koht: <\/b>Lossi 36-214\/ Zoom<\/p>\n<p style=\"margin-bottom: 9.0pt;\">Moderaator: David Ilmar Lepasaar Beecher (Tartu \u00dclikool)<\/p>\n<p style=\"margin-bottom: 9.0pt;\"><b>10.00 \u2013 10.45<\/b> Eva Piirim\u00e4e (Tartu \u00dclikool), <i><span lang=\"ET\">Enesem\u00e4\u00e4ramine pikas ajaloolises perspektiivis: m\u00f5tteid uurimisseisust<\/span><\/i> <i>ja -v\u00f5imalustest<\/i><\/p>\n<p style=\"margin-bottom: 9.0pt;\"><b>10.45 \u2013 11.30<\/b> \u00a0\u00a0 Kadi K\u00e4h\u00e4r-Peterson (Tartu \u00dclikool), <i>Rahvaste sulandumine ja enesevalgustus: Garlieb Merkel p\u00e4risorjusest vabastatud l\u00e4tlaste ja eestlaste eneseteostusest<\/i><\/p>\n<p style=\"margin-bottom: 9.0pt;\"><b>11.30 \u2013 11.45<\/b> Kohvipaus<\/p>\n<p style=\"margin-bottom: 9.0pt;\"><b>11.45 \u2013 12.30 <\/b>Hent Kalmo (Tartu \u00dclikool), <i>Maa, rahvas ja enesem\u00e4\u00e4ramine<\/i><\/p>\n<p style=\"margin-bottom: 9.0pt;\"><b>12.30 \u2013 13.15<\/b> Mart Kuldkepp (University College London), <i><span style=\"color: black;\">Lenin ja Ludendorff Eesti riikluse vaderitena<\/span><\/i><i> <\/i><\/p>\n<p style=\"margin-bottom: 9.0pt;\"><b>13.15<\/b><b> \u2013 14.30<\/b> L\u00f5unapaus<i> <\/i><\/p>\n<p style=\"margin-bottom: 9.0pt;\">Moderaator: P\u00e4rtel Piirim\u00e4e (Tartu \u00dclikool)<\/p>\n<p style=\"margin-bottom: 9.0pt;\"><b>14.30 \u2013 15.15 <\/b><span lang=\"ET\">Lauri M\u00e4lksoo (Tartu \u00dclikool), <i>Rahvaste enesem\u00e4\u00e4ramise regionaalne fragmenteerumine<\/i><\/span><i> <\/i><i>kaasaegses rahvusvahelises \u00f5iguses<\/i><\/p>\n<p><b>15.15 \u2013 16.00 <\/b><span lang=\"ET\">Juhan Saharov (Tartu \u00dclikool), <\/span><i>Majanduslik enesem\u00e4\u00e4ramine eksperimendi korras: \u201eisemajandamine\u201c Eesti NSV-s<\/i><\/p>\n<p><b>16.00<\/b><b> \u2013 16.15 <\/b>Kohvipaus<\/p>\n<p><b>16.15<\/b><b> \u2013 17.00 <\/b><span lang=\"ET\">Kaarel Piirim\u00e4e (Tartu \u00dclikool\/Yale\u2019i \u00dclikool), \u2013 <\/span><i>George Kennan ja NATO laienemine: enesem\u00e4\u00e4ramine, s\u00fcmpaatia ja geopoliitika<\/i><\/p>\n<p>\u00a0<\/p>\n<p style=\"margin-bottom: 10.0pt;\"><span style=\"line-height: 115%;\"><b><u><span style=\"line-height: 115%;\">Neljap\u00e4ev, 10. juuni<\/span><\/u><\/b><\/span><\/p>\n<p style=\"margin-bottom: 9.0pt;\"><b>Koht: <\/b>Lossi 36-214\/ Zoom\u00a0\u00a0\u00a0\u00a0<\/p>\n<p style=\"margin-bottom: 9.0pt;\">Moderaator: Jaan Undusk (Eesti Teaduste Akadeemia Underi ja Tuglase Kirjanduskeskus \/ Tallinna \u00dclikool)<\/p>\n<p><b>10.00 \u2013 10.45<\/b>\u00a0\u00a0 Timo Aava (Tartu \u00dclikool\/Viini \u00dclikool), <i>S\u00f5dadevahelise Eesti rahvusv\u00e4hemuste kultuurautonoomia Euroopa m\u00f5tteloo taustal<\/i><\/p>\n<p><b>10.45 \u2013 11.30<\/b> Liisi Karjus (Tartu \u00dclikool\/Glasgow \u00dclikool), <i>Isikliku vabaduse ja \u00fcldise h\u00fcve piiritlemiskatseid 1937. aasta Eesti p\u00f5hiseaduses ja selle \u00fcmber<\/i><\/p>\n<p style=\"margin-bottom: 9.0pt;\"><b>11.30 \u2013 11.45<\/b> Kohvipaus<\/p>\n<p><b>11.45 \u2013 12.30 <\/b><span lang=\"ET\">Marju<\/span> <span lang=\"ET\">Luts-Sootak (Tartu \u00dclikool), <i>Nikolai Maim enesem\u00e4\u00e4ramisest ja suver\u00e4\u00e4nsusest<\/i><\/span><\/p>\n<p style=\"margin-bottom: 9.0pt;\"><b>12.30 \u2013 13.00 <\/b>L\u00f5pudiskussioon<\/p>\n<p>\u00a0<\/p>\n<p><span lang=\"ET\">Kollokvium toimub ETAgi PUT PRG projekt nr 942 toetusel.<\/span><\/p>\n<p>\u00a0<\/p>\n<p>\u00a0<\/p>","protected":false},"excerpt":{"rendered":"<p>\u00a0I \u00dcldlaulupidu\u201d (1947) Elmar Kits, ERM K 5367, Eesti Rahva Muuseum \u00a0 Kollokvium9.-10. juuni 2021, Tartu \u00dclikool Programm \u00a0 Kolmap\u00e4ev, 9 juuni Koht: Lossi 36-214\/ Zoom Moderaator: David Ilmar Lepasaar Beecher (Tartu \u00dclikool) 10.00 \u2013 10.45 Eva Piirim\u00e4e (Tartu \u00dclikool), &#8230;<\/p>\n","protected":false},"author":212,"featured_media":0,"parent":0,"menu_order":0,"comment_status":"closed","ping_status":"closed","template":"","meta":{"_acf_changed":false,"inline_featured_image":false,"footnotes":""},"class_list":["post-3","page","type-page","status-publish","hentry"],"acf":[],"_links":{"self":[{"href":"https:\/\/sisu.ut.ee\/selfdetermination\/et\/wp-json\/wp\/v2\/pages\/3","targetHints":{"allow":["GET"]}}],"collection":[{"href":"https:\/\/sisu.ut.ee\/selfdetermination\/et\/wp-json\/wp\/v2\/pages"}],"about":[{"href":"https:\/\/sisu.ut.ee\/selfdetermination\/et\/wp-json\/wp\/v2\/types\/page"}],"author":[{"embeddable":true,"href":"https:\/\/sisu.ut.ee\/selfdetermination\/et\/wp-json\/wp\/v2\/users\/212"}],"replies":[{"embeddable":true,"href":"https:\/\/sisu.ut.ee\/selfdetermination\/et\/wp-json\/wp\/v2\/comments?post=3"}],"version-history":[{"count":2,"href":"https:\/\/sisu.ut.ee\/selfdetermination\/et\/wp-json\/wp\/v2\/pages\/3\/revisions"}],"predecessor-version":[{"id":327,"href":"https:\/\/sisu.ut.ee\/selfdetermination\/et\/wp-json\/wp\/v2\/pages\/3\/revisions\/327"}],"wp:attachment":[{"href":"https:\/\/sisu.ut.ee\/selfdetermination\/et\/wp-json\/wp\/v2\/media?parent=3"}],"curies":[{"name":"wp","href":"https:\/\/api.w.org\/{rel}","templated":true}]}}