{"id":12,"date":"2024-04-04T05:43:13","date_gmt":"2024-04-04T02:43:13","guid":{"rendered":"https:\/\/sisu.ut.ee\/selfdetermination\/tootuba\/"},"modified":"2024-04-15T10:04:26","modified_gmt":"2024-04-15T07:04:26","slug":"tootuba","status":"publish","type":"page","link":"https:\/\/sisu.ut.ee\/selfdetermination\/et\/tootuba\/","title":{"rendered":"T\u00f6\u00f6tuba 16.-18. juuni 2022"},"content":{"rendered":"<div class=\"video-placeholder-wrapper video-placeholder-wrapper--fixed\" style=\"height: 850pxpx;\">\n\t\t\t    <div class=\"video-placeholder d-flex justify-content-center align-items-center\">\n\t\t\t        <div class=\"overlay text-white p-2 w-100 text-center d-block justify-content-center align-items-center\">\n\t\t\t            <div>Kolmandate osapoolte sisu n\u00e4gemiseks palun n\u00f5ustu k\u00fcpsistega.<\/div>\n\t\t\t            <button class=\"btn btn-secondary btn-sm mt-1 consent-change\">Muuda n\u00f5usolekut<\/button>\n\t\t\t        <\/div>\n\t\t\t    <\/div>\n\t\t\t<\/div>\n\n\n\n\n<p><span class=\"file media-element file-os-files-link\" data-file_info=\"%7B%22fid%22:%2270761%22,%22view_mode%22:%22os_files_link%22,%22type%22:%22media%22%7D\"><img decoding=\"async\" class=\"file-icon\" src=\"\/profiles\/openscholar\/modules\/os\/modules\/os_files\/icons\/application-pdf.svg\" alt=\"\">\u00a0<a href=\"https:\/\/sisu.ut.ee\/wp-content\/uploads\/sites\/405\/self-determination_workshop_16-18_june_2022_vol_2.pdf\"><strong>Lae alla<\/strong> tootubade programm<\/a>\u00a0<\/span><\/p>\n","protected":false},"excerpt":{"rendered":"<p>\u00a0Lae alla tootubade programm\u00a0<\/p>\n","protected":false},"author":212,"featured_media":0,"parent":0,"menu_order":0,"comment_status":"closed","ping_status":"closed","template":"","meta":{"_acf_changed":false,"inline_featured_image":false,"footnotes":""},"class_list":["post-12","page","type-page","status-publish","hentry"],"acf":[],"_links":{"self":[{"href":"https:\/\/sisu.ut.ee\/selfdetermination\/et\/wp-json\/wp\/v2\/pages\/12","targetHints":{"allow":["GET"]}}],"collection":[{"href":"https:\/\/sisu.ut.ee\/selfdetermination\/et\/wp-json\/wp\/v2\/pages"}],"about":[{"href":"https:\/\/sisu.ut.ee\/selfdetermination\/et\/wp-json\/wp\/v2\/types\/page"}],"author":[{"embeddable":true,"href":"https:\/\/sisu.ut.ee\/selfdetermination\/et\/wp-json\/wp\/v2\/users\/212"}],"replies":[{"embeddable":true,"href":"https:\/\/sisu.ut.ee\/selfdetermination\/et\/wp-json\/wp\/v2\/comments?post=12"}],"version-history":[{"count":3,"href":"https:\/\/sisu.ut.ee\/selfdetermination\/et\/wp-json\/wp\/v2\/pages\/12\/revisions"}],"predecessor-version":[{"id":181,"href":"https:\/\/sisu.ut.ee\/selfdetermination\/et\/wp-json\/wp\/v2\/pages\/12\/revisions\/181"}],"wp:attachment":[{"href":"https:\/\/sisu.ut.ee\/selfdetermination\/et\/wp-json\/wp\/v2\/media?parent=12"}],"curies":[{"name":"wp","href":"https:\/\/api.w.org\/{rel}","templated":true}]}}