{"id":98,"date":"2024-04-04T07:48:31","date_gmt":"2024-04-04T04:48:31","guid":{"rendered":"https:\/\/sisu.ut.ee\/sdce\/module-5-3-en\/"},"modified":"2024-04-05T12:37:11","modified_gmt":"2024-04-05T09:37:11","slug":"module-5-3-en","status":"publish","type":"page","link":"https:\/\/sisu.ut.ee\/sdce\/pt-pt\/module-5-3-en\/","title":{"rendered":"T\u00f3pico 3: Crowdfunding seus Projetos\/Causas de Envolvimento C\u00edvico"},"content":{"rendered":"<blockquote>\r\n\t<h4>\r\n\t\t<img loading=\"lazy\" decoding=\"async\" width=\"531\" height=\"399\" class=\"alignnone wp-image-179\" style=\"width: 150px;height: 113px;float: right\" src=\"https:\/\/sisu.ut.ee\/wp-content\/uploads\/sites\/545\/sdce_clowd.png\" title=\"sdce_clowd.png\" alt=\"SDCE_clowd\" srcset=\"https:\/\/sisu.ut.ee\/wp-content\/uploads\/sites\/545\/sdce_clowd.png 531w, https:\/\/sisu.ut.ee\/wp-content\/uploads\/sites\/545\/sdce_clowd-300x225.png 300w\" sizes=\"auto, (max-width: 531px) 100vw, 531px\">Este t\u00f3pico aborda o conceito de <i>crowdfunding<\/i> e como os alunos podem usar diferentes formas de financiamento para ajudar a estabelecer seus projetos de DCE. O resultado de aprendizagem desta se\u00e7\u00e3o \u00e9 reconhecer e entender algumas das ferramentas e plataformas dispon\u00edveis que os alunos poder\u00e3o usar para ajudar a financiar seus projetos.\r\n\t<\/h4>\r\n<\/blockquote>\r\n\r\n<p>\r\n\t\u00a0\r\n<\/p>\r\n\r\n<h3>\r\n\t<img loading=\"lazy\" decoding=\"async\" width=\"536\" height=\"668\" class=\"alignnone wp-image-221\" style=\"width: 200px;height: 249px;float: right\" src=\"https:\/\/sisu.ut.ee\/wp-content\/uploads\/sites\/545\/picture5-3.jpg\" title=\"picture5-3.jpg\" alt=\"SDCE5-3\" srcset=\"https:\/\/sisu.ut.ee\/wp-content\/uploads\/sites\/545\/picture5-3.jpg 536w, https:\/\/sisu.ut.ee\/wp-content\/uploads\/sites\/545\/picture5-3-241x300.jpg 241w\" sizes=\"auto, (max-width: 536px) 100vw, 536px\">\r\n<\/h3>\r\n\r\n<h3 style=\"margin-bottom: 0.0001pt\">\r\n\t<span style=\"line-height:115%\"><b>O que \u00e9 <i>Crowdfunding<\/i>?<\/b><\/span>\r\n<\/h3>\r\n\r\n<p style=\"margin-bottom: 0.0001pt\">\r\n\t<span style=\"line-height:115%\">O<i> crowdfunding <\/i>ocorre quando muitas pessoas (uma \u201cmultid\u00e3o\u201d) garantem um financiamento. Pode ser uma modalidade bem-sucedida de projetos, causas, startups ou pequenas empresas de obterem um grande volume de doa\u00e7\u00f5es de baixo valor.<\/span>\r\n<\/p>\r\n\r\n<p style=\"margin-bottom: 0.0001pt\">\r\n\t<span style=\"line-height:115%\">O<i> crowdfunding<\/i> exige que um projeto ou empresa conven\u00e7a os <i>crowdfunders<\/i> de que o projeto vale a pena ser financiado. A arte de contar hist\u00f3rias \u00e9 vital.<\/span>\r\n<\/p>\r\n\r\n<p style=\"margin-bottom: 0.0001pt\">\r\n\t<span style=\"line-height:115%\">Existem quatro tipos diferentes de <i>crowdfunding<\/i>: <b>doa\u00e7\u00f5es, recompensas, d\u00edvida e patrim\u00f4nio.<\/b> <\/span>\r\n<\/p>\r\n\r\n<p style=\"margin-bottom: 0.0001pt\">\r\n\t<span style=\"line-height:115%\">Veremos cada um com mais detalhes.<\/span>\r\n<\/p>\r\n\r\n<ol>\r\n\t<li style=\"margin-bottom: 0.0001pt\">\r\n\t\t<span style=\"line-height:115%\"><b>Doa\u00e7\u00e3o <\/b>. O <i>crowdfunding<\/i> baseado em doa\u00e7\u00e3o ocorre quando os apoiantes n\u00e3o esperam nada em troca, doam puramente por interesse e apoio ao projeto.<\/span>\r\n\t<\/li>\r\n\t<li style=\"margin-bottom: 0.0001pt\">\r\n\t\t<span style=\"line-height:115%\"><b>D\u00edvida. <\/b>Uma doa\u00e7\u00e3o baseada em d\u00edvida (ou empr\u00e9stimo <i>peer-to-peer<\/i>) \u00e9 um pouco como um empr\u00e9stimo. Os doadores comprometem o investimento como um empr\u00e9stimo, e essa verba deve ser devolvida com juros pelo destinat\u00e1rio num determinado prazo.<\/span>\r\n\t<\/li>\r\n\t<li style=\"margin-bottom: 0.0001pt\">\r\n\t\t<span style=\"line-height:115%\"><b>Recompensas<\/b>. Os contribuintes recebem algo em troca de sua doa\u00e7\u00e3o. Geralmente \u00e9 algo pequeno como uma t-shirt ou algo com a marca da organiza\u00e7\u00e3o. Tamb\u00e9m pode ser o pr\u00f3prio produto ou servi\u00e7o a um pre\u00e7o mais competitivo.<\/span>\r\n\t<\/li>\r\n\t<li style=\"margin-bottom: 0.0001pt\">\r\n\t\t<span style=\"line-height:115%\"><b>Capital pr\u00f3prio. <\/b>Em alguns casos, os projetos doam uma parte de seus neg\u00f3cios em troca de doa\u00e7\u00f5es. Os interessados recebem uma participa\u00e7\u00e3o na empresa igual ao valor que doaram.<\/span>\r\n\t<\/li>\r\n<\/ol>\r\n\r\n<p style=\"margin-bottom: 0.0001pt\">\r\n\t\u00a0\r\n<\/p>\r\n\r\n<h3 style=\"margin-bottom: 0.0001pt\">\r\n\t<span style=\"line-height:115%\"><b>Exemplos de sites de financiamento coletivo<\/b><\/span>\r\n<\/h3>\r\n\r\n<p style=\"margin-bottom: 0.0001pt\">\r\n\t<span style=\"line-height:115%\">Pesquisar e escolher o site de <i>crowdfunding<\/i> certo para \u00e9 exigente e s\u00e1bio para impulsionar o sucesso da campanha. Termos e condi\u00e7\u00f5es aplicam-se; certificar essa leitura!<\/span>\r\n<\/p>\r\n\r\n<p>\r\n\t<b><span lang=\"PT\"><span style=\"line-height:107%\"><span>Kickstarter <\/span><\/span><\/span><\/b><span lang=\"PT\"><span style=\"line-height:107%\"><span>\u00e9 um site de <i>crowdfunding<\/i> baseado em recompensas. Criado em 2009, o Kickstarter ajudou a arrecadar milh\u00f5es para mais de 100.000 projetos diferentes. Kickstarters geralmente fornecem o produto ou servi\u00e7o como recompensa quando atingem seu alvo.<\/span><\/span><\/span><br><a data-url=\"https:\/\/www.kickstarter.com\/\" href=\"https:\/\/www.kickstarter.com\/\" target=\"_blank\" title=\"\" rel=\"noopener\">Link para o site do Kickstarter<\/a>\r\n<\/p>\r\n\r\n<p>\r\n\t\u00a0\r\n<\/p>\r\n\r\n<p>\r\n\t<span style=\"line-height:115%\"><b>GoFundMe <\/b>\u00e9 um site de <i>crowdfunding<\/i> baseado em doa\u00e7\u00f5es. Embora geralmente seja usado para causas beneficentes, as empresas tamb\u00e9m podem usar a plataforma para obter doa\u00e7\u00f5es para sua campanha.<\/span><br><a data-url=\"https:\/\/www.gofundme.com\/\" href=\"https:\/\/www.gofundme.com\/\" target=\"_blank\" title=\"\" rel=\"noopener\">Link para o site GoFundMe<\/a>\r\n<\/p>\r\n\r\n<p>\r\n\t\u00a0\r\n<\/p>\r\n\r\n<p>\r\n\t<b>LendingClub <\/b>\u00e9 um site de <i>crowdfunding <\/i>baseado em d\u00edvida. Ele usa o m\u00e9todo mencionado anteriormente de empr\u00e9stimos <i>peer-to-peer<\/i>. Oferece empr\u00e9stimos pessoais e financiamento para pequenas empresas no per\u00edodo de 3 a 5 anos.<br><a data-url=\"https:\/\/www.lendingclub.com\/\" href=\"https:\/\/www.lendingclub.com\/\" target=\"_blank\" title=\"\" rel=\"noopener\">Link to the LendingClub website<\/a>\r\n<\/p>\r\n\r\n<p>\r\n\t\u00a0\r\n<\/p>\r\n\r\n<p>\r\n\t<b>Hubbub <\/b>trabalha com universidades em <i>crowdfunding<\/i> para projetos de estudantes e Alumni. Acreditam e com raz\u00e3o, que o crowdfunding tamb\u00e9m \u00e9 um meio empolgante dos alunos desenvolverem uma s\u00e9rie de compet\u00eancias empreendedoras. Desde a cria\u00e7\u00e3o do seu <i>pitch<\/i> de <i>crowdfunding<\/i>, at\u00e9 \u00e0 promo\u00e7\u00e3o do projeto e o pensamento fora da caixa quando sob press\u00e3o para atingir uma meta \u00e0 medida que o prazo se aproxima, todo o processo \u00e9 uma excelente li\u00e7\u00e3o de marketing.<br><a data-url=\"https:\/\/www.hubbub.net\/\" href=\"https:\/\/www.hubbub.net\/\" target=\"_blank\" title=\"\" rel=\"noopener\">Link para o site do Hubb<\/a>\r\n<\/p>\r\n\r\n<p>\r\n\t\u00a0\r\n<\/p>\r\n\r\n<p style=\"margin-bottom: 0.0001pt\">\r\n\t<span style=\"line-height:115%\">Os objetivos do Hubbub s\u00e3o duplos.<\/span>\r\n<\/p>\r\n\r\n<p style=\"margin-bottom: 0.0001pt\">\r\n\t<span style=\"line-height:115%\">1) Pretendem ser o principal fornecedor de solu\u00e7\u00f5es de financiamento digital para os setores da educa\u00e7\u00e3o e organiza\u00e7\u00f5es sem fins lucrativos, apoiando as organiza\u00e7\u00f5es a alcan\u00e7ar envolvimento em massa, participa\u00e7\u00e3o e campanhas de capta\u00e7\u00e3o de recursos atrav\u00e9s de dispositivos m\u00f3veis, web e redes sociais.<\/span>\r\n<\/p>\r\n\r\n<p>\r\n\t<span lang=\"PT\"><span style=\"line-height:107%\"><span>2) Visam educar os indiv\u00edduos que desejam criar campanhas de <i>crowdfunding<\/i> para boas causas, na plataforma gratuita <\/span><\/span><\/span> <a href=\"https:\/\/www.hubbub.net\/solutions\/crowdfunding\">https:\/\/www.hubbub.net\/solutions\/crowdfunding<\/a>\u00a0\r\n<\/p>\r\n\r\n<p>\r\n\t\u00a0\r\n<\/p>\r\n\r\n<h3>\r\n\t<span style=\"line-height:115%\"><b>Dicas para um financiamento coletivo bem-sucedido<\/b><\/span>\r\n<\/h3>\r\n\r\n<ol>\r\n\t<li style=\"margin-bottom: 0.0001pt\">\r\n\t\t<span style=\"line-height:115%\"><b>Fa\u00e7a a sua campanha se destacar com uma \u00f3tima narrativa. <\/b>As pessoas investem em campanhas com que se rev\u00eam. Talvez o p\u00fablico julgue que o l\u00edder da campanha \u00e9 genu\u00edno ou que um produto\/servi\u00e7o que \u00e9 financiado por <i>crowdfunding<\/i> \u00e9 relevante e importante para eles.<\/span><br><span style=\"line-height:115%\">Uma forte campanha de<i> storytelling<\/i> ajudar\u00e1 o gestor do projeto a se destacar da multid\u00e3o. Utilizar muitas plataformas diferentes, como redes sociais e v\u00eddeos dedicados \u00e0 raz\u00e3o pela qual as pessoas devem doar para a campanha, pode ser muito \u00fatil.<\/span>\r\n\t<\/li>\r\n\t<li style=\"margin-bottom: 0.0001pt\">\r\n\t\t<span style=\"line-height:115%\"><b>Mantenha a comunica\u00e7\u00e3o clara e aberta.<\/b><\/span><br><span style=\"line-height:115%\">Todos os seguidores s\u00e3o importantes, portanto, mantenha-os atualizados sobre o progresso da campanha. Pode encontrar dificuldades e contratempos durante o <i>crowdfunding<\/i>, por isso \u00e9 vital que seus seguidores estejam cientes de poss\u00edveis atrasos.<\/span><br><span style=\"line-height:115%\">Mesmo ap\u00f3s o t\u00e9rmino da campanha, informe os contribuintes sobre a pr\u00f3xima etapa do projeto. Manter seus seguidores informados pode ajudar a construir o repert\u00f3rio para o projeto, aquele fator de bem-estar que vai durar.<\/span>\r\n\t<\/li>\r\n\t<li style=\"margin-bottom: 0.0001pt\">\r\n\t\t<span style=\"line-height:115%\"><b>Prepare-se adequadamente para a campanha. <\/b>N\u00e3o lance apenas uma campanha e assuma que os patrocinadores vir\u00e3o em bloco. Seja conhecido bem antes de iniciar o <i>crowdfunding<\/i>. Mantenha os seus perfis das redes sociais ativos. Partilhe com o p\u00fablico o que conhece sobre a sua pr\u00f3xima campanha. O boca-a-boca pode ser muito ben\u00e9fico para a campanha. Dedique bastante tempo a planear a campanha.<\/span><br><span style=\"line-height:115%\">Correr atr\u00e1s de material de marketing no dia do lan\u00e7amento do <i>crowdfunding <\/i>n\u00e3o o beneficiar\u00e1. Agende as tarefas com tempo e saia com o p\u00e9 direito com seus apoiantes.<\/span>\r\n\t<\/li>\r\n<\/ol>\r\n\r\n<p>\r\n\t\u00a0\r\n<\/p>\r\n\r\n<h3>\r\n\tEspreite este v\u00eddeo sobre como escrever uma boa hist\u00f3ria de <i>crowdfunding<\/i> para ter sucesso\r\n<\/h3>\r\n\r\n<p>\r\n\t<img loading=\"lazy\" decoding=\"async\" width=\"1716\" height=\"1094\" class=\"alignnone wp-image-222\" style=\"width: 300px;height: 191px\" src=\"https:\/\/sisu.ut.ee\/wp-content\/uploads\/sites\/545\/sdce_video5-3.png\" title=\"sdce_video5-3.png\" alt=\"SDCE_video5-3\" srcset=\"https:\/\/sisu.ut.ee\/wp-content\/uploads\/sites\/545\/sdce_video5-3.png 1716w, https:\/\/sisu.ut.ee\/wp-content\/uploads\/sites\/545\/sdce_video5-3-300x191.png 300w, https:\/\/sisu.ut.ee\/wp-content\/uploads\/sites\/545\/sdce_video5-3-1024x653.png 1024w, https:\/\/sisu.ut.ee\/wp-content\/uploads\/sites\/545\/sdce_video5-3-768x490.png 768w, https:\/\/sisu.ut.ee\/wp-content\/uploads\/sites\/545\/sdce_video5-3-1536x979.png 1536w\" sizes=\"auto, (max-width: 1716px) 100vw, 1716px\"><a href=\"https:\/\/www.youtube.com\/watch?v=6fqfQdpYzeQ\">https:\/\/www.youtube.com\/watch?v=6fqfQdpYzeQ<\/a>\r\n<\/p>\r\n\r\n<h2>\r\n\t<b>Teste r\u00e1pido<\/b>\r\n<\/h2>\r\n\r\n<div class=\"h5p-iframe-wrapper\"><div class=\"video-placeholder-wrapper video-placeholder-wrapper--fixed\" style=\"height: 366px;\">\n\t\t\t    <div class=\"video-placeholder d-flex justify-content-center align-items-center\">\n\t\t\t        <div class=\"overlay text-white p-2 w-100 text-center d-block justify-content-center align-items-center\">\n\t\t\t            <div>To view third-party content, please accept cookies.<\/div>\n\t\t\t            <button class=\"btn btn-secondary btn-sm mt-1 consent-change\">Change consent<\/button>\n\t\t\t        <\/div>\n\t\t\t    <\/div>\n\t\t\t<\/div>\n<\/div>\r\n","protected":false},"excerpt":{"rendered":"<p>Este t\u00f3pico aborda o conceito de crowdfunding e como os alunos podem usar diferentes formas de financiamento para ajudar a estabelecer seus projetos de DCE. O resultado de aprendizagem desta se\u00e7\u00e3o \u00e9 reconhecer e entender algumas das ferramentas e plataformas &#8230;<\/p>\n","protected":false},"author":63,"featured_media":0,"parent":0,"menu_order":0,"comment_status":"closed","ping_status":"closed","template":"","meta":{"_acf_changed":false,"inline_featured_image":false,"footnotes":""},"class_list":["post-98","page","type-page","status-publish","hentry"],"acf":[],"_links":{"self":[{"href":"https:\/\/sisu.ut.ee\/sdce\/pt-pt\/wp-json\/wp\/v2\/pages\/98","targetHints":{"allow":["GET"]}}],"collection":[{"href":"https:\/\/sisu.ut.ee\/sdce\/pt-pt\/wp-json\/wp\/v2\/pages"}],"about":[{"href":"https:\/\/sisu.ut.ee\/sdce\/pt-pt\/wp-json\/wp\/v2\/types\/page"}],"author":[{"embeddable":true,"href":"https:\/\/sisu.ut.ee\/sdce\/pt-pt\/wp-json\/wp\/v2\/users\/63"}],"replies":[{"embeddable":true,"href":"https:\/\/sisu.ut.ee\/sdce\/pt-pt\/wp-json\/wp\/v2\/comments?post=98"}],"version-history":[{"count":3,"href":"https:\/\/sisu.ut.ee\/sdce\/pt-pt\/wp-json\/wp\/v2\/pages\/98\/revisions"}],"predecessor-version":[{"id":815,"href":"https:\/\/sisu.ut.ee\/sdce\/pt-pt\/wp-json\/wp\/v2\/pages\/98\/revisions\/815"}],"wp:attachment":[{"href":"https:\/\/sisu.ut.ee\/sdce\/pt-pt\/wp-json\/wp\/v2\/media?parent=98"}],"curies":[{"name":"wp","href":"https:\/\/api.w.org\/{rel}","templated":true}]}}