{"id":96,"date":"2024-04-04T07:48:31","date_gmt":"2024-04-04T04:48:31","guid":{"rendered":"https:\/\/sisu.ut.ee\/sdce\/module-5-2-en-2\/"},"modified":"2024-04-05T12:37:11","modified_gmt":"2024-04-05T09:37:11","slug":"module-5-2-en-2","status":"publish","type":"page","link":"https:\/\/sisu.ut.ee\/sdce\/pt-pt\/module-5-2-en-2\/","title":{"rendered":"T\u00f3pico 2: Destaque para o Lean Startup e o Canvas &#8211; Modelo de Neg\u00f3cios Sustent\u00e1vel"},"content":{"rendered":"<blockquote>\r\n\t<p>\r\n\t\t<img loading=\"lazy\" decoding=\"async\" width=\"531\" height=\"399\" class=\"alignnone wp-image-179\" style=\"width: 150px;height: 113px;float: right\" src=\"https:\/\/sisu.ut.ee\/wp-content\/uploads\/sites\/545\/sdce_clowd.png\" title=\"sdce_clowd.png\" alt=\"SDCE_clowd\" srcset=\"https:\/\/sisu.ut.ee\/wp-content\/uploads\/sites\/545\/sdce_clowd.png 531w, https:\/\/sisu.ut.ee\/wp-content\/uploads\/sites\/545\/sdce_clowd-300x225.png 300w\" sizes=\"auto, (max-width: 531px) 100vw, 531px\">Este t\u00f3pico abrange informa\u00e7\u00f5es sobre formas de financiamento de um projeto DCE. O resultado de aprendizagem deste t\u00f3pico \u00e9 obter uma compreens\u00e3o da metodologia<i> Lean Startup <\/i>e como as empresas de tecnologia ajudam a financiar as suas organiza\u00e7\u00f5es.\r\n\t<\/p>\r\n<\/blockquote>\r\n\r\n<h3>\r\n\t\u00a0\r\n<\/h3>\r\n\r\n<h3>\r\n\t<img loading=\"lazy\" decoding=\"async\" width=\"536\" height=\"668\" class=\"alignnone wp-image-207\" style=\"width: 200px;height: 249px;float: right\" src=\"https:\/\/sisu.ut.ee\/wp-content\/uploads\/sites\/545\/picture5-2.jpg\" title=\"picture5-2.jpg\" alt=\"SDCE5-2\" srcset=\"https:\/\/sisu.ut.ee\/wp-content\/uploads\/sites\/545\/picture5-2.jpg 536w, https:\/\/sisu.ut.ee\/wp-content\/uploads\/sites\/545\/picture5-2-241x300.jpg 241w\" sizes=\"auto, (max-width: 536px) 100vw, 536px\">\r\n<\/h3>\r\n\r\n<h3 style=\"margin-bottom: 0.0001pt\">\r\n\t<span style=\"line-height:115%\"><b>O que \u00e9 a Metodologia<i> Lean Startup<\/i>?<\/b><\/span>\r\n<\/h3>\r\n\r\n<p style=\"margin-bottom: 0.0001pt\">\r\n\t<span style=\"line-height:115%\">O processo <i>Lean Startup<\/i> \u00e9 uma metodologia ideal para suportar um projeto de envolvimento c\u00edvico de estudantes. Fornece uma f\u00f3rmula e abordagem cient\u00edfica para o desenvolvimento de novos projetos\/servi\u00e7os ou produtos. Ensina como criar e gerir um projeto, e como fazer com que o projeto chegue ao seu p\u00fablico-alvo\/mercado de forma mais r\u00e1pida e eficiente.<\/span>\r\n<\/p>\r\n\r\n<p style=\"margin-bottom: 0.0001pt\">\r\n\t<span style=\"line-height:115%\">Nem todo o projeto ser\u00e1 bem-sucedido. Muitas <i>startups<\/i> podem falhar. Muitas passam anos a desenvolver e a projetar um produto sem nunca apresentar ou mostrar o produto ao seu potencial cliente. Se o cliente n\u00e3o tiver conhecimento do produto e n\u00e3o puder dar uma opini\u00e3o, n\u00e3o dar\u00e1 feedback \u00e0 <i>startup <\/i>do que gosta\/n\u00e3o gosta no produto ou se usaria ou compraria o produto.<\/span>\r\n<\/p>\r\n\r\n<p style=\"margin-bottom: 0.0001pt\">\r\n\t<span style=\"line-height:115%\">Se aparentemente a <i>startup<\/i> est\u00e1 desinteressada da opini\u00e3o do cliente, porque deveria estar o cliente interessado na <i>startup<\/i>? Ao concentrar-se tanto em aperfei\u00e7oar o produto, a <i>startup<\/i> n\u00e3o se consegue envolver-se com os clientes base.<\/span>\r\n<\/p>\r\n\r\n<p style=\"margin-bottom: 0.0001pt\">\r\n\t\u00a0\r\n<\/p>\r\n\r\n<h3 style=\"margin-bottom: 0.0001pt\">\r\n\t<span style=\"line-height:115%\"><b>Um olhar mais atento \u00e0 inova\u00e7\u00e3o<\/b><\/span>\r\n<\/h3>\r\n\r\n<p style=\"margin-bottom: 0.0001pt\">\r\n\t<span style=\"line-height:115%\">A Inova\u00e7\u00e3o consiste em encontrar formas diferentes de fazer as coisas \u2013 o que \u00e9 a base ideal para um projeto. No mundo dos neg\u00f3cios, garante \u00e0s empresas uma vantagem competitiva.<\/span>\r\n<\/p>\r\n\r\n<p style=\"margin-bottom: 0.0001pt\">\r\n\t<span style=\"line-height:115%\">Apresentar formas inovadoras de realizar as coisas, pode garantir que o projeto de DCE \u00e9 um projeto de sucesso. Numa era em que\u00a0 os neg\u00f3cios e tecnologia se misturam com tanta frequ\u00eancia, os clientes querem ver melhores servi\u00e7os digitais. Mas a inova\u00e7\u00e3o n\u00e3o acontece por gera\u00e7\u00e3o espont\u00e2nea, deve ser incentivada.<\/span>\r\n<\/p>\r\n\r\n<p style=\"margin-bottom: 0.0001pt\">\r\n\t<span style=\"line-height:115%\"><b>Criar um ambiente inovador.<\/b><\/span>\r\n<\/p>\r\n\r\n<p style=\"margin-bottom: 0.0001pt\">\r\n\t<span style=\"line-height:115%\">Incentivar a inova\u00e7\u00e3o como um valor. Certificar-se de que os elementos da equipa sabem que \u00e9 positivo partilhar ideias e identificar novas maneiras de fazer as coisas. \u00c0s vezes, a ina\u00e7\u00e3o \u00e9 o maior preju\u00edzo para um projeto.<\/span>\r\n<\/p>\r\n\r\n<p style=\"margin-bottom: 0.0001pt\">\r\n\t<span style=\"line-height:115%\">Cultivar a criatividade e inova\u00e7\u00e3o da equipa do projeto \u2013 implementar t\u00e1ticas como grupos de <i>brainstorming<\/i>, caixas de sugest\u00f5es e tempo e espa\u00e7o durante o dia de trabalho para a criatividade.<\/span>\r\n<\/p>\r\n\r\n<p style=\"margin-bottom: 0.0001pt\">\r\n\t<span style=\"line-height:115%\">O refor\u00e7o positivo ajudar\u00e1 a fomentar uma cultura inovadora.<\/span>\r\n<\/p>\r\n\r\n<p style=\"margin-bottom: 0.0001pt\">\r\n\t\u00a0\r\n<\/p>\r\n\r\n<h3 style=\"margin-bottom: 0.0001pt\">\r\n\t<span style=\"line-height:115%\"><b>Como \u00e9 que a <i>Lean Startup<\/i> ajuda?<\/b><\/span>\r\n<\/h3>\r\n\r\n<p style=\"margin-bottom: 0.0001pt\">\r\n\t<span style=\"line-height:115%\">Ao usar a abordagem <i>Lean Startup<\/i>, poder\u00e1 desenvolver um processo em torno do desenvolvimento de um produto ou servi\u00e7o, criar solicita\u00e7\u00f5es e usar ferramentas para testar a sua vis\u00e3o continuamente durante toda a fase de desenvolvimento do produto (no nosso caso, projeto).<\/span>\r\n<\/p>\r\n\r\n<p style=\"margin-bottom: 0.0001pt\">\r\n\t<span style=\"line-height:115%\">A metodologia <i>Lean Startup <\/i>tem o utilizador ou o cliente em mente desde o in\u00edcio.<\/span>\r\n<\/p>\r\n\r\n<p>\r\n\t\u00a0\r\n<\/p>\r\n\r\n<p style=\"margin-bottom: 0.0001pt\">\r\n\t<span style=\"line-height:115%\"><b>Existem 4 princ\u00edpios fundamentais na Metodologia <i>Lean Startup <\/i>.<\/b><\/span>\r\n<\/p>\r\n\r\n<ol>\r\n\t<li style=\"border: none;margin-top: 0cm;margin-right: 0cm;margin-bottom: 0.0001pt\">\r\n\t\t<span style=\"line-height:115%\"><b><span lang=\"PT\" style=\"color:black\">Os empreendedores est\u00e3o em todos os lugares. <\/span><\/b><br><span lang=\"PT\" style=\"color:black\">Qualquer pessoa com uma ideia para um projeto pode aplicar a metodologia <i>Lean Startup<\/i>. N\u00e3o importa o tamanho do projeto ou se trabalhar\u00e1 na universidade, no escrit\u00f3rio do quarto ou no jardim, pode aplicar a abordagem <i>Lean Startup <\/i>para economizar tempo, dinheiro e recursos e garantir que a<i> startup <\/i>seja bem-sucedida.<\/span><\/span>\r\n\t<\/li>\r\n\t<li style=\"border: none;margin-top: 0cm;margin-right: 0cm;margin-bottom: 0.0001pt\">\r\n\t\t<span style=\"line-height:115%\"><b><span lang=\"PT\" style=\"color:black\">Empreendedorismo \u00e9 gest\u00e3o.<\/span><\/b><\/span><br><span style=\"line-height:115%\"><span lang=\"PT\" style=\"color:black\">Muitas empresas, ou neste caso, projetos, assumem que n\u00e3o precisam de se preocupar com assuntos como gest\u00e3o, dada a sua dimens\u00e3o. Como qualquer empresa, a gest\u00e3o \u00e9 essencial. Pode n\u00e3o parecer uma gest\u00e3o tradicional no sentido de que h\u00e1 menos protocolo, mas a gest\u00e3o \u00e9 necess\u00e1ria para ter a capacidade de rea\u00e7\u00e3o em situa\u00e7\u00f5es <\/span>cr\u00edticas,<span style=\"color:black\"> ter conex\u00e3o com as partes interessadas e orientar os colegas de trabalho\/volunt\u00e1rios na tomada de decis\u00f5es e an\u00e1lise de riscos que podem afetar os resultados.<\/span><\/span>\r\n\t<\/li>\r\n\t<li style=\"border: none;margin-top: 0cm;margin-right: 0cm;margin-bottom: 0.0001pt\">\r\n\t\t<span style=\"line-height:115%\"><b><span lang=\"PT\" style=\"color:black\">Aprendizagem validada.<\/span><\/b><\/span><br><span style=\"line-height:115%\"><span lang=\"PT\" style=\"color:black\">Aprendizagem validada significa que a<i> startup <\/i>realiza experi\u00eancias para obter resultados e basear todas as decis\u00f5es futuras em dados cient\u00edficos relevantes <\/span>para <span style=\"color:black\">esses resultados. Observar os dados permite \u00e0 <i>startup <\/i>ter uma orienta\u00e7\u00e3o sustentada sobre se os neg\u00f3cios s\u00e3o ou n\u00e3o vi\u00e1veis e sustent\u00e1veis.<\/span><\/span><br><span style=\"line-height:115%\">Um projeto de DCE deve identificar se o produto ou servi\u00e7o resolve um problema no mercado \u2013 caso contr\u00e1rio, n\u00e3o pode ser sustent\u00e1vel. O projeto deve-se adaptar para manuten\u00e7\u00e3o do sucesso.<\/span>\r\n\t<\/li>\r\n\t<li style=\"border: none;margin-top: 0cm;margin-right: 0cm;margin-bottom: 0.0001pt\">\r\n\t\t<span style=\"line-height:115%\"><b><span lang=\"PT\" style=\"color:black\">Contabilidade de inova\u00e7\u00e3o.<\/span><\/b><\/span><br><span style=\"line-height:115%\"><span lang=\"PT\" style=\"color:black\">Para criar um projeto de sucesso e sustent\u00e1vel, \u00e9 necess\u00e1rio focar num tipo de contabilidade diferente: monitorizar o progresso de forma objetiva, priorizar o trabalho e estabelecer marcos para o projeto e tomar decis\u00f5es com base nos resultados dos dados.<\/span><\/span>\r\n\t<\/li>\r\n<\/ol>\r\n\r\n<p style=\"margin-bottom: 0.0001pt\">\r\n\t\u00a0\r\n<\/p>\r\n\r\n<h3 style=\"margin-bottom: 0.0001pt\">\r\n\t<span style=\"line-height:115%\"><b>Canvas \u2013 Modelo de Neg\u00f3cios Sustent\u00e1veis<\/b><\/span>\r\n<\/h3>\r\n\r\n<p style=\"margin-bottom: 0.0001pt\">\r\n\t<span style=\"line-height:115%\">O <i>Sustainable Business Model Canvas <\/i>\u00e9 uma ferramenta \u00fatil para desenvolver uma ideia num modelo de neg\u00f3cio vi\u00e1vel. Centra-se em garantir que os relacionamentos dentro e fora do projeto funcionem de forma hol\u00edstica. Tamb\u00e9m pode identificar as consequ\u00eancias ecol\u00f3gicas e sociol\u00f3gicas do projeto.<\/span>\r\n<\/p>\r\n\r\n<p style=\"margin-bottom: 0.0001pt\">\r\n\t<span style=\"line-height:115%\">\u00c9 relevante para os estudantes com envolvimento c\u00edvico digital, pois visa aumentar os impactos positivos na sociedade e diminuir os impactos negativos.<\/span>\r\n<\/p>\r\n\r\n<p style=\"margin-bottom: 0.0001pt\">\r\n\t\u00a0\r\n<\/p>\r\n\r\n<p style=\"margin-bottom: 0.0001pt\">\r\n\t<span style=\"line-height:115%\"><b>Etapas no Canvas \u2013 Modelo de Neg\u00f3cios Sustent\u00e1veis<\/b><\/span>\r\n<\/p>\r\n\r\n<p style=\"margin-bottom: 0.0001pt\">\r\n\t<span style=\"line-height:115%\"><b>Passo 1<\/b>: Familiarizar-se com os 11 elementos-chave agrupados da seguinte forma:<\/span>\r\n<\/p>\r\n\r\n<ul>\r\n\t<li style=\"margin-top: 0cm;margin-right: 0cm;margin-bottom: 0.0001pt\">\r\n\t\t<span style=\"line-height:115%\">Proposta de Valor \u2013 Relacionamento com Clientes \u2013 Canais de Comunica\u00e7\u00e3o\u2013 Segmentos de Clientes<\/span>\r\n\t<\/li>\r\n\t<li style=\"margin-top: 0cm;margin-right: 0cm;margin-bottom: 0.0001pt\">\r\n\t\t<span style=\"line-height:115%\">Parceiros-chave \u2013 Atividades-chave \u2013 Recursos-chave<\/span>\r\n\t<\/li>\r\n\t<li style=\"margin-top: 0cm;margin-right: 0cm;margin-bottom: 0.0001pt\">\r\n\t\t<span style=\"line-height:115%\">Estrutura de Custos \u2013 Fluxos de Receita<\/span>\r\n\t<\/li>\r\n\t<li style=\"margin-top: 0cm;margin-right: 0cm;margin-bottom: 0.0001pt\">\r\n\t\t<span style=\"line-height:115%\">Custos Eco-Sociais \u2013 Benef\u00edcios Eco-Sociais<\/span>\r\n\t<\/li>\r\n<\/ul>\r\n\r\n<p style=\"margin-bottom: 0.0001pt\">\r\n\t<span style=\"line-height:115%\">O elemento da Proposta de Valor ou Segmentos de Clientes determinar\u00e1 <b>qual o <\/b>problema que o projeto deseja resolver e <b>de quem<\/b>.<\/span>\r\n<\/p>\r\n\r\n<p style=\"margin-bottom: 0.0001pt\">\r\n\t<span style=\"line-height:115%\"><b>Etapa 2. <\/b>Trabalhe como parte da equipa para encontrar um consenso. Quando cada pessoa da equipa est\u00e1 envolvida na vis\u00e3o da empresa, tem um Canvas para desenvolver ainda mais a ideia.<\/span>\r\n<\/p>\r\n\r\n<p style=\"margin-bottom: 0.0001pt\">\r\n\t<span style=\"line-height:115%\"><b>Etapa 3. <\/b>Apresentar o Canvas de ideias na turma, equipa ou ao professor. Convidar as pessoas a dar feedback e implemente as altera\u00e7\u00f5es necess\u00e1rias em outras itera\u00e7\u00f5es at\u00e9 ficar satisfeito com o resultado.<\/span>\r\n<\/p>\r\n\r\n<p>\r\n\t<b><span lang=\"PT\"><span style=\"line-height:107%\"><span>Etapa 4<\/span><\/span><\/span><\/b><span lang=\"PT\"><span style=\"line-height:107%\"><span>. Do Canvas resulta um s\u00f3lido modelo de neg\u00f3cios a partir do qual s\u00e3o feitos marcos e metas. A partir daqui, podem nascer planos mais detalhados baseados no canvas e no plano modificados, conforme necess\u00e1rio.<\/span><\/span><\/span>\r\n<\/p>\r\n\r\n<h3>\r\n\t\u00a0\r\n<\/h3>\r\n\r\n<h3>\r\n\tAssista a este v\u00eddeo que resume o livro \u201c<i>The Lean Startup<\/i>\u201d para mais informa\u00e7\u00f5es.\r\n<\/h3>\r\n\r\n<p>\r\n\t<img loading=\"lazy\" decoding=\"async\" width=\"1716\" height=\"1094\" class=\"alignnone wp-image-209\" style=\"width: 300px;height: 191px\" src=\"https:\/\/sisu.ut.ee\/wp-content\/uploads\/sites\/545\/sdce_video5-2.png\" title=\"sdce_video5-2.png\" alt=\"SDCE_video_5-2\" srcset=\"https:\/\/sisu.ut.ee\/wp-content\/uploads\/sites\/545\/sdce_video5-2.png 1716w, https:\/\/sisu.ut.ee\/wp-content\/uploads\/sites\/545\/sdce_video5-2-300x191.png 300w, https:\/\/sisu.ut.ee\/wp-content\/uploads\/sites\/545\/sdce_video5-2-1024x653.png 1024w, https:\/\/sisu.ut.ee\/wp-content\/uploads\/sites\/545\/sdce_video5-2-768x490.png 768w, https:\/\/sisu.ut.ee\/wp-content\/uploads\/sites\/545\/sdce_video5-2-1536x979.png 1536w\" sizes=\"auto, (max-width: 1716px) 100vw, 1716px\"><a href=\"https:\/\/www.youtube.com\/watch?v=RSaIOCHbuYw\">https:\/\/www.youtube.com\/watch?v=RSaIOCHbuYw<\/a>\r\n<\/p>\r\n\r\n<p>\r\n\t\u00a0\r\n<\/p>\r\n\r\n<p>\r\n\t\u00a0\r\n<\/p>\r\n\r\n<h2>\r\n\t<span style=\"line-height:115%\"><b>Teste r\u00e1pido<\/b><\/span>\r\n<\/h2>\r\n\r\n<div class=\"h5p-iframe-wrapper\"><div class=\"video-placeholder-wrapper video-placeholder-wrapper--fixed\" style=\"height: 366px;\">\n\t\t\t    <div class=\"video-placeholder d-flex justify-content-center align-items-center\">\n\t\t\t        <div class=\"overlay text-white p-2 w-100 text-center d-block justify-content-center align-items-center\">\n\t\t\t            <div>To view third-party content, please accept cookies.<\/div>\n\t\t\t            <button class=\"btn btn-secondary btn-sm mt-1 consent-change\">Change consent<\/button>\n\t\t\t        <\/div>\n\t\t\t    <\/div>\n\t\t\t<\/div>\n<\/div>\r\n","protected":false},"excerpt":{"rendered":"<p>Este t\u00f3pico abrange informa\u00e7\u00f5es sobre formas de financiamento de um projeto DCE. O resultado de aprendizagem deste t\u00f3pico \u00e9 obter uma compreens\u00e3o da metodologia Lean Startup e como as empresas de tecnologia ajudam a financiar as suas organiza\u00e7\u00f5es. \u00a0 O &#8230;<\/p>\n","protected":false},"author":63,"featured_media":0,"parent":0,"menu_order":0,"comment_status":"closed","ping_status":"closed","template":"","meta":{"_acf_changed":false,"inline_featured_image":false,"footnotes":""},"class_list":["post-96","page","type-page","status-publish","hentry"],"acf":[],"_links":{"self":[{"href":"https:\/\/sisu.ut.ee\/sdce\/pt-pt\/wp-json\/wp\/v2\/pages\/96","targetHints":{"allow":["GET"]}}],"collection":[{"href":"https:\/\/sisu.ut.ee\/sdce\/pt-pt\/wp-json\/wp\/v2\/pages"}],"about":[{"href":"https:\/\/sisu.ut.ee\/sdce\/pt-pt\/wp-json\/wp\/v2\/types\/page"}],"author":[{"embeddable":true,"href":"https:\/\/sisu.ut.ee\/sdce\/pt-pt\/wp-json\/wp\/v2\/users\/63"}],"replies":[{"embeddable":true,"href":"https:\/\/sisu.ut.ee\/sdce\/pt-pt\/wp-json\/wp\/v2\/comments?post=96"}],"version-history":[{"count":3,"href":"https:\/\/sisu.ut.ee\/sdce\/pt-pt\/wp-json\/wp\/v2\/pages\/96\/revisions"}],"predecessor-version":[{"id":817,"href":"https:\/\/sisu.ut.ee\/sdce\/pt-pt\/wp-json\/wp\/v2\/pages\/96\/revisions\/817"}],"wp:attachment":[{"href":"https:\/\/sisu.ut.ee\/sdce\/pt-pt\/wp-json\/wp\/v2\/media?parent=96"}],"curies":[{"name":"wp","href":"https:\/\/api.w.org\/{rel}","templated":true}]}}