{"id":94,"date":"2024-04-04T07:48:31","date_gmt":"2024-04-04T04:48:31","guid":{"rendered":"https:\/\/sisu.ut.ee\/sdce\/module-5-1-en-2\/"},"modified":"2024-04-05T12:37:11","modified_gmt":"2024-04-05T09:37:11","slug":"module-5-1-en-2","status":"publish","type":"page","link":"https:\/\/sisu.ut.ee\/sdce\/pt-pt\/module-5-1-en-2\/","title":{"rendered":"T\u00f3pico 1: Estimativa dos Custos do Projeto e Necessidades Financeiras"},"content":{"rendered":"<blockquote>\r\n\t<h4>\r\n\t\t<img loading=\"lazy\" decoding=\"async\" width=\"531\" height=\"399\" class=\"alignnone wp-image-179\" style=\"width: 150px;height: 113px;float: right\" src=\"https:\/\/sisu.ut.ee\/wp-content\/uploads\/sites\/545\/sdce_clowd.png\" title=\"sdce_clowd.png\" alt=\"SDCE_clowd\" srcset=\"https:\/\/sisu.ut.ee\/wp-content\/uploads\/sites\/545\/sdce_clowd.png 531w, https:\/\/sisu.ut.ee\/wp-content\/uploads\/sites\/545\/sdce_clowd-300x225.png 300w\" sizes=\"auto, (max-width: 531px) 100vw, 531px\">Este t\u00f3pico identifica como come\u00e7ar a pensar nos custos de um projeto de DCE, quais s\u00e3o os fatores envolvidos e como or\u00e7ament\u00e1-los. Os objetivos de aprendizagem deste t\u00f3pico \u00e9 criar uma compreens\u00e3o do or\u00e7amento, quais os fatores que precisam de ser contabilizados, bem como as diferentes ferramentas e maneiras pelas quais um projeto de DCE se pode desenvolver financeiramente.\r\n\t<\/h4>\r\n\r\n\t<p>\r\n\t\t\u00a0\r\n\t<\/p>\r\n<\/blockquote>\r\n\r\n<h3>\r\n\t<img loading=\"lazy\" decoding=\"async\" width=\"413\" height=\"540\" class=\"alignnone wp-image-202\" style=\"width: 200px;height: 262px;float: right\" src=\"https:\/\/sisu.ut.ee\/wp-content\/uploads\/sites\/545\/picture5-1.jpg\" title=\"picture5-1.jpg\" alt=\"SDCE5-1\" srcset=\"https:\/\/sisu.ut.ee\/wp-content\/uploads\/sites\/545\/picture5-1.jpg 413w, https:\/\/sisu.ut.ee\/wp-content\/uploads\/sites\/545\/picture5-1-229x300.jpg 229w\" sizes=\"auto, (max-width: 413px) 100vw, 413px\">\r\n<\/h3>\r\n\r\n<h3 style=\"margin-bottom: 0.0001pt\">\r\n\t<span style=\"line-height:115%\"><b>Porque \u00e9 que o planeamento e or\u00e7amento de um projeto s\u00e3o essenciais?<\/b><\/span>\r\n<\/h3>\r\n\r\n<p style=\"margin-bottom: 0.0001pt\">\r\n\t<span style=\"line-height:115%\">Um projeto s\u00f3 pode ganhar vida se tiver os recursos para isso. \u00c9 essencial determinar quais s\u00e3o as necessidades de recursos e obter fundos desde o arranque do projeto. Para isso, est\u00e1 impl\u00edcito um planeamento rigoroso para garantir que o projeto atinja todo o seu potencial.<\/span>\r\n<\/p>\r\n\r\n<p style=\"margin-bottom: 0.0001pt\">\r\n\t<span style=\"line-height:115%\">Comece com o or\u00e7amento do projeto. O que \u00e9?<\/span>\r\n<\/p>\r\n\r\n<p style=\"margin-bottom: 0.0001pt\">\r\n\t<span style=\"line-height:115%\">Um or\u00e7amento de projeto \u00e9 uma estimativa dos custos gerais ao longo das diferentes fases do seu projeto. Isso pode incluir aspetos como custos de recursos humanos\/remunera\u00e7\u00f5es, custos de instala\u00e7\u00e3o (por exemplo: local de trabalho, ferramentas, equipamentos, etc.), custos de opera\u00e7\u00e3o (aluguer de uma sala para postos de trabalho e reuni\u00f5es, custos de viagem, etc.), materiais necess\u00e1rios, custos de promo\u00e7\u00e3o e divulga\u00e7\u00e3o, etc.<\/span>\r\n<\/p>\r\n\r\n<p style=\"margin-bottom: 0.0001pt\">\r\n\t\u00a0\r\n<\/p>\r\n\r\n<h3 style=\"margin-bottom: 0.0001pt\">\r\n\t<span style=\"line-height:115%\"><b>Raz\u00f5es para planear e or\u00e7amentar<\/b><\/span>\r\n<\/h3>\r\n\r\n<p style=\"margin-bottom: 0.0001pt\">\r\n\t<span style=\"line-height:115%\">A cria\u00e7\u00e3o de um or\u00e7amento ajudar\u00e1 a garantir a cobertura de todos os custos envolvidos no projeto e quaisquer outras despesas inesperadas que possam ocorrer durante a vida \u00fatil do projeto.<\/span>\r\n<\/p>\r\n\r\n<p style=\"margin-bottom: 0.0001pt\">\r\n\t<span style=\"line-height:115%\">O or\u00e7amento tamb\u00e9m comunicar\u00e1 \u00e0s partes interessadas as suas necessidades financeiras e o volume de fundos necess\u00e1rios em cada etapa do projeto.<\/span>\r\n<\/p>\r\n\r\n<p style=\"margin-bottom: 0.0001pt\">\r\n\t<span style=\"line-height:115%\">Esta, por sua vez, ser\u00e1 a meta de financiamento\/solicita\u00e7\u00e3o com base em evid\u00eancias do projeto.<\/span>\r\n<\/p>\r\n\r\n<p style=\"margin-bottom: 0.0001pt\">\r\n\t\u00a0\r\n<\/p>\r\n\r\n<h3 style=\"margin-bottom: 0.0001pt\">\r\n\t<span style=\"line-height:115%\"><b>Como criar um or\u00e7amento de projeto<\/b><\/span>\r\n<\/h3>\r\n\r\n<p style=\"margin-bottom: 0.0001pt\">\r\n\t<span style=\"line-height:115%\">Como podemos calcular os valores e fazer um or\u00e7amento de projeto que preencha todos os requisitos?<\/span>\r\n<\/p>\r\n\r\n<p style=\"margin-bottom: 0.0001pt\">\r\n\t<span style=\"line-height:115%\">Um or\u00e7amento precisa de ser compilado minuciosamente para garantir que o gestor n\u00e3o perde qualquer componente que possa afetar a garantia de financiamento. Pode ser a diferen\u00e7a entre estar seguro e estar endividado.<\/span>\r\n<\/p>\r\n\r\n<p style=\"margin-bottom: 0.0001pt\">\r\n\t<span style=\"line-height:115%\">H\u00e1 v\u00e1rios aspetos-chave que necessita examinar ao elaborar o or\u00e7amento e diferentes m\u00e9todos de estimativa de custos para um or\u00e7amento. Aqui est\u00e3o os passos mais b\u00e1sicos na cria\u00e7\u00e3o de um or\u00e7amento simples.<\/span>\r\n<\/p>\r\n\r\n<p>\r\n\t\u00a0\r\n<\/p>\r\n\r\n<table class=\"table table-hover\" border=\"0\" cellpadding=\"5\" cellspacing=\"0\" style=\"width: 100%\">\r\n\t<tbody>\r\n\t\t<tr>\r\n\t\t\t<td>\r\n\t\t\t\t<p>\r\n\t\t\t\t\t<strong>1. <\/strong><b>Crie uma lista de tarefas<\/b>\r\n\t\t\t\t<\/p>\r\n\r\n\t\t\t\t<p>\r\n\t\t\t\t\t<img loading=\"lazy\" decoding=\"async\" width=\"640\" height=\"640\" class=\"alignnone wp-image-198\" style=\"width: 110px;height: 110px;float: left\" src=\"https:\/\/sisu.ut.ee\/wp-content\/uploads\/sites\/545\/brief-4510896_640.png\" title=\"brief-4510896_640.png\" alt=\"List\" srcset=\"https:\/\/sisu.ut.ee\/wp-content\/uploads\/sites\/545\/brief-4510896_640.png 640w, https:\/\/sisu.ut.ee\/wp-content\/uploads\/sites\/545\/brief-4510896_640-300x300.png 300w, https:\/\/sisu.ut.ee\/wp-content\/uploads\/sites\/545\/brief-4510896_640-150x150.png 150w\" sizes=\"auto, (max-width: 640px) 100vw, 640px\"><span style=\"line-height:115%\"><span lang=\"PT\" style=\"color:black\">Este passo ajuda a identificar o que ir\u00e1 realizar em cada etapa do projeto. Tamb\u00e9m ajudar\u00e1 os membros da equipa a compreender o papel que desempenham individualmente em cada <\/span>fase<span style=\"color:black\"> do projeto. Essa tarefa tamb\u00e9m pode ser estabelecida durante as etapas de planeamento do projeto.<\/span><\/span>\r\n\t\t\t\t<\/p>\r\n\t\t\t<\/td>\r\n\t\t<\/tr>\r\n\t\t<tr>\r\n\t\t\t<td>\r\n\t\t\t\t<p>\r\n\t\t\t\t\t<strong>2.\u00a0<\/strong><b>Custo de investiga\u00e7\u00e3o de cada tarefa<\/b>\r\n\t\t\t\t<\/p>\r\n\r\n\t\t\t\t<p>\r\n\t\t\t\t\t<img loading=\"lazy\" decoding=\"async\" width=\"640\" height=\"371\" class=\"alignnone wp-image-200\" style=\"width: 100px;height: 64px;float: left;margin-right:10px\" src=\"https:\/\/sisu.ut.ee\/wp-content\/uploads\/sites\/545\/account-3924281_640.jpg\" title=\"account-3924281_640.jpg\" alt=\"Account\" srcset=\"https:\/\/sisu.ut.ee\/wp-content\/uploads\/sites\/545\/account-3924281_640.jpg 640w, https:\/\/sisu.ut.ee\/wp-content\/uploads\/sites\/545\/account-3924281_640-300x174.jpg 300w\" sizes=\"auto, (max-width: 640px) 100vw, 640px\">Para cada tarefa, avalie o custo em termos de recursos, materiais e tempo necess\u00e1rios para todas as tarefas. Inclua prazos realistas para alcan\u00e7ar cada um. Adicione todas as estimativas de custo juntas. Assim obt\u00e9m um or\u00e7amento provis\u00f3rio para o projeto. Inserir todos os dados numa tabela pode ser muito \u00fatil para esta etapa. Ao dividir a tabela em duas colunas \u2013 uma para \u2018Tarefas\u2019 e outra para \u2018Estimativa de Custo\u2019, facilmente verifica o que \u00e9 necess\u00e1rio para cada item da sua lista.\r\n\t\t\t\t<\/p>\r\n\t\t\t<\/td>\r\n\t\t<\/tr>\r\n\t\t<tr>\r\n\t\t\t<td>\r\n\t\t\t\t<p>\r\n\t\t\t\t\t<strong>3.\u00a0<\/strong><b>Or\u00e7amento de conting\u00eancia<\/b>\r\n\t\t\t\t<\/p>\r\n\r\n\t\t\t\t<p>\r\n\t\t\t\t\t<img loading=\"lazy\" decoding=\"async\" width=\"640\" height=\"418\" class=\"alignnone wp-image-199\" style=\"float: left\" src=\"https:\/\/sisu.ut.ee\/wp-content\/uploads\/sites\/545\/piggy-bank-970340_640.jpg\" title=\"piggy-bank-970340_640.jpg\" alt=\"Pig\" srcset=\"https:\/\/sisu.ut.ee\/wp-content\/uploads\/sites\/545\/piggy-bank-970340_640.jpg 640w, https:\/\/sisu.ut.ee\/wp-content\/uploads\/sites\/545\/piggy-bank-970340_640-300x196.jpg 300w\" sizes=\"auto, (max-width: 640px) 100vw, 640px\">\r\n\t\t\t\t<\/p>\r\n\r\n\t\t\t\t<p style=\"border: none;margin: 0cm 0cm 0.0001pt 36pt\">\r\n\t\t\t\t\t<span style=\"line-height:115%\"><span lang=\"PT\" style=\"color:black\">Prever uma conting\u00eancia \u00e9 extremamente importante para todos os or\u00e7amentos de projetos. Nunca se sabe quando podem surgir custos extras inesperados, e a \u00faltima coisa que pretende \u00e9 comprometer o progresso do projeto devido a custos adicionais. Uma boa linha de base para uma conting\u00eancia \u00e9 10% do custo total do projeto. Isso garantir\u00e1 que tem fundos para manter o projeto dentro do or\u00e7amento.\u00a0<\/span><\/span>\r\n\t\t\t\t<\/p>\r\n\t\t\t<\/td>\r\n\t\t<\/tr>\r\n\t<\/tbody>\r\n<\/table>\r\n\r\n<p>\r\n\t<span style=\"line-height:115%\">Finalmente, suporte-se numa outra pessoa para dar uma \u00faltima valida\u00e7\u00e3o ao conte\u00fado, de forma a garantir que todos os \u00e2ngulos est\u00e3o cobertos.<\/span>\r\n<\/p>\r\n\r\n<h3>\r\n\tAssista a este v\u00eddeo que aborda os conceitos b\u00e1sicos de gest\u00e3o de custos do projeto.\r\n<\/h3>\r\n\r\n<p>\r\n\t<img loading=\"lazy\" decoding=\"async\" width=\"1716\" height=\"1094\" class=\"alignnone wp-image-203\" style=\"width: 300px;height: 191px\" src=\"https:\/\/sisu.ut.ee\/wp-content\/uploads\/sites\/545\/sdce_video5-1.png\" title=\"sdce_video5-1.png\" alt=\"SDCE_video_5-1\" srcset=\"https:\/\/sisu.ut.ee\/wp-content\/uploads\/sites\/545\/sdce_video5-1.png 1716w, https:\/\/sisu.ut.ee\/wp-content\/uploads\/sites\/545\/sdce_video5-1-300x191.png 300w, https:\/\/sisu.ut.ee\/wp-content\/uploads\/sites\/545\/sdce_video5-1-1024x653.png 1024w, https:\/\/sisu.ut.ee\/wp-content\/uploads\/sites\/545\/sdce_video5-1-768x490.png 768w, https:\/\/sisu.ut.ee\/wp-content\/uploads\/sites\/545\/sdce_video5-1-1536x979.png 1536w\" sizes=\"auto, (max-width: 1716px) 100vw, 1716px\"><a href=\"https:\/\/www.youtube.com\/watch?v=EyPFi0YO32M\">https:\/\/www.youtube.com\/watch?v=EyPFi0YO32M<\/a>\r\n<\/p>\r\n\r\n<p>\r\n\t\u00a0\r\n<\/p>\r\n\r\n<h2>\r\n\t<b>Teste r\u00e1pido <\/b>\r\n<\/h2>\r\n\r\n<div class=\"h5p-iframe-wrapper\"><div class=\"video-placeholder-wrapper video-placeholder-wrapper--fixed\" style=\"height: 366px;\">\n\t\t\t    <div class=\"video-placeholder d-flex justify-content-center align-items-center\">\n\t\t\t        <div class=\"overlay text-white p-2 w-100 text-center d-block justify-content-center align-items-center\">\n\t\t\t            <div>To view third-party content, please accept cookies.<\/div>\n\t\t\t            <button class=\"btn btn-secondary btn-sm mt-1 consent-change\">Change consent<\/button>\n\t\t\t        <\/div>\n\t\t\t    <\/div>\n\t\t\t<\/div>\n<\/div>\r\n","protected":false},"excerpt":{"rendered":"<p>Este t\u00f3pico identifica como come\u00e7ar a pensar nos custos de um projeto de DCE, quais s\u00e3o os fatores envolvidos e como or\u00e7ament\u00e1-los. Os objetivos de aprendizagem deste t\u00f3pico \u00e9 criar uma compreens\u00e3o do or\u00e7amento, quais os fatores que precisam de &#8230;<\/p>\n","protected":false},"author":63,"featured_media":0,"parent":0,"menu_order":0,"comment_status":"closed","ping_status":"closed","template":"","meta":{"_acf_changed":false,"inline_featured_image":false,"footnotes":""},"class_list":["post-94","page","type-page","status-publish","hentry"],"acf":[],"_links":{"self":[{"href":"https:\/\/sisu.ut.ee\/sdce\/pt-pt\/wp-json\/wp\/v2\/pages\/94","targetHints":{"allow":["GET"]}}],"collection":[{"href":"https:\/\/sisu.ut.ee\/sdce\/pt-pt\/wp-json\/wp\/v2\/pages"}],"about":[{"href":"https:\/\/sisu.ut.ee\/sdce\/pt-pt\/wp-json\/wp\/v2\/types\/page"}],"author":[{"embeddable":true,"href":"https:\/\/sisu.ut.ee\/sdce\/pt-pt\/wp-json\/wp\/v2\/users\/63"}],"replies":[{"embeddable":true,"href":"https:\/\/sisu.ut.ee\/sdce\/pt-pt\/wp-json\/wp\/v2\/comments?post=94"}],"version-history":[{"count":3,"href":"https:\/\/sisu.ut.ee\/sdce\/pt-pt\/wp-json\/wp\/v2\/pages\/94\/revisions"}],"predecessor-version":[{"id":819,"href":"https:\/\/sisu.ut.ee\/sdce\/pt-pt\/wp-json\/wp\/v2\/pages\/94\/revisions\/819"}],"wp:attachment":[{"href":"https:\/\/sisu.ut.ee\/sdce\/pt-pt\/wp-json\/wp\/v2\/media?parent=94"}],"curies":[{"name":"wp","href":"https:\/\/api.w.org\/{rel}","templated":true}]}}