{"id":90,"date":"2024-04-04T07:48:30","date_gmt":"2024-04-04T04:48:30","guid":{"rendered":"https:\/\/sisu.ut.ee\/sdce\/module-4-4-en\/"},"modified":"2024-04-05T12:37:11","modified_gmt":"2024-04-05T09:37:11","slug":"module-4-4-en","status":"publish","type":"page","link":"https:\/\/sisu.ut.ee\/sdce\/pt-pt\/module-4-4-en\/","title":{"rendered":"T\u00f3pico 4: Avaliar o Impacto"},"content":{"rendered":"<blockquote>\r\n\t<h4>\r\n\t\t<img loading=\"lazy\" decoding=\"async\" width=\"531\" height=\"399\" class=\"alignnone wp-image-179\" style=\"width: 150px;height: 113px;float: right\" src=\"https:\/\/sisu.ut.ee\/wp-content\/uploads\/sites\/545\/sdce_clowd.png\" title=\"sdce_clowd.png\" alt=\"SDCE_clowd\" srcset=\"https:\/\/sisu.ut.ee\/wp-content\/uploads\/sites\/545\/sdce_clowd.png 531w, https:\/\/sisu.ut.ee\/wp-content\/uploads\/sites\/545\/sdce_clowd-300x225.png 300w\" sizes=\"auto, (max-width: 531px) 100vw, 531px\">Esta se\u00e7\u00e3o destaca a import\u00e2ncia da avalia\u00e7\u00e3o e porque \u00e9 realizada na gest\u00e3o de projetos. Os alunos ser\u00e3o capazes de entender como avaliar um projeto, bem como reconhecer os benef\u00edcios de faz\u00ea-lo.\r\n\t<\/h4>\r\n\r\n\t<p>\r\n\t\t\u00a0\r\n\t<\/p>\r\n<\/blockquote>\r\n\r\n<h4>\r\n\t\u00a0\r\n<\/h4>\r\n\r\n<h3>\r\n\t<img loading=\"lazy\" decoding=\"async\" width=\"536\" height=\"668\" class=\"alignnone wp-image-220\" style=\"width: 200px;height: 249px;float: right\" src=\"https:\/\/sisu.ut.ee\/wp-content\/uploads\/sites\/545\/picture4-4.jpg\" title=\"picture4-4.jpg\" alt=\"SDCE4-4\" srcset=\"https:\/\/sisu.ut.ee\/wp-content\/uploads\/sites\/545\/picture4-4.jpg 536w, https:\/\/sisu.ut.ee\/wp-content\/uploads\/sites\/545\/picture4-4-241x300.jpg 241w\" sizes=\"auto, (max-width: 536px) 100vw, 536px\">\r\n<\/h3>\r\n\r\n<h3 style=\"margin-bottom: 0.0001pt\">\r\n\t<span style=\"line-height:115%\"><b>O que \u00e9 avalia\u00e7\u00e3o e por que avaliar o impacto de um projeto?<\/b><\/span>\r\n<\/h3>\r\n\r\n<p style=\"margin-bottom: 0.0001pt\">\r\n\t<span style=\"line-height:115%\">A avalia\u00e7\u00e3o \u00e9 um processo estruturado pelo qual as atividades de um projeto s\u00e3o avaliadas e compreendidas.<\/span>\r\n<\/p>\r\n\r\n<p style=\"margin-bottom: 0.0001pt\">\r\n\t<span style=\"line-height:115%\">De uma forma cont\u00ednua, acompanhar, analisar e interpretar os dados sobre o projeto para identificar as suas realiza\u00e7\u00f5es.<\/span>\r\n<\/p>\r\n\r\n<p style=\"margin-bottom: 0.0001pt\">\r\n\t<span style=\"line-height:115%\">A avalia\u00e7\u00e3o tamb\u00e9m pode destacar pontos fracos, permitindo ajustar e melhorar aspetos do projeto \u00e0 medida que se avan\u00e7a.<\/span>\r\n<\/p>\r\n\r\n<p style=\"margin-bottom: 0.0001pt\">\r\n\t\u00a0\r\n<\/p>\r\n\r\n<h3 style=\"margin-bottom: 0.0001pt\">\r\n\t<span style=\"line-height:115%\"><b>A avalia\u00e7\u00e3o pode estabelecer o seguinte:<\/b><\/span>\r\n<\/h3>\r\n\r\n<ul>\r\n\t<li style=\"margin-top: 0cm;margin-right: 0cm;margin-bottom: 0.0001pt\">\r\n\t\t<span style=\"line-height:115%\">Aprendizagem organizacional atrav\u00e9s de experi\u00eancias anteriores \u2013 o que deu certo, o que poder\u00e1 ser melhorado no futuro?<\/span>\r\n\t<\/li>\r\n\t<li style=\"margin-top: 0cm;margin-right: 0cm;margin-bottom: 0.0001pt\">\r\n\t\t<span style=\"line-height:115%\">Monitoriza\u00e7\u00e3o do progresso \u2013 o projeto est\u00e1 a evoluir, estamos a estabelecer metas do que nos propusemos a alcan\u00e7ar?<\/span>\r\n\t<\/li>\r\n\t<li style=\"margin-top: 0cm;margin-right: 0cm;margin-bottom: 0.0001pt\">\r\n\t\t<span style=\"line-height:115%\">Defini\u00e7\u00e3o de um plano para o futuro, com um cronograma de atividades claro.<\/span>\r\n\t<\/li>\r\n\t<li style=\"margin-top: 0cm;margin-right: 0cm;margin-bottom: 0.0001pt\">\r\n\t\t<span style=\"line-height:115%\">Demonstrar o progresso aos financiadores e as principais partes interessadas.<\/span>\r\n\t<\/li>\r\n<\/ul>\r\n\r\n<p style=\"margin-bottom: 0.0001pt\">\r\n\t\u00a0\r\n<\/p>\r\n\r\n<h3 style=\"margin-bottom: 0.0001pt\">\r\n\t<span style=\"line-height:115%\"><b>Como avaliar o impacto e o sucesso do projeto:<\/b><\/span>\r\n<\/h3>\r\n\r\n<ul>\r\n\t<li style=\"margin-top: 0cm;margin-right: 0cm;margin-bottom: 0.0001pt\">\r\n\t\t<span style=\"line-height:115%\">Diversas formas. Um modo \u00e9 visualizar o futuro, algum tempo ap\u00f3s a conclus\u00e3o do projeto.<\/span>\r\n\t<\/li>\r\n\t<li style=\"margin-top: 0cm;margin-right: 0cm;margin-bottom: 0.0001pt\">\r\n\t\t<span style=\"line-height:115%\">Imagine que o projeto foi cumprido com sucesso. Ser\u00e1 que conseguiu realizar o que a equipa se prop\u00f4s a alcan\u00e7ar? Pense no que poderia ter dado errado e como iria corrigir essa situa\u00e7\u00e3o.<\/span>\r\n\t<\/li>\r\n<\/ul>\r\n\r\n<p style=\"margin-bottom: 0.0001pt\">\r\n\t<span style=\"line-height:115%\">Quando se pensa em termos de concretiza\u00e7\u00e3o do projeto, estes indicadores s\u00e3o denominados <b>Impactos. <\/b>Os impactos podem ser vistos como as mudan\u00e7as e diferen\u00e7as que ocorreram devido \u00e0 elabora\u00e7\u00e3o do projeto.<\/span>\r\n<\/p>\r\n\r\n<p style=\"margin-bottom: 0.0001pt\">\r\n\t<span style=\"line-height:115%\">Os impactos podem medir quatro aspetos diferentes num projeto DCE:<\/span>\r\n<\/p>\r\n\r\n<ul>\r\n\t<li style=\"border: none;margin-top: 0cm;margin-right: 0cm;margin-bottom: 0.0001pt\">\r\n\t\t<span style=\"line-height:115%\"><span lang=\"PT\" style=\"color:black\">Os membros do projeto<\/span><\/span>\r\n\t<\/li>\r\n\t<li style=\"border: none;margin-top: 0cm;margin-right: 0cm;margin-bottom: 0.0001pt\">\r\n\t\t<span style=\"line-height:115%\"><span lang=\"PT\" style=\"color:black\">Premissas do projeto<\/span><\/span>\r\n\t<\/li>\r\n\t<li style=\"border: none;margin-top: 0cm;margin-right: 0cm;margin-bottom: 0.0001pt\">\r\n\t\t<span style=\"line-height:115%\"><span lang=\"PT\" style=\"color:black\">Os benefici\u00e1rios do projeto<\/span><\/span>\r\n\t<\/li>\r\n\t<li style=\"border: none;margin-top: 0cm;margin-right: 0cm;margin-bottom: 0.0001pt\">\r\n\t\t<span style=\"line-height:115%\"><span lang=\"PT\" style=\"color:black\">Os sistemas e procedimentos em vigor previamente ao projeto.<\/span><\/span>\r\n\t<\/li>\r\n<\/ul>\r\n\r\n<p style=\"margin-bottom: 0.0001pt\">\r\n\t<span style=\"line-height:115%\">Quando se quer avaliar o impacto dos projetos, identifica-se as fontes de dados. Estas s\u00e3o as fontes de informa\u00e7\u00e3o que se pode utilizar para ajudar a identificar o sucesso dos impactos de um projeto. As fontes de dados podem incluir question\u00e1rios, investiga\u00e7\u00f5es, entrevistas, grupos especializados e observa\u00e7\u00e3o. \u00c9 importante recolher o feedback nas diferentes fases do projeto, pois isso vai ajudar a garantir que problemas ou riscos sejam tratados atempadamente e garantir o sucesso do projeto.<\/span>\r\n<\/p>\r\n\r\n<p style=\"margin-bottom: 0.0001pt\">\r\n\t<span style=\"line-height:115%\">Reunidos os dados e identificados os impactos, segue-se a avalia\u00e7\u00e3o e a atua\u00e7\u00e3o de acordo com as informa\u00e7\u00f5es recolhidas. Este \u00e9 um momento em que se avalia os sucessos do projeto at\u00e9 \u00e0 data e as metas que foram estabelecidas. <\/span>\r\n<\/p>\r\n\r\n<p style=\"margin-bottom: 0.0001pt\">\r\n\t<span style=\"line-height:115%\">O projeto est\u00e1 no caminho certo? Os objetivos foram alcan\u00e7ados? O que poderia ser realizado de forma diferente ou de forma mais eficiente? Nesta fase \u00e9 importante avaliar bem todas as informa\u00e7\u00f5es, para garantir o sucesso do projeto no futuro.<\/span>\r\n<\/p>\r\n\r\n<p>\r\n\t\u00a0\r\n<\/p>\r\n\r\n<p>\r\n\t\u00a0\r\n<\/p>\r\n\r\n<h2>\r\n\t<b>Teste r\u00e1pido <\/b>\r\n<\/h2>\r\n\r\n<div class=\"h5p-iframe-wrapper\"><div class=\"video-placeholder-wrapper video-placeholder-wrapper--fixed\" style=\"height: 366px;\">\n\t\t\t    <div class=\"video-placeholder d-flex justify-content-center align-items-center\">\n\t\t\t        <div class=\"overlay text-white p-2 w-100 text-center d-block justify-content-center align-items-center\">\n\t\t\t            <div>To view third-party content, please accept cookies.<\/div>\n\t\t\t            <button class=\"btn btn-secondary btn-sm mt-1 consent-change\">Change consent<\/button>\n\t\t\t        <\/div>\n\t\t\t    <\/div>\n\t\t\t<\/div>\n<\/div>\r\n","protected":false},"excerpt":{"rendered":"<p>Esta se\u00e7\u00e3o destaca a import\u00e2ncia da avalia\u00e7\u00e3o e porque \u00e9 realizada na gest\u00e3o de projetos. Os alunos ser\u00e3o capazes de entender como avaliar um projeto, bem como reconhecer os benef\u00edcios de faz\u00ea-lo. \u00a0 \u00a0 O que \u00e9 avalia\u00e7\u00e3o e por &#8230;<\/p>\n","protected":false},"author":63,"featured_media":0,"parent":0,"menu_order":0,"comment_status":"closed","ping_status":"closed","template":"","meta":{"_acf_changed":false,"inline_featured_image":false,"footnotes":""},"class_list":["post-90","page","type-page","status-publish","hentry"],"acf":[],"_links":{"self":[{"href":"https:\/\/sisu.ut.ee\/sdce\/pt-pt\/wp-json\/wp\/v2\/pages\/90","targetHints":{"allow":["GET"]}}],"collection":[{"href":"https:\/\/sisu.ut.ee\/sdce\/pt-pt\/wp-json\/wp\/v2\/pages"}],"about":[{"href":"https:\/\/sisu.ut.ee\/sdce\/pt-pt\/wp-json\/wp\/v2\/types\/page"}],"author":[{"embeddable":true,"href":"https:\/\/sisu.ut.ee\/sdce\/pt-pt\/wp-json\/wp\/v2\/users\/63"}],"replies":[{"embeddable":true,"href":"https:\/\/sisu.ut.ee\/sdce\/pt-pt\/wp-json\/wp\/v2\/comments?post=90"}],"version-history":[{"count":3,"href":"https:\/\/sisu.ut.ee\/sdce\/pt-pt\/wp-json\/wp\/v2\/pages\/90\/revisions"}],"predecessor-version":[{"id":821,"href":"https:\/\/sisu.ut.ee\/sdce\/pt-pt\/wp-json\/wp\/v2\/pages\/90\/revisions\/821"}],"wp:attachment":[{"href":"https:\/\/sisu.ut.ee\/sdce\/pt-pt\/wp-json\/wp\/v2\/media?parent=90"}],"curies":[{"name":"wp","href":"https:\/\/api.w.org\/{rel}","templated":true}]}}