{"id":84,"date":"2024-04-04T07:48:30","date_gmt":"2024-04-04T04:48:30","guid":{"rendered":"https:\/\/sisu.ut.ee\/sdce\/module-4-1-en\/"},"modified":"2024-04-05T12:37:11","modified_gmt":"2024-04-05T09:37:11","slug":"module-4-1-en","status":"publish","type":"page","link":"https:\/\/sisu.ut.ee\/sdce\/pt-pt\/module-4-1-en\/","title":{"rendered":"T\u00f3pico 1: Projetar e Colaborar com uma Equipa de Envolvimento C\u00edvico Digital"},"content":{"rendered":"<blockquote>\r\n\t<h4>\r\n\t\t<img loading=\"lazy\" decoding=\"async\" width=\"531\" height=\"399\" class=\"alignnone wp-image-179\" style=\"width: 150px;height: 113px;float: right\" src=\"https:\/\/sisu.ut.ee\/wp-content\/uploads\/sites\/545\/sdce_clowd.png\" title=\"sdce_clowd.png\" alt=\"SDCE_clowd\" srcset=\"https:\/\/sisu.ut.ee\/wp-content\/uploads\/sites\/545\/sdce_clowd.png 531w, https:\/\/sisu.ut.ee\/wp-content\/uploads\/sites\/545\/sdce_clowd-300x225.png 300w\" sizes=\"auto, (max-width: 531px) 100vw, 531px\">O objetivo de aprendizagem deste t\u00f3pico \u00e9 aprender como constituir um grupo para desenvolver uma ideia, aprender a analisar quais as compet\u00eancias que os membros da equipa t\u00eam e como us\u00e1-las para realizar um projeto de sucesso.\r\n\t<\/h4>\r\n<\/blockquote>\r\n\r\n<h3>\r\n\t\u00a0\r\n<\/h3>\r\n\r\n<h3>\r\n\t<span style=\"line-height:115%\"><b>Constitui\u00e7\u00e3o da sua equipa inicial:<\/b><\/span>\r\n<\/h3>\r\n\r\n<p>\r\n\t\u00a0\r\n<\/p>\r\n\r\n<p style=\"margin-bottom: 0.0001pt\">\r\n\t<span style=\"line-height:115%\">Na investiga\u00e7\u00e3o preparat\u00f3ria realizada para a elabora\u00e7\u00e3o do Guia para o Envolvimento C\u00edvico Digital, descobriu-se que havia uma pan\u00f3plia de raz\u00f5es e formatos pelos quais os projetos de Envolvimento C\u00edvico Digital (DCE) se podiam estabelecer.<\/span>\r\n<\/p>\r\n\r\n<p>\r\n\t<span lang=\"PT\"><span style=\"line-height:107%\"><span>O Guia para Envolvimento C\u00edvico Digital encontra-se dispon\u00edvel no <\/span><\/span><\/span><a data-url=\"https:\/\/www.studentcivicengagers.eu\/guide-to-digital-civic-engagement-pt\/\" href=\"https:\/\/www.studentcivicengagers.eu\/guide-to-digital-civic-engagement-pt\/\" target=\"_blank\" title=\"\" rel=\"noopener\">link.<\/a>\r\n<\/p>\r\n\r\n<p>\r\n\t\u00a0\r\n<\/p>\r\n\r\n<p style=\"margin-bottom: 0.0001pt\">\r\n\t<span style=\"line-height:115%\">De acordo com o guia existem v\u00e1rios tipos de equipas DCE, de acordo com a lideran\u00e7a:<\/span>\r\n<\/p>\r\n\r\n<ul>\r\n\t<li style=\"border: none;margin-top: 0cm;margin-right: 0cm;margin-bottom: 0.0001pt\">\r\n\t\t<span style=\"line-height:115%\"><span lang=\"PT\" style=\"color:black\">Lideran\u00e7a Estudantil \u2013 Uma equipa DCE que <\/span>\u00e9<span style=\"color:black\"> fundada e liderada principalmente por estudantes;<\/span><\/span>\r\n\t<\/li>\r\n\t<li style=\"border: none;margin-top: 0cm;margin-right: 0cm;margin-bottom: 0.0001pt\">\r\n\t\t<span style=\"line-height:115%\"><span lang=\"PT\" style=\"color:black\">Lideran\u00e7a por Professores \u2013 Uma equipa DCE que <\/span>\u00e9<span style=\"color:black\"> fundada e liderada principalmente por professores;<\/span><\/span>\r\n\t<\/li>\r\n\t<li style=\"border: none;margin-top: 0cm;margin-right: 0cm;margin-bottom: 0.0001pt\">\r\n\t\t<span lang=\"PT\"><span style=\"line-height:107%\"><span><span style=\"color:black\">Criou-se um terceiro tipo de equipa: Lideran\u00e7a em Servi\u00e7o \u2013 Uma equipa DCE que <\/span><\/span><\/span><\/span><span lang=\"PT\"><span style=\"line-height:107%\"><span>\u00e9<span style=\"color:black\"> fundada e liderada com o prop\u00f3sito da aprendizagem em servi\u00e7o.<\/span><\/span><\/span><\/span>\r\n\t<\/li>\r\n<\/ul>\r\n\r\n<p style=\"border: none;margin-top: 0cm;margin-right: 0cm;margin-bottom: 0.0001pt\">\r\n\t\u00a0\r\n<\/p>\r\n\r\n<p>\r\n\t<img loading=\"lazy\" decoding=\"async\" width=\"1020\" height=\"479\" class=\"alignnone wp-image-214\" style=\"width: 600px;height: 282px\" src=\"https:\/\/sisu.ut.ee\/wp-content\/uploads\/sites\/545\/sdce_teambuilding.png\" title=\"sdce_teambuilding.png\" alt=\"SDCE_Teambuilding\" srcset=\"https:\/\/sisu.ut.ee\/wp-content\/uploads\/sites\/545\/sdce_teambuilding.png 1020w, https:\/\/sisu.ut.ee\/wp-content\/uploads\/sites\/545\/sdce_teambuilding-300x141.png 300w, https:\/\/sisu.ut.ee\/wp-content\/uploads\/sites\/545\/sdce_teambuilding-768x361.png 768w\" sizes=\"auto, (max-width: 1020px) 100vw, 1020px\">\r\n<\/p>\r\n\r\n<p>\r\n\t\u00a0\r\n<\/p>\r\n\r\n<p style=\"margin-bottom: 0.0001pt\">\r\n\t<span style=\"line-height:115%\">Entender <b>como uma equipa \u00e9 formada <\/b>(se h\u00e1 uma escolha dos membros da equipa, ou se os membros da equipa s\u00e3o selecionados automaticamente) permitir\u00e1 que os l\u00edderes da equipa produzam uma equipa <b><u>forte <\/u><\/b>e <b><u>eficaz.<\/u><\/b><\/span>\r\n<\/p>\r\n\r\n<p style=\"margin-bottom: 0.0001pt\">\r\n\t<span style=\"line-height:115%\">Tamb\u00e9m \u00e9 importante observar nesta fase, quem ser\u00e3o os <b>l\u00edderes <\/b>do projeto? Os <b>docentes<\/b> v\u00e3o <b>supervisionar o projeto<\/b>, ou os <b>alunos<\/b> <b>ser\u00e3o os pr\u00f3prios respons\u00e1veis <\/b>pelo projeto?<\/span>\r\n<\/p>\r\n\r\n<p style=\"margin-bottom: 0.0001pt\">\r\n\t<span style=\"line-height:115%\">Existem v\u00e1rias etapas a concretizar para garantir que a sua equipa de DCE \u00e9 eficaz:<\/span>\r\n<\/p>\r\n\r\n<ul>\r\n\t<li style=\"border: none;margin-top: 0cm;margin-right: 0cm;margin-bottom: 0.0001pt\">\r\n\t\t<span style=\"line-height:115%\"><span lang=\"PT\" style=\"color:black\">O primeiro passo para a cria\u00e7\u00e3o de uma equipa \u00e9 estabelecer a miss\u00e3o do grupo. Uma miss\u00e3o \u00e9 o prop\u00f3sito ou justifica\u00e7\u00e3o do projeto. Identificar uma miss\u00e3o tamb\u00e9m ajudar\u00e1 a garantir que todos os membros da equipa est\u00e3o na mesma p\u00e1gina e alinhados com o prop\u00f3sito.<\/span><\/span>\r\n\t<\/li>\r\n\t<li style=\"border: none;margin-top: 0cm;margin-right: 0cm;margin-bottom: 0.0001pt\">\r\n\t\t<span style=\"line-height:115%\"><span lang=\"PT\" style=\"color:black\">Em seguida, os l\u00edderes da equipa precisam avaliar o conjunto de <b>compet\u00eancias <\/b>de cada elemento do grupo. Cada membro do projeto trar\u00e1 algo <b>diferente <\/b>para a equipa, de atitudes <\/span>e<span style=\"color:black\"> aptid\u00f5es \u2013 deve pensar como cada membro encaixa no seu papel. Ao alinhar as tarefas corretas para determinados membros do grupo, estar\u00e1 a garantir o <b>sucesso do projeto.<\/b><\/span><\/span>\r\n\t<\/li>\r\n<\/ul>\r\n\r\n<p>\r\n\t\u00a0\r\n<\/p>\r\n\r\n<ul>\r\n\t<li>\r\n\t\t<span lang=\"PT\"><span style=\"line-height:107%\"><span><span style=\"color:black\">O pr\u00f3ximo passo \u00e9 estabelecer as responsabilidades dos membros da equipa, porque isso beneficiar\u00e1 o projeto. No momento em que constitui a sua equipa, \u00e9 importante atribuir fun\u00e7\u00f5es individualmente, para que esteja esclarecido o que cada um deve fazer <\/span><\/span><\/span><\/span><span lang=\"PT\"><span style=\"line-height:107%\"><span>no <span style=\"color:black\">projeto. Nesta fase existem grandes oportunidades de aprendizagem para os alunos atrav\u00e9s da aprendizagem entre pares.<\/span><\/span><\/span><\/span>\r\n\t<\/li>\r\n<\/ul>\r\n\r\n<p>\r\n\t\u00a0\r\n<\/p>\r\n\r\n<h2>\r\n\t<b>Teste r\u00e1pido<\/b>\r\n<\/h2>\r\n\r\n<div class=\"h5p-iframe-wrapper\"><div class=\"video-placeholder-wrapper video-placeholder-wrapper--fixed\" style=\"height: 366px;\">\n\t\t\t    <div class=\"video-placeholder d-flex justify-content-center align-items-center\">\n\t\t\t        <div class=\"overlay text-white p-2 w-100 text-center d-block justify-content-center align-items-center\">\n\t\t\t            <div>To view third-party content, please accept cookies.<\/div>\n\t\t\t            <button class=\"btn btn-secondary btn-sm mt-1 consent-change\">Change consent<\/button>\n\t\t\t        <\/div>\n\t\t\t    <\/div>\n\t\t\t<\/div>\n<\/div>\r\n","protected":false},"excerpt":{"rendered":"<p>O objetivo de aprendizagem deste t\u00f3pico \u00e9 aprender como constituir um grupo para desenvolver uma ideia, aprender a analisar quais as compet\u00eancias que os membros da equipa t\u00eam e como us\u00e1-las para realizar um projeto de sucesso. \u00a0 Constitui\u00e7\u00e3o da &#8230;<\/p>\n","protected":false},"author":63,"featured_media":0,"parent":0,"menu_order":0,"comment_status":"closed","ping_status":"closed","template":"","meta":{"_acf_changed":false,"inline_featured_image":false,"footnotes":""},"class_list":["post-84","page","type-page","status-publish","hentry"],"acf":[],"_links":{"self":[{"href":"https:\/\/sisu.ut.ee\/sdce\/pt-pt\/wp-json\/wp\/v2\/pages\/84","targetHints":{"allow":["GET"]}}],"collection":[{"href":"https:\/\/sisu.ut.ee\/sdce\/pt-pt\/wp-json\/wp\/v2\/pages"}],"about":[{"href":"https:\/\/sisu.ut.ee\/sdce\/pt-pt\/wp-json\/wp\/v2\/types\/page"}],"author":[{"embeddable":true,"href":"https:\/\/sisu.ut.ee\/sdce\/pt-pt\/wp-json\/wp\/v2\/users\/63"}],"replies":[{"embeddable":true,"href":"https:\/\/sisu.ut.ee\/sdce\/pt-pt\/wp-json\/wp\/v2\/comments?post=84"}],"version-history":[{"count":3,"href":"https:\/\/sisu.ut.ee\/sdce\/pt-pt\/wp-json\/wp\/v2\/pages\/84\/revisions"}],"predecessor-version":[{"id":827,"href":"https:\/\/sisu.ut.ee\/sdce\/pt-pt\/wp-json\/wp\/v2\/pages\/84\/revisions\/827"}],"wp:attachment":[{"href":"https:\/\/sisu.ut.ee\/sdce\/pt-pt\/wp-json\/wp\/v2\/media?parent=84"}],"curies":[{"name":"wp","href":"https:\/\/api.w.org\/{rel}","templated":true}]}}