{"id":82,"date":"2024-04-04T07:48:29","date_gmt":"2024-04-04T04:48:29","guid":{"rendered":"https:\/\/sisu.ut.ee\/sdce\/module-3-ref-en\/"},"modified":"2024-04-04T07:50:36","modified_gmt":"2024-04-04T04:50:36","slug":"module-3-ref-en","status":"publish","type":"page","link":"https:\/\/sisu.ut.ee\/sdce\/pt-pt\/module-3-ref-en\/","title":{"rendered":"Outros Recursos"},"content":{"rendered":"<p>\n\t\u00a0\n<\/p>\n<p>\n\tPara mais informa\u00e7\u00f5es e recursos, confira os links a seguir:\n<\/p>\n<ul>\n<li>\n\t\tAssista ao v\u00eddeo para alguns exemplos de envolvimento c\u00edvico nas redes sociais\u00a0<a href=\"https:\/\/www.youtube.com\/watch?v=n8cMCdnQN40\">https:\/\/www.youtube.com\/watch?v=n8cMCdnQN40<\/a>\n\t<\/li>\n<li>\n\t\t<span style=\"line-height:115%\">Assista ao v\u00eddeo sobre <i>IN2IT Chicago<\/i>: Criar uma plataforma para o envolvimento c\u00edvico <\/span><a href=\"https:\/\/www.youtube.com\/watch?v=-iT4a2Mpf0M\">https:\/\/www.youtube.com\/watch?v=-iT4a2Mpf0M<\/a>\n\t<\/li>\n<li>\n\t\t<a href=\"https:\/\/civicengagement.illinoisstate.edu\/faculty-staff\/engagement-types\/\">Illinois State University provides different description of practices of civic engagement:<\/a>\u00a0\n\t<\/li>\n<li>\n\t\t<a href=\"https:\/\/news.microsoft.com\/en-my\/2020\/07\/17\/worlds-first-ever-youth-led-digital-parliament-goes-remote-with-microsoft-teams\/\">1st Digital Parliament first initiative done through teams<\/a>\n\t<\/li>\n<li>\n\t\t<a href=\"https:\/\/eyp.org\/digital-health-forum\/\">Digital Health Forum \u00e0 digital initiative held by the European Youth Parliament<\/a>\n\t<\/li>\n<li>\n\t\t<a href=\"https:\/\/www.brookings.edu\/blog\/brown-center-chalkboard\/2018\/07\/23\/what-does-civics-education-look-like-in-america\">Example for inspiration about what (digital) civic engagement projects may include<\/a>\n\t<\/li>\n<li>\n\t\t<a href=\"https:\/\/www.citizenlab.co\/blog\/civic-engagement\/10-easy-ways-to-be-a-more-engaged-citizen\/\">Check out this <\/a><a href=\"https:\/\/www.citizenlab.co\/blog\/civic-engagement\/10-easy-ways-to-be-a-more-engaged-citizen\/\">CivicLabs<\/a><a href=\"https:\/\/www.citizenlab.co\/blog\/civic-engagement\/10-easy-ways-to-be-a-more-engaged-citizen\/\"> article for ideas on how to become civically engaged<\/a>\n\t<\/li>\n<li>\n\t\t<a href=\"https:\/\/www.civicplus.com\/blog\/ce\/12-inspiring-examples-of-citizen-engagement-initiatives-for-smart-cities\">Need ideas on what to do for a Civic Engagement project? Click here for some inspiring examples.<\/a>\n\t<\/li>\n<li>\n\t\t<a href=\"https:\/\/statetechmagazine.com\/article\/2018\/11\/how-technology-can-be-tool-civic-engagement\">Check out this article on how to use technology in Civic Engagement<\/a>\n\t<\/li>\n<li>\n\t\t<a data-url=\"https:\/\/www.studentcivicengagers.eu\/guide-to-digital-civic-engagement-pt\/\" href=\"https:\/\/www.studentcivicengagers.eu\/guide-to-digital-civic-engagement-pt\/\" target=\"_blank\" title=\"\" rel=\"noopener\">Leia o Guia de envolvimento c\u00edvico (Portugu\u00eas) <\/a>\n\t<\/li>\n<li>\n\t\t<a data-url=\"https:\/\/www.studentcivicengagers.eu\/toolkit-pt\/\" href=\"https:\/\/www.studentcivicengagers.eu\/toolkit-pt\/\" target=\"_blank\" title=\"\" rel=\"noopener\">Leia o Toolkit<\/a>\u00a0<span style=\"background:white\"><span style=\"color:#565656\"><span><span lang=\"PT\"><span>de envolvimento c\u00edvico (Portugu\u00eas)<\/span><\/span><\/span><\/span><\/span>\n\t<\/li>\n<\/ul>\n<p>\n\t\u00a0<\/p>\n","protected":false},"excerpt":{"rendered":"<p>\u00a0 Para mais informa\u00e7\u00f5es e recursos, confira os links a seguir: Assista ao v\u00eddeo para alguns exemplos de envolvimento c\u00edvico nas redes sociais\u00a0https:\/\/www.youtube.com\/watch?v=n8cMCdnQN40 Assista ao v\u00eddeo sobre IN2IT Chicago: Criar uma plataforma para o envolvimento c\u00edvico https:\/\/www.youtube.com\/watch?v=-iT4a2Mpf0M Illinois State University &#8230;<\/p>\n","protected":false},"author":63,"featured_media":0,"parent":0,"menu_order":0,"comment_status":"closed","ping_status":"closed","template":"","meta":{"_acf_changed":false,"inline_featured_image":false,"footnotes":""},"class_list":["post-82","page","type-page","status-publish","hentry"],"acf":[],"_links":{"self":[{"href":"https:\/\/sisu.ut.ee\/sdce\/pt-pt\/wp-json\/wp\/v2\/pages\/82","targetHints":{"allow":["GET"]}}],"collection":[{"href":"https:\/\/sisu.ut.ee\/sdce\/pt-pt\/wp-json\/wp\/v2\/pages"}],"about":[{"href":"https:\/\/sisu.ut.ee\/sdce\/pt-pt\/wp-json\/wp\/v2\/types\/page"}],"author":[{"embeddable":true,"href":"https:\/\/sisu.ut.ee\/sdce\/pt-pt\/wp-json\/wp\/v2\/users\/63"}],"replies":[{"embeddable":true,"href":"https:\/\/sisu.ut.ee\/sdce\/pt-pt\/wp-json\/wp\/v2\/comments?post=82"}],"version-history":[{"count":1,"href":"https:\/\/sisu.ut.ee\/sdce\/pt-pt\/wp-json\/wp\/v2\/pages\/82\/revisions"}],"predecessor-version":[{"id":561,"href":"https:\/\/sisu.ut.ee\/sdce\/pt-pt\/wp-json\/wp\/v2\/pages\/82\/revisions\/561"}],"wp:attachment":[{"href":"https:\/\/sisu.ut.ee\/sdce\/pt-pt\/wp-json\/wp\/v2\/media?parent=82"}],"curies":[{"name":"wp","href":"https:\/\/api.w.org\/{rel}","templated":true}]}}