{"id":78,"date":"2024-04-04T07:48:29","date_gmt":"2024-04-04T04:48:29","guid":{"rendered":"https:\/\/sisu.ut.ee\/sdce\/module-3-3-en\/"},"modified":"2024-04-05T12:37:12","modified_gmt":"2024-04-05T09:37:12","slug":"module-3-3-en","status":"publish","type":"page","link":"https:\/\/sisu.ut.ee\/sdce\/pt-pt\/module-3-3-en\/","title":{"rendered":"T\u00f3pico 3: Aplicar a Tecnologia para Promover o seu Desempenho ao N\u00edvel do Envolvimento C\u00edvico"},"content":{"rendered":"<blockquote>\r\n\t<h4>\r\n\t\t<img loading=\"lazy\" decoding=\"async\" width=\"531\" height=\"399\" class=\"alignnone wp-image-179\" style=\"width: 150px;height: 113px;float: right\" src=\"https:\/\/sisu.ut.ee\/wp-content\/uploads\/sites\/545\/sdce_clowd.png\" title=\"sdce_clowd.png\" alt=\"SDCE_clowd\" srcset=\"https:\/\/sisu.ut.ee\/wp-content\/uploads\/sites\/545\/sdce_clowd.png 531w, https:\/\/sisu.ut.ee\/wp-content\/uploads\/sites\/545\/sdce_clowd-300x225.png 300w\" sizes=\"auto, (max-width: 531px) 100vw, 531px\">Este t\u00f3pico fornece informa\u00e7\u00f5es sobre ferramentas e raz\u00f5es pelas quais os alunos devem aplicar a tecnologia digital no seu projeto SDCE. Os objetivos de aprendizagem deste t\u00f3pico ser\u00e1 que os alunos aprendam sobre m\u00faltiplas ferramentas digitais e como podem utiliz\u00e1-las no desenvolvimento\/execu\u00e7\u00e3o de um projeto de envolvimento c\u00edvico digital.\r\n\t<\/h4>\r\n<\/blockquote>\r\n\r\n<p>\r\n\t\u00a0\r\n<\/p>\r\n\r\n<h3>\r\n\t<img loading=\"lazy\" decoding=\"async\" width=\"536\" height=\"668\" class=\"alignnone wp-image-212\" style=\"width: 200px;height: 249px;float: right\" src=\"https:\/\/sisu.ut.ee\/wp-content\/uploads\/sites\/545\/picture3_3.jpg\" title=\"picture3_3.jpg\" alt=\"SDCE3-3\" srcset=\"https:\/\/sisu.ut.ee\/wp-content\/uploads\/sites\/545\/picture3_3.jpg 536w, https:\/\/sisu.ut.ee\/wp-content\/uploads\/sites\/545\/picture3_3-241x300.jpg 241w\" sizes=\"auto, (max-width: 536px) 100vw, 536px\">\r\n<\/h3>\r\n\r\n<h3 style=\"margin-bottom: 0.0001pt\">\r\n\t<span style=\"line-height:115%\"><b><span lang=\"PT\" style=\"color:black\">Incluir tecnologia no projeto DCE<\/span><\/b><\/span>\r\n<\/h3>\r\n\r\n<p style=\"margin-bottom: 0.0001pt\">\r\n\t<span style=\"line-height:115%\"><span lang=\"PT\" style=\"color:black\">Uma vez definido o gestor do projeto DCE e entender os motivos pelos quais est\u00e1 a participar no projeto, \u00e9 importante descobrir como ir\u00e1 aplicar a tecnologia para alavancar o seu projeto.<\/span><\/span>\r\n<\/p>\r\n\r\n<p style=\"margin-bottom: 0.0001pt\">\r\n\t<span style=\"line-height:115%\"><span lang=\"PT\" style=\"color:black\">O seu projeto DCE pode ser suportado pela tecnologia de diferentes formas, desde encontrar novos modos de realizar as suas reuni\u00f5es at\u00e9 no desenvolvimento de \u00e2mbitos como o marketing.<\/span><\/span>\r\n<\/p>\r\n\r\n<p style=\"margin-bottom: 0.0001pt\">\r\n\t\u00a0\r\n<\/p>\r\n\r\n<h3 style=\"margin-bottom: 0.0001pt\">\r\n\t<span style=\"line-height:115%\"><b><span lang=\"PT\" style=\"color:black\">Recorrer \u00e0 tecnologia para encontrar pessoas com os mesmos interesses<\/span><\/b><\/span>\r\n<\/h3>\r\n\r\n<p style=\"margin-bottom: 0.0001pt\">\r\n\t<span style=\"line-height:115%\"><span lang=\"PT\" style=\"color:black\">Existem muitas ferramentas e plataformas a que pode recorrer para encontrar pessoas com interesses id\u00eanticos. As plataformas da rede social permitem encontrar pessoas com os mesmos interesses em grupos ou p\u00e1ginas. Curioso sobre por onde come\u00e7ar? Tente procurar grupos da comunidade no Facebook, focando-se em p\u00e1ginas ou grupos que est\u00e3o na sua localidade.<\/span><\/span>\r\n<\/p>\r\n\r\n<p style=\"margin-bottom: 0.0001pt\">\r\n\t<span style=\"line-height:115%\"><span lang=\"PT\" style=\"color:black\">Se n\u00e3o encontrar uma refer\u00eancia local, procure ampliar sua pesquisa para uma causa importante que lhe desperte interesse.<\/span><\/span>\r\n<\/p>\r\n\r\n<p style=\"margin-bottom: 0.0001pt\">\r\n\t\u00a0\r\n<\/p>\r\n\r\n<h3 style=\"margin-bottom: 0.0001pt\">\r\n\t<span style=\"line-height:115%\"><b><span lang=\"PT\" style=\"color:black\">Ferramentas para se relacionar<\/span><\/b><\/span>\r\n<\/h3>\r\n\r\n<p style=\"margin-bottom: 0.0001pt\">\r\n\t<span style=\"line-height:115%\"><span lang=\"PT\" style=\"color:black\">Espreite as ferramentas que propomos abaixo para ajud\u00e1-lo a relacionar-se com pessoas que partilham dos seus interesses.<\/span><\/span>\r\n<\/p>\r\n\r\n<p style=\"margin-bottom: 0.0001pt\">\r\n\t<span style=\"line-height:115%\"><b><u><span lang=\"PT\" style=\"color:black\">Meetup <\/span><\/u><\/b><span lang=\"PT\" style=\"color:black\">\u00e9 uma ferramenta onde pode conhecer pessoas com interesses semelhantes, tanto de forma profissional quanto informal. Poder\u00e1 optar por participar num grupo ou encontrar eventos em que esteja interessado. N\u00e3o consegue encontrar um grupo que corresponda exatamente ao que procura? Experimente criar um!<\/span><\/span><br><span style=\"line-height:normal\"><span style=\"vertical-align:baseline\"><span lang=\"EN-US\" style=\"color:black\"><span lang=\"PT\"><span style=\"line-height:107%\"><span><span style=\"color:black\">Visite a p\u00e1gina do Meetup aqui:\u00a0<\/span><\/span><\/span><\/span><\/span><\/span><\/span><span style=\"line-height:normal\"><span style=\"vertical-align:baseline\"><a href=\"https:\/\/www.meetup.com\/\">https:\/\/www.meetup.com\/<\/a><\/span><\/span>\r\n<\/p>\r\n\r\n<p>\r\n\t<span style=\"line-height:115%\"><b><u><span lang=\"PT\" style=\"color:black\">MeetMe<\/span><\/u> <\/b><span lang=\"PT\" style=\"color:black\">\u00e9 uma aplica\u00e7\u00e3o dispon\u00edvel para Android e iOS que permite a comunica\u00e7\u00e3o e o relacionamento entre pessoas com interesses semelhantes. Consiste num servi\u00e7o de mensagens instant\u00e2neas e ao vivo para que possa se interligar com pessoas pr\u00f3ximas e que tenham os mesmos interesses.<\/span><\/span>\r\n<\/p>\r\n\r\n<p>\r\n\t<span lang=\"PT\"><span style=\"line-height:107%\"><span><span style=\"color:black\">Visite o site do MeetMe aqui:\u00a0<\/span><\/span><\/span><\/span><span style=\"line-height:normal\"><span style=\"vertical-align:baseline\"><a href=\"https:\/\/www.meetme.com\/\">https:\/\/www.meetme.com\/#home<\/a><\/span><\/span>\r\n<\/p>\r\n\r\n<p>\r\n\t\u00a0\r\n<\/p>\r\n\r\n<h3>\r\n\t<b style=\"text-align:justify;14px\"><span lang=\"PT\">Ferramentas de comunica\u00e7\u00e3o<\/span><\/b>\r\n<\/h3>\r\n\r\n<p style=\"margin-bottom: 0.0001pt\">\r\n\t<span style=\"line-height:115%\"><span lang=\"PT\" style=\"color:black\">Depois de conhecer algumas pessoas com quem est\u00e1 interessado em desenvolver o projeto DCE, ir\u00e1 precisar de entrar em contato com esse grupo para organizar o projeto e realizar reuni\u00f5es.<\/span><\/span>\r\n<\/p>\r\n\r\n<p style=\"margin-bottom: 0.0001pt\">\r\n\t<span style=\"line-height:115%\"><span lang=\"PT\" style=\"color:black\">Explore as aplica\u00e7\u00f5es em infra para ter uma boa ideia do que est\u00e1 dispon\u00edvel para realizar videoconfer\u00eancias com a sua equipa. Estas ferramentas digitais tamb\u00e9m podem ser usadas para organizar reuni\u00f5es com grupos comunit\u00e1rios, sess\u00f5es de brainstorming e muito mais.<\/span><\/span>\r\n<\/p>\r\n\r\n<p style=\"margin-bottom: 0.0001pt\">\r\n\t<b><span lang=\"PT\"><span style=\"line-height:107%\"><span><span style=\"color:black\">Zoom <\/span><\/span><\/span><\/span><\/b><span lang=\"PT\"><span style=\"line-height:107%\"><span><span style=\"color:black\">\u00e9 uma ferramenta de v\u00eddeo e \u00e1udio confer\u00eancia online. O Zoom permite realizar reuni\u00f5es virtuais, bem como realizar aulas atrav\u00e9s de videoconfer\u00eancia. Os usu\u00e1rios tamb\u00e9m podem fazer um <i>brainstorming<\/i> num quadro branco virtual e colaborar nos projetos, como tirar notas em documentos disponibilizados nas telas compartilhadas pelos alunos.\u00a0<\/span><\/span><\/span><\/span><a data-url=\"https:\/\/zoom.us\/\" href=\"https:\/\/zoom.us\/\" target=\"_blank\" title=\"\" rel=\"noopener\">Link para o site.<\/a>\r\n<\/p>\r\n\r\n<p>\r\n\t<span style=\"line-height:115%\"><b><span lang=\"PT\" style=\"color:black\">O Facebook Live <\/span><\/b><span lang=\"PT\" style=\"color:black\">\u00e9 uma ferramenta que permite o usu\u00e1rio transmitir v\u00eddeo ao vivo atrav\u00e9s de uma p\u00e1gina ou grupo do Facebook. Este recurso pode ser aplicado para gravar reuni\u00f5es, eventos, apresenta\u00e7\u00f5es e aulas.<\/span><\/span>\r\n<\/p>\r\n\r\n<p style=\"margin-bottom: 0.0001pt\">\r\n\t<b><span lang=\"PT\"><span style=\"line-height:107%\"><span><span style=\"color:black\">Webex <\/span><\/span><\/span><\/span><\/b><span lang=\"PT\"><span style=\"line-height:107%\"><span><span style=\"color:black\">\u00e9 uma ferramenta online que permite que os usu\u00e1rios reuni\u00f5es por videoconfer\u00eancia com at\u00e9 100 participantes. \u00c9 um recurso com a funcionalidade de se comunicar por chamada de voz ou v\u00eddeo. Tamb\u00e9m pode ser aplicado para compartilhamento de tela ou para compartilhar documentos entre pessoas. O Webex \u00e9 considerado um software inclusivo, j\u00e1 que oferece experi\u00eancias iguais para todos, independentemente da geografia, idioma ou estilo de comunica\u00e7\u00e3o. <\/span><\/span><\/span><\/span><a data-url=\"https:\/\/www.webex.com\/\" href=\"https:\/\/www.webex.com\/\" target=\"_blank\" title=\"\" rel=\"noopener\">Link para o site<\/a>.\r\n<\/p>\r\n\r\n<p>\r\n\t\u00a0\r\n<\/p>\r\n\r\n<h3>\r\n\t<b style=\"text-align:justify;14px\"><span lang=\"PT\">Ferramentas de gest\u00e3o de projetos<\/span><\/b><span style=\"line-height:115%\"><b><span lang=\"PT\" style=\"color:black\">\u00a0<\/span><\/b><\/span>\r\n<\/h3>\r\n\r\n<p style=\"margin-bottom: 0.0001pt\">\r\n\t<span style=\"line-height:115%\"><span lang=\"PT\" style=\"color:black\">Um conjunto de ferramentas de gest\u00e3o de projetos que permite aos gestores a organiza\u00e7\u00e3o, planeamento e controlo dos projetos de uma forma simples e eficaz.<\/span><\/span>\r\n<\/p>\r\n\r\n<p style=\"margin-bottom: 0.0001pt\">\r\n\t<span style=\"line-height:115%\"><span lang=\"PT\" style=\"color:black\">As ferramentas de gest\u00e3o de projetos ir\u00e3o apoi\u00e1-lo a garantir que todas as partes interessadas estejam a par do programa de trabalhos, bem como, qual o est\u00e1gio\/processo do projeto de Envolvimento C\u00edvico est\u00e1 a desenvolver.<\/span><\/span>\r\n<\/p>\r\n\r\n<p style=\"margin-bottom: 0.0001pt\">\r\n\t<span style=\"line-height:115%\"><span lang=\"PT\" style=\"color:black\">Existem diversas ferramentas de gest\u00e3o de projetos \u2013 ter\u00e1 de decidir o que melhor se adequa ao seu projeto.<\/span><\/span>\r\n<\/p>\r\n\r\n<p style=\"margin-bottom: 0.0001pt\">\r\n\t<span style=\"line-height:115%\"><span lang=\"PT\" style=\"color:black\"><strong>O<\/strong> <b>Trello <\/b>permite aos usu\u00e1rios criar quadros, listas e cart\u00f5es que permitem manter os projetos organizados. Com cada quadro, pode compartilhar itens de muitas fontes diferentes, como blogs, sites e not\u00edcias, disponibilizando aos usu\u00e1rios informa\u00e7\u00f5es acess\u00edveis com rapidez.<\/span><\/span><br><span lang=\"PT\"><span style=\"line-height:107%\"><span><span style=\"color:black\">O Trello tamb\u00e9m pode ser usado como uma vers\u00e3o gratuita!<\/span><\/span><\/span><\/span><span style=\"line-height:normal\"><span style=\"vertical-align:baseline\"><span lang=\"EN-US\" style=\"color:black\">\u00a0<\/span><\/span><\/span><a data-url=\"https:\/\/trello.com\/en\" href=\"https:\/\/trello.com\/en\" target=\"_blank\" title=\"\" rel=\"noopener\">Link para o site.<\/a>\r\n<\/p>\r\n\r\n<p>\r\n\t<b>O Microsoft Teams <\/b>pode n\u00e3o ser inicialmente pensado como um software de gest\u00e3o de projetos, \u00e9 uma plataforma que oferece aos usu\u00e1rios um nicho para trabalho em equipa. O MsTeams usa canais em vez de pastas de arquivos e usa chats em vez de emails. Esta altera\u00e7\u00e3o no formato comum de trabalho em equipa, permite que cada membro da equipa aceda e trabalhe nos mesmos arquivos ao mesmo tempo.<span style=\"line-height:normal\"><span style=\"vertical-align:baseline\"><span lang=\"EN-US\" style=\"color:black\">\u00a0<\/span><\/span><\/span><a data-url=\"https:\/\/www.microsoft.com\/en-ie\/microsoft-teams\/group-chat-software\" href=\"https:\/\/www.microsoft.com\/en-ie\/microsoft-teams\/group-chat-software\" target=\"_blank\" title=\"\" rel=\"noopener\">Link para o site.<\/a>\r\n<\/p>\r\n\r\n<p>\r\n\t\u00a0\r\n<\/p>\r\n\r\n<h3 style=\"margin-bottom: 0.0001pt\">\r\n\t<span style=\"line-height:115%\"><b><span lang=\"PT\" style=\"color:black\">Kit de ferramentas sobre envolvimento c\u00edvico digital<\/span><\/b><\/span>\r\n<\/h3>\r\n\r\n<p style=\"margin-bottom: 0.0001pt\">\r\n\t<span style=\"line-height:115%\"><span lang=\"PT\" style=\"color:black\">Foram identificados v\u00e1rios recursos digitais que poder\u00e3o ser aprendidos e experimentados.<\/span><\/span>\r\n<\/p>\r\n\r\n<p style=\"margin-bottom: 0.0001pt\">\r\n\t<span style=\"line-height:115%\"><span lang=\"PT\" style=\"color:black\">Sabia que j\u00e1 est\u00e1 dispon\u00edvel um Toolkit completo como resultado do projeto S-DCE? <\/span><\/span>\r\n<\/p>\r\n\r\n<p>\r\n\t<span style=\"line-height:normal\"><span style=\"vertical-align:baseline\"><span lang=\"EN-US\" style=\"color:black\"><span lang=\"PT\"><span style=\"line-height:107%\"><span><span style=\"color:black\">O Toolkit \u00e9 um excelente recurso para lhe dar algumas ideias sobre quais ferramentas aplicar e quando \u2013 tamb\u00e9m apresenta um conjunto de ferramentas inspiradoras que foram efetivamente aplicadas para ajudar as comunidades locais em toda a Europa. <\/span><\/span><\/span><\/span><\/span><\/span><\/span>\r\n<\/p>\r\n\r\n<p>\r\n\t<a data-url=\"https:\/\/www.studentcivicengagers.eu\/toolkit-pt\/\" href=\"https:\/\/www.studentcivicengagers.eu\/toolkit-pt\/\" target=\"_blank\" title=\"\" rel=\"noopener\">S-DCE Toolkit<\/a>\r\n<\/p>\r\n\r\n<h2>\r\n\t<span style=\"line-height:115%\"><b>Teste r\u00e1pido<\/b><\/span>\r\n<\/h2>\r\n\r\n<div class=\"h5p-iframe-wrapper\"><div class=\"video-placeholder-wrapper video-placeholder-wrapper--fixed\" style=\"height: 366px;\">\n\t\t\t    <div class=\"video-placeholder d-flex justify-content-center align-items-center\">\n\t\t\t        <div class=\"overlay text-white p-2 w-100 text-center d-block justify-content-center align-items-center\">\n\t\t\t            <div>To view third-party content, please accept cookies.<\/div>\n\t\t\t            <button class=\"btn btn-secondary btn-sm mt-1 consent-change\">Change consent<\/button>\n\t\t\t        <\/div>\n\t\t\t    <\/div>\n\t\t\t<\/div>\n<\/div>\r\n","protected":false},"excerpt":{"rendered":"<p>Este t\u00f3pico fornece informa\u00e7\u00f5es sobre ferramentas e raz\u00f5es pelas quais os alunos devem aplicar a tecnologia digital no seu projeto SDCE. Os objetivos de aprendizagem deste t\u00f3pico ser\u00e1 que os alunos aprendam sobre m\u00faltiplas ferramentas digitais e como podem utiliz\u00e1-las &#8230;<\/p>\n","protected":false},"author":63,"featured_media":0,"parent":0,"menu_order":0,"comment_status":"closed","ping_status":"closed","template":"","meta":{"_acf_changed":false,"inline_featured_image":false,"footnotes":""},"class_list":["post-78","page","type-page","status-publish","hentry"],"acf":[],"_links":{"self":[{"href":"https:\/\/sisu.ut.ee\/sdce\/pt-pt\/wp-json\/wp\/v2\/pages\/78","targetHints":{"allow":["GET"]}}],"collection":[{"href":"https:\/\/sisu.ut.ee\/sdce\/pt-pt\/wp-json\/wp\/v2\/pages"}],"about":[{"href":"https:\/\/sisu.ut.ee\/sdce\/pt-pt\/wp-json\/wp\/v2\/types\/page"}],"author":[{"embeddable":true,"href":"https:\/\/sisu.ut.ee\/sdce\/pt-pt\/wp-json\/wp\/v2\/users\/63"}],"replies":[{"embeddable":true,"href":"https:\/\/sisu.ut.ee\/sdce\/pt-pt\/wp-json\/wp\/v2\/comments?post=78"}],"version-history":[{"count":3,"href":"https:\/\/sisu.ut.ee\/sdce\/pt-pt\/wp-json\/wp\/v2\/pages\/78\/revisions"}],"predecessor-version":[{"id":831,"href":"https:\/\/sisu.ut.ee\/sdce\/pt-pt\/wp-json\/wp\/v2\/pages\/78\/revisions\/831"}],"wp:attachment":[{"href":"https:\/\/sisu.ut.ee\/sdce\/pt-pt\/wp-json\/wp\/v2\/media?parent=78"}],"curies":[{"name":"wp","href":"https:\/\/api.w.org\/{rel}","templated":true}]}}