{"id":76,"date":"2024-04-04T07:48:29","date_gmt":"2024-04-04T04:48:29","guid":{"rendered":"https:\/\/sisu.ut.ee\/sdce\/module-3-2-en\/"},"modified":"2024-04-05T12:37:12","modified_gmt":"2024-04-05T09:37:12","slug":"module-3-2-en","status":"publish","type":"page","link":"https:\/\/sisu.ut.ee\/sdce\/pt-pt\/module-3-2-en\/","title":{"rendered":"T\u00f3pico 2: Investir no seu Primeiro ProjetoIiniciativa de Envolvimento Civico Digital"},"content":{"rendered":"<blockquote>\r\n\t<h4>\r\n\t\t<img loading=\"lazy\" decoding=\"async\" width=\"531\" height=\"399\" class=\"alignnone wp-image-179\" style=\"width: 150px;height: 113px;float: right\" src=\"https:\/\/sisu.ut.ee\/wp-content\/uploads\/sites\/545\/sdce_clowd.png\" title=\"sdce_clowd.png\" alt=\"SDCE_clowd\" srcset=\"https:\/\/sisu.ut.ee\/wp-content\/uploads\/sites\/545\/sdce_clowd.png 531w, https:\/\/sisu.ut.ee\/wp-content\/uploads\/sites\/545\/sdce_clowd-300x225.png 300w\" sizes=\"auto, (max-width: 531px) 100vw, 531px\">Este t\u00f3pico aborda como come\u00e7ar com o pr\u00f3prio projeto de envolvimento c\u00edvico digital. Os resultados de aprendizagem deste t\u00f3pico s\u00e3o entender como os alunos ser\u00e3o capazes de criar o seu pr\u00f3prio projeto de envolvimento c\u00edvico digital e como dar os primeiros passos para este se tornar um projeto estabelecido. Os estudos de caso fornecer\u00e3o exemplos reais de como os projetos de envolvimento c\u00edvico se consolidaram.\r\n\t<\/h4>\r\n<\/blockquote>\r\n\r\n<p>\r\n\t\u00a0\r\n<\/p>\r\n\r\n<h3>\r\n\t<img loading=\"lazy\" decoding=\"async\" width=\"551\" height=\"720\" class=\"alignnone wp-image-211\" style=\"width: 200px;height: 261px;float: right\" src=\"https:\/\/sisu.ut.ee\/wp-content\/uploads\/sites\/545\/picture3_2.jpg\" title=\"picture3_2.jpg\" alt=\"SDCE3-2\" srcset=\"https:\/\/sisu.ut.ee\/wp-content\/uploads\/sites\/545\/picture3_2.jpg 551w, https:\/\/sisu.ut.ee\/wp-content\/uploads\/sites\/545\/picture3_2-230x300.jpg 230w\" sizes=\"auto, (max-width: 551px) 100vw, 551px\">\r\n<\/h3>\r\n\r\n<h3 style=\"margin-bottom: 0.0001pt\">\r\n\t<span style=\"line-height:115%\"><b><span lang=\"PT\" style=\"color:black\">Os primeiros passos em dire\u00e7\u00e3o ao seu projeto\/iniciativa DCE<\/span><\/b><\/span>\r\n<\/h3>\r\n\r\n<p style=\"margin-bottom: 0.0001pt\">\r\n\t<span style=\"line-height:115%\"><span lang=\"PT\" style=\"color:black\">Aprendeu-se sobre os diferentes aspetos da participa\u00e7\u00e3o num projeto DCE ao longo destes m\u00f3dulos. Mas como se d\u00e3o exatamente os primeiros passos para iniciar um projeto de DCE?<\/span><\/span>\r\n<\/p>\r\n\r\n<p style=\"margin-bottom: 0.0001pt\">\r\n\t<span style=\"line-height:115%\"><b><span lang=\"PT\" style=\"color:black\">O primeiro passo \u00e9 descobrir quem ser\u00e1 o respons\u00e1vel pelo projeto de DCE e quem o ir\u00e1 organizar.<\/span><\/b><\/span>\r\n<\/p>\r\n\r\n<p style=\"margin-bottom: 0.0001pt\">\r\n\t<span style=\"line-height:115%\"><span lang=\"PT\" style=\"color:black\">A resolu\u00e7\u00e3o que encontrar para esta quest\u00e3o ir\u00e1 condicionar a organiza\u00e7\u00e3o inicial. <\/span><\/span>\r\n<\/p>\r\n\r\n<p style=\"margin-bottom: 0.0001pt\">\r\n\t<span style=\"line-height:115%\"><span lang=\"PT\" style=\"color:black\">Existem dois modelos de lideran\u00e7a de um projeto DCE.<\/span><\/span>\r\n<\/p>\r\n\r\n<p style=\"margin-bottom: 0.0001pt\">\r\n\t<span style=\"line-height:115%\"><b><span lang=\"PT\" style=\"color:black\">1. Projetos DCE liderados por alunos<\/span><\/b><span lang=\"PT\" style=\"color:black\"> quando os alunos s\u00e3o os principais organizadores do projeto e s\u00e3o fundamentais na tomada de decis\u00f5es para o projeto DCE.<\/span><\/span>\r\n<\/p>\r\n\r\n<p style=\"margin-bottom: 0.0001pt\">\r\n\t<span style=\"line-height:115%\"><b><span lang=\"PT\" style=\"color:black\">2. Projetos liderados por docentes ou universidades <\/span><\/b><span lang=\"PT\" style=\"color:black\">ser\u00e3o liderados por uma entidade de terceiro n\u00edvel (exemplos: universidades ou institutos de tecnologia) e esta ir\u00e1 procurar o contributo dos alunos nas atividades de envolvimento c\u00edvico. No entanto, as principais responsabilidades do projeto estar\u00e3o na coordena\u00e7\u00e3o do projeto \u2013 institui\u00e7\u00e3o de terceiro n\u00edvel.<\/span><\/span>\r\n<\/p>\r\n\r\n<p>\r\n\t<a data-url=\"https:\/\/www.studentcivicengagers.eu\/guide-to-digital-civic-engagement-en\/\" href=\"https:\/\/www.studentcivicengagers.eu\/guide-to-digital-civic-engagement-en\/\" target=\"_blank\" title=\"\" rel=\"noopener\">Saiba mais em nosso Guia do DCE<\/a>\r\n<\/p>\r\n\r\n<p>\r\n\t\u00a0\r\n<\/p>\r\n\r\n<p style=\"margin-bottom: 0.0001pt\">\r\n\t<span style=\"line-height:115%\"><b><span lang=\"PT\" style=\"color:black\">Como se envolver com o DCE<\/span><\/b><\/span>\r\n<\/p>\r\n\r\n<p style=\"margin-bottom: 0.0001pt\">\r\n\t<span style=\"line-height:115%\"><span lang=\"PT\" style=\"color:black\">A forma como um projeto DCE \u00e9 organizado \u00e9 importante para dar os primeiros passos do projeto.<\/span><\/span>\r\n<\/p>\r\n\r\n<p style=\"margin-bottom: 0.0001pt\">\r\n\t<span style=\"line-height:115%\"><span lang=\"PT\" style=\"color:black\">No decurso da investiga\u00e7\u00e3o dos estudos de caso, os resultados sugerem que existem v\u00e1rios fundamentos para os alunos se envolverem num projeto de DCE:<\/span><\/span>\r\n<\/p>\r\n\r\n<ul>\r\n\t<li style=\"border: none;margin-top: 0cm;margin-right: 0cm;margin-bottom: 0.0001pt\">\r\n\t\t<span style=\"line-height:115%\"><b><span lang=\"PT\" style=\"color:black\">A participa\u00e7\u00e3o obrigat\u00f3ria <\/span><\/b><span lang=\"PT\" style=\"color:black\">ocorre quando um aluno tem de se envolver num projeto de DCE, porque \u00e9 parte integrante do plano de estudos do curso que est\u00e1 a estudar. Essa abordagem varia de institui\u00e7\u00e3o e pa\u00eds, mas tendencialmente os alunos que tiveram a obriga\u00e7\u00e3o de\u00a0 participar, o fizeram como parte de um m\u00f3dulo de um curso.<\/span><\/span>\r\n\t<\/li>\r\n\t<li style=\"border: none;margin-top: 0cm;margin-right: 0cm;margin-bottom: 0.0001pt\">\r\n\t\t<span style=\"line-height:115%\"><b><span lang=\"PT\" style=\"color:black\">Voluntariar-se por uma causa<\/span><\/b><\/span><br><span style=\"line-height:115%\"><span lang=\"PT\" style=\"color:black\">Muitos alunos <\/span>fazem voluntariado<span style=\"color:black\"> para ajudar uma causa e essa ser\u00e1 a raz\u00e3o para participar num projeto DCE. O voluntariado pode assumir modelos diversos e, dependendo do local de resid\u00eancia, poder\u00e3o existir diferentes formas de se voluntariar. Alguns alunos querem-se voluntariar para ajudar pessoas e melhorar sua comunidade \u2013 enquanto outros alunos voluntariaram-se para conhecer novas pessoas e pelas experi\u00eancias que resultam da\u00ed.<\/span><\/span>\r\n\t<\/li>\r\n\t<li style=\"border: none;margin-top: 0cm;margin-right: 0cm;margin-bottom: 0.0001pt\">\r\n\t\t<span style=\"line-height:115%\"><b><span lang=\"PT\" style=\"color:black\">Para os participantes adquirirem experi\u00eancia em compet\u00eancias relevantes <\/span><\/b><\/span><br><span style=\"line-height:normal\"><span style=\"vertical-align:baseline\"><span lang=\"EN-US\" style=\"color:black\"><span lang=\"PT\"><span style=\"line-height:107%\"><span><span style=\"color:black\">Outra raz\u00e3o pela qual os alunos se envolvem s\u00e3o as aptid\u00f5es e compet\u00eancias relevantes que s\u00e3o desenvolvidas quando se participa de um projeto de DCE. Essas aptid\u00f5es s\u00e3o relevantes para o aluno quer numa perspetiva futura, quer ao n\u00edvel do seu desenvolvimento pessoal. Vimos nos M\u00f3dulos 1 e 2 que muitas compet\u00eancias dos referenciais EntreComp e DigiComp s\u00e3o desenvolvidas quando um aluno se envolve ao n\u00edvel c\u00edvico.<br><span lang=\"PT\">Explorar &gt; Referencial <\/span><a href=\"https:\/\/ec.europa.eu\/social\/main.jsp?catId=1317&amp;langId=en\"><span style=\"color:#0563c1\">EntreComp <\/span><\/a>\u00a0e <a href=\"https:\/\/ec.europa.eu\/jrc\/en\/digcomp\/digital-competence-framework\"><span style=\"color:#0563c1\">DigiComp<\/span><\/a><\/span><\/span><\/span><\/span><\/span><\/span><\/span><br><span style=\"line-height:115%\"><b><span lang=\"PT\" style=\"color:black\">Por for\u00e7a da necessidade de resolver um problema <\/span><\/b><\/span>\r\n\t<\/li>\r\n\t<li style=\"border: none;margin-top: 0cm;margin-right: 0cm;margin-bottom: 0.0001pt\">\r\n\t\t<span style=\"line-height:115%\"><span lang=\"PT\" style=\"color:black\">Uma outra raz\u00e3o prim\u00e1ria pela qual os alunos podem querer participar num projeto DCE \u00e9 corrigir um problema que eles reconheceram na sua comunidade. Como resultado da nossa investiga\u00e7\u00e3o SDCE, descobrimos que alguns projetos DCE foram mesmo desenvolvidos para ajudar os alunos a encontrar solu\u00e7\u00f5es para problemas.<\/span><\/span>\r\n\t<\/li>\r\n<\/ul>\r\n\r\n<p>\r\n\t\u00a0\r\n<\/p>\r\n\r\n<h3 style=\"margin-bottom: 0.0001pt\">\r\n\t<span style=\"line-height:115%\"><b><span lang=\"PT\" style=\"color:black\">Como iniciar um projeto DCE<\/span><\/b><\/span>\r\n<\/h3>\r\n\r\n<p style=\"margin-bottom: 0.0001pt\">\r\n\t<span style=\"line-height:115%\"><span lang=\"PT\" style=\"color:black\">Decididas as raz\u00f5es pelas quais ir\u00e1 ingressar ou iniciar um projeto DCE, precisa de descobrir <\/span>as oportunidades que est\u00e3o dispon\u00edveis, quer<span style=\"color:black\"> localmente quer no meio acad\u00e9mico.<\/span><\/span>\r\n<\/p>\r\n\r\n<p style=\"margin-bottom: 0.0001pt\">\r\n\t<span style=\"line-height:115%\"><span lang=\"PT\" style=\"color:black\">Se n\u00e3o existir um projeto de DCE no seu c\u00edrculo<\/span>, adequado <span style=\"color:black\">\u00e0s suas necessidades, pense em come\u00e7ar o seu pr\u00f3prio projeto!<\/span><\/span>\r\n<\/p>\r\n\r\n<ul>\r\n\t<li style=\"border: none;margin-top: 0cm;margin-right: 0cm;margin-bottom: 0.0001pt\">\r\n\t\t<strong><span style=\"line-height:115%\"><span lang=\"PT\" style=\"color:black\">Cria\u00e7\u00e3o de um projeto DCE desde o in\u00edcio <\/span><\/span><\/strong>\r\n\t<\/li>\r\n<\/ul>\r\n\r\n<p style=\"border: none;margin: 0cm 0cm 0.0001pt 36pt\">\r\n\t<span style=\"line-height:115%\"><span lang=\"PT\" style=\"color:black\">Para muitos alunos, podem n\u00e3o existir muitas oportunidades de envolvimento c\u00edvico, <\/span>pelo que <span style=\"color:black\">criar um projeto pr\u00f3prio <\/span>pode ser uma oportunidade<span style=\"color:black\">. E como <\/span>\u00e9 que <span style=\"color:black\">um aluno faz isso?<\/span><\/span>\r\n<\/p>\r\n\r\n<p style=\"border: none;margin: 0cm 0cm 0.0001pt 36pt\">\r\n\t<span style=\"line-height:115%\"><span lang=\"PT\" style=\"color:black\">Em primeiro lugar, n\u00e3o deve ter receio de pedir ajuda! Encontre um grupo de pessoas que tenham a mesma paix\u00e3o \u2013 isso ajudar\u00e1 a garantir que o projeto seja um sucesso! Da mesma forma, <\/span>recorram<span style=\"color:black\"> a aconselhamento junto dos docentes ou da Associa\u00e7\u00e3o de Estudantes. Saiba mais na pr\u00f3xima p\u00e1gina!<\/span><\/span>\r\n<\/p>\r\n\r\n<ul>\r\n\t<li style=\"border: none;margin-top: 0cm;margin-right: 0cm;margin-bottom: 0.0001pt\">\r\n\t\t<span style=\"line-height:115%\"><b><span lang=\"PT\" style=\"color:black\">Encontrar pessoas que podem ajudar <\/span><\/b><\/span>\r\n\t<\/li>\r\n<\/ul>\r\n\r\n<p style=\"border: none;margin: 0cm 0cm 0.0001pt 36pt\">\r\n\t<span style=\"line-height:115%\">P<span style=\"color:black\">ode auscultar a sua universidade! Um professor envolvido num projeto de Envolvimento C\u00edvico pode dar-lhe algumas dicas sobre como <\/span>iniciar<span style=\"color:black\"> o processo na sua universidade. Estes agentes podem ser o ponto de contato com outros professores, com experi\u00eancia na \u00e1rea que ir\u00e1 desenvolver. A Associa\u00e7\u00e3o de Estudantes da sua <\/span>universidade<span style=\"color:black\"> tamb\u00e9m poder\u00e1 ajud\u00e1-lo. <\/span>Pode <span style=\"color:black\">destacar oportunidades locais que j\u00e1 podem estar dispon\u00edveis e podem at\u00e9 ajud\u00e1-lo a se reunir com alunos com o mesmo alinhamento de interesses.<\/span><\/span>\r\n<\/p>\r\n\r\n<ul>\r\n\t<li style=\"border: none;margin-top: 0cm;margin-right: 0cm;margin-bottom: 0.0001pt\">\r\n\t\t<span style=\"line-height:115%\"><b><span lang=\"PT\" style=\"color:black\">Participar num projeto DCE como volunt\u00e1rio <\/span><\/b><\/span>\r\n\t<\/li>\r\n<\/ul>\r\n\r\n<p style=\"border: none;margin: 0cm 0cm 0.0001pt 36pt\">\r\n\t<span style=\"line-height:115%\"><span lang=\"PT\" style=\"color:black\">Pode ingressar num projeto DCE <\/span>a decorrer<span style=\"color:black\"> s\u00f3 para ver como \u00e9! A sua universidade pode ter programas de voluntariado ativos \u2013 procure junto da comunidade acad\u00e9mica para descobrir o que pode fazer! Por outro lado, pode investigar online <\/span>e assim<span style=\"color:black\"> descobrir quais oportunidades de <\/span>voluntariado que est\u00e3o dispon\u00edveis.<span style=\"color:black\"> Por exemplo, <\/span>na Associa\u00e7\u00e3o Acad\u00e9mica da Universidade do Minho<span style=\"color:black\"> tem uma excelente <\/span>base de dados <span style=\"color:black\">de projetos de voluntariado que <\/span>est\u00e3o a decorrer, veja aqui<\/span>\r\n<\/p>\r\n\r\n<p style=\"border: none;margin: 0cm 0cm 0.0001pt 36pt\">\r\n\t<span style=\"line-height:115%\"><a href=\"https:\/\/aaum.pt\/oportunidades\/\"><span style=\"color:#1155cc\">https:\/\/aaum.pt\/oportunidades\/<\/span><\/a> <\/span>\r\n<\/p>\r\n\r\n<ul>\r\n\t<li style=\"border: none;margin-top: 0cm;margin-right: 0cm;margin-bottom: 0.0001pt\">\r\n\t\t<span style=\"line-height:115%\"><b><span lang=\"PT\" style=\"color:black\">Participar de um projeto DCE, porque \u00e9 obrigat\u00f3rio <\/span><\/b><\/span>\r\n\t<\/li>\r\n<\/ul>\r\n\r\n<p style=\"border: none;margin: 0cm 0cm 0.0001pt 36pt\">\r\n\t<span style=\"line-height:115%\"><span lang=\"PT\" style=\"color:black\">Finalmente, a sua participa\u00e7\u00e3o num projeto DCE pode decorrer de uma obrigatoriedade do curso em que est\u00e1 inscrito. Embora isso possa significar que n\u00e3o tem muito a dizer sobre como e porque est\u00e1 associado ao projeto, garantidamente que a partir desta experi\u00eancia ter\u00e1 conhecimentos de base para construir o seu pr\u00f3prio projeto DCE. Da mesma forma, o facto de ingressar por obriga\u00e7\u00e3o no projeto <\/span>ir\u00e1<span style=\"color:black\"> tamb\u00e9m permitir que os alunos tenham acesso a uma rede de contatos que podem ajud\u00e1-los a estabelecer o seu pr\u00f3prio projeto DCE.<\/span><\/span>\r\n<\/p>\r\n\r\n<h2>\r\n\t\u00a0\r\n<\/h2>\r\n\r\n<h2>\r\n\t<b>Teste r\u00e1pido<\/b>\r\n<\/h2>\r\n\r\n<div class=\"h5p-iframe-wrapper\"><div class=\"video-placeholder-wrapper video-placeholder-wrapper--fixed\" style=\"height: 366px;\">\n\t\t\t    <div class=\"video-placeholder d-flex justify-content-center align-items-center\">\n\t\t\t        <div class=\"overlay text-white p-2 w-100 text-center d-block justify-content-center align-items-center\">\n\t\t\t            <div>To view third-party content, please accept cookies.<\/div>\n\t\t\t            <button class=\"btn btn-secondary btn-sm mt-1 consent-change\">Change consent<\/button>\n\t\t\t        <\/div>\n\t\t\t    <\/div>\n\t\t\t<\/div>\n<\/div>\r\n","protected":false},"excerpt":{"rendered":"<p>Este t\u00f3pico aborda como come\u00e7ar com o pr\u00f3prio projeto de envolvimento c\u00edvico digital. Os resultados de aprendizagem deste t\u00f3pico s\u00e3o entender como os alunos ser\u00e3o capazes de criar o seu pr\u00f3prio projeto de envolvimento c\u00edvico digital e como dar os &#8230;<\/p>\n","protected":false},"author":63,"featured_media":0,"parent":0,"menu_order":0,"comment_status":"closed","ping_status":"closed","template":"","meta":{"_acf_changed":false,"inline_featured_image":false,"footnotes":""},"class_list":["post-76","page","type-page","status-publish","hentry"],"acf":[],"_links":{"self":[{"href":"https:\/\/sisu.ut.ee\/sdce\/pt-pt\/wp-json\/wp\/v2\/pages\/76","targetHints":{"allow":["GET"]}}],"collection":[{"href":"https:\/\/sisu.ut.ee\/sdce\/pt-pt\/wp-json\/wp\/v2\/pages"}],"about":[{"href":"https:\/\/sisu.ut.ee\/sdce\/pt-pt\/wp-json\/wp\/v2\/types\/page"}],"author":[{"embeddable":true,"href":"https:\/\/sisu.ut.ee\/sdce\/pt-pt\/wp-json\/wp\/v2\/users\/63"}],"replies":[{"embeddable":true,"href":"https:\/\/sisu.ut.ee\/sdce\/pt-pt\/wp-json\/wp\/v2\/comments?post=76"}],"version-history":[{"count":3,"href":"https:\/\/sisu.ut.ee\/sdce\/pt-pt\/wp-json\/wp\/v2\/pages\/76\/revisions"}],"predecessor-version":[{"id":833,"href":"https:\/\/sisu.ut.ee\/sdce\/pt-pt\/wp-json\/wp\/v2\/pages\/76\/revisions\/833"}],"wp:attachment":[{"href":"https:\/\/sisu.ut.ee\/sdce\/pt-pt\/wp-json\/wp\/v2\/media?parent=76"}],"curies":[{"name":"wp","href":"https:\/\/api.w.org\/{rel}","templated":true}]}}