{"id":74,"date":"2024-04-04T07:48:28","date_gmt":"2024-04-04T04:48:28","guid":{"rendered":"https:\/\/sisu.ut.ee\/sdce\/module-3-1-en\/"},"modified":"2024-04-05T12:37:12","modified_gmt":"2024-04-05T09:37:12","slug":"module-3-1-en","status":"publish","type":"page","link":"https:\/\/sisu.ut.ee\/sdce\/pt-pt\/module-3-1-en\/","title":{"rendered":"T\u00f3pico 1: O que \u00e9 que os Grandes Projetos de Envolvimento C\u00edvico Digital Incluem?"},"content":{"rendered":"<blockquote>\r\n\t<h4>\r\n\t\t<img loading=\"lazy\" decoding=\"async\" width=\"531\" height=\"399\" class=\"alignnone wp-image-179\" style=\"width: 150px;height: 113px;float: right\" src=\"https:\/\/sisu.ut.ee\/wp-content\/uploads\/sites\/545\/sdce_clowd.png\" title=\"sdce_clowd.png\" alt=\"SDCE_clowd\" srcset=\"https:\/\/sisu.ut.ee\/wp-content\/uploads\/sites\/545\/sdce_clowd.png 531w, https:\/\/sisu.ut.ee\/wp-content\/uploads\/sites\/545\/sdce_clowd-300x225.png 300w\" sizes=\"auto, (max-width: 531px) 100vw, 531px\">Este t\u00f3pico re\u00fane um conjunto de semelhan\u00e7as entre diferentes projetos de Envolvimento C\u00edvico Digital para apoiar a identifica\u00e7\u00e3o dos aspetos que podem garantir o sucesso de um projeto de Envolvimento C\u00edvico Digital. O resultado da aprendizagem deste t\u00f3pico ser\u00e1 uma compreens\u00e3o do que comp\u00f5e um projeto de envolvimento c\u00edvico de excel\u00eancia, assim como se deve despertar o processo e desenvolver o seu pr\u00f3prio projeto de envolvimento c\u00edvico digital.\r\n\t<\/h4>\r\n<\/blockquote>\r\n\r\n<p>\r\n\t\u00a0\r\n<\/p>\r\n\r\n<p>\r\n\t<img loading=\"lazy\" decoding=\"async\" width=\"536\" height=\"668\" class=\"alignnone wp-image-210\" style=\"width: 200px;height: 249px;float: right\" src=\"https:\/\/sisu.ut.ee\/wp-content\/uploads\/sites\/545\/picture3_1.jpg\" title=\"picture3_1.jpg\" alt=\"SDCE3-1\" srcset=\"https:\/\/sisu.ut.ee\/wp-content\/uploads\/sites\/545\/picture3_1.jpg 536w, https:\/\/sisu.ut.ee\/wp-content\/uploads\/sites\/545\/picture3_1-241x300.jpg 241w\" sizes=\"auto, (max-width: 536px) 100vw, 536px\">\r\n<\/p>\r\n\r\n<p style=\"margin-bottom: 0.0001pt\">\r\n\t<span style=\"line-height:115%\"><span lang=\"PT\" style=\"color:black\">Existem v\u00e1rios fatores de sucesso que se podem aplicar para garantir que o projeto seja, por um lado, um \u00eaxito, e por outro a melhor oportunidade dispon\u00edvel para as comunidades prosperarem.<\/span><\/span>\r\n<\/p>\r\n\r\n<p style=\"margin-bottom: 0.0001pt\">\r\n\t\u00a0\r\n<\/p>\r\n\r\n<p style=\"margin-bottom: 0.0001pt\">\r\n\t<span style=\"line-height:115%\"><span lang=\"PT\" style=\"color:black\">Os conceitos apresentados em infra ir\u00e3o garantir que o seu projeto SDCE seja o melhor poss\u00edvel.<\/span><\/span>\r\n<\/p>\r\n\r\n<p style=\"margin-bottom: 0.0001pt\">\r\n\t\u00a0\r\n<\/p>\r\n\r\n<h3 style=\"margin-bottom: 0.0001pt\">\r\n\t<span style=\"line-height:115%\"><b><span lang=\"PT\" style=\"color:black\">Atendimento Direto e Investiga\u00e7\u00e3o Comunit\u00e1ria<\/span><\/b><\/span>\r\n<\/h3>\r\n\r\n<p style=\"margin-bottom: 0.0001pt\">\r\n\t<span style=\"line-height:115%\"><span lang=\"PT\" style=\"color:black\">Grandes projetos SDCE certamente incluem atendimento direto e investiga\u00e7\u00e3o comunit\u00e1ria.<\/span><\/span>\r\n<\/p>\r\n\r\n<ul>\r\n\t<li style=\"margin-top: 0cm;margin-right: 0cm;margin-bottom: 0.0001pt\">\r\n\t\t<span style=\"line-height:115%\"><b><span lang=\"PT\" style=\"color:black\">O atendimento direto <\/span><\/b><span lang=\"PT\" style=\"color:black\">ou servi\u00e7o comunit\u00e1rio \u00e9 o trabalho n\u00e3o remunerado realizado no \u00e2mbito do projeto e para atender \u00e0s necessidades e melhoria da comunidade. <\/span><\/span>\r\n\t<\/li>\r\n\t<li style=\"margin-top: 0cm;margin-right: 0cm;margin-bottom: 0.0001pt\">\r\n\t\t<span style=\"line-height:115%\"><b><span lang=\"PT\" style=\"color:black\">A investiga\u00e7\u00e3o comunit\u00e1ria \u00e9 um processo de aprendizagem baseado na an\u00e1lise de uma<\/span><\/b><span lang=\"PT\" style=\"color:black\"> comunidade e de como esta \u00e9 afetada pelos problemas sociais atuais.<\/span><\/span>\r\n\t<\/li>\r\n<\/ul>\r\n\r\n<p style=\"margin-bottom: 0.0001pt\">\r\n\t<span style=\"line-height:115%\"><span lang=\"PT\" style=\"color:black\">Aplicando estes dois conceitos, poder\u00e1 garantir que o seu projeto oferece uma \u2018corre\u00e7\u00e3o\u2019 para um problema c\u00edvico real, garantindo o apoio das pessoas ao projeto.<\/span><\/span>\r\n<\/p>\r\n\r\n<p style=\"margin-bottom: 0.0001pt\">\r\n\t\u00a0\r\n<\/p>\r\n\r\n<h3 style=\"margin-bottom: 0.0001pt\">\r\n\t<span style=\"line-height:115%\"><b><span lang=\"PT\" style=\"color:black\">Advocacia e Educa\u00e7\u00e3o e Capacita\u00e7\u00e3o<\/span><\/b><\/span>\r\n<\/h3>\r\n\r\n<p style=\"margin-bottom: 0.0001pt\">\r\n\t<span style=\"line-height:115%\"><b><span lang=\"PT\" style=\"color:black\">Advocacia e educa\u00e7\u00e3o <\/span><\/b><span lang=\"PT\" style=\"color:black\">onde a sua equipa educa a comunidade sobre os problemas que ela poder\u00e1 estar a enfrentar. Esta a\u00e7\u00e3o pode resultar em advocacia, quando o seu projeto recorre a v\u00e1rias formas de impor mudan\u00e7as, como peti\u00e7\u00f5es, protestos ou cartas para convencer associa\u00e7\u00f5es ou governos a mudar.<\/span><\/span>\r\n<\/p>\r\n\r\n<p style=\"margin-bottom: 0.0001pt\">\r\n\t<span style=\"line-height:115%\"><b><span lang=\"PT\" style=\"color:black\">A capacita\u00e7\u00e3o <\/span><\/b><span lang=\"PT\" style=\"color:black\">identifica os pontos fortes de uma comunidade e trabalha no sentido de criar uma rede de resolu\u00e7\u00e3o de problemas mais forte para ajudar os problemas da comunidade.<\/span><\/span>\r\n<\/p>\r\n\r\n<p style=\"margin-bottom: 0.0001pt\">\r\n\t\u00a0\r\n<\/p>\r\n\r\n<h3 style=\"margin-bottom: 0.0001pt\">\r\n\t<span style=\"line-height:115%\"><b><span lang=\"PT\" style=\"color:black\">Participa\u00e7\u00e3o Pol\u00edtica e Responsabilidade Social<\/span><\/b><\/span>\r\n<\/h3>\r\n\r\n<p style=\"margin-bottom: 0.0001pt\">\r\n\t<span style=\"line-height:115%\"><b><span lang=\"PT\" style=\"color:black\">A participa\u00e7\u00e3o pol\u00edtica <\/span><\/b><span lang=\"PT\" style=\"color:black\">\u00e9 quando incentiva ativamente outras pessoas a participarem da cidadania ativa, estimulando as pessoas <\/span>a<span style=\"color:black\"> votar ou fazer campanha por causas pol\u00edticas.<\/span><\/span>\r\n<\/p>\r\n\r\n<p style=\"margin-bottom: 0.0001pt\">\r\n\t<span style=\"line-height:115%\"><b><span lang=\"PT\" style=\"color:black\">A responsabilidade social <\/span><\/b><span lang=\"PT\" style=\"color:black\">garante que todas as a\u00e7\u00f5es de cariz profissional e pessoal tenham impacto no projeto e na comunidade de uma forma respons\u00e1vel e positiva.<\/span><\/span>\r\n<\/p>\r\n\r\n<p style=\"margin-bottom: 0.0001pt\">\r\n\t\u00a0\r\n<\/p>\r\n\r\n<h3 style=\"margin-bottom: 0.0001pt\">\r\n\t<span style=\"line-height:115%\"><b><span lang=\"PT\" style=\"color:black\">Doa\u00e7\u00e3o filantr\u00f3pica e participa\u00e7\u00e3o em associa\u00e7\u00e3o<\/span><\/b><\/span>\r\n<\/h3>\r\n\r\n<p style=\"margin-bottom: 0.0001pt\">\r\n\t<span style=\"line-height:115%\"><b><span lang=\"PT\" style=\"color:black\">A doa\u00e7\u00e3o filantr\u00f3pica <\/span><\/b><span lang=\"PT\" style=\"color:black\">garante que os recursos sejam entregues a quem mais deles precisa. Poder\u00e1 ser atrav\u00e9s de financiamento de diferentes projetos, doa\u00e7\u00e3o de itens necess\u00e1rios ou at\u00e9 mesmo a participa\u00e7\u00e3o em eventos de angaria\u00e7\u00e3o de fundos.<\/span><\/span>\r\n<\/p>\r\n\r\n<p style=\"margin-bottom: 0.0001pt\">\r\n\t<span style=\"line-height:115%\"><b><span lang=\"PT\" style=\"color:black\">A participa\u00e7\u00e3o em associa\u00e7\u00e3o <\/span><\/b><span lang=\"PT\" style=\"color:black\">ocorre quando uma pessoa se envolve em diferentes projetos comunit\u00e1rios e empresariais. Est\u00e3o assim asseguradas as sinergias e liga\u00e7\u00f5es necess\u00e1rias para garantir que o seu pr\u00f3prio projeto SDCE ser\u00e1 um sucesso.<\/span><\/span>\r\n<\/p>\r\n\r\n<p style=\"margin-bottom: 0.0001pt\">\r\n\t\u00a0\r\n<\/p>\r\n\r\n<h3 style=\"margin-bottom: 0.0001pt\">\r\n\t<span style=\"line-height:115%\"><b><span lang=\"PT\" style=\"color:black\">Exemplo de Boas Pr\u00e1ticas \u2013 Analisando com maior detalhe o programa para iniciantes<\/span><\/b><\/span>\r\n<\/h3>\r\n\r\n<p style=\"margin-bottom: 0.0001pt\">\r\n\t<span style=\"line-height:115%\"><span lang=\"PT\" style=\"color:black\">O Programa Starter \u2013 para principiantes na Universidade de Tartu foi uma atividade extracurricular para os alunos com o objetivo de desenvolver uma forma de pensar e esp\u00edrito empreendedor nos alunos.<\/span><\/span>\r\n<\/p>\r\n\r\n<p style=\"margin-bottom: 0.0001pt\">\r\n\t<span style=\"line-height:115%\"><span lang=\"PT\" style=\"color:black\">Financiado pelo Fundo Social Europeu, foi um programa de desenvolvimento de ideias de tr\u00eas meses que envolveu um evento de lan\u00e7amento, v\u00e1rias sess\u00f5es de forma\u00e7\u00e3o e workshops, um evento de <i>networking<\/i>, sess\u00f5es de mentoria e um dia de demonstra\u00e7\u00e3o.<\/span><\/span>\r\n<\/p>\r\n\r\n<p style=\"margin-bottom: 0.0001pt\">\r\n\t<span style=\"line-height:115%\"><span lang=\"PT\" style=\"color:black\">O programa procurou atrair estudantes que <\/span>pretendem<span style=\"color:black\"> vivenciar o processo de cria\u00e7\u00e3o de uma ideia para o lan\u00e7amento de um produto ou servi\u00e7o. Durante este processo os alunos exploraram os problemas na comunidade e tentaram desenvolver solu\u00e7\u00f5es.<\/span><\/span>\r\n<\/p>\r\n\r\n<p style=\"margin-bottom: 0.0001pt\">\r\n\t<span style=\"line-height:115%\"><span lang=\"PT\" style=\"color:black\">No <i>Programa Starter<\/i>, as equipas de alunos trabalharam de forma independente nas suas ideias para resolver ou encontrar uma solu\u00e7\u00e3o para determinados problemas recorrendo a diferentes canais de comunica\u00e7\u00e3o digital.<\/span><\/span>\r\n<\/p>\r\n\r\n<p>\r\n\t<br><span lang=\"PT\"><span style=\"line-height:107%\"><span><span style=\"color:black\">Frequentemente, os alunos apresentavam novas ferramentas ou solu\u00e7\u00f5es digitais e <\/span><\/span><\/span><\/span><span lang=\"PT\"><span style=\"line-height:107%\"><span>garantiam<span style=\"color:black\"> a sua implementa\u00e7\u00e3o para uma necessidade espec\u00edfica da comunidade.<\/span><\/span><\/span><\/span>\r\n<\/p>\r\n\r\n<p>\r\n\t<a data-url=\"https:\/\/www.studentcivicengagers.eu\/toolkit-en\/\" href=\"https:\/\/www.studentcivicengagers.eu\/toolkit-en\/\" target=\"_blank\" title=\"\" rel=\"noopener\">Link para o estudo de caso no Guia do DCE<\/a>\r\n<\/p>\r\n\r\n<p>\r\n\t\u00a0\r\n<\/p>\r\n\r\n<h2>\r\n\t<b>Teste r\u00e1pido <\/b>\r\n<\/h2>\r\n\r\n<div class=\"h5p-iframe-wrapper\"><div class=\"video-placeholder-wrapper video-placeholder-wrapper--fixed\" style=\"height: 366px;\">\n\t\t\t    <div class=\"video-placeholder d-flex justify-content-center align-items-center\">\n\t\t\t        <div class=\"overlay text-white p-2 w-100 text-center d-block justify-content-center align-items-center\">\n\t\t\t            <div>To view third-party content, please accept cookies.<\/div>\n\t\t\t            <button class=\"btn btn-secondary btn-sm mt-1 consent-change\">Change consent<\/button>\n\t\t\t        <\/div>\n\t\t\t    <\/div>\n\t\t\t<\/div>\n<\/div>\r\n","protected":false},"excerpt":{"rendered":"<p>Este t\u00f3pico re\u00fane um conjunto de semelhan\u00e7as entre diferentes projetos de Envolvimento C\u00edvico Digital para apoiar a identifica\u00e7\u00e3o dos aspetos que podem garantir o sucesso de um projeto de Envolvimento C\u00edvico Digital. O resultado da aprendizagem deste t\u00f3pico ser\u00e1 uma &#8230;<\/p>\n","protected":false},"author":63,"featured_media":0,"parent":0,"menu_order":0,"comment_status":"closed","ping_status":"closed","template":"","meta":{"_acf_changed":false,"inline_featured_image":false,"footnotes":""},"class_list":["post-74","page","type-page","status-publish","hentry"],"acf":[],"_links":{"self":[{"href":"https:\/\/sisu.ut.ee\/sdce\/pt-pt\/wp-json\/wp\/v2\/pages\/74","targetHints":{"allow":["GET"]}}],"collection":[{"href":"https:\/\/sisu.ut.ee\/sdce\/pt-pt\/wp-json\/wp\/v2\/pages"}],"about":[{"href":"https:\/\/sisu.ut.ee\/sdce\/pt-pt\/wp-json\/wp\/v2\/types\/page"}],"author":[{"embeddable":true,"href":"https:\/\/sisu.ut.ee\/sdce\/pt-pt\/wp-json\/wp\/v2\/users\/63"}],"replies":[{"embeddable":true,"href":"https:\/\/sisu.ut.ee\/sdce\/pt-pt\/wp-json\/wp\/v2\/comments?post=74"}],"version-history":[{"count":3,"href":"https:\/\/sisu.ut.ee\/sdce\/pt-pt\/wp-json\/wp\/v2\/pages\/74\/revisions"}],"predecessor-version":[{"id":835,"href":"https:\/\/sisu.ut.ee\/sdce\/pt-pt\/wp-json\/wp\/v2\/pages\/74\/revisions\/835"}],"wp:attachment":[{"href":"https:\/\/sisu.ut.ee\/sdce\/pt-pt\/wp-json\/wp\/v2\/media?parent=74"}],"curies":[{"name":"wp","href":"https:\/\/api.w.org\/{rel}","templated":true}]}}