{"id":70,"date":"2024-04-04T07:48:28","date_gmt":"2024-04-04T04:48:28","guid":{"rendered":"https:\/\/sisu.ut.ee\/sdce\/module-2-4-en\/"},"modified":"2024-04-05T12:37:12","modified_gmt":"2024-04-05T09:37:12","slug":"module-2-4-en","status":"publish","type":"page","link":"https:\/\/sisu.ut.ee\/sdce\/pt-pt\/module-2-4-en\/","title":{"rendered":"T\u00f3pico 4: O DCE Est\u00e1 a Construir os seus N\u00edveis de Compet\u00eancia. Aqui Est\u00e3o as Oportunidades"},"content":{"rendered":"<blockquote>\r\n\t<h4 style=\"margin-bottom: 0.0001pt\">\r\n\t\t<img loading=\"lazy\" decoding=\"async\" width=\"531\" height=\"399\" class=\"alignnone wp-image-179\" style=\"width: 150px;height: 113px;float: right\" src=\"https:\/\/sisu.ut.ee\/wp-content\/uploads\/sites\/545\/sdce_clowd.png\" title=\"sdce_clowd.png\" alt=\"SDCE_clowd\" srcset=\"https:\/\/sisu.ut.ee\/wp-content\/uploads\/sites\/545\/sdce_clowd.png 531w, https:\/\/sisu.ut.ee\/wp-content\/uploads\/sites\/545\/sdce_clowd-300x225.png 300w\" sizes=\"auto, (max-width: 531px) 100vw, 531px\">Neste t\u00f3pico, regressamos aos referenciais DigComp e EntreComp e exploramos as compet\u00eancias que os alunos v\u00e3o desenvolver quando participam em atividades de envolvimento c\u00edvico digital. Ser\u00e3o apresentadas aos alunos a compet\u00eancia de \u201cParticipa\u00e7\u00e3o na cidadania atrav\u00e9s de tecnologias digitais\u201d \u2013 DigComp e a compet\u00eancia \u201cPensamento \u00e9tico e sustent\u00e1vel\u201d \u2013 EntreComp.\r\n\t<\/h4>\r\n<\/blockquote>\r\n\r\n<p style=\"margin-bottom:.0001pt\">\r\n\t\u00a0\r\n<\/p>\r\n\r\n<p style=\"margin-bottom:.0001pt\">\r\n\tOs alunos que participam em atividades de envolvimento c\u00edvico digital ter\u00e3o a oportunidade de desenvolver uma vasta gama de compet\u00eancias digitais. \u00c9 importante destacar quais as compet\u00eancias que podem ser mobilizadas atrav\u00e9s do envolvimento c\u00edvico digital. Estas s\u00e3o estruturadas e classificadas no DigComp 2.1, que \u00e9 o <i>Quadro Europeu de Compet\u00eancias Digitais para Cidad\u00e3os<\/i>, conforme aprovado e operacionalizado pela Comiss\u00e3o Europeia\r\n<\/p>\r\n\r\n<p style=\"margin-bottom:.0001pt\">\r\n\t\u00a0\r\n<\/p>\r\n\r\n<h3 style=\"margin-bottom: 0.0001pt\">\r\n\t<b>O DigComp compreende 21 compet\u00eancias digitais em 5 \u00e1reas-chave, conforme mostrado no diagrama a seguir.<\/b>\r\n<\/h3>\r\n\r\n<p style=\"margin-bottom:.0001pt\">\r\n\t<img loading=\"lazy\" decoding=\"async\" width=\"353\" height=\"314\" class=\"alignnone wp-image-204\" style=\"float: right;width: 400px;height: 377px\" src=\"https:\/\/sisu.ut.ee\/wp-content\/uploads\/sites\/545\/digcomp_2.png\" title=\"digcomp_2.png\" alt=\"DigComp_2\" srcset=\"https:\/\/sisu.ut.ee\/wp-content\/uploads\/sites\/545\/digcomp_2.png 353w, https:\/\/sisu.ut.ee\/wp-content\/uploads\/sites\/545\/digcomp_2-300x267.png 300w\" sizes=\"auto, (max-width: 353px) 100vw, 353px\">\r\n<\/p>\r\n\r\n<p style=\"margin-bottom:.0001pt\">\r\n\t<span style=\"line-height:115%\">(Fonte: doi:10.2767\/744360)<\/span>\r\n<\/p>\r\n\r\n<p style=\"margin-bottom:.0001pt\">\r\n\t\u00a0\r\n<\/p>\r\n\r\n<p style=\"margin-bottom: 0.0001pt\">\r\n\t<span style=\"line-height:115%\">Estar envolvido em atividades de envolvimento c\u00edvico digital permite que os participantes desenvolvam a compet\u00eancia digital 2.3. \u2018Envolvimento na cidadania atrav\u00e9s de tecnologias digitais\u2019. Trata-se da compet\u00eancia \u2018Comunica\u00e7\u00e3o e colabora\u00e7\u00e3o\u2019 que compreende compet\u00eancias para interagir, comunicar e colaborar atrav\u00e9s de tecnologias digitais, tendo consci\u00eancia da diversidade cultural e geracional; participar na sociedade atrav\u00e9s de servi\u00e7os digitais p\u00fablicos e privados e uma cidadania participativa; e gerir a pr\u00f3pria identidade e reputa\u00e7\u00e3o digital.<\/span>\r\n<\/p>\r\n\r\n<p style=\"margin-bottom: 0.0001pt\">\r\n\t<span style=\"line-height:115%\">A compet\u00eancia digital 2.3. \u2018Envolvimento na cidadania atrav\u00e9s de tecnologias digitais\u2019, pode-se traduzir na participa\u00e7\u00e3o na sociedade atrav\u00e9s da aplica\u00e7\u00e3o de servi\u00e7os digitais p\u00fablicos e privados, bem como atrav\u00e9s da busca de oportunidades de autocapacita\u00e7\u00e3o e cidadania participativa atrav\u00e9s de tecnologias digitais apropriadas.<\/span>\r\n<\/p>\r\n\r\n<p style=\"margin-bottom:.0001pt\">\r\n\t<span lang=\"PT\"><span style=\"line-height:107%\"><span>A participa\u00e7\u00e3o em atividades de envolvimento c\u00edvico digital tamb\u00e9m permite que os estudantes desenvolvam Compet\u00eancias de Empreendedorismo, como pode ser verificado no EntreComp, o <i>Quadro Europeu de Refer\u00eancia para a Compet\u00eancia de Empreendedorismo<\/i>, um referencial para pessoas interessadas em aprender, ensinar e fomentar o conhecimento, capacidades e atitudes que comp\u00f5em uma mente empreendedora. <\/span><\/span><\/span>\r\n<\/p>\r\n\r\n<p style=\"margin-bottom:.0001pt\">\r\n\t\u00a0\r\n<\/p>\r\n\r\n<h3 style=\"margin-bottom: 0.0001pt\">\r\n\t<b>O EntreComp compreende 15 compet\u00eancias em 3 \u00e1reas-chave, conforme diagrama abaixo.<\/b>\r\n<\/h3>\r\n\r\n<p style=\"margin-bottom:.0001pt\">\r\n\t\u00a0\r\n<\/p>\r\n\r\n<p style=\"margin-bottom:.0001pt\">\r\n\t<img loading=\"lazy\" decoding=\"async\" width=\"850\" height=\"831\" class=\"alignnone wp-image-233\" style=\"width: 450px;height: 440px;float: right\" src=\"https:\/\/sisu.ut.ee\/wp-content\/uploads\/sites\/545\/entrecomp_pt.png\" title=\"entrecomp_pt.png\" alt=\"SDCE1-3_pt\" srcset=\"https:\/\/sisu.ut.ee\/wp-content\/uploads\/sites\/545\/entrecomp_pt.png 850w, https:\/\/sisu.ut.ee\/wp-content\/uploads\/sites\/545\/entrecomp_pt-300x293.png 300w, https:\/\/sisu.ut.ee\/wp-content\/uploads\/sites\/545\/entrecomp_pt-768x751.png 768w\" sizes=\"auto, (max-width: 850px) 100vw, 850px\"><span style=\"line-height:115%\">Students who participate in digital civic engagement activities are afforded the opportunity to develop a wide range of entrepreneurial skills. This could begin with spotting an issue in the community\u00a0which needs resolved, to then working with others to think of creative solutions to solve the civic issue. <\/span>\r\n<\/p>\r\n\r\n<p style=\"margin-bottom:.0001pt\">\r\n\t\u00a0\r\n<\/p>\r\n\r\n<p style=\"margin-bottom: 0.0001pt\">\r\n\t<span style=\"line-height:115%\">Os alunos que participam em atividades de envolvimento c\u00edvico digital t\u00eam a oportunidade de desenvolver uma s\u00e9rie de capacidades empreendedoras. Pode come\u00e7ar com a identifica\u00e7\u00e3o de um problema na comunidade que necessita ser solucionado, para posteriormente ao trabalhar com outras pessoas, pensar em solu\u00e7\u00f5es criativas para resolver uma quest\u00e3o c\u00edvica.<\/span>\r\n<\/p>\r\n\r\n<p style=\"margin-bottom: 0.0001pt\">\r\n\t<span style=\"line-height:115%\">O descritivo das compet\u00eancias de empreendedorismo que os alunos ir\u00e3o adquirir atrav\u00e9s das atividades de envolvimento c\u00edvico digital poder\u00e1 estar melhor detalhado no EntreComp 1.5. \u2018Pensamento \u00e9tico e sustent\u00e1vel\u2019, uma compet\u00eancia na \u00e1rea-chave 1. \u2018Ideias e oportunidades\u2019, definida como \u2018Pensamento \u00e9tico e sustent\u00e1vel\u2019, que trata da avalia\u00e7\u00e3o, das consequ\u00eancias e do impacto de ideias, oportunidades e a\u00e7\u00f5es atrav\u00e9s de:<\/span>\r\n<\/p>\r\n\r\n<ul>\r\n\t<li style=\"margin-bottom: 0.0001pt\">\r\n\t\t<span style=\"line-height:115%\">Avaliar as repercuss\u00f5es das ideias que agregam valor e o efeito da a\u00e7\u00e3o empreendedora na comunidade alvo, no mercado, na sociedade e no meio ambiente;<\/span>\r\n\t<\/li>\r\n\t<li style=\"margin-bottom: 0.0001pt\">\r\n\t\t<span style=\"line-height:115%\">Reflex\u00e3o sobre a longevidade e qu\u00e3o sustent\u00e1veis s\u00e3o os objetivos sociais, culturais e econ\u00f3micos e o percurso da a\u00e7\u00e3o escolhida;<\/span>\r\n\t<\/li>\r\n\t<li style=\"margin-bottom: 0.0001pt\">\r\n\t\t<span style=\"line-height:115%\"><span lang=\"PT\"><span style=\"line-height:107%\"><span>Agir com responsabilidade.<\/span><\/span><\/span><\/span>\r\n\t<\/li>\r\n<\/ul>\r\n\r\n<p style=\"margin-bottom:.0001pt\">\r\n\t<span lang=\"EN-GB\"><span style=\"line-height:107%\"><span>(<a href=\"https:\/\/ec.europa.eu\/jrc\/en\/entrecomp\">https:\/\/ec.europa.eu\/jrc\/en\/entrecomp<\/a>)<\/span><\/span><\/span>\r\n<\/p>\r\n\r\n<h3 style=\"margin-bottom: 0.0001pt\">\r\n\t\u00a0\r\n<\/h3>\r\n\r\n<h3 style=\"margin-bottom: 0.0001pt\">\r\n\tVeja este v\u00eddeo sobre o Quadro Europeu de Compet\u00eancias Digitais.\u00a0\r\n<\/h3>\r\n\r\n<p style=\"margin-bottom:.0001pt\">\r\n\t<img loading=\"lazy\" decoding=\"async\" width=\"1716\" height=\"1094\" class=\"alignnone wp-image-206\" style=\"width: 300px;height: 191px\" src=\"https:\/\/sisu.ut.ee\/wp-content\/uploads\/sites\/545\/sdce_video2-4.png\" title=\"sdce_video2-4.png\" alt=\"SDCE_video2-4\" srcset=\"https:\/\/sisu.ut.ee\/wp-content\/uploads\/sites\/545\/sdce_video2-4.png 1716w, https:\/\/sisu.ut.ee\/wp-content\/uploads\/sites\/545\/sdce_video2-4-300x191.png 300w, https:\/\/sisu.ut.ee\/wp-content\/uploads\/sites\/545\/sdce_video2-4-1024x653.png 1024w, https:\/\/sisu.ut.ee\/wp-content\/uploads\/sites\/545\/sdce_video2-4-768x490.png 768w, https:\/\/sisu.ut.ee\/wp-content\/uploads\/sites\/545\/sdce_video2-4-1536x979.png 1536w\" sizes=\"auto, (max-width: 1716px) 100vw, 1716px\">https:\/\/fb.watch\/aMVet-HlyW\/\r\n<\/p>\r\n\r\n<h2 style=\"margin-bottom: 0.0001pt\">\r\n\t\u00a0\r\n<\/h2>\r\n\r\n<h2 style=\"margin-bottom: 0.0001pt\">\r\n\t<b>Teste r\u00e1pido <\/b>\r\n<\/h2>\r\n\r\n<p style=\"margin-bottom:.0001pt\">\r\n\t<\/p><div class=\"h5p-iframe-wrapper\"><div class=\"video-placeholder-wrapper video-placeholder-wrapper--fixed\" style=\"height: 366px;\">\n\t\t\t    <div class=\"video-placeholder d-flex justify-content-center align-items-center\">\n\t\t\t        <div class=\"overlay text-white p-2 w-100 text-center d-block justify-content-center align-items-center\">\n\t\t\t            <div>To view third-party content, please accept cookies.<\/div>\n\t\t\t            <button class=\"btn btn-secondary btn-sm mt-1 consent-change\">Change consent<\/button>\n\t\t\t        <\/div>\n\t\t\t    <\/div>\n\t\t\t<\/div>\n<\/div>\r\n\r\n","protected":false},"excerpt":{"rendered":"<p>Neste t\u00f3pico, regressamos aos referenciais DigComp e EntreComp e exploramos as compet\u00eancias que os alunos v\u00e3o desenvolver quando participam em atividades de envolvimento c\u00edvico digital. Ser\u00e3o apresentadas aos alunos a compet\u00eancia de \u201cParticipa\u00e7\u00e3o na cidadania atrav\u00e9s de tecnologias digitais\u201d \u2013 &#8230;<\/p>\n","protected":false},"author":63,"featured_media":0,"parent":0,"menu_order":0,"comment_status":"closed","ping_status":"closed","template":"","meta":{"_acf_changed":false,"inline_featured_image":false,"footnotes":""},"class_list":["post-70","page","type-page","status-publish","hentry"],"acf":[],"_links":{"self":[{"href":"https:\/\/sisu.ut.ee\/sdce\/pt-pt\/wp-json\/wp\/v2\/pages\/70","targetHints":{"allow":["GET"]}}],"collection":[{"href":"https:\/\/sisu.ut.ee\/sdce\/pt-pt\/wp-json\/wp\/v2\/pages"}],"about":[{"href":"https:\/\/sisu.ut.ee\/sdce\/pt-pt\/wp-json\/wp\/v2\/types\/page"}],"author":[{"embeddable":true,"href":"https:\/\/sisu.ut.ee\/sdce\/pt-pt\/wp-json\/wp\/v2\/users\/63"}],"replies":[{"embeddable":true,"href":"https:\/\/sisu.ut.ee\/sdce\/pt-pt\/wp-json\/wp\/v2\/comments?post=70"}],"version-history":[{"count":3,"href":"https:\/\/sisu.ut.ee\/sdce\/pt-pt\/wp-json\/wp\/v2\/pages\/70\/revisions"}],"predecessor-version":[{"id":838,"href":"https:\/\/sisu.ut.ee\/sdce\/pt-pt\/wp-json\/wp\/v2\/pages\/70\/revisions\/838"}],"wp:attachment":[{"href":"https:\/\/sisu.ut.ee\/sdce\/pt-pt\/wp-json\/wp\/v2\/media?parent=70"}],"curies":[{"name":"wp","href":"https:\/\/api.w.org\/{rel}","templated":true}]}}