{"id":68,"date":"2024-04-04T07:48:28","date_gmt":"2024-04-04T04:48:28","guid":{"rendered":"https:\/\/sisu.ut.ee\/sdce\/module-2-3-en\/"},"modified":"2024-04-05T12:37:12","modified_gmt":"2024-04-05T09:37:12","slug":"module-2-3-en","status":"publish","type":"page","link":"https:\/\/sisu.ut.ee\/sdce\/pt-pt\/module-2-3-en\/","title":{"rendered":"T\u00f3pico 3: Adotar uma Abordagem de Aprendizagem em Servi\u00e7o para um Projeto de DCE"},"content":{"rendered":"<blockquote>\r\n\t<h4 style=\"margin-bottom: 0.0001pt\">\r\n\t\t<img loading=\"lazy\" decoding=\"async\" width=\"531\" height=\"399\" class=\"alignnone wp-image-179\" style=\"width: 150px;height: 113px;float: right\" src=\"https:\/\/sisu.ut.ee\/wp-content\/uploads\/sites\/545\/sdce_clowd.png\" title=\"sdce_clowd.png\" alt=\"SDCE_clowd\" srcset=\"https:\/\/sisu.ut.ee\/wp-content\/uploads\/sites\/545\/sdce_clowd.png 531w, https:\/\/sisu.ut.ee\/wp-content\/uploads\/sites\/545\/sdce_clowd-300x225.png 300w\" sizes=\"auto, (max-width: 531px) 100vw, 531px\">Este m\u00f3dulo explora o conceito de aprendizagem em servi\u00e7o e o impacto que tem sobre o envolvimento c\u00edvico de alunos. Ap\u00f3s explorar este tema, os alunos devem ser capazes de explicar o conceito de aprendizagem em servi\u00e7o, bem como identificar exemplos da sua aplica\u00e7\u00e3o. Al\u00e9m disso, os benef\u00edcios da aprendizagem em servi\u00e7o e o potencial da aprendizagem em servi\u00e7o como uma abordagem pedag\u00f3gica tamb\u00e9m ser\u00e3o apresentados.\r\n\t<\/h4>\r\n<\/blockquote>\r\n\r\n<p style=\"margin-bottom:.0001pt\">\r\n\t\u00a0\r\n<\/p>\r\n\r\n<p style=\"margin-bottom:.0001pt\">\r\n\t\u00a0\r\n<\/p>\r\n\r\n<h3 style=\"margin-bottom: 0.0001pt\">\r\n\t<span style=\"line-height:115%\"><b><em>A<\/em><i>prendizagem em servi\u00e7o<\/i><\/b><\/span>\r\n<\/h3>\r\n\r\n<p style=\"margin-bottom:.0001pt\">\r\n\t<img loading=\"lazy\" decoding=\"async\" width=\"536\" height=\"668\" class=\"alignnone wp-image-196\" style=\"width: 200px;height: 249px;float: right\" src=\"https:\/\/sisu.ut.ee\/wp-content\/uploads\/sites\/545\/picture_2_3.jpg\" title=\"picture_2_3.jpg\" alt=\"SDCE2-3\" srcset=\"https:\/\/sisu.ut.ee\/wp-content\/uploads\/sites\/545\/picture_2_3.jpg 536w, https:\/\/sisu.ut.ee\/wp-content\/uploads\/sites\/545\/picture_2_3-241x300.jpg 241w\" sizes=\"auto, (max-width: 536px) 100vw, 536px\"><span style=\"line-height:115%\">A aprendizagem em servi\u00e7o<i> <\/i>\u00e9 consiste em aprender atrav\u00e9s da realiza\u00e7\u00e3o de uma a\u00e7\u00e3o e, em seguida, fazer um momento de reflex\u00e3o. Este m\u00e9todo ajuda n\u00e3o apenas a aumentar a compreens\u00e3o e a aprendizagem, mas tamb\u00e9m promove a aplica\u00e7\u00e3o pr\u00e1tica das capacidades resultantes da aprendizagem.<\/span>\r\n<\/p>\r\n\r\n<p style=\"margin-bottom: 0.0001pt\">\r\n\t<span style=\"line-height:115%\">A <i>aprendizagem em servi\u00e7o <\/i>\u00e9 um m\u00e9todo pedag\u00f3gico que algumas investiga\u00e7\u00f5es apontam como eficaz e com muitos benef\u00edcios para a aprendizagem sobre o voluntariado. Esses benef\u00edcios podem incluir um aumento nas taxas de reten\u00e7\u00e3o de estudantes universit\u00e1rios do primeiro ano, n\u00edveis mais altos de lideran\u00e7a estudantil e tamb\u00e9m pode aumentar o sucesso acad\u00e9mico.<\/span>\r\n<\/p>\r\n\r\n<p style=\"margin-bottom: 0.0001pt\">\r\n\t\u00a0\r\n<\/p>\r\n\r\n<h3 style=\"margin-bottom: 0.0001pt\">\r\n\t<span style=\"line-height:115%\"><b>A aprendizagem em servi\u00e7o<i> <\/i>deve incluir:<\/b><\/span>\r\n<\/h3>\r\n\r\n<p style=\"margin-bottom: 0.0001pt\">\r\n\t<span style=\"line-height:115%\">1. Benef\u00edcios rec\u00edprocos: A aprendizagem em servi\u00e7o<i> <\/i>beneficia as necessidades de uma comunidade espec\u00edfica, bem como a aprendizagem acad\u00e9mica e o crescimento c\u00edvico dos alunos.<\/span>\r\n<\/p>\r\n\r\n<p style=\"margin-bottom: 0.0001pt\">\r\n\t<span style=\"line-height:115%\">2. Planeamento e Reflex\u00e3o: A reflex\u00e3o guiada ajuda os alunos a considerar a sua experi\u00eancia, permitindo que os pr\u00f3prios identifiquem o que aprenderam.<\/span>\r\n<\/p>\r\n\r\n<p style=\"margin-bottom: 0.0001pt\">\r\n\t<span style=\"line-height:115%\">3. Conex\u00e3o com o plano de estudos do curso: Quando as atividades s\u00e3o direcionadas aos objetivos de aprendizagem elas permitem uma \u201ceduca\u00e7\u00e3o experiencial\u201d, ou aprendizagem atrav\u00e9s da experi\u00eancia.<\/span>\r\n<\/p>\r\n\r\n<p style=\"margin-bottom: 0.0001pt\">\r\n\t\u00a0\r\n<\/p>\r\n\r\n<h3 style=\"margin-bottom: 0.0001pt\">\r\n\t<span style=\"line-height:115%\"><b>Exemplos de <i>aprendizagem em servi\u00e7o<\/i><\/b><\/span>\r\n<\/h3>\r\n\r\n<p style=\"margin-bottom: 0.0001pt\">\r\n\t<span style=\"line-height:115%\">O Programa para Iniciantes na <i>Universidade de Tartu<\/i> e Jogo de Sensibiliza\u00e7\u00e3o para a Dem\u00eancia da <i>Queens University Belfast<\/i>.<\/span>\r\n<\/p>\r\n\r\n<p style=\"margin-bottom: 0.0001pt\">\r\n\t<span style=\"line-height:115%\">Ambos est\u00e3o inclu\u00eddos no Guia DCE, <a href=\"https:\/\/www.studentcivicengagers.eu\/guide-to-digital-civic-engagement-pt\/\"><span style=\"color:#1155cc\">clique aqui <\/span><\/a>para saber mais.<\/span>\r\n<\/p>\r\n\r\n<p style=\"margin-bottom: 0.0001pt\">\r\n\t\u00a0\r\n<\/p>\r\n\r\n<p style=\"margin-bottom: 0.0001pt\">\r\n\t<span style=\"line-height:115%\"><b>Estudo de Caso SDCE \u2013 Exemplo: Participa\u00e7\u00e3o Volunt\u00e1ria \u2013 O Programa para Iniciantes<\/b><\/span>\r\n<\/p>\r\n\r\n<p style=\"margin-bottom: 0.0001pt\">\r\n\t<span style=\"line-height:115%\">O <i>Programa Starter <\/i>\u00e9 uma atividade extracurricular para estudantes que visa desenvolver as compet\u00eancias de empreendedorismo dos alunos. \u00c9 um programa de desenvolvimento de ideias com dura\u00e7\u00e3o de tr\u00eas meses, que consiste num evento de lan\u00e7amento, v\u00e1rias sess\u00f5es de forma\u00e7\u00e3o e workshops, um evento de networking\/mentoria, sess\u00f5es de orienta\u00e7\u00e3o e um dia de demonstra\u00e7\u00e3o.<\/span>\r\n<\/p>\r\n\r\n<p style=\"margin-bottom: 0.0001pt\">\r\n\t<span style=\"line-height:115%\"><a href=\"https:\/\/starteridea.ee\/startertartu\/\"><span style=\"color:#1155cc\">https:\/\/starteridea.ee\/startertartu\/<\/span><\/a><\/span>\r\n<\/p>\r\n\r\n<p style=\"margin-bottom: 0.0001pt\">\r\n\t\u00a0\r\n<\/p>\r\n\r\n<p style=\"margin-bottom:.0001pt\">\r\n\t\u00a0\r\n<\/p>\r\n\r\n<h3 style=\"margin-bottom: 0.0001pt\">\r\n\t<span style=\"line-height:115%\">Veja esta palestra inspiradora<i> TED Talk<\/i> sobre envolvimento c\u00edvico estudantil.<\/span>\r\n<\/h3>\r\n\r\n<p style=\"margin-bottom:.0001pt\">\r\n\t<img loading=\"lazy\" decoding=\"async\" width=\"1716\" height=\"1094\" class=\"alignnone wp-image-197\" style=\"width: 300px;height: 191px\" src=\"https:\/\/sisu.ut.ee\/wp-content\/uploads\/sites\/545\/sdce_video_2-3.png\" title=\"sdce_video_2-3.png\" alt=\"SDCE_video_2-3\" srcset=\"https:\/\/sisu.ut.ee\/wp-content\/uploads\/sites\/545\/sdce_video_2-3.png 1716w, https:\/\/sisu.ut.ee\/wp-content\/uploads\/sites\/545\/sdce_video_2-3-300x191.png 300w, https:\/\/sisu.ut.ee\/wp-content\/uploads\/sites\/545\/sdce_video_2-3-1024x653.png 1024w, https:\/\/sisu.ut.ee\/wp-content\/uploads\/sites\/545\/sdce_video_2-3-768x490.png 768w, https:\/\/sisu.ut.ee\/wp-content\/uploads\/sites\/545\/sdce_video_2-3-1536x979.png 1536w\" sizes=\"auto, (max-width: 1716px) 100vw, 1716px\"><a href=\"https:\/\/www.youtube.com\/watch?v=wqrHkM_6dsM&amp;t=1s\"><span style=\"color:#1155cc\">https:\/\/www.youtube.com\/watch?v=wqrHkM_6dsM&amp;t=1s<\/span><\/a>\r\n<\/p>\r\n\r\n<h2>\r\n\t\u00a0\r\n<\/h2>\r\n\r\n<h2>\r\n\t<b>Teste r\u00e1pido<\/b>\r\n<\/h2>\r\n\r\n<div class=\"h5p-iframe-wrapper\"><div class=\"video-placeholder-wrapper video-placeholder-wrapper--fixed\" style=\"height: 366px;\">\n\t\t\t    <div class=\"video-placeholder d-flex justify-content-center align-items-center\">\n\t\t\t        <div class=\"overlay text-white p-2 w-100 text-center d-block justify-content-center align-items-center\">\n\t\t\t            <div>To view third-party content, please accept cookies.<\/div>\n\t\t\t            <button class=\"btn btn-secondary btn-sm mt-1 consent-change\">Change consent<\/button>\n\t\t\t        <\/div>\n\t\t\t    <\/div>\n\t\t\t<\/div>\n<\/div>\r\n","protected":false},"excerpt":{"rendered":"<p>Este m\u00f3dulo explora o conceito de aprendizagem em servi\u00e7o e o impacto que tem sobre o envolvimento c\u00edvico de alunos. Ap\u00f3s explorar este tema, os alunos devem ser capazes de explicar o conceito de aprendizagem em servi\u00e7o, bem como identificar &#8230;<\/p>\n","protected":false},"author":63,"featured_media":0,"parent":0,"menu_order":0,"comment_status":"closed","ping_status":"closed","template":"","meta":{"_acf_changed":false,"inline_featured_image":false,"footnotes":""},"class_list":["post-68","page","type-page","status-publish","hentry"],"acf":[],"_links":{"self":[{"href":"https:\/\/sisu.ut.ee\/sdce\/pt-pt\/wp-json\/wp\/v2\/pages\/68","targetHints":{"allow":["GET"]}}],"collection":[{"href":"https:\/\/sisu.ut.ee\/sdce\/pt-pt\/wp-json\/wp\/v2\/pages"}],"about":[{"href":"https:\/\/sisu.ut.ee\/sdce\/pt-pt\/wp-json\/wp\/v2\/types\/page"}],"author":[{"embeddable":true,"href":"https:\/\/sisu.ut.ee\/sdce\/pt-pt\/wp-json\/wp\/v2\/users\/63"}],"replies":[{"embeddable":true,"href":"https:\/\/sisu.ut.ee\/sdce\/pt-pt\/wp-json\/wp\/v2\/comments?post=68"}],"version-history":[{"count":3,"href":"https:\/\/sisu.ut.ee\/sdce\/pt-pt\/wp-json\/wp\/v2\/pages\/68\/revisions"}],"predecessor-version":[{"id":839,"href":"https:\/\/sisu.ut.ee\/sdce\/pt-pt\/wp-json\/wp\/v2\/pages\/68\/revisions\/839"}],"wp:attachment":[{"href":"https:\/\/sisu.ut.ee\/sdce\/pt-pt\/wp-json\/wp\/v2\/media?parent=68"}],"curies":[{"name":"wp","href":"https:\/\/api.w.org\/{rel}","templated":true}]}}