{"id":66,"date":"2024-04-04T07:48:28","date_gmt":"2024-04-04T04:48:28","guid":{"rendered":"https:\/\/sisu.ut.ee\/sdce\/module-2-2-en\/"},"modified":"2024-04-05T12:37:13","modified_gmt":"2024-04-05T09:37:13","slug":"module-2-2-en","status":"publish","type":"page","link":"https:\/\/sisu.ut.ee\/sdce\/pt-pt\/module-2-2-en\/","title":{"rendered":"T\u00f3pico 2: Melhorar sua Comunidade Atrav\u00e9s do Envolvimento C\u00edvico"},"content":{"rendered":"<blockquote>\r\n\t<h4 style=\"margin-bottom: 0.0001pt\">\r\n\t\t<img loading=\"lazy\" decoding=\"async\" width=\"531\" height=\"399\" class=\"alignnone wp-image-179\" style=\"width: 150px;height: 113px;float: right\" src=\"https:\/\/sisu.ut.ee\/wp-content\/uploads\/sites\/545\/sdce_clowd.png\" title=\"sdce_clowd.png\" alt=\"SDCE_clowd\" srcset=\"https:\/\/sisu.ut.ee\/wp-content\/uploads\/sites\/545\/sdce_clowd.png 531w, https:\/\/sisu.ut.ee\/wp-content\/uploads\/sites\/545\/sdce_clowd-300x225.png 300w\" sizes=\"auto, (max-width: 531px) 100vw, 531px\">Dentro deste t\u00f3pico, s\u00e3o apresentados aos alunos alguns exemplos de boas pr\u00e1ticas extra\u00eddos dos estudos de caso. Os alunos devem ser capazes de identificar o que permitiu estes projetos terem sucesso e porque seriam ben\u00e9ficos para uma comunidade.\r\n\t<\/h4>\r\n\r\n\t<p style=\"margin-bottom:.0001pt\">\r\n\t\t\u00a0\r\n\t<\/p>\r\n<\/blockquote>\r\n\r\n<p style=\"margin-bottom:.0001pt\">\r\n\t<img loading=\"lazy\" decoding=\"async\" width=\"536\" height=\"668\" class=\"alignnone wp-image-195\" style=\"width: 200px;height: 249px;float: right\" src=\"https:\/\/sisu.ut.ee\/wp-content\/uploads\/sites\/545\/picture_2_2.jpg\" title=\"picture_2_2.jpg\" alt=\"SDCE2-2\" srcset=\"https:\/\/sisu.ut.ee\/wp-content\/uploads\/sites\/545\/picture_2_2.jpg 536w, https:\/\/sisu.ut.ee\/wp-content\/uploads\/sites\/545\/picture_2_2-241x300.jpg 241w\" sizes=\"auto, (max-width: 536px) 100vw, 536px\">\r\n<\/p>\r\n\r\n<p style=\"margin-bottom: 0.0001pt\">\r\n\t<span style=\"line-height:115%\">O Guia DCE apresenta muitos <b>benef\u00edcios positivos para os alunos que <\/b>participam de um projeto DCE para melhorar as suas comunidades atrav\u00e9s do envolvimento c\u00edvico.<\/span>\r\n<\/p>\r\n\r\n<p style=\"margin-bottom: 0.0001pt\">\r\n\t<span style=\"line-height:115%\"><u>Esses benef\u00edcios positivos para os alunos incluem<\/u>:<\/span>\r\n<\/p>\r\n\r\n<ol style=\"list-style-type:lower-alpha\">\r\n\t<li style=\"margin-top: 0cm;margin-right: 0cm;margin-bottom: 0.0001pt\">\r\n\t\t<span style=\"line-height:115%\">praticar e adquirir experi\u00eancia em compet\u00eancias relevantes para uma carreira;<\/span>\r\n\t<\/li>\r\n\t<li style=\"margin-top: 0cm;margin-right: 0cm;margin-bottom: 0.0001pt\">\r\n\t\t<span style=\"line-height:115%\">construir relacionamentos fortes;<\/span>\r\n\t<\/li>\r\n\t<li style=\"margin-top: 0cm;margin-right: 0cm;margin-bottom: 0.0001pt\">\r\n\t\t<span style=\"line-height:115%\">ter experi\u00eancias enriquecedoras e ajudar os projetos comunit\u00e1rios de pequena dimens\u00e3o a serem um sucesso.<\/span>\r\n\t<\/li>\r\n<\/ol>\r\n\r\n<p style=\"margin: 0cm 0cm 0.0001pt 18pt\">\r\n\t<span style=\"line-height:115%\">\u00a0<\/span>\r\n<\/p>\r\n\r\n<h3 style=\"margin-bottom: 0.0001pt\">\r\n\t<span style=\"line-height:115%\"><strong>Tr\u00eas formas de melhorar a sua comunidade atrav\u00e9s do envolvimento c\u00edvico<\/strong>:<\/span>\r\n<\/h3>\r\n\r\n<p>\r\n\t\u00a0\r\n<\/p>\r\n\r\n<p style=\"margin: 0cm 0cm 0.0001pt 18pt\">\r\n\t<span style=\"line-height:115%\"><b>1.<\/b> <b>Apoiar organiza\u00e7\u00f5es comunit\u00e1rias<\/b><\/span>\r\n<\/p>\r\n\r\n<p style=\"margin-bottom: 0.0001pt\">\r\n\t<span style=\"line-height:115%\">Como:<\/span>\r\n<\/p>\r\n\r\n<ul>\r\n\t<li style=\"margin-bottom: 0.0001pt\">\r\n\t\t<span style=\"line-height:115%\">Escolha um tema pelo qual \u00e9 apaixonado e que deseje abordar;<\/span>\r\n\t<\/li>\r\n\t<li style=\"margin-bottom: 0.0001pt\">\r\n\t\t<span style=\"line-height:115%\">Ent\u00e3o, torne-se um ativista garantindo apoio a organiza\u00e7\u00f5es comunit\u00e1rias;<\/span>\r\n\t<\/li>\r\n\t<li style=\"margin-bottom: 0.0001pt\">\r\n\t\t<span style=\"line-height:115%\">E apoie pequenas organiza\u00e7\u00f5es que t\u00eam como objetivo melhorar as comunidades.<\/span>\r\n\t<\/li>\r\n<\/ul>\r\n\r\n<p style=\"margin-bottom: 0.0001pt\">\r\n\t<span style=\"line-height:115%\"><b>\u00a0<\/b><\/span>\r\n<\/p>\r\n\r\n<p style=\"margin: 0cm 0cm 0.0001pt 18pt\">\r\n\t<span style=\"line-height:115%\"><b>2.<\/b> <b>Participar nas reuni\u00f5es da assembleia municipal<\/b>.<\/span>\r\n<\/p>\r\n\r\n<ul>\r\n\t<li style=\"margin-bottom: 0.0001pt\">\r\n\t\t<span style=\"line-height:115%\">Uma abordagem perspicaz para obter informa\u00e7\u00f5es e ter acesso a uma primeira experi\u00eancia;<\/span>\r\n\t<\/li>\r\n\t<li style=\"margin-bottom: 0.0001pt\">\r\n\t\t<span style=\"line-height:115%\">Para construir a sua rede de contactos;<\/span>\r\n\t<\/li>\r\n\t<li style=\"margin-bottom: 0.0001pt\">\r\n\t\t<span style=\"line-height:115%\">Para conhecer pessoas com a mesma ideologia, com quem possa compartilhar a sua ambi\u00e7\u00e3o de desenvolver um projeto baseado em solu\u00e7\u00f5es suportado no Envolvimento C\u00edvico Digital.<\/span>\r\n\t<\/li>\r\n<\/ul>\r\n\r\n<p style=\"margin-bottom: 0.0001pt\">\r\n\t<span style=\"line-height:115%\">\u00a0<\/span>\r\n<\/p>\r\n\r\n<p style=\"margin: 0cm 0cm 0.0001pt 18pt\">\r\n\t<span style=\"line-height:115%\"><b>3.<\/b> <b>Apoie as empresas locais<\/b><\/span>\r\n<\/p>\r\n\r\n<p style=\"margin-bottom: 0.0001pt\">\r\n\t<span style=\"line-height:115%\">Ao apoiar empresas locais, est\u00e1 a ajudar:<\/span>\r\n<\/p>\r\n\r\n<ul>\r\n\t<li style=\"margin-bottom: 0.0001pt\">\r\n\t\t<span style=\"line-height:115%\">a sua comunidade local a tornar-se economicamente mais forte;<\/span>\r\n\t<\/li>\r\n\t<li style=\"margin-bottom: 0.0001pt\">\r\n\t\t<span style=\"line-height:115%\"><span lang=\"PT\" style=\"line-height:115%\">as <\/span>empresas locais (de gest\u00e3o familiar), trabalhadores e fornecedores locais;<\/span>\r\n\t<\/li>\r\n<\/ul>\r\n\r\n<p style=\"margin-bottom:.0001pt\">\r\n\t\u00a0\r\n<\/p>\r\n\r\n<p>\r\n\t<span lang=\"PT\"><span style=\"line-height:107%\"><span>Ao comunicar com as empresas locais, est\u00e1 a desenvolver relacionamentos e a identificar quais as necessidades que esse grupo econ\u00f3mico tem.<\/span><\/span><\/span>\r\n<\/p>\r\n\r\n<p>\r\n\t\u00a0\r\n<\/p>\r\n\r\n<h2 style=\"margin-bottom: 0.0001pt\">\r\n\t<b>Teste r\u00e1pido <\/b>\r\n<\/h2>\r\n\r\n<p style=\"margin-bottom:.0001pt\">\r\n\t<\/p><div class=\"h5p-iframe-wrapper\"><div class=\"video-placeholder-wrapper video-placeholder-wrapper--fixed\" style=\"height: 366px;\">\n\t\t\t    <div class=\"video-placeholder d-flex justify-content-center align-items-center\">\n\t\t\t        <div class=\"overlay text-white p-2 w-100 text-center d-block justify-content-center align-items-center\">\n\t\t\t            <div>To view third-party content, please accept cookies.<\/div>\n\t\t\t            <button class=\"btn btn-secondary btn-sm mt-1 consent-change\">Change consent<\/button>\n\t\t\t        <\/div>\n\t\t\t    <\/div>\n\t\t\t<\/div>\n<\/div>\r\n\r\n","protected":false},"excerpt":{"rendered":"<p>Dentro deste t\u00f3pico, s\u00e3o apresentados aos alunos alguns exemplos de boas pr\u00e1ticas extra\u00eddos dos estudos de caso. Os alunos devem ser capazes de identificar o que permitiu estes projetos terem sucesso e porque seriam ben\u00e9ficos para uma comunidade. \u00a0 O &#8230;<\/p>\n","protected":false},"author":63,"featured_media":0,"parent":0,"menu_order":0,"comment_status":"closed","ping_status":"closed","template":"","meta":{"_acf_changed":false,"inline_featured_image":false,"footnotes":""},"class_list":["post-66","page","type-page","status-publish","hentry"],"acf":[],"_links":{"self":[{"href":"https:\/\/sisu.ut.ee\/sdce\/pt-pt\/wp-json\/wp\/v2\/pages\/66","targetHints":{"allow":["GET"]}}],"collection":[{"href":"https:\/\/sisu.ut.ee\/sdce\/pt-pt\/wp-json\/wp\/v2\/pages"}],"about":[{"href":"https:\/\/sisu.ut.ee\/sdce\/pt-pt\/wp-json\/wp\/v2\/types\/page"}],"author":[{"embeddable":true,"href":"https:\/\/sisu.ut.ee\/sdce\/pt-pt\/wp-json\/wp\/v2\/users\/63"}],"replies":[{"embeddable":true,"href":"https:\/\/sisu.ut.ee\/sdce\/pt-pt\/wp-json\/wp\/v2\/comments?post=66"}],"version-history":[{"count":3,"href":"https:\/\/sisu.ut.ee\/sdce\/pt-pt\/wp-json\/wp\/v2\/pages\/66\/revisions"}],"predecessor-version":[{"id":841,"href":"https:\/\/sisu.ut.ee\/sdce\/pt-pt\/wp-json\/wp\/v2\/pages\/66\/revisions\/841"}],"wp:attachment":[{"href":"https:\/\/sisu.ut.ee\/sdce\/pt-pt\/wp-json\/wp\/v2\/media?parent=66"}],"curies":[{"name":"wp","href":"https:\/\/api.w.org\/{rel}","templated":true}]}}