{"id":64,"date":"2024-04-04T07:48:27","date_gmt":"2024-04-04T04:48:27","guid":{"rendered":"https:\/\/sisu.ut.ee\/sdce\/module-2-1-en\/"},"modified":"2024-04-05T12:37:13","modified_gmt":"2024-04-05T09:37:13","slug":"module-2-1-en","status":"publish","type":"page","link":"https:\/\/sisu.ut.ee\/sdce\/pt-pt\/module-2-1-en\/","title":{"rendered":"T\u00f3pico 1: Problemas que Necessitam de uma Resolu\u00e7\u00e3o \u2013 Destaque para Desafios Globais"},"content":{"rendered":"<blockquote>\r\n\t<h4 style=\"margin-bottom: 0.0001pt\">\r\n\t\t<img loading=\"lazy\" decoding=\"async\" width=\"531\" height=\"399\" class=\"alignnone wp-image-179\" style=\"width: 150px;height: 113px;float: right\" src=\"https:\/\/sisu.ut.ee\/wp-content\/uploads\/sites\/545\/sdce_clowd.png\" title=\"sdce_clowd.png\" alt=\"SDCE_clowd\" srcset=\"https:\/\/sisu.ut.ee\/wp-content\/uploads\/sites\/545\/sdce_clowd.png 531w, https:\/\/sisu.ut.ee\/wp-content\/uploads\/sites\/545\/sdce_clowd-300x225.png 300w\" sizes=\"auto, (max-width: 531px) 100vw, 531px\">No \u00e2mbito deste t\u00f3pico, os alunos v\u00e3o aprender a sinalizar problemas que precisam de uma solu\u00e7\u00e3o, tanto \u00e0 escala global como \u00e0 escala da comunidade local.<span style=\"line-height:115%\"> <\/span>\r\n\t<\/h4>\r\n<\/blockquote>\r\n\r\n<p>\r\n\t\u00a0\r\n<\/p>\r\n\r\n<p style=\"margin-bottom: 0.0001pt\">\r\n\t<span style=\"line-height:115%\">A Divis\u00e3o das Na\u00e7\u00f5es Unidas para os Objetivos de Desenvolvimento Sustent\u00e1vel (DSDG) \u00e9 um apelo global \u00e0 a\u00e7\u00e3o de todos os pa\u00edses \u2013 desenvolvidos ou em desenvolvimento \u2013 para ajudar a resolver problemas j\u00e1 reconhecidos e que a popula\u00e7\u00e3o global enfrenta.<\/span>\r\n<\/p>\r\n\r\n<p style=\"margin-bottom: 0.0001pt\">\r\n\t<span style=\"line-height:115%\">A DSDG destacou que acabar com a pobreza e outras priva\u00e7\u00f5es tamb\u00e9m deve ser acompanhado pela garantia de uma melhoria na sa\u00fade e na educa\u00e7\u00e3o, redu\u00e7\u00e3o da desigualdade e estimulo ao crescimento econ\u00f3mico \u2013 ao mesmo tempo que combate as altera\u00e7\u00f5es clim\u00e1ticas e investe na preserva\u00e7\u00e3o dos oceanos e florestas.<\/span>\r\n<\/p>\r\n\r\n<p style=\"margin-bottom: 0.0001pt\">\r\n\t<span style=\"line-height:115%\">\u00a0<\/span>\r\n<\/p>\r\n\r\n<p style=\"margin-bottom:.0001pt\">\r\n\t<span lang=\"PT\"><span style=\"line-height:107%\"><span>A DSDG destacou 17 objetivos (ODS\u2019s) que todos devemos procurar responder (<a href=\"https:\/\/sdgs.un.org\/goals\">https:\/\/sdgs.un.org\/goals<\/a>)<\/span><\/span><\/span>\r\n<\/p>\r\n\r\n<p style=\"margin-bottom:.0001pt\">\r\n\t<span style=\"line-height:115%\">\u00a0<\/span>\r\n<\/p>\r\n\r\n<p style=\"margin-bottom:.0001pt\">\r\n\t<img loading=\"lazy\" decoding=\"async\" width=\"1155\" height=\"728\" class=\"alignnone wp-image-236\" style=\"width: 450px;height: 284px;float: right\" src=\"https:\/\/sisu.ut.ee\/wp-content\/uploads\/sites\/545\/sdg_pt.png\" title=\"sdg_pt.png\" alt=\"SDCE2-1_pt\" srcset=\"https:\/\/sisu.ut.ee\/wp-content\/uploads\/sites\/545\/sdg_pt.png 1155w, https:\/\/sisu.ut.ee\/wp-content\/uploads\/sites\/545\/sdg_pt-300x189.png 300w, https:\/\/sisu.ut.ee\/wp-content\/uploads\/sites\/545\/sdg_pt-1024x645.png 1024w, https:\/\/sisu.ut.ee\/wp-content\/uploads\/sites\/545\/sdg_pt-768x484.png 768w\" sizes=\"auto, (max-width: 1155px) 100vw, 1155px\"><span style=\"line-height:115%\">Escolhemos tr\u00eas objetivos dos ODS que beneficiariam de uma nova perspectiva do aluno como parte do Envolvimento C\u00edvico Digital:<\/span>\r\n<\/p>\r\n\r\n<p style=\"margin-bottom: 0.0001pt\">\r\n\t<span style=\"line-height:115%\"><b>Meta 10 \u2013 Redu\u00e7\u00e3o das desigualdades;<\/b><\/span>\r\n<\/p>\r\n\r\n<p style=\"margin-bottom: 0.0001pt\">\r\n\t<span style=\"line-height:115%\"><b>Meta 12 \u2013 Consumo e produ\u00e7\u00e3o respons\u00e1veis;<\/b><\/span>\r\n<\/p>\r\n\r\n<p style=\"margin-bottom:.0001pt\">\r\n\t<b><span lang=\"PT\"><span style=\"line-height:107%\"><span>Meta 16 \u2013 Paz, Justi\u00e7a e institui\u00e7\u00f5es fortes;<\/span><\/span><\/span><\/b><span style=\"line-height:115%\"><b> <\/b><\/span>\r\n<\/p>\r\n\r\n<p style=\"margin-bottom:.0001pt\">\r\n\t\u00a0\r\n<\/p>\r\n\r\n<h3 style=\"margin-bottom: 0.0001pt\">\r\n\t<b>Objetivo 10 \u2013 \u00a0Reduzir as Desigualdades no interior dos pa\u00edses e entre pa\u00edses<\/b>\r\n<\/h3>\r\n\r\n<p style=\"margin-bottom: 0.0001pt\">\r\n\t<span style=\"line-height:115%\">Este objetivo examina a desigualdade e visa reduzir a desigualdade dentro e entre os pa\u00edses.<\/span>\r\n<\/p>\r\n\r\n<p style=\"margin-bottom:.0001pt\">\r\n\t<span lang=\"PT\"><span style=\"line-height:107%\"><span>Desde que a pandemia come\u00e7ou, a investiga\u00e7\u00e3o sugere que a desigualdade aumentou e provavelmente reverter\u00e1 o progresso j\u00e1 conquistado ao n\u00edvel da igualdade salarial. Esta situa\u00e7\u00e3o n\u00e3o era reportada desde a crise financeira.<\/span><\/span><\/span><span style=\"line-height:115%\"> <\/span>\r\n<\/p>\r\n\r\n<h3 style=\"margin-bottom: 0.0001pt\">\r\n\t<span style=\"line-height:115%\"><b>Meta 12 \u2013 Consumo e produ\u00e7\u00e3o respons\u00e1veis<\/b><\/span>\r\n<\/h3>\r\n\r\n<p style=\"margin-bottom: 0.0001pt\">\r\n\t<span style=\"line-height:115%\">Este objetivo procurar garantir padr\u00f5es de consumo e produ\u00e7\u00e3o sustent\u00e1veis e respons\u00e1veis. Sabia que a pegada ecol\u00f3gica aumentou 70% de 2000 a 2017?<\/span>\r\n<\/p>\r\n\r\n<p style=\"margin-bottom: 0.0001pt\">\r\n\t<span style=\"line-height:115%\">Mesmo com recursos alimentares, estima-se que, tal como em 2016, quase 14% dos alimentos produzidos globalmente tenham sido desperdi\u00e7ados antes de chegar ao mercado de abastecimento.<\/span>\r\n<\/p>\r\n\r\n<h3 style=\"margin-bottom: 0.0001pt\">\r\n\t<span style=\"line-height:115%\">\u00a0<b>Meta 16 \u2013 Paz, Justi\u00e7a e institui\u00e7\u00f5es fortes<\/b><\/span>\r\n<\/h3>\r\n\r\n<p style=\"margin-bottom: 0.0001pt\">\r\n\t<span style=\"line-height:115%\">Este objetivo visa promover sociedades pac\u00edficas e inclusivas para o desenvolvimento sustent\u00e1vel, proporcionar acesso \u00e0 justi\u00e7a para todos e construir institui\u00e7\u00f5es eficazes, respons\u00e1veis e inclusivas em todos os n\u00edveis. <\/span>\r\n<\/p>\r\n\r\n<p style=\"margin-bottom: 0.0001pt\">\r\n\t<span style=\"line-height:115%\">A pandemia do COVID-19 exp\u00f4s desigualdades e discrimina\u00e7\u00e3o e testou, enfraqueceu e, em alguns casos, destruiu direitos e sistemas de prote\u00e7\u00e3o em pa\u00edses e territ\u00f3rios.<\/span>\r\n<\/p>\r\n\r\n<p style=\"margin-bottom:.0001pt;text-align:justify\">\r\n\t\u00a0\r\n<\/p>\r\n\r\n<h2 style=\"margin-bottom: 0.0001pt\">\r\n\t<b>Teste r\u00e1pido<\/b>\r\n<\/h2>\r\n\r\n<p style=\"margin-bottom:.0001pt\">\r\n\t<\/p><div class=\"h5p-iframe-wrapper\"><div class=\"video-placeholder-wrapper video-placeholder-wrapper--fixed\" style=\"height: 366px;\">\n\t\t\t    <div class=\"video-placeholder d-flex justify-content-center align-items-center\">\n\t\t\t        <div class=\"overlay text-white p-2 w-100 text-center d-block justify-content-center align-items-center\">\n\t\t\t            <div>To view third-party content, please accept cookies.<\/div>\n\t\t\t            <button class=\"btn btn-secondary btn-sm mt-1 consent-change\">Change consent<\/button>\n\t\t\t        <\/div>\n\t\t\t    <\/div>\n\t\t\t<\/div>\n<\/div>\r\n\r\n","protected":false},"excerpt":{"rendered":"<p>No \u00e2mbito deste t\u00f3pico, os alunos v\u00e3o aprender a sinalizar problemas que precisam de uma solu\u00e7\u00e3o, tanto \u00e0 escala global como \u00e0 escala da comunidade local. \u00a0 A Divis\u00e3o das Na\u00e7\u00f5es Unidas para os Objetivos de Desenvolvimento Sustent\u00e1vel (DSDG) \u00e9 &#8230;<\/p>\n","protected":false},"author":63,"featured_media":0,"parent":0,"menu_order":0,"comment_status":"closed","ping_status":"closed","template":"","meta":{"_acf_changed":false,"inline_featured_image":false,"footnotes":""},"class_list":["post-64","page","type-page","status-publish","hentry"],"acf":[],"_links":{"self":[{"href":"https:\/\/sisu.ut.ee\/sdce\/pt-pt\/wp-json\/wp\/v2\/pages\/64","targetHints":{"allow":["GET"]}}],"collection":[{"href":"https:\/\/sisu.ut.ee\/sdce\/pt-pt\/wp-json\/wp\/v2\/pages"}],"about":[{"href":"https:\/\/sisu.ut.ee\/sdce\/pt-pt\/wp-json\/wp\/v2\/types\/page"}],"author":[{"embeddable":true,"href":"https:\/\/sisu.ut.ee\/sdce\/pt-pt\/wp-json\/wp\/v2\/users\/63"}],"replies":[{"embeddable":true,"href":"https:\/\/sisu.ut.ee\/sdce\/pt-pt\/wp-json\/wp\/v2\/comments?post=64"}],"version-history":[{"count":3,"href":"https:\/\/sisu.ut.ee\/sdce\/pt-pt\/wp-json\/wp\/v2\/pages\/64\/revisions"}],"predecessor-version":[{"id":843,"href":"https:\/\/sisu.ut.ee\/sdce\/pt-pt\/wp-json\/wp\/v2\/pages\/64\/revisions\/843"}],"wp:attachment":[{"href":"https:\/\/sisu.ut.ee\/sdce\/pt-pt\/wp-json\/wp\/v2\/media?parent=64"}],"curies":[{"name":"wp","href":"https:\/\/api.w.org\/{rel}","templated":true}]}}