{"id":62,"date":"2024-04-04T07:48:27","date_gmt":"2024-04-04T04:48:27","guid":{"rendered":"https:\/\/sisu.ut.ee\/sdce\/module-6-en-2\/"},"modified":"2024-04-04T07:50:37","modified_gmt":"2024-04-04T04:50:37","slug":"module-6-en-2","status":"publish","type":"page","link":"https:\/\/sisu.ut.ee\/sdce\/pt-pt\/module-6-en-2\/","title":{"rendered":"M\u00f3dulo 6: Marketing do Projeto de Envolvimento C\u00edvico"},"content":{"rendered":"<blockquote>\n<p>\n\t\t<img loading=\"lazy\" decoding=\"async\" width=\"536\" height=\"668\" class=\"alignnone wp-image-193\" style=\"width: 140px;height: 180px;float: right\" src=\"https:\/\/sisu.ut.ee\/wp-content\/uploads\/sites\/545\/picture6.jpg\" title=\"picture6.jpg\" alt=\"SDCE6\" srcset=\"https:\/\/sisu.ut.ee\/wp-content\/uploads\/sites\/545\/picture6.jpg 536w, https:\/\/sisu.ut.ee\/wp-content\/uploads\/sites\/545\/picture6-241x300.jpg 241w\" sizes=\"auto, (max-width: 536px) 100vw, 536px\"><strong>Chegado ao final da forma\u00e7\u00e3o, o foco est\u00e1 no marketing do projeto de envolvimento c\u00edvico. As informa\u00e7\u00f5es contidas neste m\u00f3dulo ajudar\u00e3o o formando a entender a import\u00e2ncia da confian\u00e7a tanto para os membros da equipa quanto para os apoiantes de um projeto, a import\u00e2ncia de contar hist\u00f3rias no contexto empresarial e como desenvolver uma declara\u00e7\u00e3o de miss\u00e3o e vis\u00e3o. Diferentes aplica\u00e7\u00f5es e ferramentas tamb\u00e9m ser\u00e3o apresentadas neste m\u00f3dulo, como meios de divulga\u00e7\u00e3o da mensagem de um projeto.<\/strong>\n\t<\/p>\n<\/blockquote>\n<p>\n\t\u00a0\n<\/p>\n<p style=\"margin-bottom:.0001pt;text-align:justify\">\n\t<span style=\"line-height:115%\"><b>T\u00f3picos abordados neste m\u00f3dulo:<\/b><\/span>\n<\/p>\n<p style=\"margin-bottom:.0001pt;text-align:justify\">\n\t<span style=\"line-height:115%\">T\u00f3pico 1: Porque \u00e9 que construir credibilidade, confian\u00e7a e relacionamentos \u00e9 fundamental<\/span>\n<\/p>\n<p style=\"margin-bottom:.0001pt;text-align:justify\">\n\t<span style=\"line-height:115%\">T\u00f3pico 2: Cultivar e desenvolver uma comunidade de envolvimento c\u00edvico estudantil<\/span>\n<\/p>\n<p style=\"margin-bottom:.0001pt;text-align:justify\">\n\t<span style=\"line-height:115%\">T\u00f3pico 3: Destaque no Marketing de Miss\u00e3o<\/span>\n<\/p>\n<p style=\"margin-bottom:.0001pt;text-align:justify\">\n\t<span style=\"line-height:115%\">T\u00f3pico 4: Ferramentas tecnol\u00f3gicas para partilhar e divulgar a atividade de envolvimento c\u00edvico<\/span>\n<\/p>\n<p style=\"margin-bottom:.0001pt;text-align:justify\">\n\t\u00a0\n<\/p>\n<p style=\"margin-bottom:.0001pt;text-align:justify\">\n\t<span style=\"line-height:115%\"><b>Vai aprender:<\/b><\/span>\n<\/p>\n<ul>\n<li style=\"border:none;margin-top:0cm;margin-right:0cm;margin-bottom:.0001pt;text-align:justify\">\n\t\t<span style=\"line-height:115%\"><span lang=\"PT\" style=\"color:black\">a import\u00e2ncia da confian\u00e7a tanto no seio de uma equipa quanto para os apoiantes de um projeto;<\/span><\/span>\n\t<\/li>\n<li style=\"border:none;margin-top:0cm;margin-right:0cm;margin-bottom:.0001pt;text-align:justify\">\n\t\t<span style=\"line-height:115%\"><span lang=\"PT\" style=\"color:black\">a import\u00e2ncia do s<i>torytelling <\/i>nas empresas;<\/span><\/span>\n\t<\/li>\n<li style=\"border:none;margin-top:0cm;margin-right:0cm;margin-bottom:.0001pt;text-align:justify\">\n\t\t<span style=\"line-height:115%\"><span lang=\"PT\" style=\"color:black\">como desenvolver uma declara\u00e7\u00e3o de miss\u00e3o e vis\u00e3o;<\/span><\/span>\n\t<\/li>\n<li style=\"border:none;margin-top:0cm;margin-right:0cm;margin-bottom:.0001pt;text-align:justify\">\n\t\t<span style=\"line-height:115%\"><span lang=\"PT\" style=\"color:black\">como diferentes ferramentas e aplica\u00e7\u00f5es podem ser \u00fateis para o marketing;<\/span><\/span>\n\t<\/li>\n<li style=\"border:none;margin-top:0cm;margin-right:0cm;margin-bottom:.0001pt;text-align:justify\">\n\t\t<span style=\"line-height:115%\"><span lang=\"PT\" style=\"color:black\">como divulgar a mensagem de um projeto.<\/span><\/span>\n\t<\/li>\n<\/ul>\n<p>\n\t\u00a0<\/p>\n","protected":false},"excerpt":{"rendered":"<p>Chegado ao final da forma\u00e7\u00e3o, o foco est\u00e1 no marketing do projeto de envolvimento c\u00edvico. As informa\u00e7\u00f5es contidas neste m\u00f3dulo ajudar\u00e3o o formando a entender a import\u00e2ncia da confian\u00e7a tanto para os membros da equipa quanto para os apoiantes de &#8230;<\/p>\n","protected":false},"author":63,"featured_media":0,"parent":0,"menu_order":0,"comment_status":"closed","ping_status":"closed","template":"","meta":{"_acf_changed":false,"inline_featured_image":false,"footnotes":""},"class_list":["post-62","page","type-page","status-publish","hentry"],"acf":[],"_links":{"self":[{"href":"https:\/\/sisu.ut.ee\/sdce\/pt-pt\/wp-json\/wp\/v2\/pages\/62","targetHints":{"allow":["GET"]}}],"collection":[{"href":"https:\/\/sisu.ut.ee\/sdce\/pt-pt\/wp-json\/wp\/v2\/pages"}],"about":[{"href":"https:\/\/sisu.ut.ee\/sdce\/pt-pt\/wp-json\/wp\/v2\/types\/page"}],"author":[{"embeddable":true,"href":"https:\/\/sisu.ut.ee\/sdce\/pt-pt\/wp-json\/wp\/v2\/users\/63"}],"replies":[{"embeddable":true,"href":"https:\/\/sisu.ut.ee\/sdce\/pt-pt\/wp-json\/wp\/v2\/comments?post=62"}],"version-history":[{"count":1,"href":"https:\/\/sisu.ut.ee\/sdce\/pt-pt\/wp-json\/wp\/v2\/pages\/62\/revisions"}],"predecessor-version":[{"id":577,"href":"https:\/\/sisu.ut.ee\/sdce\/pt-pt\/wp-json\/wp\/v2\/pages\/62\/revisions\/577"}],"wp:attachment":[{"href":"https:\/\/sisu.ut.ee\/sdce\/pt-pt\/wp-json\/wp\/v2\/media?parent=62"}],"curies":[{"name":"wp","href":"https:\/\/api.w.org\/{rel}","templated":true}]}}