{"id":60,"date":"2024-04-04T07:48:27","date_gmt":"2024-04-04T04:48:27","guid":{"rendered":"https:\/\/sisu.ut.ee\/sdce\/module-5-en-2\/"},"modified":"2024-06-26T14:32:53","modified_gmt":"2024-06-26T11:32:53","slug":"module-5-en-2","status":"publish","type":"page","link":"https:\/\/sisu.ut.ee\/sdce\/pt-pt\/module-5-en-2\/","title":{"rendered":"M\u00f3dulo 5: Como Financiar o seu Projeto, Incluindo Modelos Focados na Tecnologia"},"content":{"rendered":"<p>\n\t\u00a0\n<\/p>\n<blockquote>\n<p>\n\t\t<img loading=\"lazy\" decoding=\"async\" width=\"603\" height=\"402\" class=\"alignnone wp-image-192\" style=\"width: 200px;height: 133px;float: right\" src=\"https:\/\/sisu.ut.ee\/wp-content\/uploads\/sites\/545\/module5.jpg\" title=\"module5.jpg\" alt=\"Module 5\" srcset=\"https:\/\/sisu.ut.ee\/wp-content\/uploads\/sites\/545\/module5.jpg 603w, https:\/\/sisu.ut.ee\/wp-content\/uploads\/sites\/545\/module5-300x200.jpg 300w\" sizes=\"auto, (max-width: 603px) 100vw, 603px\"><b>Vis\u00e3o geral em v\u00eddeo do m\u00f3dulo:<\/b><br><strong><span style=\"line-height:115%\">Chegou ao pen\u00faltimo m\u00f3dulo onde a or\u00e7amenta\u00e7\u00e3o e o financiamento s\u00e3o explorados, s\u00e3o apresentadas ideias e recursos sobre como financiar o seu pr\u00f3prio projeto de DCE. Tamb\u00e9m \u00e9 introduzido o conceito de responsabilidade social corporativa e como isso pode impactar positivamente num projeto de DCE.<\/span><\/strong>\n\t<\/p>\n<\/blockquote>\n<p>\n\t\u00a0\n<\/p>\n<p style=\"margin-bottom:.0001pt;text-align:justify\">\n\t<span style=\"line-height:115%\"><b>T\u00f3picos abordados neste m\u00f3dulo:<\/b><\/span>\n<\/p>\n<ol>\n<li style=\"border:none;margin-bottom:.0001pt;text-align:justify\">\n\t\t<span style=\"line-height:115%\"><span lang=\"PT\" style=\"color:black\">Estimativa dos custos do projeto e as necessidades financeiras<\/span><\/span>\n\t<\/li>\n<li style=\"border:none;margin-bottom:.0001pt;text-align:justify\">\n\t\t<span style=\"line-height:115%\"><span lang=\"PT\" style=\"color:black\">Destaque para o <i>Lean Startup<\/i> e o Canvas \u2013 Modelo de Neg\u00f3cios Sustent\u00e1vel<\/span><\/span>\n\t<\/li>\n<li style=\"border:none;margin-bottom:.0001pt;text-align:justify\">\n\t\t<span style=\"line-height:115%\"><i><span lang=\"PT\" style=\"color:black\">Crowdfunding<\/span><\/i><span lang=\"PT\" style=\"color:black\"> para os seus projetos\/causas de envolvimento c\u00edvico<\/span><\/span>\n\t<\/li>\n<li style=\"border:none;margin-bottom:.0001pt;text-align:justify\">\n\t\t<span style=\"line-height:115%\"><span lang=\"PT\" style=\"color:black\">Import\u00e2ncia da responsabilidade social corporativa<\/span><\/span>\n\t<\/li>\n<\/ol>\n<p style=\"margin-bottom:.0001pt;text-align:justify\">\n\t\u00a0\n<\/p>\n<p style=\"margin-bottom:.0001pt;text-align:justify\">\n\t<span style=\"line-height:115%\"><b>Vai aprender<\/b>:<\/span>\n<\/p>\n<ul>\n<li style=\"border:none;margin-top:0cm;margin-right:0cm;margin-bottom:.0001pt;text-align:justify\">\n\t\t<span style=\"line-height:115%\"><span lang=\"PT\" style=\"color:black\">como criar um or\u00e7amento <\/span>claro<span style=\"color:black\">;<\/span><\/span>\n\t<\/li>\n<li style=\"border:none;margin-top:0cm;margin-right:0cm;margin-bottom:.0001pt;text-align:justify\">\n\t\t<span style=\"line-height:115%\"><span lang=\"PT\" style=\"color:black\">quais os fatores a serem contabilizados, bem como as ferramentas e formas de apoio para que um projeto de DCE se possa consolidar financeiramente;<\/span><\/span>\n\t<\/li>\n<li style=\"border:none;margin-top:0cm;margin-right:0cm;margin-bottom:.0001pt;text-align:justify\">\n\t\t<span style=\"line-height:115%\"><span lang=\"PT\" style=\"color:black\">compreender a metodologia <i>Lean Startup<\/i> e como as empresas de tecnologia ajudam a financiar suas organiza\u00e7\u00f5es;<\/span><\/span>\n\t<\/li>\n<li style=\"border:none;margin-top:0cm;margin-right:0cm;margin-bottom:.0001pt;text-align:justify\">\n\t\t<span style=\"line-height:115%\"><span lang=\"PT\" style=\"color:black\">quais ferramentas e plataformas dispon\u00edveis e que os alunos podem usar para ajudar a financiar seus projetos;<\/span><\/span>\n\t<\/li>\n<li style=\"border:none;margin-top:0cm;margin-right:0cm;margin-bottom:.0001pt;text-align:justify\">\n\t\t<span style=\"line-height:115%\"><span lang=\"PT\" style=\"color:black\">o que \u00e9 responsabilidade social corporativa e quais as vantagens no desenvolvimento de um projeto de DCE.<\/span><\/span>\n\t<\/li>\n<\/ul>\n<p>\n\t\u00a0<\/p>\n","protected":false},"excerpt":{"rendered":"<p>\u00a0 Vis\u00e3o geral em v\u00eddeo do m\u00f3dulo:Chegou ao pen\u00faltimo m\u00f3dulo onde a or\u00e7amenta\u00e7\u00e3o e o financiamento s\u00e3o explorados, s\u00e3o apresentadas ideias e recursos sobre como financiar o seu pr\u00f3prio projeto de DCE. Tamb\u00e9m \u00e9 introduzido o conceito de responsabilidade social &#8230;<\/p>\n","protected":false},"author":63,"featured_media":0,"parent":0,"menu_order":0,"comment_status":"closed","ping_status":"closed","template":"","meta":{"_acf_changed":false,"inline_featured_image":false,"footnotes":""},"class_list":["post-60","page","type-page","status-publish","hentry"],"acf":[],"_links":{"self":[{"href":"https:\/\/sisu.ut.ee\/sdce\/pt-pt\/wp-json\/wp\/v2\/pages\/60","targetHints":{"allow":["GET"]}}],"collection":[{"href":"https:\/\/sisu.ut.ee\/sdce\/pt-pt\/wp-json\/wp\/v2\/pages"}],"about":[{"href":"https:\/\/sisu.ut.ee\/sdce\/pt-pt\/wp-json\/wp\/v2\/types\/page"}],"author":[{"embeddable":true,"href":"https:\/\/sisu.ut.ee\/sdce\/pt-pt\/wp-json\/wp\/v2\/users\/63"}],"replies":[{"embeddable":true,"href":"https:\/\/sisu.ut.ee\/sdce\/pt-pt\/wp-json\/wp\/v2\/comments?post=60"}],"version-history":[{"count":2,"href":"https:\/\/sisu.ut.ee\/sdce\/pt-pt\/wp-json\/wp\/v2\/pages\/60\/revisions"}],"predecessor-version":[{"id":1189,"href":"https:\/\/sisu.ut.ee\/sdce\/pt-pt\/wp-json\/wp\/v2\/pages\/60\/revisions\/1189"}],"wp:attachment":[{"href":"https:\/\/sisu.ut.ee\/sdce\/pt-pt\/wp-json\/wp\/v2\/media?parent=60"}],"curies":[{"name":"wp","href":"https:\/\/api.w.org\/{rel}","templated":true}]}}