{"id":58,"date":"2024-04-04T07:48:27","date_gmt":"2024-04-04T04:48:27","guid":{"rendered":"https:\/\/sisu.ut.ee\/sdce\/module-4-en-2\/"},"modified":"2024-06-26T14:31:47","modified_gmt":"2024-06-26T11:31:47","slug":"module-4-en-2","status":"publish","type":"page","link":"https:\/\/sisu.ut.ee\/sdce\/pt-pt\/module-4-en-2\/","title":{"rendered":"M\u00f3dulo 4: Gest\u00e3o de um Projeto de Envolvimento C\u00edvico Digital"},"content":{"rendered":"<div style=\"border-left:solid#4472c41.5pt;padding:0cm0cm0cm9.0pt\">\n<blockquote>\n<p style=\"border:none;padding:0cm\">\n\t\t\t<img loading=\"lazy\" decoding=\"async\" width=\"536\" height=\"668\" class=\"alignnone wp-image-190\" style=\"width: 140px;height: 174px;float: right\" src=\"https:\/\/sisu.ut.ee\/wp-content\/uploads\/sites\/545\/picture4-2.jpg\" title=\"picture4-2.jpg\" alt=\"SDCE_4\" srcset=\"https:\/\/sisu.ut.ee\/wp-content\/uploads\/sites\/545\/picture4-2.jpg 536w, https:\/\/sisu.ut.ee\/wp-content\/uploads\/sites\/545\/picture4-2-241x300.jpg 241w\" sizes=\"auto, (max-width: 536px) 100vw, 536px\"><strong>Est\u00e1 na metade do caminho. Tr\u00eas m\u00f3dulos j\u00e1 realizados, faltam tr\u00eas para finalizar. Agora pode continuar no m\u00f3dulo onde o conceito de gest\u00e3o de projetos \u00e9 introduzido. Terminado este m\u00f3dulo, deve ser capaz de criar uma equipa e combinar membros da equipa de acordo com as compet\u00eancias.<\/strong>\n\t\t<\/p>\n<\/blockquote>\n<p style=\"border:none;padding:0cm\">\n\t\t\u00a0\n\t<\/p>\n<p style=\"margin-bottom:.0001pt;text-align:justify\">\n\t\t<span style=\"line-height:115%\"><b>T\u00f3picos abordados neste m\u00f3dulo:<\/b><\/span>\n\t<\/p>\n<p style=\"margin-bottom:.0001pt;text-align:justify\">\n\t\t<span style=\"line-height:115%\">T\u00f3pico 1: Projetar e colaborar com uma Equipa de Envolvimento C\u00edvico Digital<\/span>\n\t<\/p>\n<p style=\"margin-bottom:.0001pt;text-align:justify\">\n\t\t<span style=\"line-height:115%\">T\u00f3pico 2: Transformar obst\u00e1culos em for\u00e7as<\/span>\n\t<\/p>\n<p style=\"margin-bottom:.0001pt;text-align:justify\">\n\t\t<span style=\"line-height:115%\">T\u00f3pico 3: Evitar a fadiga durante o projeto<\/span>\n\t<\/p>\n<p style=\"margin-bottom:.0001pt;text-align:justify\">\n\t\t<span style=\"line-height:115%\">T\u00f3pico 4: Avaliar o impacto<\/span>\n\t<\/p>\n<p style=\"margin-bottom:.0001pt;text-align:justify\">\n\t\t\u00a0\n\t<\/p>\n<p style=\"margin-bottom:.0001pt;text-align:justify\">\n\t\t<span style=\"line-height:115%\"><b>Vai aprender a:<\/b><\/span>\n\t<\/p>\n<ul>\n<li style=\"border: none;margin-top: 0cm;margin-right: 0cm;margin-bottom: 0.0001pt;text-align: justify\">\n\t\t\t<span style=\"line-height:115%\"><span lang=\"PT\" style=\"color:black\">criar uma equipa focando os pontos fortes e as aptid\u00f5es de cada membro da equipa para alcan\u00e7ar um projeto bem-sucedido;<\/span><\/span>\n\t\t<\/li>\n<li style=\"border: none;margin-top: 0cm;margin-right: 0cm;margin-bottom: 0.0001pt;text-align: justify\">\n\t\t\t<span style=\"line-height:115%\"><span lang=\"PT\" style=\"color:black\">transformar obst\u00e1culos em pontos fortes <\/span>usando uma <span style=\"color:black\">mentalidade de crescimento;<\/span><\/span>\n\t\t<\/li>\n<li style=\"border: none;margin-top: 0cm;margin-right: 0cm;margin-bottom: 0.0001pt;text-align: justify\">\n\t\t\t<span style=\"line-height:115%\"><span lang=\"PT\" style=\"color:black\">evitar a fadiga do projeto;<\/span><\/span>\n\t\t<\/li>\n<li style=\"border: none;margin-top: 0cm;margin-right: 0cm;margin-bottom: 0.0001pt;text-align: justify\">\n\t\t\t<span style=\"line-height:115%\"><span lang=\"PT\" style=\"color:black\">avaliar o seu projeto de DCE para garantir que \u00e9 um sucesso.<\/span><\/span>\n\t\t<\/li>\n<\/ul>\n<p style=\"border:none;padding:0cm\">\n\t\t\u00a0\n\t<\/p>\n<div>\n<div>\n<div class=\"msocomtxt\" id=\"_com_1\">\n\t\t\t\t\u00a0\n<p class=\"MsoCommentText\">\n\t\t\t\t\t\u00a0\n\t\t\t\t<\/p>\n<\/div>\n<\/div>\n<\/div>\n<p style=\"border:none;padding:0cm\">\n\t\t\u00a0\n\t<\/p>\n<\/div>\n","protected":false},"excerpt":{"rendered":"<p>Est\u00e1 na metade do caminho. Tr\u00eas m\u00f3dulos j\u00e1 realizados, faltam tr\u00eas para finalizar. Agora pode continuar no m\u00f3dulo onde o conceito de gest\u00e3o de projetos \u00e9 introduzido. Terminado este m\u00f3dulo, deve ser capaz de criar uma equipa e combinar membros &#8230;<\/p>\n","protected":false},"author":63,"featured_media":0,"parent":0,"menu_order":0,"comment_status":"closed","ping_status":"closed","template":"","meta":{"_acf_changed":false,"inline_featured_image":false,"footnotes":""},"class_list":["post-58","page","type-page","status-publish","hentry"],"acf":[],"_links":{"self":[{"href":"https:\/\/sisu.ut.ee\/sdce\/pt-pt\/wp-json\/wp\/v2\/pages\/58","targetHints":{"allow":["GET"]}}],"collection":[{"href":"https:\/\/sisu.ut.ee\/sdce\/pt-pt\/wp-json\/wp\/v2\/pages"}],"about":[{"href":"https:\/\/sisu.ut.ee\/sdce\/pt-pt\/wp-json\/wp\/v2\/types\/page"}],"author":[{"embeddable":true,"href":"https:\/\/sisu.ut.ee\/sdce\/pt-pt\/wp-json\/wp\/v2\/users\/63"}],"replies":[{"embeddable":true,"href":"https:\/\/sisu.ut.ee\/sdce\/pt-pt\/wp-json\/wp\/v2\/comments?post=58"}],"version-history":[{"count":2,"href":"https:\/\/sisu.ut.ee\/sdce\/pt-pt\/wp-json\/wp\/v2\/pages\/58\/revisions"}],"predecessor-version":[{"id":1188,"href":"https:\/\/sisu.ut.ee\/sdce\/pt-pt\/wp-json\/wp\/v2\/pages\/58\/revisions\/1188"}],"wp:attachment":[{"href":"https:\/\/sisu.ut.ee\/sdce\/pt-pt\/wp-json\/wp\/v2\/media?parent=58"}],"curies":[{"name":"wp","href":"https:\/\/api.w.org\/{rel}","templated":true}]}}