{"id":57,"date":"2024-04-04T07:48:27","date_gmt":"2024-04-04T04:48:27","guid":{"rendered":"https:\/\/sisu.ut.ee\/sdce\/module-3-en-2\/"},"modified":"2024-04-04T07:50:38","modified_gmt":"2024-04-04T04:50:38","slug":"module-3-en-2","status":"publish","type":"page","link":"https:\/\/sisu.ut.ee\/sdce\/pt-pt\/module-3-en-2\/","title":{"rendered":"M\u00f3dulo 3: Como Configurar um Projeto de Envolvimento C\u00edvico Digital"},"content":{"rendered":"<blockquote>\n<p>\n\t\t<img loading=\"lazy\" decoding=\"async\" width=\"536\" height=\"416\" class=\"alignnone wp-image-186\" style=\"float: right\" src=\"https:\/\/sisu.ut.ee\/wp-content\/uploads\/sites\/545\/picture_3.jpg\" title=\"picture_3.jpg\" alt=\"SDCE_3\" srcset=\"https:\/\/sisu.ut.ee\/wp-content\/uploads\/sites\/545\/picture_3.jpg 536w, https:\/\/sisu.ut.ee\/wp-content\/uploads\/sites\/545\/picture_3-300x233.jpg 300w\" sizes=\"auto, (max-width: 536px) 100vw, 536px\"><strong>Chegou ao m\u00f3dulo tr\u00eas. Neste m\u00f3dulo, os formandos ir\u00e3o analisar como os alunos podem participar nas suas pr\u00f3prias atividades de Envolvimento C\u00edvico Digital. Os alunos aprender\u00e3o sobre diferentes exemplos de DCE. Ir\u00e1 aprender mais sobre os diferentes componentes dos grandes projetos de envolvimento c\u00edvico digital, como se envolver e como aplicar a tecnologia para obter os melhores resultados. Este m\u00f3dulo tamb\u00e9m explica como os alunos podem come\u00e7ar o seu percurso num projeto de Envolvimento C\u00edvico Digital.<\/strong>\n\t<\/p>\n<\/blockquote>\n<p>\n\t\u00a0\n<\/p>\n<p style=\"margin-bottom: 0.0001pt\">\n\t<span style=\"line-height:115%\"><b>T\u00f3picos abordados neste m\u00f3dulo:<\/b><\/span>\n<\/p>\n<p style=\"margin-bottom: 0.0001pt\">\n\t<span style=\"line-height:115%\">T\u00f3pico 1: O que \u00e9 que os grandes projetos de envolvimento c\u00edvico digital incluem?<\/span>\n<\/p>\n<p style=\"margin-bottom: 0.0001pt\">\n\t<span style=\"line-height:115%\">T\u00f3pico 2: Investir no seu primeiro projeto\/iniciativa de envolvimento c\u00edvico digital<\/span>\n<\/p>\n<p style=\"margin-bottom: 0.0001pt\">\n\t<span style=\"line-height:115%\">T\u00f3pico 3: Aplicar a tecnologia para promover o seu desempenho ao n\u00edvel do envolvimento c\u00edvico<\/span>\n<\/p>\n<p>\n\t<span lang=\"PT\"><span style=\"line-height:107%\"><span>T\u00f3pico 4: Projetar\/Fornecer solu\u00e7\u00f5es no \u00e2mbito do Envolvimento C\u00edvico Digital<\/span><\/span><\/span>\n<\/p>\n<p>\n\t\u00a0\n<\/p>\n<p style=\"margin-bottom: 0.0001pt\">\n\t<span style=\"line-height:115%\"><b>Vai aprender:<\/b><\/span>\n<\/p>\n<ul>\n<li style=\"border: none;margin-top: 0cm;margin-right: 0cm;margin-bottom: 0.0001pt\">\n\t\t<span style=\"line-height:115%\"><span lang=\"PT\" style=\"color:black\">A entender o que produz um projeto de envolvimento c\u00edvico de excel\u00eancia;<\/span><\/span>\n\t<\/li>\n<li style=\"border: none;margin-top: 0cm;margin-right: 0cm;margin-bottom: 0.0001pt\">\n\t\t<span style=\"line-height:115%\"><span lang=\"PT\" style=\"color:black\">Como come\u00e7ar a criar e se envolver no seu pr\u00f3prio projeto de envolvimento c\u00edvico digital;<\/span><\/span>\n\t<\/li>\n<li style=\"border: none;margin-top: 0cm;margin-right: 0cm;margin-bottom: 0.0001pt\">\n\t\t<span style=\"line-height:115%\"><span lang=\"PT\" style=\"color:black\">A entender como criar o seu pr\u00f3prio projeto de envolvimento c\u00edvico digital e dar os primeiros passos para o tornar um projeto consolidado;<\/span><\/span>\n\t<\/li>\n<li style=\"border: none;margin-top: 0cm;margin-right: 0cm;margin-bottom: 0.0001pt\">\n\t\t<span style=\"line-height:115%\"><span lang=\"PT\" style=\"color:black\">Sobre exemplos reais de como os projetos de envolvimento c\u00edvico se estabeleceram;<\/span><\/span>\n\t<\/li>\n<li style=\"border: none;margin-top: 0cm;margin-right: 0cm;margin-bottom: 0.0001pt\">\n\t\t<span style=\"line-height:115%\"><span lang=\"PT\" style=\"color:black\">Sobre as v\u00e1rias ferramentas digitais e como pode utiliz\u00e1-las no desenvolvimento\/progresso de um projeto de envolvimento c\u00edvico digital;<\/span><\/span>\n\t<\/li>\n<li style=\"border: none;margin-top: 0cm;margin-right: 0cm;margin-bottom: 0.0001pt\">\n\t\t<span style=\"line-height:115%\"><span lang=\"PT\" style=\"color:black\">A identificar como as tecnologias digitais podem influenciar a elabora\u00e7\u00e3o\/desenho e o resultado de um projeto de DCE e como implement\u00e1-lo.<\/span><\/span>\n\t<\/li>\n<\/ul>\n<p>\n\t\u00a0\n<\/p>\n<p>\n\t\u00a0<\/p>\n","protected":false},"excerpt":{"rendered":"<p>Chegou ao m\u00f3dulo tr\u00eas. Neste m\u00f3dulo, os formandos ir\u00e3o analisar como os alunos podem participar nas suas pr\u00f3prias atividades de Envolvimento C\u00edvico Digital. Os alunos aprender\u00e3o sobre diferentes exemplos de DCE. Ir\u00e1 aprender mais sobre os diferentes componentes dos grandes &#8230;<\/p>\n","protected":false},"author":63,"featured_media":0,"parent":0,"menu_order":0,"comment_status":"closed","ping_status":"closed","template":"","meta":{"_acf_changed":false,"inline_featured_image":false,"footnotes":""},"class_list":["post-57","page","type-page","status-publish","hentry"],"acf":[],"_links":{"self":[{"href":"https:\/\/sisu.ut.ee\/sdce\/pt-pt\/wp-json\/wp\/v2\/pages\/57","targetHints":{"allow":["GET"]}}],"collection":[{"href":"https:\/\/sisu.ut.ee\/sdce\/pt-pt\/wp-json\/wp\/v2\/pages"}],"about":[{"href":"https:\/\/sisu.ut.ee\/sdce\/pt-pt\/wp-json\/wp\/v2\/types\/page"}],"author":[{"embeddable":true,"href":"https:\/\/sisu.ut.ee\/sdce\/pt-pt\/wp-json\/wp\/v2\/users\/63"}],"replies":[{"embeddable":true,"href":"https:\/\/sisu.ut.ee\/sdce\/pt-pt\/wp-json\/wp\/v2\/comments?post=57"}],"version-history":[{"count":1,"href":"https:\/\/sisu.ut.ee\/sdce\/pt-pt\/wp-json\/wp\/v2\/pages\/57\/revisions"}],"predecessor-version":[{"id":572,"href":"https:\/\/sisu.ut.ee\/sdce\/pt-pt\/wp-json\/wp\/v2\/pages\/57\/revisions\/572"}],"wp:attachment":[{"href":"https:\/\/sisu.ut.ee\/sdce\/pt-pt\/wp-json\/wp\/v2\/media?parent=57"}],"curies":[{"name":"wp","href":"https:\/\/api.w.org\/{rel}","templated":true}]}}