{"id":56,"date":"2024-04-04T07:48:26","date_gmt":"2024-04-04T04:48:26","guid":{"rendered":"https:\/\/sisu.ut.ee\/sdce\/module-2-en-2\/"},"modified":"2024-04-04T07:50:38","modified_gmt":"2024-04-04T04:50:38","slug":"module-2-en-2","status":"publish","type":"page","link":"https:\/\/sisu.ut.ee\/sdce\/pt-pt\/module-2-en-2\/","title":{"rendered":"M\u00f3dulo 2: Onde Est\u00e3o as Oportunidades para os Alunos"},"content":{"rendered":"<blockquote>\n<p style=\"margin-bottom:.0001pt\">\n\t\t<img loading=\"lazy\" decoding=\"async\" width=\"305\" height=\"231\" class=\"alignnone wp-image-184\" style=\"width: 180px;height: 151px;float: right\" src=\"https:\/\/sisu.ut.ee\/wp-content\/uploads\/sites\/545\/picture2.jpg\" title=\"picture2.jpg\" alt=\"SDCE2\" srcset=\"https:\/\/sisu.ut.ee\/wp-content\/uploads\/sites\/545\/picture2.jpg 305w, https:\/\/sisu.ut.ee\/wp-content\/uploads\/sites\/545\/picture2-300x227.jpg 300w\" sizes=\"auto, (max-width: 305px) 100vw, 305px\"><strong>Siga em frente para o segundo m\u00f3dulo e avalie os desafios do envolvimento c\u00edvico digital de estudantes \u2013 DCE. Neste m\u00f3dulo, s\u00e3o avaliados estudos de caso considerados relevantes para o plano de estudos, para lhe dar mais exemplos de projetos DCE e para o ajudar a identificar os benef\u00edcios. Aqui vai aprender como identificar diferentes exemplos e oportunidades para criar projetos de envolvimento c\u00edvico, bem como entender as compet\u00eancias e capacidades que pode obter no futuro<\/strong>\n\t<\/p>\n<\/blockquote>\n<p style=\"margin-bottom:.0001pt\">\n\t\u00a0\n<\/p>\n<p style=\"margin-bottom: 0.0001pt\">\n\t<b>T\u00f3picos abordados neste m\u00f3dulo:<\/b>\n<\/p>\n<p style=\"margin-bottom:.0001pt\">\n\t<span style=\"line-height:115%\">T\u00f3pico 1: Problemas que necessitam de uma resolu\u00e7\u00e3o \u2013 destaque para desafios globais.<\/span>\n<\/p>\n<p style=\"margin-bottom:.0001pt;text-align:justify\">\n\t<span style=\"line-height:115%\">T\u00f3pico 2: Melhorar a sua comunidade atrav\u00e9s do envolvimento c\u00edvico.<\/span>\n<\/p>\n<p style=\"margin-bottom:.0001pt;text-align:justify\">\n\t<span style=\"line-height:115%\">T\u00f3pico 3: Adotar uma abordagem de <i>aprendizagem em servi\u00e7o <\/i>para um projeto de DCE.<\/span>\n<\/p>\n<p style=\"margin-bottom:.0001pt\">\n\t<span lang=\"PT\"><span style=\"line-height:107%\"><span>T\u00f3pico 4: O DCE est\u00e1 a construir os seus n\u00edveis de compet\u00eancia. Aqui est\u00e3o as oportunidades.<\/span><\/span><\/span>\n<\/p>\n<p style=\"margin-bottom:.0001pt\">\n\t\u00a0\n<\/p>\n<p style=\"margin-bottom: 0.0001pt\">\n\t<strong>Aqui <\/strong><b><strong>vai a<\/strong>prender<\/b><strong>:<\/strong>\n<\/p>\n<ul>\n<li style=\"margin-bottom: 0.0001pt\">\n\t\t<span style=\"line-height:115%\">como identificar diferentes problemas em comunidades locais tendo em conta os desafios \u00e0 escala global;<\/span>\n\t<\/li>\n<li style=\"margin-bottom: 0.0001pt\">\n\t\t<span style=\"line-height:115%\">identificar o que garante o sucesso dos projetos e porque ser\u00e3o ben\u00e9ficos para uma comunidade;<\/span>\n\t<\/li>\n<li style=\"margin-bottom: 0.0001pt\">\n\t\t<span style=\"line-height:115%\">compreender o conceito e os benef\u00edcios da aprendizagem em servi\u00e7o, bem como apresentar exemplos;<\/span>\n\t<\/li>\n<li style=\"margin-bottom: 0.0001pt\">\n\t\t<span style=\"line-height:115%\">conhecer as compet\u00eancias <i>DigComp<\/i> e <i>EntreComp<\/i>.<\/span>\n\t<\/li>\n<\/ul>\n","protected":false},"excerpt":{"rendered":"<p>Siga em frente para o segundo m\u00f3dulo e avalie os desafios do envolvimento c\u00edvico digital de estudantes \u2013 DCE. Neste m\u00f3dulo, s\u00e3o avaliados estudos de caso considerados relevantes para o plano de estudos, para lhe dar mais exemplos de projetos &#8230;<\/p>\n","protected":false},"author":63,"featured_media":0,"parent":0,"menu_order":0,"comment_status":"closed","ping_status":"closed","template":"","meta":{"_acf_changed":false,"inline_featured_image":false,"footnotes":""},"class_list":["post-56","page","type-page","status-publish","hentry"],"acf":[],"_links":{"self":[{"href":"https:\/\/sisu.ut.ee\/sdce\/pt-pt\/wp-json\/wp\/v2\/pages\/56","targetHints":{"allow":["GET"]}}],"collection":[{"href":"https:\/\/sisu.ut.ee\/sdce\/pt-pt\/wp-json\/wp\/v2\/pages"}],"about":[{"href":"https:\/\/sisu.ut.ee\/sdce\/pt-pt\/wp-json\/wp\/v2\/types\/page"}],"author":[{"embeddable":true,"href":"https:\/\/sisu.ut.ee\/sdce\/pt-pt\/wp-json\/wp\/v2\/users\/63"}],"replies":[{"embeddable":true,"href":"https:\/\/sisu.ut.ee\/sdce\/pt-pt\/wp-json\/wp\/v2\/comments?post=56"}],"version-history":[{"count":1,"href":"https:\/\/sisu.ut.ee\/sdce\/pt-pt\/wp-json\/wp\/v2\/pages\/56\/revisions"}],"predecessor-version":[{"id":590,"href":"https:\/\/sisu.ut.ee\/sdce\/pt-pt\/wp-json\/wp\/v2\/pages\/56\/revisions\/590"}],"wp:attachment":[{"href":"https:\/\/sisu.ut.ee\/sdce\/pt-pt\/wp-json\/wp\/v2\/media?parent=56"}],"curies":[{"name":"wp","href":"https:\/\/api.w.org\/{rel}","templated":true}]}}