{"id":55,"date":"2024-04-04T07:48:26","date_gmt":"2024-04-04T04:48:26","guid":{"rendered":"https:\/\/sisu.ut.ee\/sdce\/module-1-ref-en\/"},"modified":"2024-04-04T07:50:38","modified_gmt":"2024-04-04T04:50:38","slug":"module-1-ref-en","status":"publish","type":"page","link":"https:\/\/sisu.ut.ee\/sdce\/pt-pt\/module-1-ref-en\/","title":{"rendered":"Outros Recursos"},"content":{"rendered":"<p style=\"margin-bottom:.0001pt;text-align:justify\">\n\t\u00a0\n<\/p>\n<p style=\"margin-bottom:.0001pt;text-align:justify\">\n\t\u00a0\n<\/p>\n<p style=\"margin-bottom:.0001pt;text-align:justify\">\n\t<span style=\"line-height:115%\">Para mais informa\u00e7\u00f5es e recursos, confira os links a seguir:<\/span>\n<\/p>\n<p style=\"margin-bottom:.0001pt;text-align:justify\">\n\t\u00a0\n<\/p>\n<p style=\"margin-bottom:.0001pt;text-align:justify\">\n\t<a data-url=\"https:\/\/www.studentcivicengagers.eu\/\" href=\"https:\/\/www.studentcivicengagers.eu\/\" target=\"_blank\" title=\"\" rel=\"noopener\">Site do projeto sobre Envolvimento c\u00edvico digital do aluno<\/a>\n<\/p>\n<p style=\"margin-bottom:.0001pt;text-align:justify\">\n\t<span style=\"line-height:115%\"><a href=\"https:\/\/www.studentcivicengagers.eu\/guide-to-digital-civic-engagement-pt\/\">Guia para Envolvimento C\u00edvico Digital<\/a><\/span>\n<\/p>\n<p style=\"margin-bottom:.0001pt;text-align:justify\">\n\t<span style=\"line-height:115%\"><a href=\"https:\/\/ec.europa.eu\/social\/main.jsp?catId=1317&amp;langId=en#:~:text=EntreComp%20is%20a%20free%2C%20flexible,practice%20to%20develop%20entrepreneurial%20skills\">Mais informa\u00e7\u00f5es sobre a EntreComp<\/a><\/span>\n<\/p>\n<p style=\"margin-bottom:.0001pt;text-align:justify\">\n\t<a data-url=\"https:\/\/publications.jrc.ec.europa.eu\/repository\/handle\/JRC101254\" href=\"https:\/\/publications.jrc.ec.europa.eu\/repository\/handle\/JRC101254\" target=\"_blank\" title=\"\" rel=\"noopener\">Mais informa\u00e7\u00f5es sobre o DigComp<\/a><\/p>\n","protected":false},"excerpt":{"rendered":"<p>\u00a0 \u00a0 Para mais informa\u00e7\u00f5es e recursos, confira os links a seguir: \u00a0 Site do projeto sobre Envolvimento c\u00edvico digital do aluno Guia para Envolvimento C\u00edvico Digital Mais informa\u00e7\u00f5es sobre a EntreComp Mais informa\u00e7\u00f5es sobre o DigComp<\/p>\n","protected":false},"author":63,"featured_media":0,"parent":0,"menu_order":0,"comment_status":"closed","ping_status":"closed","template":"","meta":{"_acf_changed":false,"inline_featured_image":false,"footnotes":""},"class_list":["post-55","page","type-page","status-publish","hentry"],"acf":[],"_links":{"self":[{"href":"https:\/\/sisu.ut.ee\/sdce\/pt-pt\/wp-json\/wp\/v2\/pages\/55","targetHints":{"allow":["GET"]}}],"collection":[{"href":"https:\/\/sisu.ut.ee\/sdce\/pt-pt\/wp-json\/wp\/v2\/pages"}],"about":[{"href":"https:\/\/sisu.ut.ee\/sdce\/pt-pt\/wp-json\/wp\/v2\/types\/page"}],"author":[{"embeddable":true,"href":"https:\/\/sisu.ut.ee\/sdce\/pt-pt\/wp-json\/wp\/v2\/users\/63"}],"replies":[{"embeddable":true,"href":"https:\/\/sisu.ut.ee\/sdce\/pt-pt\/wp-json\/wp\/v2\/comments?post=55"}],"version-history":[{"count":1,"href":"https:\/\/sisu.ut.ee\/sdce\/pt-pt\/wp-json\/wp\/v2\/pages\/55\/revisions"}],"predecessor-version":[{"id":589,"href":"https:\/\/sisu.ut.ee\/sdce\/pt-pt\/wp-json\/wp\/v2\/pages\/55\/revisions\/589"}],"wp:attachment":[{"href":"https:\/\/sisu.ut.ee\/sdce\/pt-pt\/wp-json\/wp\/v2\/media?parent=55"}],"curies":[{"name":"wp","href":"https:\/\/api.w.org\/{rel}","templated":true}]}}