{"id":54,"date":"2024-04-04T07:48:26","date_gmt":"2024-04-04T04:48:26","guid":{"rendered":"https:\/\/sisu.ut.ee\/sdce\/module-1-4-en\/"},"modified":"2024-04-05T12:37:13","modified_gmt":"2024-04-05T09:37:13","slug":"module-1-4-en","status":"publish","type":"page","link":"https:\/\/sisu.ut.ee\/sdce\/pt-pt\/module-1-4-en\/","title":{"rendered":"T\u00f3pico 4: Como \u00e9 o Envolvimento C\u00edvico Digital do Aluno na Pr\u00e1tica?"},"content":{"rendered":"<blockquote>\r\n\t<h4 style=\"margin-bottom: 0.0001pt\">\r\n\t\t<img loading=\"lazy\" decoding=\"async\" width=\"531\" height=\"399\" class=\"alignnone wp-image-179\" style=\"width: 150px;height: 113px;float: right\" src=\"https:\/\/sisu.ut.ee\/wp-content\/uploads\/sites\/545\/sdce_clowd.png\" title=\"sdce_clowd.png\" alt=\"SDCE_clowd\" srcset=\"https:\/\/sisu.ut.ee\/wp-content\/uploads\/sites\/545\/sdce_clowd.png 531w, https:\/\/sisu.ut.ee\/wp-content\/uploads\/sites\/545\/sdce_clowd-300x225.png 300w\" sizes=\"auto, (max-width: 531px) 100vw, 531px\">O objetivo de aprendizagem deste t\u00f3pico \u00e9 dar aos alunos ideias sobre como \u00e9 na pr\u00e1tica um projeto de envolvimento c\u00edvico digital. Os alunos v\u00e3o poder aprender a partir de exemplos pr\u00e1ticos de envolvimento c\u00edvico digital desenvolvidos por estudantes na Europa.\r\n\t<\/h4>\r\n<\/blockquote>\r\n\r\n<p style=\"margin-bottom:.0001pt\">\r\n\t\u00a0\r\n<\/p>\r\n\r\n<h3 style=\"margin-bottom: 0.0001pt\">\r\n\t<span style=\"line-height:115%\"><b><span lang=\"PT\"><span style=\"line-height:115%\">Aprendizagem dos alunos e envolvimento c\u00edvico<\/span><\/span><\/b><\/span><img loading=\"lazy\" decoding=\"async\" width=\"536\" height=\"668\" class=\"alignnone wp-image-191\" style=\"width: 200px;height: 249px;float: right\" src=\"https:\/\/sisu.ut.ee\/wp-content\/uploads\/sites\/545\/picture_1_4.jpg\" title=\"picture_1_4.jpg\" alt=\"SDCE1-4\" srcset=\"https:\/\/sisu.ut.ee\/wp-content\/uploads\/sites\/545\/picture_1_4.jpg 536w, https:\/\/sisu.ut.ee\/wp-content\/uploads\/sites\/545\/picture_1_4-241x300.jpg 241w\" sizes=\"auto, (max-width: 536px) 100vw, 536px\">\r\n<\/h3>\r\n\r\n<p style=\"margin-bottom:.0001pt\">\r\n\tOs investigadores demonstraram uma rela\u00e7\u00e3o estatisticamente significativa entre o envolvimento c\u00edvico e o envolvimento acad\u00e9mico. Os alunos que se envolvem em quest\u00f5es c\u00edvicas, participam na praxe acad\u00e9mica, ligando a teoria \u00e0 a\u00e7\u00e3o; fortalecem compet\u00eancias-chave de pensamento cr\u00edtico, comunica\u00e7\u00e3o e colabora\u00e7\u00e3o; e desenvolvem intelig\u00eancia emocional e empatia consciente como parte de uma comunidade.\r\n<\/p>\r\n\r\n<h3 style=\"margin-bottom: 0.0001pt\">\r\n\t<span style=\"line-height:115%\"><b><span lang=\"PT\"><span style=\"line-height:115%\">Dois exemplos de envolvimento c\u00edvico digital estudantil<\/span><\/span><\/b><\/span>\r\n<\/h3>\r\n\r\n<p style=\"margin-bottom: 0.0001pt\">\r\n\t<span style=\"line-height:115%\"><span lang=\"PT\"><span style=\"line-height:115%\">O <b><i>Galway Mayo Institute of Technology (GMIT)<\/i> <\/b>na Irlanda desenvolveu um m\u00f3dulo para os seus cursos de marketing. Este m\u00f3dulo proporcionou um conjunto de compet\u00eancias aos alunos de marketing e design necess\u00e1rio para suportar o desenvolvimento de um projeto de voluntariado ou comunit\u00e1rio.<\/span><\/span><\/span>\r\n<\/p>\r\n\r\n<p style=\"margin-bottom: 0.0001pt\">\r\n\t<span style=\"line-height:115%\"><span lang=\"PT\"><span style=\"line-height:115%\">Os alunos disponibilizaram as suas habilidades e conhecimentos \u00e0s suas comunidades locais. <\/span><\/span><span lang=\"PT\"><span style=\"line-height:115%\">Promoveram uma colabora\u00e7\u00e3o em primeira m\u00e3o com as comunidades e organiza\u00e7\u00f5es de voluntariado, prestando-lhes assist\u00eancia com as suas ideias e compet\u00eancias digitais e aplicando o que aprenderam ao longo do m\u00f3dulo num contexto real.<\/span><\/span><\/span>\r\n<\/p>\r\n\r\n<p style=\"margin-bottom:.0001pt;text-align:justify\">\r\n\t\u00a0\r\n<\/p>\r\n\r\n<p style=\"margin-bottom:.0001pt\">\r\n\t<span lang=\"PT\"><span style=\"line-height:107%\"><span>O <b><i>Tartu Welcome Center<\/i> <\/b>\u00e9 uma associa\u00e7\u00e3o sem fins lucrativos em Tartu, Est\u00f3nia. O objetivo \u00e9 apoiar os imigrantes rec\u00e9m-chegados a Tartu e ao sul da Est\u00f3nia a tranquilamente se adaptarem e se estabelecerem na sociedade. O <i>Welcome Center<\/i> providenciou servi\u00e7os para rec\u00e9m-chegados tais como consultas gratuitas, servi\u00e7os de registo, eventos culturais e de networking, e informa\u00e7\u00f5es \u00fateis. Os alunos participaram de uma forma volunt\u00e1ria<\/span><\/span><\/span><span style=\"line-height:normal\"><span lang=\"EN-GB\">.<\/span><\/span>\r\n<\/p>\r\n\r\n<p style=\"margin-bottom:.0001pt\">\r\n\t\u00a0\r\n<\/p>\r\n\r\n<h2 style=\"margin-bottom: 0.0001pt\">\r\n\t<span style=\"line-height:115%\"><b><span lang=\"PT\"><span style=\"line-height:115%\">Teste r\u00e1pido<\/span><\/span><\/b><\/span>\r\n<\/h2>\r\n\r\n<div class=\"h5p-iframe-wrapper\"><div class=\"video-placeholder-wrapper video-placeholder-wrapper--fixed\" style=\"height: 366px;\">\n\t\t\t    <div class=\"video-placeholder d-flex justify-content-center align-items-center\">\n\t\t\t        <div class=\"overlay text-white p-2 w-100 text-center d-block justify-content-center align-items-center\">\n\t\t\t            <div>To view third-party content, please accept cookies.<\/div>\n\t\t\t            <button class=\"btn btn-secondary btn-sm mt-1 consent-change\">Change consent<\/button>\n\t\t\t        <\/div>\n\t\t\t    <\/div>\n\t\t\t<\/div>\n<\/div>\r\n","protected":false},"excerpt":{"rendered":"<p>O objetivo de aprendizagem deste t\u00f3pico \u00e9 dar aos alunos ideias sobre como \u00e9 na pr\u00e1tica um projeto de envolvimento c\u00edvico digital. Os alunos v\u00e3o poder aprender a partir de exemplos pr\u00e1ticos de envolvimento c\u00edvico digital desenvolvidos por estudantes na &#8230;<\/p>\n","protected":false},"author":63,"featured_media":0,"parent":0,"menu_order":0,"comment_status":"closed","ping_status":"closed","template":"","meta":{"_acf_changed":false,"inline_featured_image":false,"footnotes":""},"class_list":["post-54","page","type-page","status-publish","hentry"],"acf":[],"_links":{"self":[{"href":"https:\/\/sisu.ut.ee\/sdce\/pt-pt\/wp-json\/wp\/v2\/pages\/54","targetHints":{"allow":["GET"]}}],"collection":[{"href":"https:\/\/sisu.ut.ee\/sdce\/pt-pt\/wp-json\/wp\/v2\/pages"}],"about":[{"href":"https:\/\/sisu.ut.ee\/sdce\/pt-pt\/wp-json\/wp\/v2\/types\/page"}],"author":[{"embeddable":true,"href":"https:\/\/sisu.ut.ee\/sdce\/pt-pt\/wp-json\/wp\/v2\/users\/63"}],"replies":[{"embeddable":true,"href":"https:\/\/sisu.ut.ee\/sdce\/pt-pt\/wp-json\/wp\/v2\/comments?post=54"}],"version-history":[{"count":3,"href":"https:\/\/sisu.ut.ee\/sdce\/pt-pt\/wp-json\/wp\/v2\/pages\/54\/revisions"}],"predecessor-version":[{"id":847,"href":"https:\/\/sisu.ut.ee\/sdce\/pt-pt\/wp-json\/wp\/v2\/pages\/54\/revisions\/847"}],"wp:attachment":[{"href":"https:\/\/sisu.ut.ee\/sdce\/pt-pt\/wp-json\/wp\/v2\/media?parent=54"}],"curies":[{"name":"wp","href":"https:\/\/api.w.org\/{rel}","templated":true}]}}