{"id":52,"date":"2024-04-04T07:48:26","date_gmt":"2024-04-04T04:48:26","guid":{"rendered":"https:\/\/sisu.ut.ee\/sdce\/module-1-2-en\/"},"modified":"2024-04-05T12:37:13","modified_gmt":"2024-04-05T09:37:13","slug":"module-1-2-en","status":"publish","type":"page","link":"https:\/\/sisu.ut.ee\/sdce\/pt-pt\/module-1-2-en\/","title":{"rendered":"T\u00f3pico 2: Qual o Impacto do Envolvimento C\u00edvico Digital nas Universidades?"},"content":{"rendered":"<blockquote>\r\n\t<h4 style=\"margin-bottom: 0.0001pt\">\r\n\t\t<img loading=\"lazy\" decoding=\"async\" width=\"531\" height=\"399\" class=\"alignnone wp-image-179\" style=\"width: 150px;height: 113px;float: right\" src=\"https:\/\/sisu.ut.ee\/wp-content\/uploads\/sites\/545\/sdce_clowd.png\" title=\"sdce_clowd.png\" alt=\"SDCE_clowd\" srcset=\"https:\/\/sisu.ut.ee\/wp-content\/uploads\/sites\/545\/sdce_clowd.png 531w, https:\/\/sisu.ut.ee\/wp-content\/uploads\/sites\/545\/sdce_clowd-300x225.png 300w\" sizes=\"auto, (max-width: 531px) 100vw, 531px\">O objetivo de aprendizagem deste t\u00f3pico \u00e9 entender a rela\u00e7\u00e3o entre envolvimento c\u00edvico e tecnologia digital e identificar as formas como a tecnologia digital pode ser aplicada numa atividade de envolvimento c\u00edvico.\r\n\t<\/h4>\r\n<\/blockquote>\r\n\r\n<p style=\"margin-bottom:.0001pt\">\r\n\t\u00a0\r\n<\/p>\r\n\r\n<h3>\r\n\t<img loading=\"lazy\" decoding=\"async\" width=\"536\" height=\"668\" class=\"alignnone wp-image-185\" style=\"width: 200px;height: 249px;float: right\" src=\"https:\/\/sisu.ut.ee\/wp-content\/uploads\/sites\/545\/picture_1_2.jpg\" title=\"picture_1_2.jpg\" alt=\"SDCE1-1\" srcset=\"https:\/\/sisu.ut.ee\/wp-content\/uploads\/sites\/545\/picture_1_2.jpg 536w, https:\/\/sisu.ut.ee\/wp-content\/uploads\/sites\/545\/picture_1_2-241x300.jpg 241w\" sizes=\"auto, (max-width: 536px) 100vw, 536px\"><b>Envolvimento e digitaliza\u00e7\u00e3o <\/b>\r\n<\/h3>\r\n\r\n<p style=\"margin-bottom: 0.0001pt\">\r\n\t<span style=\"line-height:115%\"><span lang=\"PT\"><span style=\"line-height:115%\">Existem dois alinhamentos de aplica\u00e7\u00e3o de tecnologias digitais em projetos de envolvimento c\u00edvico:<\/span><\/span><\/span>\r\n<\/p>\r\n\r\n<p style=\"margin-bottom: 0.0001pt\">\r\n\t<span style=\"line-height:115%\"><b><span lang=\"PT\"><span style=\"line-height:115%\">1. Digitaliza\u00e7\u00e3o Intencional: <\/span><\/span><\/b><span lang=\"PT\"><span style=\"line-height:115%\">Esta forma de digitaliza\u00e7\u00e3o ocorre quando os respons\u00e1veis do projeto utilizam a tecnologia digital desde o desenvolvimento inicial do projeto.<\/span><\/span><\/span>\r\n<\/p>\r\n\r\n<p style=\"margin-bottom:.0001pt\">\r\n\t<b><span lang=\"PT\"><span style=\"line-height:107%\"><span>2. Digitaliza\u00e7\u00e3o de Emerg\u00eancia: <\/span><\/span><\/span><\/b><span lang=\"PT\"><span style=\"line-height:107%\"><span>Esta forma de digitaliza\u00e7\u00e3o ocorre como rea\u00e7\u00e3o \u00e0s mudan\u00e7as, por exemplo no caso das necessidades criadas pela gest\u00e3o da pandemia de Covid-19.<\/span><\/span><\/span>\r\n<\/p>\r\n\r\n<p style=\"margin-bottom:.0001pt\">\r\n\t\u00a0\r\n<\/p>\r\n\r\n<h3 style=\"margin-bottom: 0.0001pt\">\r\n\t<span style=\"line-height:115%\"><b><span lang=\"PT\"><span style=\"line-height:115%\">Exemplo de digitaliza\u00e7\u00e3o intencional:<\/span><\/span><\/b><\/span>\r\n<\/h3>\r\n\r\n<p style=\"margin-bottom:.0001pt\">\r\n\t<span style=\"line-height:115%\"><b><span lang=\"PT\"><span style=\"line-height:115%\">Programa Virtual de \u201c<\/span><\/span><\/b><b><span lang=\"PT\"><span style=\"line-height:115%\">Aprendizagem em servi\u00e7o<\/span><\/span><\/b><span lang=\"PT\"><span style=\"line-height:115%\">\u201d <b>para o Aluno da UNED <\/b>em Espanha<b> <\/b>foi concebido como um curso online dedicado \u00e0 abordagem de \u201cAprendizagem em servi\u00e7o\u201d baseado no interc\u00e2mbio virtual de estudantes. Envolveu estudantes espanh\u00f3is da UNED (Universidad Nacional de Educaci\u00f3n a Distancia) e estudantes africanos da ENS (Ecole Normale Sup\u00e9rieure) de Porto Novo no Benin com a realiza\u00e7\u00e3o de cursos de forma\u00e7\u00e3o de formadores em l\u00edngua espanhola. Os alunos reuniam-se online para assistir \u00e0s sess\u00f5es para fortalecer a sua profici\u00eancia oral na l\u00edngua espanhola, j\u00e1 que os alunos de Benin n\u00e3o tinham recursos financeiros para viajar para pa\u00edses de l\u00edngua espanhola.<\/span><\/span><\/span>\r\n<\/p>\r\n\r\n<p style=\"margin-bottom: 0.0001pt\">\r\n\t\u00a0\r\n<\/p>\r\n\r\n<h3 style=\"margin-bottom: 0.0001pt\">\r\n\t<span style=\"line-height:115%\"><b><span lang=\"PT\"><span style=\"line-height:115%\">Exemplo de digitaliza\u00e7\u00e3o de emerg\u00eancia:<\/span><\/span><\/b><\/span>\r\n<\/h3>\r\n\r\n<p style=\"margin-bottom:.0001pt\">\r\n\t<b><span lang=\"PT\"><span style=\"line-height:107%\"><span>Os Projetos Volunt\u00e1rios de Estudantes da Universidade de Klagenfurt para a Caritas <\/span><\/span><\/span><\/b><span lang=\"PT\"><span style=\"line-height:107%\"><span>permitem aos<b> <\/b><\/span><\/span><\/span><span lang=\"PT\"><span style=\"line-height:107%\"><span>estudantes aprender como \u00e9 que a gest\u00e3o de projetos se aplica na pr\u00e1tica. \u00a0Os alunos envolveram-se em diferentes projetos, por exemplo, uma equipa do projeto recolheu objetos de higiene para um centro de dia para os sem-abrigo e outro projeto reciclou livros n\u00e3o usados. Devido \u00e0 pandemia do Covida-19, os projetos tiveram que ser transferidos para um ambiente digital. Uma equipa do projeto originalmente planeou uma aula com crian\u00e7as em idade escolar sobre a mortalidade das abelhas na regi\u00e3o. Na impossibilidade de se deslocarem \u00e0 escola, criaram um filme para as crian\u00e7as sobre o tema.<\/span><\/span><\/span>\r\n<\/p>\r\n\r\n<h2 style=\"margin-bottom: 0.0001pt\">\r\n\t<b>Teste r\u00e1pido<\/b>\r\n<\/h2>\r\n\r\n<p style=\"margin-bottom:.0001pt\">\r\n\t<\/p><div class=\"h5p-iframe-wrapper\"><div class=\"video-placeholder-wrapper video-placeholder-wrapper--fixed\" style=\"height: 366px;\">\n\t\t\t    <div class=\"video-placeholder d-flex justify-content-center align-items-center\">\n\t\t\t        <div class=\"overlay text-white p-2 w-100 text-center d-block justify-content-center align-items-center\">\n\t\t\t            <div>To view third-party content, please accept cookies.<\/div>\n\t\t\t            <button class=\"btn btn-secondary btn-sm mt-1 consent-change\">Change consent<\/button>\n\t\t\t        <\/div>\n\t\t\t    <\/div>\n\t\t\t<\/div>\n<\/div>\r\n\r\n","protected":false},"excerpt":{"rendered":"<p>O objetivo de aprendizagem deste t\u00f3pico \u00e9 entender a rela\u00e7\u00e3o entre envolvimento c\u00edvico e tecnologia digital e identificar as formas como a tecnologia digital pode ser aplicada numa atividade de envolvimento c\u00edvico. \u00a0 Envolvimento e digitaliza\u00e7\u00e3o Existem dois alinhamentos de &#8230;<\/p>\n","protected":false},"author":63,"featured_media":0,"parent":0,"menu_order":0,"comment_status":"closed","ping_status":"closed","template":"","meta":{"_acf_changed":false,"inline_featured_image":false,"footnotes":""},"class_list":["post-52","page","type-page","status-publish","hentry"],"acf":[],"_links":{"self":[{"href":"https:\/\/sisu.ut.ee\/sdce\/pt-pt\/wp-json\/wp\/v2\/pages\/52","targetHints":{"allow":["GET"]}}],"collection":[{"href":"https:\/\/sisu.ut.ee\/sdce\/pt-pt\/wp-json\/wp\/v2\/pages"}],"about":[{"href":"https:\/\/sisu.ut.ee\/sdce\/pt-pt\/wp-json\/wp\/v2\/types\/page"}],"author":[{"embeddable":true,"href":"https:\/\/sisu.ut.ee\/sdce\/pt-pt\/wp-json\/wp\/v2\/users\/63"}],"replies":[{"embeddable":true,"href":"https:\/\/sisu.ut.ee\/sdce\/pt-pt\/wp-json\/wp\/v2\/comments?post=52"}],"version-history":[{"count":3,"href":"https:\/\/sisu.ut.ee\/sdce\/pt-pt\/wp-json\/wp\/v2\/pages\/52\/revisions"}],"predecessor-version":[{"id":849,"href":"https:\/\/sisu.ut.ee\/sdce\/pt-pt\/wp-json\/wp\/v2\/pages\/52\/revisions\/849"}],"wp:attachment":[{"href":"https:\/\/sisu.ut.ee\/sdce\/pt-pt\/wp-json\/wp\/v2\/media?parent=52"}],"curies":[{"name":"wp","href":"https:\/\/api.w.org\/{rel}","templated":true}]}}