{"id":51,"date":"2024-04-04T07:48:26","date_gmt":"2024-04-04T04:48:26","guid":{"rendered":"https:\/\/sisu.ut.ee\/sdce\/module-1-1-en\/"},"modified":"2024-04-05T12:37:13","modified_gmt":"2024-04-05T09:37:13","slug":"module-1-1-en","status":"publish","type":"page","link":"https:\/\/sisu.ut.ee\/sdce\/pt-pt\/module-1-1-en\/","title":{"rendered":"T\u00f3pico 1: O que \u00e9 o Envolvimento C\u00edvico Digital do Aluno?"},"content":{"rendered":"<blockquote>\r\n\t<h4>\r\n\t\t<img loading=\"lazy\" decoding=\"async\" width=\"531\" height=\"399\" class=\"alignnone wp-image-179\" style=\"width: 150px;height: 113px;float: right\" src=\"https:\/\/sisu.ut.ee\/wp-content\/uploads\/sites\/545\/sdce_clowd.png\" title=\"sdce_clowd.png\" alt=\"SDCE_clowd\" srcset=\"https:\/\/sisu.ut.ee\/wp-content\/uploads\/sites\/545\/sdce_clowd.png 531w, https:\/\/sisu.ut.ee\/wp-content\/uploads\/sites\/545\/sdce_clowd-300x225.png 300w\" sizes=\"auto, (max-width: 531px) 100vw, 531px\">O objetivo de aprendizagem \u00e9 compreender o conceito de envolvimento c\u00edvico digital do aluno. Os alunos ficar\u00e3o familiarizados sobre as diferen\u00e7as entre os conceitos de envolvimento c\u00edvico, envolvimento c\u00edvico digital e envolvimento c\u00edvico digital do aluno. Este t\u00f3pico centra-se na constru\u00e7\u00e3o de no\u00e7\u00f5es b\u00e1sicas sobre o envolvimento c\u00edvico digital dos alunos.\r\n\t<\/h4>\r\n<\/blockquote>\r\n\r\n<p>\r\n\t\u00a0\r\n<\/p>\r\n\r\n<h3>\r\n\t<img loading=\"lazy\" decoding=\"async\" width=\"536\" height=\"668\" class=\"alignnone wp-image-183\" style=\"width: 200px;height: 249px;float: right\" src=\"https:\/\/sisu.ut.ee\/wp-content\/uploads\/sites\/545\/picture_1_1.jpg\" title=\"picture_1_1.jpg\" alt=\"SDCE1-1\" srcset=\"https:\/\/sisu.ut.ee\/wp-content\/uploads\/sites\/545\/picture_1_1.jpg 536w, https:\/\/sisu.ut.ee\/wp-content\/uploads\/sites\/545\/picture_1_1-241x300.jpg 241w\" sizes=\"auto, (max-width: 536px) 100vw, 536px\"><strong>O envolvimento c\u00edvico digital estudantil abrange uma \u00e1rea conceptual que cruza diferentes termos:<\/strong>\r\n<\/h3>\r\n\r\n<p style=\"margin-bottom: 0.0001pt\">\r\n\t<span style=\"line-height:115%\"><b><span lang=\"PT\"><span style=\"line-height:115%\">Envolvimento C\u00edvico <\/span><\/span><\/b><span lang=\"PT\"><span style=\"line-height:115%\"><span style=\"color:black\">\u00e9 uma forma de envolvimento <\/span><\/span><\/span><span lang=\"PT\"><span style=\"line-height:115%\">realizada por um indiv\u00edduo ou grupo <\/span><\/span><span lang=\"PT\"><span style=\"line-height:115%\"><span style=\"color:black\">que se concentra na participa\u00e7\u00e3o quer em atividades pol\u00edticas, atividades comunit\u00e1rias ou ambas (por exemplo, votar, participar de reuni\u00f5es comunit\u00e1rias, interagir com entidades p\u00fablicas, participar em protestos, assinar peti\u00e7\u00f5es ou escrever artigos sobre sua comunidade). O envolvimento c\u00edvico consiste em estar comprometido com o melhor interesse da comunidade e focado na melhoria da qualidade de vida de forma justa e democr\u00e1tica.<\/span><\/span><\/span><\/span>\r\n<\/p>\r\n\r\n<p style=\"margin-bottom: 0.0001pt\">\r\n\t<span style=\"line-height:115%\"><b><span lang=\"PT\"><span style=\"line-height:115%\">Envolvimento c\u00edvico digital <\/span><\/span><\/b><span lang=\"PT\"><span style=\"line-height:115%\">refere-se a atividades de envolvimento c\u00edvico que decorrem atrav\u00e9s da aplica\u00e7\u00e3o de ferramentas digitais. Abrange os mais convencionais tipos de atividades \u2013 por exemplo, <\/span><\/span><span lang=\"PT\"><span style=\"line-height:115%\">ler e publicar not\u00edcias, redigir correspond\u00eancia eletr\u00f3nica para um representante eleito ou organiza\u00e7\u00e3o comunit\u00e1ria, ou pertencer a um campus ou grupo comunit\u00e1rio online \u2013 <\/span><\/span><span lang=\"PT\"><span style=\"line-height:115%\">e formas de intera\u00e7\u00e3o mais digitais \u2013 por exemplo, escrever blogs, criar plataformas de peti\u00e7\u00e3o ou sites de <i>crowdfunding<\/i> e usar ferramentas de redes sociais para o fim do envolvimento c\u00edvico.<\/span><\/span><\/span>\r\n<\/p>\r\n\r\n<p style=\"margin-bottom: 0.0001pt\">\r\n\t<span style=\"line-height:115%\"><b><span lang=\"PT\"><span style=\"line-height:115%\">O envolvimento c\u00edvico dos <\/span><\/span><\/b><b><span lang=\"PT\"><span style=\"line-height:115%\">alunos<\/span><\/span><\/b><span lang=\"PT\"><span style=\"line-height:115%\"> ocorre quando os alunos se envolvem em atividades c\u00edvicas dentro das institui\u00e7\u00f5es de ensino superior. <\/span><\/span><span lang=\"PT\"><span style=\"line-height:115%\">Essas atividades podem ser opcionais (por exemplo, voluntariado numa associa\u00e7\u00e3o de estudantes, mentoria), ou podem ser obrigat\u00f3rias como parte integrante do plano de estudos.<\/span><\/span><\/span>\r\n<\/p>\r\n\r\n<p style=\"margin-bottom: 0.0001pt\">\r\n\t\u00a0\r\n<\/p>\r\n\r\n<p style=\"margin-bottom: 0.0001pt\">\r\n\t<span style=\"line-height:115%\"><b><span lang=\"PT\"><span style=\"line-height:115%\">O envolvimento c\u00edvico digital do aluno <\/span><\/span><\/b><span lang=\"PT\"><span style=\"line-height:115%\">combina os dois modelos, a <\/span><\/span><span lang=\"PT\"><span style=\"line-height:115%\">componente do compromisso c\u00edvico e a componente digital<\/span><\/span><span lang=\"PT\"><span style=\"line-height:115%\">: refere-se \u00e0s atividades de envolvimento c\u00edvico realizadas pelos alunos \u00e0 medida que estes usam ferramentas digitais para transmitir e realizar sua a\u00e7\u00e3o c\u00edvica.<\/span><\/span><\/span>\r\n<\/p>\r\n\r\n<p>\r\n\t\u00a0\r\n<\/p>\r\n\r\n<h2 style=\"margin-bottom: 0.0001pt;text-align: justify\">\r\n\t<b>Teste r\u00e1pido<\/b>\r\n<\/h2>\r\n\r\n<p style=\"margin-bottom:.0001pt;text-align:justify\">\r\n\t<\/p><div class=\"h5p-iframe-wrapper\"><div class=\"video-placeholder-wrapper video-placeholder-wrapper--fixed\" style=\"height: 366px;\">\n\t\t\t    <div class=\"video-placeholder d-flex justify-content-center align-items-center\">\n\t\t\t        <div class=\"overlay text-white p-2 w-100 text-center d-block justify-content-center align-items-center\">\n\t\t\t            <div>To view third-party content, please accept cookies.<\/div>\n\t\t\t            <button class=\"btn btn-secondary btn-sm mt-1 consent-change\">Change consent<\/button>\n\t\t\t        <\/div>\n\t\t\t    <\/div>\n\t\t\t<\/div>\n<\/div>\r\n\r\n","protected":false},"excerpt":{"rendered":"<p>O objetivo de aprendizagem \u00e9 compreender o conceito de envolvimento c\u00edvico digital do aluno. Os alunos ficar\u00e3o familiarizados sobre as diferen\u00e7as entre os conceitos de envolvimento c\u00edvico, envolvimento c\u00edvico digital e envolvimento c\u00edvico digital do aluno. Este t\u00f3pico centra-se na &#8230;<\/p>\n","protected":false},"author":63,"featured_media":0,"parent":0,"menu_order":0,"comment_status":"closed","ping_status":"closed","template":"","meta":{"_acf_changed":false,"inline_featured_image":false,"footnotes":""},"class_list":["post-51","page","type-page","status-publish","hentry"],"acf":[],"_links":{"self":[{"href":"https:\/\/sisu.ut.ee\/sdce\/pt-pt\/wp-json\/wp\/v2\/pages\/51","targetHints":{"allow":["GET"]}}],"collection":[{"href":"https:\/\/sisu.ut.ee\/sdce\/pt-pt\/wp-json\/wp\/v2\/pages"}],"about":[{"href":"https:\/\/sisu.ut.ee\/sdce\/pt-pt\/wp-json\/wp\/v2\/types\/page"}],"author":[{"embeddable":true,"href":"https:\/\/sisu.ut.ee\/sdce\/pt-pt\/wp-json\/wp\/v2\/users\/63"}],"replies":[{"embeddable":true,"href":"https:\/\/sisu.ut.ee\/sdce\/pt-pt\/wp-json\/wp\/v2\/comments?post=51"}],"version-history":[{"count":3,"href":"https:\/\/sisu.ut.ee\/sdce\/pt-pt\/wp-json\/wp\/v2\/pages\/51\/revisions"}],"predecessor-version":[{"id":850,"href":"https:\/\/sisu.ut.ee\/sdce\/pt-pt\/wp-json\/wp\/v2\/pages\/51\/revisions\/850"}],"wp:attachment":[{"href":"https:\/\/sisu.ut.ee\/sdce\/pt-pt\/wp-json\/wp\/v2\/media?parent=51"}],"curies":[{"name":"wp","href":"https:\/\/api.w.org\/{rel}","templated":true}]}}