{"id":50,"date":"2024-04-04T07:48:26","date_gmt":"2024-04-04T04:48:26","guid":{"rendered":"https:\/\/sisu.ut.ee\/sdce\/module-1-en-2\/"},"modified":"2024-04-04T07:50:38","modified_gmt":"2024-04-04T04:50:38","slug":"module-1-en-2","status":"publish","type":"page","link":"https:\/\/sisu.ut.ee\/sdce\/pt-pt\/module-1-en-2\/","title":{"rendered":"M\u00f3dulo 1: Envolvimento C\u00edvico Digital \u2013 O Potencial da Interse\u00e7\u00e3o de Tecnologia e dos Novos Meios de Comunica\u00e7\u00e3o"},"content":{"rendered":"<blockquote>\n<p style=\"margin-bottom:.0001pt\">\n\t\t<img loading=\"lazy\" decoding=\"async\" width=\"455\" height=\"567\" class=\"alignnone wp-image-182\" style=\"float: right\" src=\"https:\/\/sisu.ut.ee\/wp-content\/uploads\/sites\/545\/m1_f1.png\" title=\"m1_f1.png\" alt=\"Image 1\" srcset=\"https:\/\/sisu.ut.ee\/wp-content\/uploads\/sites\/545\/m1_f1.png 455w, https:\/\/sisu.ut.ee\/wp-content\/uploads\/sites\/545\/m1_f1-241x300.png 241w\" sizes=\"auto, (max-width: 455px) 100vw, 455px\"><b>Vamos come\u00e7ar!<\/b>\n\t<\/p>\n<p style=\"margin-bottom:.0001pt\">\n\t\tEste m\u00f3dulo explora o conceito de envolvimento c\u00edvico digital do estudante. Explica o que \u00e9 o envolvimento c\u00edvico digital e o seu potencial na progress\u00e3o dos alunos e a coes\u00e3o social das sociedades. Os alunos ter\u00e3o uma melhor compreens\u00e3o sobre as compet\u00eancias que v\u00e3o adquirir ao praticar atividades de envolvimento c\u00edvico digital e ter\u00e3o a oportunidade de conhecer v\u00e1rios exemplos de projetos de envolvimento c\u00edvico\n\t<\/p>\n<p style=\"margin-bottom:.0001pt\">\n\t\t\u00a0\n\t<\/p>\n<\/blockquote>\n<p style=\"margin-bottom:.0001pt\">\n\t<b>T\u00f3picos abordados neste m\u00f3dulo:<\/b>\n<\/p>\n<p style=\"margin-bottom:.0001pt\">\n\t\u00a0\n<\/p>\n<ol>\n<li style=\"margin-bottom: 0.0001pt;text-align: justify\">\n\t\t<span style=\"line-height:115%\"><span lang=\"PT\"><span style=\"line-height:115%\">O que \u00e9 o envolvimento c\u00edvico digital do estudante?<\/span><\/span><\/span>\n\t<\/li>\n<li style=\"margin-bottom: 0.0001pt;text-align: justify\">\n\t\t<span style=\"line-height:115%\"><span lang=\"PT\"><span style=\"line-height:115%\">Qual o impacto do envolvimento c\u00edvico digital nas universidades?<\/span><\/span><\/span>\n\t<\/li>\n<li style=\"margin-bottom: 0.0001pt;text-align: justify\">\n\t\t<span style=\"line-height:115%\"><span lang=\"PT\"><span style=\"line-height:115%\">Quais as compet\u00eancias que os alunos envolvidos civicamente desenvolvem?<\/span><\/span><\/span>\n\t<\/li>\n<li style=\"margin-bottom: 0.0001pt\">\n\t\t<span lang=\"PT\"><span style=\"line-height:107%\"><span>Como \u00e9 o envolvimento c\u00edvico digital dos estudantes na pr\u00e1tica<\/span><\/span><\/span><span style=\"line-height:normal\"><span lang=\"EN-US\">?<\/span><\/span>\n\t<\/li>\n<\/ol>\n<p style=\"margin-bottom:.0001pt\">\n\t\u00a0\n<\/p>\n<p style=\"margin-bottom:.0001pt\">\n\t<b>O estudante vai aprender:<\/b>\n<\/p>\n<ul>\n<li style=\"margin-top:0cm;margin-right:0cm;margin-bottom:.0001pt;text-align:justify\">\n\t\t<span style=\"line-height:115%\"><span lang=\"PT\"><span style=\"line-height:115%\">o que \u00e9 envolvimento c\u00edvico digital estudantil e como este conceito \u00e9 visto nas institui\u00e7\u00f5es de ensino superior;<\/span><\/span><\/span>\n\t<\/li>\n<li style=\"margin-top:0cm;margin-right:0cm;margin-bottom:.0001pt;text-align:justify\">\n\t\t<span style=\"line-height:115%\"><span lang=\"PT\"><span style=\"line-height:115%\">como \u00e9 que as ferramentas digitais podem contribuir para as atividades de envolvimento c\u00edvico;<\/span><\/span><\/span>\n\t<\/li>\n<li style=\"margin-top:0cm;margin-right:0cm;margin-bottom:.0001pt;text-align:justify\">\n\t\t<span style=\"line-height:115%\"><span lang=\"PT\"><span style=\"line-height:115%\">quais s\u00e3o as compet\u00eancias digitais e de empreendedorismo que os estudantes podem adquirir atrav\u00e9s das atividades de envolvimento c\u00edvico digital;<\/span><\/span><\/span>\n\t<\/li>\n<li style=\"margin-top:0cm;margin-right:0cm;margin-bottom:.0001pt;text-align:justify\">\n\t\t<span style=\"line-height:115%\"><span lang=\"PT\"><span style=\"line-height:115%\">quais os projetos desenvolvidos por estudantes de diferentes institui\u00e7\u00f5es de ensino superior na Europa dedicados ao envolvimento c\u00edvico digital;<\/span><\/span><\/span>\n\t<\/li>\n<li style=\"margin-top:0cm;margin-right:0cm;margin-bottom:.0001pt\">\n\t\t<span lang=\"PT\"><span style=\"line-height:107%\"><span>como pode o estudante refletir sobre as suas experi\u00eancias para conceber poss\u00edveis atividades de envolvimento c\u00edvico digital.<\/span><\/span><\/span>\n\t<\/li>\n<\/ul>\n","protected":false},"excerpt":{"rendered":"<p>Vamos come\u00e7ar! Este m\u00f3dulo explora o conceito de envolvimento c\u00edvico digital do estudante. Explica o que \u00e9 o envolvimento c\u00edvico digital e o seu potencial na progress\u00e3o dos alunos e a coes\u00e3o social das sociedades. Os alunos ter\u00e3o uma melhor &#8230;<\/p>\n","protected":false},"author":63,"featured_media":0,"parent":0,"menu_order":0,"comment_status":"closed","ping_status":"closed","template":"","meta":{"_acf_changed":false,"inline_featured_image":false,"footnotes":""},"class_list":["post-50","page","type-page","status-publish","hentry"],"acf":[],"_links":{"self":[{"href":"https:\/\/sisu.ut.ee\/sdce\/pt-pt\/wp-json\/wp\/v2\/pages\/50","targetHints":{"allow":["GET"]}}],"collection":[{"href":"https:\/\/sisu.ut.ee\/sdce\/pt-pt\/wp-json\/wp\/v2\/pages"}],"about":[{"href":"https:\/\/sisu.ut.ee\/sdce\/pt-pt\/wp-json\/wp\/v2\/types\/page"}],"author":[{"embeddable":true,"href":"https:\/\/sisu.ut.ee\/sdce\/pt-pt\/wp-json\/wp\/v2\/users\/63"}],"replies":[{"embeddable":true,"href":"https:\/\/sisu.ut.ee\/sdce\/pt-pt\/wp-json\/wp\/v2\/comments?post=50"}],"version-history":[{"count":1,"href":"https:\/\/sisu.ut.ee\/sdce\/pt-pt\/wp-json\/wp\/v2\/pages\/50\/revisions"}],"predecessor-version":[{"id":584,"href":"https:\/\/sisu.ut.ee\/sdce\/pt-pt\/wp-json\/wp\/v2\/pages\/50\/revisions\/584"}],"wp:attachment":[{"href":"https:\/\/sisu.ut.ee\/sdce\/pt-pt\/wp-json\/wp\/v2\/media?parent=50"}],"curies":[{"name":"wp","href":"https:\/\/api.w.org\/{rel}","templated":true}]}}