{"id":49,"date":"2024-04-04T07:48:26","date_gmt":"2024-04-04T04:48:26","guid":{"rendered":"https:\/\/sisu.ut.ee\/sdce\/pt\/"},"modified":"2024-04-04T07:50:38","modified_gmt":"2024-04-04T04:50:38","slug":"pt","status":"publish","type":"page","link":"https:\/\/sisu.ut.ee\/sdce\/pt-pt\/","title":{"rendered":"Primeira p\u00e1gina"},"content":{"rendered":"<blockquote>\n<h4>\n\t\t<img loading=\"lazy\" decoding=\"async\" width=\"733\" height=\"220\" class=\"alignnone wp-image-180\" style=\"float: right;width: 440px;height: 132px\" src=\"https:\/\/sisu.ut.ee\/wp-content\/uploads\/sites\/545\/sdce.jpg\" title=\"sdce.jpg\" alt=\"SDCE\" srcset=\"https:\/\/sisu.ut.ee\/wp-content\/uploads\/sites\/545\/sdce.jpg 733w, https:\/\/sisu.ut.ee\/wp-content\/uploads\/sites\/545\/sdce-300x90.jpg 300w\" sizes=\"auto, (max-width: 733px) 100vw, 733px\"><br>Bem-vindo ao MOOC Envolvimento C\u00edvico Digital de Estudantes, integrado no projeto Erasmus+\u00a0\u201cS-DCE Envolvimento C\u00edvico Digital de Estudantes\u201d que visa promover as compet\u00eancias digitais e o envolvimento c\u00edvico de estudantes para os tornar mais competentes e confiantes como agentes c\u00edvicos em ambiente digital:<a href=\"https:\/\/www.studentcivicengagers.eu\/\"><b><span lang=\"EN-IE\"><span style=\"line-height:115%\"><span style=\"color:#c00000\">https:\/\/www.studentcivicengagers.eu\/<\/span><\/span><\/span><\/b><\/a><br>\n\t<\/h4>\n<\/blockquote>\n<blockquote>\n<h4 class=\"SDCE-BodyText\">\n\t\t<img loading=\"lazy\" decoding=\"async\" width=\"531\" height=\"399\" class=\"alignnone wp-image-179\" style=\"width:150px;height:113px;float:right\" src=\"https:\/\/sisu.ut.ee\/wp-content\/uploads\/sites\/545\/sdce_clowd.png\" title=\"sdce_clowd.png\" alt=\"SDCE_clowd\" srcset=\"https:\/\/sisu.ut.ee\/wp-content\/uploads\/sites\/545\/sdce_clowd.png 531w, https:\/\/sisu.ut.ee\/wp-content\/uploads\/sites\/545\/sdce_clowd-300x225.png 300w\" sizes=\"auto, (max-width: 531px) 100vw, 531px\"><br>\n\t<\/h4>\n<p style=\"margin-bottom:.0001pt;text-align:justify\">\n\t\t<strong><span style=\"line-height:115%\"><span lang=\"PT\" style=\"color:#1f3763\">O MOOC \u00e9 compilado com base nos Recursos Educacionais Abertos \u2013 de acesso livre \u2013 desenvolvidos dentro do Projeto DCE em coopera\u00e7\u00e3o com os parceiros do projeto da \u00c1ustria, Est\u00f3nia, Irlanda, Portugal, Espanha e Reino Unido.<\/span><\/span><\/strong>\n\t<\/p>\n<p>\n\t\t<span lang=\"PT\"><span style=\"line-height:107%\"><span><span style=\"color:#1f3763\">As imagens aplicadas nos materiais did\u00e1ticos do curso foram recolhidas no banco de imagens <\/span><\/span><\/span><\/span><span lang=\"EN-IE\"><span><a href=\"https:\/\/www.pexels.com\/\">Pexels<\/a>.<\/span><\/span>.\n\t<\/p>\n<\/blockquote>\n<p class=\"SDCE-BodyText\">\n\t\u00a0\n<\/p>\n<h3 class=\"SDCE-BodyText\">\n\t<strong><span lang=\"PT\"><span style=\"line-height:107%\"><span>O MOOC \u00e9 composto por seis m\u00f3dulos<\/span><\/span><\/span><span lang=\"EN-IE\"><span style=\"line-height:115%\">:<\/span><\/span><\/strong><br>\n<\/h3>\n<ul>\n<li style=\"margin-bottom:.0001pt;text-align:justify\">\n\t\t<span style=\"line-height:115%\">M\u00f3dulo 1: Envolvimento C\u00edvico Digital \u2013 O potencial na interse\u00e7\u00e3o de tecnologia e os novas meios de comunica\u00e7\u00e3o<\/span>\n\t<\/li>\n<li style=\"margin-bottom:.0001pt;text-align:justify\">\n\t\t<span style=\"line-height:115%\">M\u00f3dulo 2: Onde est\u00e3o as oportunidades para os estudantes?<\/span>\n\t<\/li>\n<li style=\"margin-bottom:.0001pt;text-align:justify\">\n\t\t<span style=\"line-height:115%\">M\u00f3dulo 3: Como criar um projeto de envolvimento c\u00edvico digital <\/span>\n\t<\/li>\n<li style=\"margin-bottom:.0001pt;text-align:justify\">\n\t\t<span style=\"line-height:115%\">M\u00f3dulo 4: Gest\u00e3o de projetos de envolvimento c\u00edvico digital<\/span>\n\t<\/li>\n<li style=\"margin-bottom:.0001pt;text-align:justify\">\n\t\t<span style=\"line-height:115%\">M\u00f3dulo 5: Como financiar o seu projeto, incluindo modelos focados na tecnologia<\/span>\n\t<\/li>\n<li class=\"SDCE-BodyText\">\n\t\t<span lang=\"PT\"><span style=\"line-height:107%\"><span>M\u00f3dulo 6: Marketing do projeto, causa e colabora\u00e7\u00e3o<\/span><\/span><\/span>\n\t<\/li>\n<\/ul>\n<p class=\"SDCE-BodyText\">\n\tCada m\u00f3dulo foi criado para introduzir diferentes conceitos em torno do envolvimento c\u00edvico digital e garantir conhecimento que lhe permita identificar uma necessidade de um projeto de Envolvimento C\u00edvico Digital, bem como ferramentas e informa\u00e7\u00f5es necess\u00e1rias para individualmente se envolver neste tipo de projetos ou at\u00e9 criar o seu pr\u00f3prio projeto.\n<\/p>\n<p class=\"SDCE-BodyText\">\n\t\u00a0\n<\/p>\n<h3>\n\tNo decorrer o MOOC ir\u00e1 adquirir os seguintes conhecimentos e aptid\u00f5es:<br>\n<\/h3>\n<ul>\n<li style=\"margin-bottom:.0001pt;text-align:justify\">\n\t\t<span style=\"background:white\"><span style=\"line-height:115%\"><span>Uma compreens\u00e3o do que \u00e9 o envolvimento c\u00edvico e como \u00e9 definido um projeto de envolvimento c\u00edvico digital;<\/span><\/span><\/span>\n\t<\/li>\n<li style=\"margin-bottom:.0001pt;text-align:justify\">\n\t\t<span style=\"background:white\"><span style=\"line-height:115%\"><span>Quais os diferentes tipos de projeto de Envolvimento C\u00edvico Digital existentes;<\/span><\/span><\/span>\n\t<\/li>\n<li style=\"margin-bottom:.0001pt;text-align:justify\">\n\t\t<span style=\"background:white\"><span style=\"line-height:115%\"><span>Diferentes formas de participar num projeto de Envolvimento C\u00edvico Digital;<\/span><\/span><\/span>\n\t<\/li>\n<li style=\"margin-bottom:.0001pt;text-align:justify\">\n\t\t<span style=\"background:white\"><span style=\"line-height:115%\"><span>Uma maior compreens\u00e3o dos referenciais europeus de compet\u00eancias como o DigComp e Entrecomp;<\/span><\/span><\/span>\n\t<\/li>\n<li style=\"margin-bottom:.0001pt;text-align:justify\">\n\t\t<span style=\"background:white\"><span style=\"line-height:115%\"><span>Quais as compet\u00eancias que podem ser desenvolvidas atrav\u00e9s da participa\u00e7\u00e3o num projeto de Envolvimento C\u00edvico Digital;<\/span><\/span><\/span>\n\t<\/li>\n<li style=\"margin-bottom:.0001pt;text-align:justify\">\n\t\t<span style=\"background:white\"><span style=\"line-height:115%\"><span>Como criar um projeto de Envolvimento C\u00edvico Digital do come\u00e7o ao fim;<\/span><\/span><\/span>\n\t<\/li>\n<li style=\"margin-bottom:.0001pt;text-align:justify\">\n\t\t<span style=\"background:white\"><span style=\"line-height:115%\"><span>Orienta\u00e7\u00e3o ao n\u00edvel da gest\u00e3o de projeto de Envolvimento C\u00edvico Digital;<\/span><\/span><\/span>\n\t<\/li>\n<li style=\"margin-bottom:.0001pt;text-align:justify\">\n\t\t<span style=\"background:white\"><span style=\"line-height:115%\"><span>Tomar conhecimento das formas dispon\u00edveis para garantir o financiamento de um projeto;<\/span><\/span><\/span>\n\t<\/li>\n<li style=\"margin-bottom:.0001pt;text-align:justify\">\n\t\t<span lang=\"PT\"><span style=\"line-height:107%\"><span>Compreens\u00e3o de como publicitar e disponibilizar no mercado o seu pr\u00f3prio projeto de Envolvimento C\u00edvico Digital.<\/span><\/span><\/span>\n\t<\/li>\n<\/ul>\n","protected":false},"excerpt":{"rendered":"<p>Bem-vindo ao MOOC Envolvimento C\u00edvico Digital de Estudantes, integrado no projeto Erasmus+\u00a0\u201cS-DCE Envolvimento C\u00edvico Digital de Estudantes\u201d que visa promover as compet\u00eancias digitais e o envolvimento c\u00edvico de estudantes para os tornar mais competentes e confiantes como agentes c\u00edvicos em &#8230;<\/p>\n","protected":false},"author":63,"featured_media":0,"parent":0,"menu_order":0,"comment_status":"closed","ping_status":"closed","template":"","meta":{"_acf_changed":false,"inline_featured_image":false,"footnotes":""},"class_list":["post-49","page","type-page","status-publish","hentry"],"acf":[],"_links":{"self":[{"href":"https:\/\/sisu.ut.ee\/sdce\/pt-pt\/wp-json\/wp\/v2\/pages\/49","targetHints":{"allow":["GET"]}}],"collection":[{"href":"https:\/\/sisu.ut.ee\/sdce\/pt-pt\/wp-json\/wp\/v2\/pages"}],"about":[{"href":"https:\/\/sisu.ut.ee\/sdce\/pt-pt\/wp-json\/wp\/v2\/types\/page"}],"author":[{"embeddable":true,"href":"https:\/\/sisu.ut.ee\/sdce\/pt-pt\/wp-json\/wp\/v2\/users\/63"}],"replies":[{"embeddable":true,"href":"https:\/\/sisu.ut.ee\/sdce\/pt-pt\/wp-json\/wp\/v2\/comments?post=49"}],"version-history":[{"count":1,"href":"https:\/\/sisu.ut.ee\/sdce\/pt-pt\/wp-json\/wp\/v2\/pages\/49\/revisions"}],"predecessor-version":[{"id":583,"href":"https:\/\/sisu.ut.ee\/sdce\/pt-pt\/wp-json\/wp\/v2\/pages\/49\/revisions\/583"}],"wp:attachment":[{"href":"https:\/\/sisu.ut.ee\/sdce\/pt-pt\/wp-json\/wp\/v2\/media?parent=49"}],"curies":[{"name":"wp","href":"https:\/\/api.w.org\/{rel}","templated":true}]}}