{"id":165,"date":"2024-04-04T07:48:38","date_gmt":"2024-04-04T04:48:38","guid":{"rendered":"https:\/\/sisu.ut.ee\/sdce\/study-guide-en-2\/"},"modified":"2024-06-26T14:42:29","modified_gmt":"2024-06-26T11:42:29","slug":"study-guide-en-2","status":"publish","type":"page","link":"https:\/\/sisu.ut.ee\/sdce\/pt-pt\/study-guide-en-2\/","title":{"rendered":"Guia para um projeto de Envolvimento C\u00edvico Digital"},"content":{"rendered":"<h2>Organiza\u00e7\u00e3o dos materiais do curso<\/h2>\n<p style=\"margin-bottom: .0001pt; text-align: justify;\"><span style=\"background: white;\"><span style=\"line-height: 115%;\">O curso (totaliza 1 ECTS, 26 horas de trabalho do aluno) \u00e9 organizado em 6 m\u00f3dulos, cada um composto por 4 t\u00f3picos. O curso est\u00e1 compilado de forma a ter aprova\u00e7\u00e3o independentemente. Cada m\u00f3dulo est\u00e1 estruturado com uma se\u00e7\u00e3o de leitura, propostas de aulas por videoconfer\u00eancia de curta dura\u00e7\u00e3o, apresenta\u00e7\u00e3o de estudos de caso (exemplos), a avalia\u00e7\u00e3o que consiste em testes r\u00e1pidos por autoteste e uma avalia\u00e7\u00e3o final e ainda, um conjunto de recursos complementares.<\/span><\/span><\/p>\n<p style=\"margin-bottom: .0001pt; text-align: justify;\"><span style=\"background: white;\"><span style=\"line-height: 115%;\">Os m\u00f3dulos s\u00e3o baseados em\u00a0Recursos Educativos\u00a0Abertos desenvolvidos no \u00e2mbito do Projeto DCE.<\/span><\/span><\/p>\n<p style=\"margin-bottom: .0001pt; text-align: justify;\"><span style=\"background: white;\"><span style=\"line-height: 115%;\">Na p\u00e1gina introdut\u00f3ria de cada m\u00f3dulo, ter\u00e1 a apresenta\u00e7\u00e3o da vis\u00e3o global do seu conte\u00fado, informa\u00e7\u00f5es a respeito de t\u00f3picos cobertos e resultados do estudo. Cada m\u00f3dulo consiste em 4 t\u00f3picos e fornece geralmente informa\u00e7\u00f5es sobre o assunto em an\u00e1lise, incluindo links para exemplos, recursos e v\u00eddeos ilustrativos, que lhe d\u00e3o um conhecimento adicional sobre o t\u00f3pico, bem como testes de avalia\u00e7\u00e3o e uma p\u00e1gina final com a indica\u00e7\u00e3o de recursos suplementares para leitura e uma an\u00e1lise mais aprofundada do tema.<\/span><\/span><\/p>\n<p dir=\"ltr\"><span lang=\"PT\"><span style=\"line-height: 107%;\">Cada tema termina com um conjunto de testes r\u00e1pidos, que o habilita a testar as aptid\u00f5es e o conhecimento adquirido. Estes testes r\u00e1pidos que avaliam os conhecimentos adquiridos, s\u00e3o uma componente intr\u00ednseca do curso, pelo que \u00e9 altamente recomendado que os realize.<\/span><\/span><\/p>\n<p dir=\"ltr\">\n<\/p><h2 dir=\"ltr\">Teste r\u00e1pido de conhecimentos adquiridos<\/h2>\n<p style=\"margin-bottom: .0001pt; text-align: justify;\"><span style=\"background: white;\"><span style=\"line-height: 115%;\">No final de cada t\u00f3pico, existem um conjunto de exerc\u00edcios de autoteste que possibilitam ao aluno testar os seus conhecimentos e aptid\u00f5es. Os testes r\u00e1pidos s\u00e3o organizados tendo em linha de conta que cada quest\u00e3o est\u00e1 num bloco individual que fornece uma pontua\u00e7\u00e3o, e no final, a pontua\u00e7\u00e3o \u00e9 vis\u00edvel na \u00faltima p\u00e1gina. Em algumas quest\u00f5es existem m\u00faltiplas respostas poss\u00edveis. As quest\u00f5es do teste r\u00e1pido podem ser respondidas v\u00e1rias vezes e as respostas corretas podem ser verificadas.<\/span><\/span><\/p>\n<p style=\"margin-bottom: .0001pt; text-align: justify;\">\n<\/p><h2>Testes de Avalia\u00e7\u00e3o<\/h2>\n<p style=\"margin-bottom: .0001pt; text-align: justify;\"><span style=\"background: white;\"><span style=\"line-height: 115%;\">Os testes de avalia\u00e7\u00e3o final utilizam o mesmo feedback e legenda. Cada estudante finaliza o teste de avalia\u00e7\u00e3o na \u00faltima p\u00e1gina de cada m\u00f3dulo, mas as quest\u00f5es podem ser respondidas aleatoriamente. O bot\u00e3o azul debaixo de cada quest\u00e3o \u00e9 um indicador de quantas quest\u00f5es foram respondidas. Os resultados finais s\u00e3o apresentados quando todas as quest\u00f5es estiverem respondidas.<\/span><\/span><\/p>\n<p dir=\"ltr\"><span lang=\"PT\"><span style=\"line-height: 107%;\">Os testes de avalia\u00e7\u00e3o podem ser respondidos quantas vezes quiser, conforme o necess\u00e1rio e o sucesso da realiza\u00e7\u00e3o destes exerc\u00edcios n\u00e3o influ\u00eancia a pontua\u00e7\u00e3o final. \u00c9 altamente recomendado completar todos os exerc\u00edcios e que trabalhe neles at\u00e9 atingir uma pontua\u00e7\u00e3o igual a 100% e s\u00f3 ent\u00e3o, seguir para o t\u00f3pico seguinte. Necessita de uma pontua\u00e7\u00e3o m\u00ednima de 75% para assegurar a aprova\u00e7\u00e3o no m\u00f3dulo.<\/span><\/span><\/p>\n","protected":false},"excerpt":{"rendered":"<p>Organiza\u00e7\u00e3o dos materiais do curso O curso (totaliza 1 ECTS, 26 horas de trabalho do aluno) \u00e9 organizado em 6 m\u00f3dulos, cada um composto por 4 t\u00f3picos. O curso est\u00e1 compilado de forma a ter aprova\u00e7\u00e3o independentemente. Cada m\u00f3dulo est\u00e1 &#8230;<\/p>\n","protected":false},"author":63,"featured_media":0,"parent":0,"menu_order":0,"comment_status":"closed","ping_status":"closed","template":"","meta":{"_acf_changed":false,"inline_featured_image":false,"footnotes":""},"class_list":["post-165","page","type-page","status-publish","hentry"],"acf":[],"_links":{"self":[{"href":"https:\/\/sisu.ut.ee\/sdce\/pt-pt\/wp-json\/wp\/v2\/pages\/165","targetHints":{"allow":["GET"]}}],"collection":[{"href":"https:\/\/sisu.ut.ee\/sdce\/pt-pt\/wp-json\/wp\/v2\/pages"}],"about":[{"href":"https:\/\/sisu.ut.ee\/sdce\/pt-pt\/wp-json\/wp\/v2\/types\/page"}],"author":[{"embeddable":true,"href":"https:\/\/sisu.ut.ee\/sdce\/pt-pt\/wp-json\/wp\/v2\/users\/63"}],"replies":[{"embeddable":true,"href":"https:\/\/sisu.ut.ee\/sdce\/pt-pt\/wp-json\/wp\/v2\/comments?post=165"}],"version-history":[{"count":2,"href":"https:\/\/sisu.ut.ee\/sdce\/pt-pt\/wp-json\/wp\/v2\/pages\/165\/revisions"}],"predecessor-version":[{"id":1191,"href":"https:\/\/sisu.ut.ee\/sdce\/pt-pt\/wp-json\/wp\/v2\/pages\/165\/revisions\/1191"}],"wp:attachment":[{"href":"https:\/\/sisu.ut.ee\/sdce\/pt-pt\/wp-json\/wp\/v2\/media?parent=165"}],"curies":[{"name":"wp","href":"https:\/\/api.w.org\/{rel}","templated":true}]}}