{"id":110,"date":"2024-04-04T07:48:32","date_gmt":"2024-04-04T04:48:32","guid":{"rendered":"https:\/\/sisu.ut.ee\/sdce\/module-6-4-en\/"},"modified":"2024-04-05T12:37:10","modified_gmt":"2024-04-05T09:37:10","slug":"module-6-4-en","status":"publish","type":"page","link":"https:\/\/sisu.ut.ee\/sdce\/pt-pt\/module-6-4-en\/","title":{"rendered":"T\u00f3pico 4: Ferramentas Tecnol\u00f3gicas para Partilhar e Divulgar a Atividade de Envolvimento C\u00edvico"},"content":{"rendered":"<blockquote>\r\n\t<h4>\r\n\t\t<img loading=\"lazy\" decoding=\"async\" width=\"531\" height=\"399\" class=\"alignnone wp-image-179\" style=\"width: 150px;height: 113px;float: right\" src=\"https:\/\/sisu.ut.ee\/wp-content\/uploads\/sites\/545\/sdce_clowd.png\" title=\"sdce_clowd.png\" alt=\"SDCE_clowd\" srcset=\"https:\/\/sisu.ut.ee\/wp-content\/uploads\/sites\/545\/sdce_clowd.png 531w, https:\/\/sisu.ut.ee\/wp-content\/uploads\/sites\/545\/sdce_clowd-300x225.png 300w\" sizes=\"auto, (max-width: 531px) 100vw, 531px\">Esta se\u00e7\u00e3o destaca diferentes ferramentas e plataformas digitais que os alunos podem usar para divulgar o projeto. Os alunos devem compreender o processo de sele\u00e7\u00e3o de ferramentas e entender como as ferramentas podem beneficiar o projeto de diferentes formas, desde o recurso a um site at\u00e9 \u00e0 utiliza\u00e7\u00e3o da rede social como ferramenta de marketing gratuita.\r\n\t<\/h4>\r\n<\/blockquote>\r\n\r\n<p>\r\n\t\u00a0\r\n<\/p>\r\n\r\n<h3>\r\n\t<img loading=\"lazy\" decoding=\"async\" width=\"536\" height=\"668\" class=\"alignnone wp-image-231\" style=\"width: 200px;height: 249px;float: right\" src=\"https:\/\/sisu.ut.ee\/wp-content\/uploads\/sites\/545\/picture6-4.jpg\" title=\"picture6-4.jpg\" alt=\"SDCE6-4\" srcset=\"https:\/\/sisu.ut.ee\/wp-content\/uploads\/sites\/545\/picture6-4.jpg 536w, https:\/\/sisu.ut.ee\/wp-content\/uploads\/sites\/545\/picture6-4-241x300.jpg 241w\" sizes=\"auto, (max-width: 536px) 100vw, 536px\"><span style=\"line-height:115%\"><b>Recorrer a ferramentas para partilhar e divulgar o projeto de envolvimento c\u00edvico<\/b><\/span>\r\n<\/h3>\r\n\r\n<p>\r\n\t<span style=\"line-height:115%\">Escolher as ferramentas digitais corretas pode significar o sucesso ou o fracasso do projeto de DCE.<\/span>\r\n<\/p>\r\n\r\n<p style=\"margin-bottom: 0.0001pt\">\r\n\t<span style=\"line-height:115%\">Embora cada m\u00f3dulo tenha focado ferramentas digitais relevantes, este t\u00f3pico dedica-se \u00e0s ferramentas digitais que pode usar para ajudar a publicitar e promover o projeto SDCE.<\/span>\r\n<\/p>\r\n\r\n<p style=\"margin-bottom: 0.0001pt\">\r\n\t<span style=\"line-height:115%\">Como a maioria dos projetos de DCE ser\u00e1 realizada de forma volunt\u00e1ria e os fundos ser\u00e3o limitados, as ferramentas destacadas s\u00e3o <b>de uso gratuito.<\/b><\/span>\r\n<\/p>\r\n\r\n<p style=\"margin-bottom: 0.0001pt\">\r\n\t\u00a0\r\n<\/p>\r\n\r\n<h3 style=\"margin-bottom: 0.0001pt\">\r\n\t<span style=\"line-height:115%\"><b>Das ferramentas \u00e0 estrat\u00e9gia<\/b><\/span>\r\n<\/h3>\r\n\r\n<p>\r\n\t<span lang=\"PT\"><span style=\"line-height:107%\"><span>Antes de come\u00e7ar sobre quais as ferramentas que ser\u00e3o melhores para cada tipo de estrat\u00e9gia, assista a este v\u00eddeo que explica como as ferramentas digitais podem tornar-se parte da estrat\u00e9gia para obter envolvimento c\u00edvico nas comunidades.<\/span><\/span><\/span>\r\n<\/p>\r\n\r\n<p>\r\n\t<img loading=\"lazy\" decoding=\"async\" width=\"1716\" height=\"1094\" class=\"alignnone wp-image-232\" style=\"width: 300px;height: 191px\" src=\"https:\/\/sisu.ut.ee\/wp-content\/uploads\/sites\/545\/sdce_video6-4.png\" title=\"sdce_video6-4.png\" alt=\"SDCEvideo6-4\" srcset=\"https:\/\/sisu.ut.ee\/wp-content\/uploads\/sites\/545\/sdce_video6-4.png 1716w, https:\/\/sisu.ut.ee\/wp-content\/uploads\/sites\/545\/sdce_video6-4-300x191.png 300w, https:\/\/sisu.ut.ee\/wp-content\/uploads\/sites\/545\/sdce_video6-4-1024x653.png 1024w, https:\/\/sisu.ut.ee\/wp-content\/uploads\/sites\/545\/sdce_video6-4-768x490.png 768w, https:\/\/sisu.ut.ee\/wp-content\/uploads\/sites\/545\/sdce_video6-4-1536x979.png 1536w\" sizes=\"auto, (max-width: 1716px) 100vw, 1716px\"><span lang=\"EN-US\"><span style=\"line-height:107%\"><span>\u00a0<\/span><\/span><\/span><a data-url=\"https:\/\/www.youtube.com\/watch?v=nppvMyznqHc\" href=\"https:\/\/www.youtube.com\/watch?v=nppvMyznqHc\" target=\"_blank\" title=\"\" rel=\"noopener\">https:\/\/www.youtube.com\/watch?v=nppvMyznqHc<\/a>\r\n<\/p>\r\n\r\n<p>\r\n\t\u00a0\r\n<\/p>\r\n\r\n<h3 style=\"margin-bottom: 0.0001pt;text-align: justify\">\r\n\t<span style=\"line-height:115%\"><b>Canva<\/b><\/span>\r\n<\/h3>\r\n\r\n<p>\r\n\t<span lang=\"PT\"><span style=\"line-height:107%\"><span>O Canva \u00e9 uma ferramenta de design gr\u00e1fico online, que permite criar designs de grande impacto. \u00c9 de uso gratuito e fornece modelos que podem ser modificados de acordo com as necessidades do utilizador. O Canva usa uma interface de \u201carrastar e soltar\u201d e com uma pequena curva de aprendizagem, o Canva pode ser usado para criar diversos tipos de conte\u00fado digital, como publica\u00e7\u00f5es no Instagram, posters, v\u00eddeos e at\u00e9 cart\u00f5es de visita!<\/span><\/span><\/span>\r\n<\/p>\r\n\r\n<p>\r\n\t<a data-url=\"http:\/\/www.canva.com\/\" href=\"http:\/\/www.canva.com\/\" target=\"_blank\" title=\"\" rel=\"noopener\">Link para o site do Canva.<\/a>\r\n<\/p>\r\n\r\n<p>\r\n\t\u00a0\r\n<\/p>\r\n\r\n<h3>\r\n\t<strong>WordPress<\/strong>\r\n<\/h3>\r\n\r\n<p>\r\n\t<span style=\"line-height:115%\">Tradicionalmente, o WordPress era uma ferramenta usada para blogs, mas tamb\u00e9m pode ser usada para criar sites. Usar uma interface de \u201carrastar e soltar\u201d, criar um site com o WordPress nunca foi t\u00e3o f\u00e1cil.<\/span>\r\n<\/p>\r\n\r\n<p>\r\n\t<span lang=\"PT\"><span style=\"line-height:107%\"><span>O WordPress disp\u00f5e de uma grande variedade de plugins, e permite a compatibiliza\u00e7\u00e3o com muitas ferramentas,\u00a0 oferecendo um uso consistente entre a navega\u00e7\u00e3o no telem\u00f3vel e no computador<\/span><\/span><\/span>.\r\n<\/p>\r\n\r\n<p>\r\n\t<a data-url=\"http:\/\/www.wordpress.com\/\" href=\"http:\/\/www.wordpress.com\/\" target=\"_blank\" title=\"\" rel=\"noopener\">Confira o site WordPress aqui<\/a>\r\n<\/p>\r\n\r\n<p>\r\n\t\u00a0\r\n<\/p>\r\n\r\n<h3 style=\"margin-bottom: 0.0001pt;text-align: justify\">\r\n\t<span style=\"line-height:115%\"><b>Base de fotografias<\/b><\/span>\r\n<\/h3>\r\n\r\n<p style=\"margin-bottom: 0.0001pt\">\r\n\t<span style=\"line-height:115%\">Criar conte\u00fado visualmente atraente \u00e9 extremamente importante para o sucesso do projeto DCE. Ao criar conte\u00fado com muito impacto visual, ir\u00e1 atrair um maior crescimento org\u00e2nico dos seus canais da rede social, al\u00e9m de aumentar o envolvimento c\u00edvico.<\/span>\r\n<\/p>\r\n\r\n<p style=\"margin-bottom: 0.0001pt\">\r\n\t<span style=\"line-height:115%\">No entanto, \u00e9 importante que utilize imagens para as quais tenha permiss\u00e3o, ou pode acabar com uma d\u00edvida de royalties ao fot\u00f3grafo que as tirou. Os sites identificados em infra s\u00e3o os nossos favoritos para obter fotos livres de direitos de autor (como foi visto nos nossos M\u00f3dulos). Clique em qualquer um dos links para aceder:<\/span>\r\n<\/p>\r\n\r\n<ul>\r\n\t<li>\r\n\t\t<a data-url=\"https:\/\/www.pexels.com\/\" href=\"https:\/\/www.pexels.com\/\" target=\"_blank\" title=\"\" rel=\"noopener\">Free stock photos &amp; videos you can use everywhere with Pexels<\/a>\r\n\t<\/li>\r\n\t<li>\r\n\t\t<span><a href=\"https:\/\/unsplash.com\/\">Unsplash: Beautiful free Images and Pictures<\/a><\/span>\r\n\t<\/li>\r\n\t<li>\r\n\t\t<a data-url=\"https:\/\/pixabay.com\/\" href=\"https:\/\/pixabay.com\/\" target=\"_blank\" title=\"\" rel=\"noopener\">Pixabay: 2.4 million+ Stunning Free Images to Use Anywhere<\/a>\r\n\t<\/li>\r\n<\/ul>\r\n\r\n<p>\r\n\t\u00a0\r\n<\/p>\r\n\r\n<h3 style=\"margin-bottom: 0.0001pt;text-align: justify\">\r\n\t<span style=\"line-height:115%\"><b>Envie newsletters com o Mailchimp<\/b><\/span>\r\n<\/h3>\r\n\r\n<p style=\"margin-bottom:.0001pt;text-align:justify\">\r\n\t<span style=\"line-height:115%\">Desenvolver um boletim informativo pode ser uma maneira fant\u00e1stica de manter as pessoas atualizadas sobre o progresso do projeto, al\u00e9m de informar as pessoas de como se podem envolver ou apoiar o projeto. Mailchimp \u00e9 uma ferramenta online de automa\u00e7\u00e3o de correspond\u00eancia que permite aos utilizadores enviar e-mails para a sua lista de contactos.<\/span>\r\n<\/p>\r\n\r\n<p>\r\n\t<span lang=\"PT\"><span style=\"line-height:107%\"><span>Tamb\u00e9m pode ser usado para criar campanhas automatizadas de marketing por e-mail.<\/span><\/span><\/span>\r\n<\/p>\r\n\r\n<p>\r\n\t<a data-url=\"https:\/\/mailchimp.com\/\" href=\"https:\/\/mailchimp.com\/\" target=\"_blank\" title=\"\" rel=\"noopener\">Conhe\u00e7a o Mailchimp<\/a>\r\n<\/p>\r\n\r\n<p>\r\n\t\u00a0\r\n<\/p>\r\n\r\n<h3>\r\n\t<strong>PowToon <\/strong><span style=\"line-height:115%\"><b>para contar hist\u00f3rias<\/b><\/span>\r\n<\/h3>\r\n\r\n<p>\r\n\t<span lang=\"PT\"><span style=\"line-height:107%\"><span>O PowToon \u00e9 uma ferramenta que permite ao utilizador criar v\u00eddeos e apresenta\u00e7\u00f5es visuais em forma de anima\u00e7\u00e3o. Com uma curva de aprendizagem curta, o PowToon permite que os utilizadores criar uma anima\u00e7\u00e3o de v\u00eddeo diversificada e visualmente atrativa. Estes v\u00eddeos s\u00e3o perfeitos para criar hist\u00f3rias para o projeto e cativar um novo p\u00fablico.<\/span><\/span><\/span>\r\n<\/p>\r\n\r\n<p>\r\n\t<a data-url=\"https:\/\/www.googleadservices.com\/pagead\/aclk?sa=L&amp;ai=DChcSEwjmubil_bTvAhXK7e0KHYuhBUAYABAAGgJkZw&amp;ae=2&amp;ohost=www.google.com&amp;cid=CAESQOD2VKU0tTViFG-5ar3EGRbpx3eB4YNRdpiBRSauKC7ZOOfhRkS32Fowp0y9WzY47vrkAm69KnTLsbS0-ZSc7qU&amp;sig=AOD64_22zT57sC67UpeF4wPtu-LWbOQcEw&amp;q&amp;adurl&amp;ved=2ahUKEwi1wrKl_bTvAhVMVBUIHWRjDGgQ0Qx6BAgCEAE\" href=\"https:\/\/www.googleadservices.com\/pagead\/aclk?sa=L&amp;ai=DChcSEwjmubil_bTvAhXK7e0KHYuhBUAYABAAGgJkZw&amp;ae=2&amp;ohost=www.google.com&amp;cid=CAESQOD2VKU0tTViFG-5ar3EGRbpx3eB4YNRdpiBRSauKC7ZOOfhRkS32Fowp0y9WzY47vrkAm69KnTLsbS0-ZSc7qU&amp;sig=AOD64_22zT57sC67UpeF4wPtu-LWbOQcEw&amp;q&amp;adurl&amp;ved=2ahUKEwi1wrKl_bTvAhVMVBUIHWRjDGgQ0Qx6BAgCEAE\" target=\"_blank\" title=\"\" rel=\"noopener\">PowToon #1 Video Creation Tool \u2013 Used by 27 Million People<\/a>\r\n<\/p>\r\n\r\n<p>\r\n\t\u00a0\r\n<\/p>\r\n\r\n<h3 style=\"margin-bottom: 0.0001pt\">\r\n\t<span style=\"line-height:115%\"><b>Qual plataforma de rede social devemos usar?<\/b><\/span>\r\n<\/h3>\r\n\r\n<p style=\"margin-bottom: 0.0001pt\">\r\n\t<span style=\"line-height:115%\">Dependendo do tipo de projeto DCE, assim se deve escolher a plataforma da rede social a usar.<\/span>\r\n<\/p>\r\n\r\n<p style=\"margin-bottom: 0.0001pt\">\r\n\t<span style=\"line-height:115%\">Pense nos destinat\u00e1rios do projeto, as pessoas que est\u00e1 a ajudar. De acordo com a sua opini\u00e3o, qual \u00e9 a plataforma que o p\u00fablico-alvo usa?<\/span>\r\n<\/p>\r\n\r\n<p style=\"margin-bottom: 0.0001pt\">\r\n\t<span style=\"line-height:115%\">Outros aspectos como o tipo de atividades a realizar, tamb\u00e9m podem influenciar a escolha da plataforma a utilizar: Se o projeto for exigente ao n\u00edvel das atualiza\u00e7\u00f5es ou n\u00famero de transmiss\u00f5es ao vivo, o Facebook poder\u00e1 ser o mais apropriado.<\/span>\r\n<\/p>\r\n\r\n<p style=\"margin-bottom: 0.0001pt\">\r\n\t\u00a0\r\n<\/p>\r\n\r\n<h3 style=\"margin-bottom: 0.0001pt\">\r\n\t<span style=\"line-height:115%\"><b>Qual plataforma da rede social que \u00e9 certa para n\u00f3s?<\/b><\/span>\r\n<\/h3>\r\n\r\n<p style=\"margin-bottom: 0.0001pt\">\r\n\t<span style=\"line-height:115%\">Existem muitos aspetos que podem influenciar na escolha da plataforma a usar. Se pretender fazer muitas atualiza\u00e7\u00f5es ou quiser transmitir sess\u00f5es ao vivo, pense em usar o Facebook. O Facebook como plataforma \u00e9 \u00f3timo para tamb\u00e9m partilhar datas de reuni\u00f5es. Se o projeto for altamente vis\u00edvel, conv\u00e9m usar plataformas mais orientadas visualmente, como Instagram ou TikTok .<\/span>\r\n<\/p>\r\n\r\n<p style=\"margin-bottom: 0.0001pt\">\r\n\t<span style=\"line-height:115%\">O Twitter tamb\u00e9m oferece uma \u00f3tima plataforma onde ocorrem conversas entre as partes.<\/span>\r\n<\/p>\r\n\r\n<p>\r\n\t\u00a0\r\n<\/p>\r\n\r\n<p>\r\n\t\u00a0\r\n<\/p>\r\n\r\n<h2>\r\n\t<span style=\"line-height:115%\"><b>Teste r\u00e1pido<\/b><\/span>\r\n<\/h2>\r\n\r\n<div class=\"h5p-iframe-wrapper\"><div class=\"video-placeholder-wrapper video-placeholder-wrapper--fixed\" style=\"height: 366px;\">\n\t\t\t    <div class=\"video-placeholder d-flex justify-content-center align-items-center\">\n\t\t\t        <div class=\"overlay text-white p-2 w-100 text-center d-block justify-content-center align-items-center\">\n\t\t\t            <div>To view third-party content, please accept cookies.<\/div>\n\t\t\t            <button class=\"btn btn-secondary btn-sm mt-1 consent-change\">Change consent<\/button>\n\t\t\t        <\/div>\n\t\t\t    <\/div>\n\t\t\t<\/div>\n<\/div>\r\n","protected":false},"excerpt":{"rendered":"<p>Esta se\u00e7\u00e3o destaca diferentes ferramentas e plataformas digitais que os alunos podem usar para divulgar o projeto. Os alunos devem compreender o processo de sele\u00e7\u00e3o de ferramentas e entender como as ferramentas podem beneficiar o projeto de diferentes formas, desde &#8230;<\/p>\n","protected":false},"author":63,"featured_media":0,"parent":0,"menu_order":0,"comment_status":"closed","ping_status":"closed","template":"","meta":{"_acf_changed":false,"inline_featured_image":false,"footnotes":""},"class_list":["post-110","page","type-page","status-publish","hentry"],"acf":[],"_links":{"self":[{"href":"https:\/\/sisu.ut.ee\/sdce\/pt-pt\/wp-json\/wp\/v2\/pages\/110","targetHints":{"allow":["GET"]}}],"collection":[{"href":"https:\/\/sisu.ut.ee\/sdce\/pt-pt\/wp-json\/wp\/v2\/pages"}],"about":[{"href":"https:\/\/sisu.ut.ee\/sdce\/pt-pt\/wp-json\/wp\/v2\/types\/page"}],"author":[{"embeddable":true,"href":"https:\/\/sisu.ut.ee\/sdce\/pt-pt\/wp-json\/wp\/v2\/users\/63"}],"replies":[{"embeddable":true,"href":"https:\/\/sisu.ut.ee\/sdce\/pt-pt\/wp-json\/wp\/v2\/comments?post=110"}],"version-history":[{"count":3,"href":"https:\/\/sisu.ut.ee\/sdce\/pt-pt\/wp-json\/wp\/v2\/pages\/110\/revisions"}],"predecessor-version":[{"id":805,"href":"https:\/\/sisu.ut.ee\/sdce\/pt-pt\/wp-json\/wp\/v2\/pages\/110\/revisions\/805"}],"wp:attachment":[{"href":"https:\/\/sisu.ut.ee\/sdce\/pt-pt\/wp-json\/wp\/v2\/media?parent=110"}],"curies":[{"name":"wp","href":"https:\/\/api.w.org\/{rel}","templated":true}]}}