{"id":108,"date":"2024-04-04T07:48:32","date_gmt":"2024-04-04T04:48:32","guid":{"rendered":"https:\/\/sisu.ut.ee\/sdce\/module-6-3-en\/"},"modified":"2024-04-05T12:37:10","modified_gmt":"2024-04-05T09:37:10","slug":"module-6-3-en","status":"publish","type":"page","link":"https:\/\/sisu.ut.ee\/sdce\/pt-pt\/module-6-3-en\/","title":{"rendered":"T\u00f3pico 3: Destaque no Marketing de Miss\u00e3o"},"content":{"rendered":"<blockquote>\r\n\t<h4>\r\n\t\t<img loading=\"lazy\" decoding=\"async\" width=\"531\" height=\"399\" class=\"alignnone wp-image-179\" style=\"width: 150px;height: 113px;float: right\" src=\"https:\/\/sisu.ut.ee\/wp-content\/uploads\/sites\/545\/sdce_clowd.png\" title=\"sdce_clowd.png\" alt=\"SDCE_clowd\" srcset=\"https:\/\/sisu.ut.ee\/wp-content\/uploads\/sites\/545\/sdce_clowd.png 531w, https:\/\/sisu.ut.ee\/wp-content\/uploads\/sites\/545\/sdce_clowd-300x225.png 300w\" sizes=\"auto, (max-width: 531px) 100vw, 531px\">Este t\u00f3pico abrange o conceito de marketing de miss\u00e3o e como ele pode ajudar a melhorar as hip\u00f3teses de sucesso do projeto DCE de um aluno. No final deste t\u00f3pico, os alunos devem entender o conceito de marketing de miss\u00e3o, como desenvolver uma declara\u00e7\u00e3o de miss\u00e3o e vis\u00e3o, bem como, entender os benef\u00edcios que estas ferramentas podem trazer para ajudar o p\u00fablico-alvo a envolver-se no projecto DCE.\r\n\t<\/h4>\r\n<\/blockquote>\r\n\r\n<p>\r\n\t\u00a0\r\n<\/p>\r\n\r\n<h3>\r\n\t<img loading=\"lazy\" decoding=\"async\" width=\"536\" height=\"668\" class=\"alignnone wp-image-228\" style=\"width: 200px;height: 249px;float: right\" src=\"https:\/\/sisu.ut.ee\/wp-content\/uploads\/sites\/545\/picture6-3.jpg\" title=\"picture6-3.jpg\" alt=\"SDCE6-3\" srcset=\"https:\/\/sisu.ut.ee\/wp-content\/uploads\/sites\/545\/picture6-3.jpg 536w, https:\/\/sisu.ut.ee\/wp-content\/uploads\/sites\/545\/picture6-3-241x300.jpg 241w\" sizes=\"auto, (max-width: 536px) 100vw, 536px\">\r\n<\/h3>\r\n\r\n<h3 style=\"margin-bottom: 0.0001pt\">\r\n\t<span style=\"line-height:115%\"><b>O que \u00e9 Marketing de Miss\u00e3o?<\/b><\/span>\r\n<\/h3>\r\n\r\n<p style=\"margin-bottom: 0.0001pt\">\r\n\t<span style=\"line-height:115%\">O marketing de miss\u00e3o \u00e9 a mensagem que a organiza\u00e7\u00e3o usa para ser promovida e \u00e9\u00a0 parte central de sua estrat\u00e9gia de marketing.<\/span>\r\n<\/p>\r\n\r\n<p style=\"margin-bottom: 0.0001pt\">\r\n\t<span style=\"line-height:115%\">Dentro de um projeto DCE, poder\u00e1 significar a promo\u00e7\u00e3o do prop\u00f3sito, objetivo e metas do projeto junto do p\u00fablico, para ajudar a difundir a mensagem, bem como garantir o sucesso do projeto.<\/span>\r\n<\/p>\r\n\r\n<p style=\"margin-bottom: 0.0001pt\">\r\n\t<span style=\"line-height:115%\">Geralmente, pode-se criar essa mensagem forte atrav\u00e9s da elabora\u00e7\u00e3o de uma declara\u00e7\u00e3o de <b><u>miss\u00e3o<\/u> <\/b>e uma <b><u>declara\u00e7\u00e3o de vis\u00e3o<\/u><\/b>.<\/span>\r\n<\/p>\r\n\r\n<p style=\"margin-bottom: 0.0001pt\">\r\n\t\u00a0\r\n<\/p>\r\n\r\n<h3 style=\"margin-bottom: 0.0001pt\">\r\n\t<span style=\"line-height:115%\"><b>Declara\u00e7\u00e3o de Miss\u00e3o versus Declara\u00e7\u00e3o de Vis\u00e3o<\/b><\/span>\r\n<\/h3>\r\n\r\n<p style=\"margin-bottom: 0.0001pt\">\r\n\t<span style=\"line-height:115%\">Uma declara\u00e7\u00e3o de miss\u00e3o centra-se no prop\u00f3sito do projeto DCE. Quais s\u00e3o os principais objetivos do projeto DCE e porque embarcou nesta jornada.<\/span>\r\n<\/p>\r\n\r\n<p>\r\n\t<span lang=\"PT\"><span style=\"line-height:107%\"><span>Uma declara\u00e7\u00e3o de vis\u00e3o captura mais aspetos emocionais do projeto, al\u00e9m de fornecer uma vis\u00e3o para o futuro. Uma declara\u00e7\u00e3o de vis\u00e3o fornece uma perspetiva clara aos trabalhadores ou\u00a0 \u00e0s partes interessadas sobre o prop\u00f3sito e o significado do projeto DCE.<\/span><\/span><\/span>\r\n<\/p>\r\n\r\n<h3>\r\n\tAssista a este v\u00eddeo que explora com mais detalhes as Declara\u00e7\u00f5es de Vis\u00e3o e de Miss\u00e3o.\r\n<\/h3>\r\n\r\n<p>\r\n\t<img loading=\"lazy\" decoding=\"async\" width=\"1716\" height=\"1094\" class=\"alignnone wp-image-229\" style=\"width: 300px;height: 191px\" src=\"https:\/\/sisu.ut.ee\/wp-content\/uploads\/sites\/545\/sdce_video6-3-1.png\" title=\"sdce_video6-3-1.png\" alt=\"SDCEvideo6-3-1\" srcset=\"https:\/\/sisu.ut.ee\/wp-content\/uploads\/sites\/545\/sdce_video6-3-1.png 1716w, https:\/\/sisu.ut.ee\/wp-content\/uploads\/sites\/545\/sdce_video6-3-1-300x191.png 300w, https:\/\/sisu.ut.ee\/wp-content\/uploads\/sites\/545\/sdce_video6-3-1-1024x653.png 1024w, https:\/\/sisu.ut.ee\/wp-content\/uploads\/sites\/545\/sdce_video6-3-1-768x490.png 768w, https:\/\/sisu.ut.ee\/wp-content\/uploads\/sites\/545\/sdce_video6-3-1-1536x979.png 1536w\" sizes=\"auto, (max-width: 1716px) 100vw, 1716px\"><span lang=\"EN-GB\"><span style=\"line-height:107%\"><span>\u00a0<\/span><\/span><\/span><span lang=\"EN-IE\"><span style=\"line-height:107%\"><span>https:\/\/youtu.be\/lJUrQKY_A5g?t=12<\/span><\/span><\/span>\r\n<\/p>\r\n\r\n<h3>\r\n\t\u00a0\r\n<\/h3>\r\n\r\n<h3 style=\"margin-bottom: 0.0001pt\">\r\n\t<span style=\"line-height:115%\"><b>Inspira\u00e7\u00e3o para desenvolver uma Declara\u00e7\u00e3o de Miss\u00e3o<\/b><\/span>\r\n<\/h3>\r\n\r\n<p>\r\n\t<span lang=\"PT\"><span style=\"line-height:107%\"><span>N\u00e3o sabe por onde come\u00e7ar para preparar a sua declara\u00e7\u00e3o de miss\u00e3o? Veja o link abaixo que tem 100 exemplos de declara\u00e7\u00f5es de miss\u00e3o:\u00a0<\/span><\/span><\/span><a data-url=\"https:\/\/drive.google.com\/file\/d\/18Pk4-XiFYYfcCqUM8ZpLAVHhubtBBeED\/view\" href=\"https:\/\/drive.google.com\/file\/d\/18Pk4-XiFYYfcCqUM8ZpLAVHhubtBBeED\/view\" target=\"_blank\" title=\"\" rel=\"noopener\">100 Modelos e Exemplos de Declara\u00e7\u00e3o de Miss\u00e3o<\/a>\r\n<\/p>\r\n\r\n<h3>\r\n\tAssista a este v\u00eddeo que explica como desenvolver uma declara\u00e7\u00e3o de miss\u00e3o.\r\n<\/h3>\r\n\r\n<p>\r\n\t<img loading=\"lazy\" decoding=\"async\" width=\"1716\" height=\"1094\" class=\"alignnone wp-image-230\" style=\"width:300px;height:191px\" src=\"https:\/\/sisu.ut.ee\/wp-content\/uploads\/sites\/545\/sdce_video6-3-2.png\" title=\"sdce_video6-3-2.png\" alt=\"SDCEvideo6-3-2\" srcset=\"https:\/\/sisu.ut.ee\/wp-content\/uploads\/sites\/545\/sdce_video6-3-2.png 1716w, https:\/\/sisu.ut.ee\/wp-content\/uploads\/sites\/545\/sdce_video6-3-2-300x191.png 300w, https:\/\/sisu.ut.ee\/wp-content\/uploads\/sites\/545\/sdce_video6-3-2-1024x653.png 1024w, https:\/\/sisu.ut.ee\/wp-content\/uploads\/sites\/545\/sdce_video6-3-2-768x490.png 768w, https:\/\/sisu.ut.ee\/wp-content\/uploads\/sites\/545\/sdce_video6-3-2-1536x979.png 1536w\" sizes=\"auto, (max-width: 1716px) 100vw, 1716px\"><span lang=\"EN-IE\"><span style=\"line-height:107%\"><span>\u00a0<\/span><\/span><\/span><span><span style=\"line-height:107%\"><span><a href=\"https:\/\/youtu.be\/lJUrQKY_A5g?t=12\">https:\/\/youtu.be\/lJUrQKY_A5g?t=12<\/a><\/span><\/span><\/span>\r\n<\/p>\r\n\r\n<p>\r\n\t\u00a0\r\n<\/p>\r\n\r\n<h3 style=\"margin-bottom: 0.0001pt\">\r\n\t<span style=\"line-height:115%\"><b>Como usar a Declara\u00e7\u00e3o de Miss\u00e3o<\/b><\/span>\r\n<\/h3>\r\n\r\n<p style=\"margin-bottom: 0.0001pt\">\r\n\t<span style=\"line-height:115%\">Depois de desenvolver a declara\u00e7\u00e3o de miss\u00e3o, \u00e9 hora de descobrir como a vai aplicar para publicitar o projeto de DCE. A principal forma de o fazer \u00e9 orientar a estrat\u00e9gia de marketing do projeto em torno da miss\u00e3o e do seu prop\u00f3sito.<\/span>\r\n<\/p>\r\n\r\n<p>\r\n\t<span lang=\"EN-US\"><span style=\"line-height:107%\"><span><span lang=\"PT\"><span style=\"line-height:107%\"><span>No t\u00f3pico a seguir, veremos em detalhe as diferentes ferramentas digitais que poder\u00e1 aplicar para auxiliar a divulga\u00e7\u00e3o da mensagem e promover o projeto DCE.<\/span><\/span><\/span><\/span><\/span><\/span>\r\n<\/p>\r\n\r\n<p>\r\n\t\u00a0\r\n<\/p>\r\n\r\n<h2>\r\n\t<span style=\"line-height:115%\"><b>Teste r\u00e1pido<\/b><\/span>\r\n<\/h2>\r\n\r\n<div class=\"h5p-iframe-wrapper\"><div class=\"video-placeholder-wrapper video-placeholder-wrapper--fixed\" style=\"height: 366px;\">\n\t\t\t    <div class=\"video-placeholder d-flex justify-content-center align-items-center\">\n\t\t\t        <div class=\"overlay text-white p-2 w-100 text-center d-block justify-content-center align-items-center\">\n\t\t\t            <div>To view third-party content, please accept cookies.<\/div>\n\t\t\t            <button class=\"btn btn-secondary btn-sm mt-1 consent-change\">Change consent<\/button>\n\t\t\t        <\/div>\n\t\t\t    <\/div>\n\t\t\t<\/div>\n<\/div>\r\n","protected":false},"excerpt":{"rendered":"<p>Este t\u00f3pico abrange o conceito de marketing de miss\u00e3o e como ele pode ajudar a melhorar as hip\u00f3teses de sucesso do projeto DCE de um aluno. No final deste t\u00f3pico, os alunos devem entender o conceito de marketing de miss\u00e3o, &#8230;<\/p>\n","protected":false},"author":63,"featured_media":0,"parent":0,"menu_order":0,"comment_status":"closed","ping_status":"closed","template":"","meta":{"_acf_changed":false,"inline_featured_image":false,"footnotes":""},"class_list":["post-108","page","type-page","status-publish","hentry"],"acf":[],"_links":{"self":[{"href":"https:\/\/sisu.ut.ee\/sdce\/pt-pt\/wp-json\/wp\/v2\/pages\/108","targetHints":{"allow":["GET"]}}],"collection":[{"href":"https:\/\/sisu.ut.ee\/sdce\/pt-pt\/wp-json\/wp\/v2\/pages"}],"about":[{"href":"https:\/\/sisu.ut.ee\/sdce\/pt-pt\/wp-json\/wp\/v2\/types\/page"}],"author":[{"embeddable":true,"href":"https:\/\/sisu.ut.ee\/sdce\/pt-pt\/wp-json\/wp\/v2\/users\/63"}],"replies":[{"embeddable":true,"href":"https:\/\/sisu.ut.ee\/sdce\/pt-pt\/wp-json\/wp\/v2\/comments?post=108"}],"version-history":[{"count":3,"href":"https:\/\/sisu.ut.ee\/sdce\/pt-pt\/wp-json\/wp\/v2\/pages\/108\/revisions"}],"predecessor-version":[{"id":807,"href":"https:\/\/sisu.ut.ee\/sdce\/pt-pt\/wp-json\/wp\/v2\/pages\/108\/revisions\/807"}],"wp:attachment":[{"href":"https:\/\/sisu.ut.ee\/sdce\/pt-pt\/wp-json\/wp\/v2\/media?parent=108"}],"curies":[{"name":"wp","href":"https:\/\/api.w.org\/{rel}","templated":true}]}}